

{"id":208928,"date":"2020-09-24T21:46:54","date_gmt":"2020-09-24T19:46:54","guid":{"rendered":"https:\/\/www.alucomfort.be\/product\/bacs-basculants-a-couvercle-bombe-cap-100-m%c2%b3\/"},"modified":"2022-06-06T19:52:49","modified_gmt":"2022-06-06T17:52:49","slug":"bacs-basculants-a-couvercle-bombe-cap-100-m%c2%b3","status":"publish","type":"product","link":"https:\/\/www.alucomfort.be\/fr\/product\/bacs-basculants-a-couvercle-bombe-cap-100-m%c2%b3\/","title":{"rendered":"Bennes Basculantes \u00e0 couvercle bomb\u00e9  &#8211; Cap: 1,00 m\u00b3"},"content":{"rendered":"<p>* Benne basculante avec couvercle bomb\u00e9, soutenu par ressorts, \u00e9tanche \u00e0 l&rsquo;eau, galvanis\u00e9, \u00e0 2 poign\u00e9es, * T\u00f4le de cuve avec rebord profil\u00e9 sur le pourtour, * Cadre de base robuste avec fourreaux, * Basculement de toute hauteur par commande \u00e0 cable, * S\u00e9curis\u00e9 contre le basculement et le glissement inintentionnels,  * Montage ult\u00e9rieur de roulettes possibles, * Des options sont \u00e9tanchement \u00e0 l&rsquo;huile et \u00e0 l&rsquo;eau, des roulettes (2 pivotantes avec freins et 2 roulettes fixes avec \u00d8 180 mm) et un dispositif d&rsquo;attelage avec barre de remorquage, * Dim. (l x p x h): 1710 x 975 x 1220 mm, * Cap: 1,00 m\u00b3, * Charge adm: 1500 kg, * Poids: 228 kg<\/p>\n","protected":false},"excerpt":{"rendered":"<p>Bennes Basculantes RD &#8211; Cap: 1,0 m\u00b3 <\/p>\n","protected":false},"featured_media":4119,"template":"","meta":{"_acf_changed":false},"product_brand":[],"product_cat":[8873],"product_tag":[],"class_list":{"0":"post-208928","1":"product","2":"type-product","3":"status-publish","4":"has-post-thumbnail","6":"product_cat-bennes-basculantes-rd-avec-couvercle-bombe","8":"first","9":"outofstock","10":"taxable","11":"shipping-taxable","12":"purchasable","13":"product-type-variable"},"acf":[],"yoast_head":"<!-- This site is optimized with the Yoast SEO plugin v24.8.1 - https:\/\/yoast.com\/wordpress\/plugins\/seo\/ -->\n<title>Bennes basculantes \u00e0 couvercle bomb\u00e9 | Alu Comfort |<\/title>\n<meta name=\"description\" content=\"Bennes Basculantes \u00e0 couvercle bomb\u00e9. Parfait dans la gestion de vos d\u00e9chets.\" \/>\n<meta name=\"robots\" content=\"index, follow, max-snippet:-1, max-image-preview:large, max-video-preview:-1\" \/>\n<link rel=\"canonical\" href=\"https:\/\/www.alucomfort.be\/product\/kiepcontainer-met-rond-deksel-capaciteit-100-m\u00b3\/\" \/>\n<meta property=\"og:locale\" content=\"fr_FR\" \/>\n<meta property=\"og:type\" content=\"article\" \/>\n<meta property=\"og:title\" content=\"Bennes basculantes \u00e0 couvercle bomb\u00e9 | Alu Comfort |\" \/>\n<meta property=\"og:description\" content=\"Bennes Basculantes \u00e0 couvercle bomb\u00e9. Parfait dans la gestion de vos d\u00e9chets.\" \/>\n<meta property=\"og:url\" content=\"https:\/\/www.alucomfort.be\/product\/kiepcontainer-met-rond-deksel-capaciteit-100-m\u00b3\/\" \/>\n<meta property=\"og:site_name\" content=\"Alu Comfort\" \/>\n<meta property=\"article:modified_time\" content=\"2022-06-06T17:52:49+00:00\" \/>\n<meta property=\"og:image\" content=\"https:\/\/www.alucomfort.be\/wp-content\/uploads\/BR-RD-02-1024x892.jpg\" \/>\n\t<meta property=\"og:image:width\" content=\"1024\" \/>\n\t<meta property=\"og:image:height\" content=\"892\" \/>\n\t<meta property=\"og:image:type\" content=\"image\/jpeg\" \/>\n<meta name=\"twitter:card\" content=\"summary_large_image\" \/>\n<script type=\"application\/ld+json\" class=\"yoast-schema-graph\">{\"@context\":\"https:\/\/schema.org\",\"@graph\":[{\"@type\":\"WebPage\",\"@id\":\"https:\/\/www.alucomfort.be\/product\/kiepcontainer-met-rond-deksel-capaciteit-100-m%c2%b3\/\",\"url\":\"https:\/\/www.alucomfort.be\/product\/kiepcontainer-met-rond-deksel-capaciteit-100-m%c2%b3\/\",\"name\":\"Bennes basculantes \u00e0 couvercle bomb\u00e9 | Alu Comfort |\",\"isPartOf\":{\"@id\":\"https:\/\/www.alucomfort.be\/#website\"},\"primaryImageOfPage\":{\"@id\":\"https:\/\/www.alucomfort.be\/product\/kiepcontainer-met-rond-deksel-capaciteit-100-m%c2%b3\/#primaryimage\"},\"image\":{\"@id\":\"https:\/\/www.alucomfort.be\/product\/kiepcontainer-met-rond-deksel-capaciteit-100-m%c2%b3\/#primaryimage\"},\"thumbnailUrl\":\"https:\/\/www.alucomfort.be\/wp-content\/uploads\/BR-RD-02.jpg\",\"datePublished\":\"2020-09-24T19:46:54+00:00\",\"dateModified\":\"2022-06-06T17:52:49+00:00\",\"description\":\"Bennes Basculantes \u00e0 couvercle bomb\u00e9. Parfait dans la gestion de vos d\u00e9chets.\",\"breadcrumb\":{\"@id\":\"https:\/\/www.alucomfort.be\/product\/kiepcontainer-met-rond-deksel-capaciteit-100-m%c2%b3\/#breadcrumb\"},\"inLanguage\":\"fr-FR\",\"potentialAction\":[{\"@type\":\"ReadAction\",\"target\":[\"https:\/\/www.alucomfort.be\/product\/kiepcontainer-met-rond-deksel-capaciteit-100-m%c2%b3\/\"]}]},{\"@type\":\"ImageObject\",\"inLanguage\":\"fr-FR\",\"@id\":\"https:\/\/www.alucomfort.be\/product\/kiepcontainer-met-rond-deksel-capaciteit-100-m%c2%b3\/#primaryimage\",\"url\":\"https:\/\/www.alucomfort.be\/wp-content\/uploads\/BR-RD-02.jpg\",\"contentUrl\":\"https:\/\/www.alucomfort.be\/wp-content\/uploads\/BR-RD-02.jpg\",\"width\":3678,\"height\":3204},{\"@type\":\"BreadcrumbList\",\"@id\":\"https:\/\/www.alucomfort.be\/product\/kiepcontainer-met-rond-deksel-capaciteit-100-m%c2%b3\/#breadcrumb\",\"itemListElement\":[{\"@type\":\"ListItem\",\"position\":1,\"name\":\"Home\",\"item\":\"https:\/\/www.alucomfort.be\/fr\/\"},{\"@type\":\"ListItem\",\"position\":2,\"name\":\"Producten\",\"item\":\"https:\/\/www.alucomfort.be\/producten\/\"},{\"@type\":\"ListItem\",\"position\":3,\"name\":\"Bennes Basculantes \u00e0 couvercle bomb\u00e9 &#8211; Cap: 1,00 m\u00b3\"}]},{\"@type\":\"WebSite\",\"@id\":\"https:\/\/www.alucomfort.be\/#website\",\"url\":\"https:\/\/www.alucomfort.be\/\",\"name\":\"Alu Comfort\",\"description\":\"\",\"potentialAction\":[{\"@type\":\"SearchAction\",\"target\":{\"@type\":\"EntryPoint\",\"urlTemplate\":\"https:\/\/www.alucomfort.be\/?s={search_term_string}\"},\"query-input\":{\"@type\":\"PropertyValueSpecification\",\"valueRequired\":true,\"valueName\":\"search_term_string\"}}],\"inLanguage\":\"fr-FR\"}]}<\/script>\n<!-- \/ Yoast SEO plugin. -->","yoast_head_json":{"title":"Bennes basculantes \u00e0 couvercle bomb\u00e9 | Alu Comfort |","description":"Bennes Basculantes \u00e0 couvercle bomb\u00e9. Parfait dans la gestion de vos d\u00e9chets.","robots":{"index":"index","follow":"follow","max-snippet":"max-snippet:-1","max-image-preview":"max-image-preview:large","max-video-preview":"max-video-preview:-1"},"canonical":"https:\/\/www.alucomfort.be\/product\/kiepcontainer-met-rond-deksel-capaciteit-100-m\u00b3\/","og_locale":"fr_FR","og_type":"article","og_title":"Bennes basculantes \u00e0 couvercle bomb\u00e9 | Alu Comfort |","og_description":"Bennes Basculantes \u00e0 couvercle bomb\u00e9. Parfait dans la gestion de vos d\u00e9chets.","og_url":"https:\/\/www.alucomfort.be\/product\/kiepcontainer-met-rond-deksel-capaciteit-100-m\u00b3\/","og_site_name":"Alu Comfort","article_modified_time":"2022-06-06T17:52:49+00:00","og_image":[{"width":1024,"height":892,"url":"https:\/\/www.alucomfort.be\/wp-content\/uploads\/BR-RD-02-1024x892.jpg","type":"image\/jpeg"}],"twitter_card":"summary_large_image","schema":{"@context":"https:\/\/schema.org","@graph":[{"@type":"WebPage","@id":"https:\/\/www.alucomfort.be\/product\/kiepcontainer-met-rond-deksel-capaciteit-100-m%c2%b3\/","url":"https:\/\/www.alucomfort.be\/product\/kiepcontainer-met-rond-deksel-capaciteit-100-m%c2%b3\/","name":"Bennes basculantes \u00e0 couvercle bomb\u00e9 | Alu Comfort |","isPartOf":{"@id":"https:\/\/www.alucomfort.be\/#website"},"primaryImageOfPage":{"@id":"https:\/\/www.alucomfort.be\/product\/kiepcontainer-met-rond-deksel-capaciteit-100-m%c2%b3\/#primaryimage"},"image":{"@id":"https:\/\/www.alucomfort.be\/product\/kiepcontainer-met-rond-deksel-capaciteit-100-m%c2%b3\/#primaryimage"},"thumbnailUrl":"https:\/\/www.alucomfort.be\/wp-content\/uploads\/BR-RD-02.jpg","datePublished":"2020-09-24T19:46:54+00:00","dateModified":"2022-06-06T17:52:49+00:00","description":"Bennes Basculantes \u00e0 couvercle bomb\u00e9. Parfait dans la gestion de vos d\u00e9chets.","breadcrumb":{"@id":"https:\/\/www.alucomfort.be\/product\/kiepcontainer-met-rond-deksel-capaciteit-100-m%c2%b3\/#breadcrumb"},"inLanguage":"fr-FR","potentialAction":[{"@type":"ReadAction","target":["https:\/\/www.alucomfort.be\/product\/kiepcontainer-met-rond-deksel-capaciteit-100-m%c2%b3\/"]}]},{"@type":"ImageObject","inLanguage":"fr-FR","@id":"https:\/\/www.alucomfort.be\/product\/kiepcontainer-met-rond-deksel-capaciteit-100-m%c2%b3\/#primaryimage","url":"https:\/\/www.alucomfort.be\/wp-content\/uploads\/BR-RD-02.jpg","contentUrl":"https:\/\/www.alucomfort.be\/wp-content\/uploads\/BR-RD-02.jpg","width":3678,"height":3204},{"@type":"BreadcrumbList","@id":"https:\/\/www.alucomfort.be\/product\/kiepcontainer-met-rond-deksel-capaciteit-100-m%c2%b3\/#breadcrumb","itemListElement":[{"@type":"ListItem","position":1,"name":"Home","item":"https:\/\/www.alucomfort.be\/fr\/"},{"@type":"ListItem","position":2,"name":"Producten","item":"https:\/\/www.alucomfort.be\/producten\/"},{"@type":"ListItem","position":3,"name":"Bennes Basculantes \u00e0 couvercle bomb\u00e9 &#8211; Cap: 1,00 m\u00b3"}]},{"@type":"WebSite","@id":"https:\/\/www.alucomfort.be\/#website","url":"https:\/\/www.alucomfort.be\/","name":"Alu Comfort","description":"","potentialAction":[{"@type":"SearchAction","target":{"@type":"EntryPoint","urlTemplate":"https:\/\/www.alucomfort.be\/?s={search_term_string}"},"query-input":{"@type":"PropertyValueSpecification","valueRequired":true,"valueName":"search_term_string"}}],"inLanguage":"fr-FR"}]}},"_links":{"self":[{"href":"https:\/\/www.alucomfort.be\/fr\/wp-json\/wp\/v2\/product\/208928","targetHints":{"allow":["GET"]}}],"collection":[{"href":"https:\/\/www.alucomfort.be\/fr\/wp-json\/wp\/v2\/product"}],"about":[{"href":"https:\/\/www.alucomfort.be\/fr\/wp-json\/wp\/v2\/types\/product"}],"wp:featuredmedia":[{"embeddable":true,"href":"https:\/\/www.alucomfort.be\/fr\/wp-json\/wp\/v2\/media\/4119"}],"wp:attachment":[{"href":"https:\/\/www.alucomfort.be\/fr\/wp-json\/wp\/v2\/media?parent=208928"}],"wp:term":[{"taxonomy":"product_brand","embeddable":true,"href":"https:\/\/www.alucomfort.be\/fr\/wp-json\/wp\/v2\/product_brand?post=208928"},{"taxonomy":"product_cat","embeddable":true,"href":"https:\/\/www.alucomfort.be\/fr\/wp-json\/wp\/v2\/product_cat?post=208928"},{"taxonomy":"product_tag","embeddable":true,"href":"https:\/\/www.alucomfort.be\/fr\/wp-json\/wp\/v2\/product_tag?post=208928"}],"curies":[{"name":"wp","href":"https:\/\/api.w.org\/{rel}","templated":true}]}}