

{"id":209044,"date":"2020-09-29T21:49:06","date_gmt":"2020-09-29T19:49:06","guid":{"rendered":"https:\/\/www.alucomfort.be\/product\/euvex-miroir-de-circulation\/"},"modified":"2023-09-26T22:37:45","modified_gmt":"2023-09-26T20:37:45","slug":"euvex-miroir-de-circulation","status":"publish","type":"product","link":"https:\/\/www.alucomfort.be\/fr\/product\/euvex-miroir-de-circulation\/","title":{"rendered":"EUvex &#8211; Miroir de circulation"},"content":{"rendered":"<p>* Miroir de circulation peut \u00eatre install\u00e9 \u00e0 l\u0091int\u00e9rieur ou \u00e0 l\u0091ext\u00e9rieur (entrep\u00f4t, sortie de garages), *  Utilisation int\u00e9rieure et ext\u00e9rieure, * Avec cadre blanc avec des r\u00e9flecteurs rouges, * Mat\u00e9riel acrylique, * SANS certification T\u00fcv, * Livr\u00e9 avec syst\u00e8me de fixation 2 points pour poteaux ronds 50 &#8211; 85 mm.  En option avec fixation sur le mur, * Delai de livraison: plus au moins 4 jours.<\/p>\n","protected":false},"excerpt":{"rendered":"<p>Miroir de circulation avec r\u00e9flecteurs<\/p>\n","protected":false},"featured_media":209015,"template":"","meta":{"_acf_changed":false},"product_brand":[],"product_cat":[1972],"product_tag":[],"class_list":{"0":"post-209044","1":"product","2":"type-product","3":"status-publish","4":"has-post-thumbnail","6":"product_cat-miroirs","8":"first","9":"outofstock","10":"taxable","11":"shipping-taxable","12":"purchasable","13":"product-type-variable"},"acf":[],"yoast_head":"<!-- This site is optimized with the Yoast SEO plugin v24.8.1 - https:\/\/yoast.com\/wordpress\/plugins\/seo\/ -->\n<title>Miroirs industriels<\/title>\n<meta name=\"description\" content=\"Miroirs de circulation pour am\u00e9liorer la s\u00e9curti\u00e9 dans votre parking.\" \/>\n<meta name=\"robots\" content=\"index, follow, max-snippet:-1, max-image-preview:large, max-video-preview:-1\" \/>\n<link rel=\"canonical\" href=\"https:\/\/www.alucomfort.be\/fr\/product\/euvex-miroir-de-circulation\/\" \/>\n<meta property=\"og:locale\" content=\"fr_FR\" \/>\n<meta property=\"og:type\" content=\"article\" \/>\n<meta property=\"og:title\" content=\"Miroirs industriels\" \/>\n<meta property=\"og:description\" content=\"Miroirs de circulation pour am\u00e9liorer la s\u00e9curti\u00e9 dans votre parking.\" \/>\n<meta property=\"og:url\" content=\"https:\/\/www.alucomfort.be\/fr\/product\/euvex-miroir-de-circulation\/\" \/>\n<meta property=\"og:site_name\" content=\"Alu Comfort\" \/>\n<meta property=\"article:modified_time\" content=\"2023-09-26T20:37:45+00:00\" \/>\n<meta property=\"og:image\" content=\"https:\/\/www.alucomfort.be\/wp-content\/uploads\/Verkeersspiegel-1-EUVEX.jpg\" \/>\n\t<meta property=\"og:image:width\" content=\"1920\" \/>\n\t<meta property=\"og:image:height\" content=\"1280\" \/>\n\t<meta property=\"og:image:type\" content=\"image\/jpeg\" \/>\n<meta name=\"twitter:card\" content=\"summary_large_image\" \/>\n<script type=\"application\/ld+json\" class=\"yoast-schema-graph\">{\"@context\":\"https:\/\/schema.org\",\"@graph\":[{\"@type\":\"WebPage\",\"@id\":\"https:\/\/www.alucomfort.be\/fr\/product\/euvex-miroir-de-circulation\/\",\"url\":\"https:\/\/www.alucomfort.be\/fr\/product\/euvex-miroir-de-circulation\/\",\"name\":\"Miroirs industriels\",\"isPartOf\":{\"@id\":\"https:\/\/www.alucomfort.be\/#website\"},\"primaryImageOfPage\":{\"@id\":\"https:\/\/www.alucomfort.be\/fr\/product\/euvex-miroir-de-circulation\/#primaryimage\"},\"image\":{\"@id\":\"https:\/\/www.alucomfort.be\/fr\/product\/euvex-miroir-de-circulation\/#primaryimage\"},\"thumbnailUrl\":\"https:\/\/www.alucomfort.be\/wp-content\/uploads\/Verkeersspiegel-1-EUVEX.jpg\",\"datePublished\":\"2020-09-29T19:49:06+00:00\",\"dateModified\":\"2023-09-26T20:37:45+00:00\",\"description\":\"Miroirs de circulation pour am\u00e9liorer la s\u00e9curti\u00e9 dans votre parking.\",\"breadcrumb\":{\"@id\":\"https:\/\/www.alucomfort.be\/fr\/product\/euvex-miroir-de-circulation\/#breadcrumb\"},\"inLanguage\":\"fr-FR\",\"potentialAction\":[{\"@type\":\"ReadAction\",\"target\":[\"https:\/\/www.alucomfort.be\/fr\/product\/euvex-miroir-de-circulation\/\"]}]},{\"@type\":\"ImageObject\",\"inLanguage\":\"fr-FR\",\"@id\":\"https:\/\/www.alucomfort.be\/fr\/product\/euvex-miroir-de-circulation\/#primaryimage\",\"url\":\"https:\/\/www.alucomfort.be\/wp-content\/uploads\/Verkeersspiegel-1-EUVEX.jpg\",\"contentUrl\":\"https:\/\/www.alucomfort.be\/wp-content\/uploads\/Verkeersspiegel-1-EUVEX.jpg\",\"width\":1920,\"height\":1280,\"caption\":\"Verkeersspiegel\"},{\"@type\":\"BreadcrumbList\",\"@id\":\"https:\/\/www.alucomfort.be\/fr\/product\/euvex-miroir-de-circulation\/#breadcrumb\",\"itemListElement\":[{\"@type\":\"ListItem\",\"position\":1,\"name\":\"Home\",\"item\":\"https:\/\/www.alucomfort.be\/fr\/\"},{\"@type\":\"ListItem\",\"position\":2,\"name\":\"Producten\",\"item\":\"https:\/\/www.alucomfort.be\/producten\/\"},{\"@type\":\"ListItem\",\"position\":3,\"name\":\"EUvex &#8211; Miroir de circulation\"}]},{\"@type\":\"WebSite\",\"@id\":\"https:\/\/www.alucomfort.be\/#website\",\"url\":\"https:\/\/www.alucomfort.be\/\",\"name\":\"Alu Comfort\",\"description\":\"\",\"potentialAction\":[{\"@type\":\"SearchAction\",\"target\":{\"@type\":\"EntryPoint\",\"urlTemplate\":\"https:\/\/www.alucomfort.be\/?s={search_term_string}\"},\"query-input\":{\"@type\":\"PropertyValueSpecification\",\"valueRequired\":true,\"valueName\":\"search_term_string\"}}],\"inLanguage\":\"fr-FR\"}]}<\/script>\n<!-- \/ Yoast SEO plugin. -->","yoast_head_json":{"title":"Miroirs industriels","description":"Miroirs de circulation pour am\u00e9liorer la s\u00e9curti\u00e9 dans votre parking.","robots":{"index":"index","follow":"follow","max-snippet":"max-snippet:-1","max-image-preview":"max-image-preview:large","max-video-preview":"max-video-preview:-1"},"canonical":"https:\/\/www.alucomfort.be\/fr\/product\/euvex-miroir-de-circulation\/","og_locale":"fr_FR","og_type":"article","og_title":"Miroirs industriels","og_description":"Miroirs de circulation pour am\u00e9liorer la s\u00e9curti\u00e9 dans votre parking.","og_url":"https:\/\/www.alucomfort.be\/fr\/product\/euvex-miroir-de-circulation\/","og_site_name":"Alu Comfort","article_modified_time":"2023-09-26T20:37:45+00:00","og_image":[{"width":1920,"height":1280,"url":"https:\/\/www.alucomfort.be\/wp-content\/uploads\/Verkeersspiegel-1-EUVEX.jpg","type":"image\/jpeg"}],"twitter_card":"summary_large_image","schema":{"@context":"https:\/\/schema.org","@graph":[{"@type":"WebPage","@id":"https:\/\/www.alucomfort.be\/fr\/product\/euvex-miroir-de-circulation\/","url":"https:\/\/www.alucomfort.be\/fr\/product\/euvex-miroir-de-circulation\/","name":"Miroirs industriels","isPartOf":{"@id":"https:\/\/www.alucomfort.be\/#website"},"primaryImageOfPage":{"@id":"https:\/\/www.alucomfort.be\/fr\/product\/euvex-miroir-de-circulation\/#primaryimage"},"image":{"@id":"https:\/\/www.alucomfort.be\/fr\/product\/euvex-miroir-de-circulation\/#primaryimage"},"thumbnailUrl":"https:\/\/www.alucomfort.be\/wp-content\/uploads\/Verkeersspiegel-1-EUVEX.jpg","datePublished":"2020-09-29T19:49:06+00:00","dateModified":"2023-09-26T20:37:45+00:00","description":"Miroirs de circulation pour am\u00e9liorer la s\u00e9curti\u00e9 dans votre parking.","breadcrumb":{"@id":"https:\/\/www.alucomfort.be\/fr\/product\/euvex-miroir-de-circulation\/#breadcrumb"},"inLanguage":"fr-FR","potentialAction":[{"@type":"ReadAction","target":["https:\/\/www.alucomfort.be\/fr\/product\/euvex-miroir-de-circulation\/"]}]},{"@type":"ImageObject","inLanguage":"fr-FR","@id":"https:\/\/www.alucomfort.be\/fr\/product\/euvex-miroir-de-circulation\/#primaryimage","url":"https:\/\/www.alucomfort.be\/wp-content\/uploads\/Verkeersspiegel-1-EUVEX.jpg","contentUrl":"https:\/\/www.alucomfort.be\/wp-content\/uploads\/Verkeersspiegel-1-EUVEX.jpg","width":1920,"height":1280,"caption":"Verkeersspiegel"},{"@type":"BreadcrumbList","@id":"https:\/\/www.alucomfort.be\/fr\/product\/euvex-miroir-de-circulation\/#breadcrumb","itemListElement":[{"@type":"ListItem","position":1,"name":"Home","item":"https:\/\/www.alucomfort.be\/fr\/"},{"@type":"ListItem","position":2,"name":"Producten","item":"https:\/\/www.alucomfort.be\/producten\/"},{"@type":"ListItem","position":3,"name":"EUvex &#8211; Miroir de circulation"}]},{"@type":"WebSite","@id":"https:\/\/www.alucomfort.be\/#website","url":"https:\/\/www.alucomfort.be\/","name":"Alu Comfort","description":"","potentialAction":[{"@type":"SearchAction","target":{"@type":"EntryPoint","urlTemplate":"https:\/\/www.alucomfort.be\/?s={search_term_string}"},"query-input":{"@type":"PropertyValueSpecification","valueRequired":true,"valueName":"search_term_string"}}],"inLanguage":"fr-FR"}]}},"_links":{"self":[{"href":"https:\/\/www.alucomfort.be\/fr\/wp-json\/wp\/v2\/product\/209044","targetHints":{"allow":["GET"]}}],"collection":[{"href":"https:\/\/www.alucomfort.be\/fr\/wp-json\/wp\/v2\/product"}],"about":[{"href":"https:\/\/www.alucomfort.be\/fr\/wp-json\/wp\/v2\/types\/product"}],"wp:featuredmedia":[{"embeddable":true,"href":"https:\/\/www.alucomfort.be\/fr\/wp-json\/wp\/v2\/media\/209015"}],"wp:attachment":[{"href":"https:\/\/www.alucomfort.be\/fr\/wp-json\/wp\/v2\/media?parent=209044"}],"wp:term":[{"taxonomy":"product_brand","embeddable":true,"href":"https:\/\/www.alucomfort.be\/fr\/wp-json\/wp\/v2\/product_brand?post=209044"},{"taxonomy":"product_cat","embeddable":true,"href":"https:\/\/www.alucomfort.be\/fr\/wp-json\/wp\/v2\/product_cat?post=209044"},{"taxonomy":"product_tag","embeddable":true,"href":"https:\/\/www.alucomfort.be\/fr\/wp-json\/wp\/v2\/product_tag?post=209044"}],"curies":[{"name":"wp","href":"https:\/\/api.w.org\/{rel}","templated":true}]}}