

{"id":209066,"date":"2020-09-29T21:49:21","date_gmt":"2020-09-29T19:49:21","guid":{"rendered":"https:\/\/www.alucomfort.be\/product\/euvex-miroir-industriel\/"},"modified":"2023-09-26T22:38:06","modified_gmt":"2023-09-26T20:38:06","slug":"euvex-miroir-industriel","status":"publish","type":"product","link":"https:\/\/www.alucomfort.be\/fr\/product\/euvex-miroir-industriel\/","title":{"rendered":"EUvex &#8211; Miroir industriel"},"content":{"rendered":"<p>* Miroir industrie \u00e0 usages multiples peut \u00eatre install\u00e9 \u00e0 l\u0091int\u00e9rieur ou \u00e0 l\u0091ext\u00e9rieur (entrep\u00f4t, sortie de garages), *  Utilisation int\u00e9rieure et ext\u00e9rieure, * Avec cadre jaune avec des rayures noires d&rsquo;alerte, * Mat\u00e9riel acrylique, * SANS certification T\u00fcv, * Livr\u00e9 avec syst\u00e8me de fixation 2 points pour poteaux ronds 50 &#8211; 85 mm.  En option avec fixation sur le mur, * Delai de livraison: plus au moins 4 jours.<\/p>\n","protected":false},"excerpt":{"rendered":"<p>Ce miroir pr\u00e9vient des accidents dans les espaces industriels, dans des entrep\u00f4ts et dans des usines.<\/p>\n","protected":false},"featured_media":209021,"template":"","meta":{"_acf_changed":false},"product_brand":[],"product_cat":[1972],"product_tag":[],"class_list":{"0":"post-209066","1":"product","2":"type-product","3":"status-publish","4":"has-post-thumbnail","6":"product_cat-miroirs","8":"first","9":"outofstock","10":"taxable","11":"shipping-taxable","12":"purchasable","13":"product-type-variable"},"acf":[],"yoast_head":"<!-- This site is optimized with the Yoast SEO plugin v24.8.1 - https:\/\/yoast.com\/wordpress\/plugins\/seo\/ -->\n<title>Miroirs industriels<\/title>\n<meta name=\"description\" content=\"Miroir industrie \u00e0 usages multiples peut \u00eatre install\u00e9 \u00e0 l\u0091int\u00e9rieur ou \u00e0 l\u0091ext\u00e9rieur (entrep\u00f4t, sortie de garages).\" \/>\n<meta name=\"robots\" content=\"index, follow, max-snippet:-1, max-image-preview:large, max-video-preview:-1\" \/>\n<link rel=\"canonical\" href=\"https:\/\/www.alucomfort.be\/fr\/product\/euvex-miroir-industriel\/\" \/>\n<meta property=\"og:locale\" content=\"fr_FR\" \/>\n<meta property=\"og:type\" content=\"article\" \/>\n<meta property=\"og:title\" content=\"Miroirs industriels\" \/>\n<meta property=\"og:description\" content=\"Miroir industrie \u00e0 usages multiples peut \u00eatre install\u00e9 \u00e0 l\u0091int\u00e9rieur ou \u00e0 l\u0091ext\u00e9rieur (entrep\u00f4t, sortie de garages).\" \/>\n<meta property=\"og:url\" content=\"https:\/\/www.alucomfort.be\/fr\/product\/euvex-miroir-industriel\/\" \/>\n<meta property=\"og:site_name\" content=\"Alu Comfort\" \/>\n<meta property=\"article:modified_time\" content=\"2023-09-26T20:38:06+00:00\" \/>\n<meta property=\"og:image\" content=\"https:\/\/www.alucomfort.be\/wp-content\/uploads\/Industriespiegel-EUVex-1024x683.png\" \/>\n\t<meta property=\"og:image:width\" content=\"1024\" \/>\n\t<meta property=\"og:image:height\" content=\"683\" \/>\n\t<meta property=\"og:image:type\" content=\"image\/png\" \/>\n<meta name=\"twitter:card\" content=\"summary_large_image\" \/>\n<script type=\"application\/ld+json\" class=\"yoast-schema-graph\">{\"@context\":\"https:\/\/schema.org\",\"@graph\":[{\"@type\":\"WebPage\",\"@id\":\"https:\/\/www.alucomfort.be\/fr\/product\/euvex-miroir-industriel\/\",\"url\":\"https:\/\/www.alucomfort.be\/fr\/product\/euvex-miroir-industriel\/\",\"name\":\"Miroirs industriels\",\"isPartOf\":{\"@id\":\"https:\/\/www.alucomfort.be\/#website\"},\"primaryImageOfPage\":{\"@id\":\"https:\/\/www.alucomfort.be\/fr\/product\/euvex-miroir-industriel\/#primaryimage\"},\"image\":{\"@id\":\"https:\/\/www.alucomfort.be\/fr\/product\/euvex-miroir-industriel\/#primaryimage\"},\"thumbnailUrl\":\"https:\/\/www.alucomfort.be\/wp-content\/uploads\/Industriespiegel-EUVex.png\",\"datePublished\":\"2020-09-29T19:49:21+00:00\",\"dateModified\":\"2023-09-26T20:38:06+00:00\",\"description\":\"Miroir industrie \u00e0 usages multiples peut \u00eatre install\u00e9 \u00e0 l\u0091int\u00e9rieur ou \u00e0 l\u0091ext\u00e9rieur (entrep\u00f4t, sortie de garages).\",\"breadcrumb\":{\"@id\":\"https:\/\/www.alucomfort.be\/fr\/product\/euvex-miroir-industriel\/#breadcrumb\"},\"inLanguage\":\"fr-FR\",\"potentialAction\":[{\"@type\":\"ReadAction\",\"target\":[\"https:\/\/www.alucomfort.be\/fr\/product\/euvex-miroir-industriel\/\"]}]},{\"@type\":\"ImageObject\",\"inLanguage\":\"fr-FR\",\"@id\":\"https:\/\/www.alucomfort.be\/fr\/product\/euvex-miroir-industriel\/#primaryimage\",\"url\":\"https:\/\/www.alucomfort.be\/wp-content\/uploads\/Industriespiegel-EUVex.png\",\"contentUrl\":\"https:\/\/www.alucomfort.be\/wp-content\/uploads\/Industriespiegel-EUVex.png\",\"width\":1920,\"height\":1280,\"caption\":\"Industriespiegel\"},{\"@type\":\"BreadcrumbList\",\"@id\":\"https:\/\/www.alucomfort.be\/fr\/product\/euvex-miroir-industriel\/#breadcrumb\",\"itemListElement\":[{\"@type\":\"ListItem\",\"position\":1,\"name\":\"Home\",\"item\":\"https:\/\/www.alucomfort.be\/fr\/\"},{\"@type\":\"ListItem\",\"position\":2,\"name\":\"Producten\",\"item\":\"https:\/\/www.alucomfort.be\/producten\/\"},{\"@type\":\"ListItem\",\"position\":3,\"name\":\"EUvex &#8211; Miroir industriel\"}]},{\"@type\":\"WebSite\",\"@id\":\"https:\/\/www.alucomfort.be\/#website\",\"url\":\"https:\/\/www.alucomfort.be\/\",\"name\":\"Alu Comfort\",\"description\":\"\",\"potentialAction\":[{\"@type\":\"SearchAction\",\"target\":{\"@type\":\"EntryPoint\",\"urlTemplate\":\"https:\/\/www.alucomfort.be\/?s={search_term_string}\"},\"query-input\":{\"@type\":\"PropertyValueSpecification\",\"valueRequired\":true,\"valueName\":\"search_term_string\"}}],\"inLanguage\":\"fr-FR\"}]}<\/script>\n<!-- \/ Yoast SEO plugin. -->","yoast_head_json":{"title":"Miroirs industriels","description":"Miroir industrie \u00e0 usages multiples peut \u00eatre install\u00e9 \u00e0 l\u0091int\u00e9rieur ou \u00e0 l\u0091ext\u00e9rieur (entrep\u00f4t, sortie de garages).","robots":{"index":"index","follow":"follow","max-snippet":"max-snippet:-1","max-image-preview":"max-image-preview:large","max-video-preview":"max-video-preview:-1"},"canonical":"https:\/\/www.alucomfort.be\/fr\/product\/euvex-miroir-industriel\/","og_locale":"fr_FR","og_type":"article","og_title":"Miroirs industriels","og_description":"Miroir industrie \u00e0 usages multiples peut \u00eatre install\u00e9 \u00e0 l\u0091int\u00e9rieur ou \u00e0 l\u0091ext\u00e9rieur (entrep\u00f4t, sortie de garages).","og_url":"https:\/\/www.alucomfort.be\/fr\/product\/euvex-miroir-industriel\/","og_site_name":"Alu Comfort","article_modified_time":"2023-09-26T20:38:06+00:00","og_image":[{"width":1024,"height":683,"url":"https:\/\/www.alucomfort.be\/wp-content\/uploads\/Industriespiegel-EUVex-1024x683.png","type":"image\/png"}],"twitter_card":"summary_large_image","schema":{"@context":"https:\/\/schema.org","@graph":[{"@type":"WebPage","@id":"https:\/\/www.alucomfort.be\/fr\/product\/euvex-miroir-industriel\/","url":"https:\/\/www.alucomfort.be\/fr\/product\/euvex-miroir-industriel\/","name":"Miroirs industriels","isPartOf":{"@id":"https:\/\/www.alucomfort.be\/#website"},"primaryImageOfPage":{"@id":"https:\/\/www.alucomfort.be\/fr\/product\/euvex-miroir-industriel\/#primaryimage"},"image":{"@id":"https:\/\/www.alucomfort.be\/fr\/product\/euvex-miroir-industriel\/#primaryimage"},"thumbnailUrl":"https:\/\/www.alucomfort.be\/wp-content\/uploads\/Industriespiegel-EUVex.png","datePublished":"2020-09-29T19:49:21+00:00","dateModified":"2023-09-26T20:38:06+00:00","description":"Miroir industrie \u00e0 usages multiples peut \u00eatre install\u00e9 \u00e0 l\u0091int\u00e9rieur ou \u00e0 l\u0091ext\u00e9rieur (entrep\u00f4t, sortie de garages).","breadcrumb":{"@id":"https:\/\/www.alucomfort.be\/fr\/product\/euvex-miroir-industriel\/#breadcrumb"},"inLanguage":"fr-FR","potentialAction":[{"@type":"ReadAction","target":["https:\/\/www.alucomfort.be\/fr\/product\/euvex-miroir-industriel\/"]}]},{"@type":"ImageObject","inLanguage":"fr-FR","@id":"https:\/\/www.alucomfort.be\/fr\/product\/euvex-miroir-industriel\/#primaryimage","url":"https:\/\/www.alucomfort.be\/wp-content\/uploads\/Industriespiegel-EUVex.png","contentUrl":"https:\/\/www.alucomfort.be\/wp-content\/uploads\/Industriespiegel-EUVex.png","width":1920,"height":1280,"caption":"Industriespiegel"},{"@type":"BreadcrumbList","@id":"https:\/\/www.alucomfort.be\/fr\/product\/euvex-miroir-industriel\/#breadcrumb","itemListElement":[{"@type":"ListItem","position":1,"name":"Home","item":"https:\/\/www.alucomfort.be\/fr\/"},{"@type":"ListItem","position":2,"name":"Producten","item":"https:\/\/www.alucomfort.be\/producten\/"},{"@type":"ListItem","position":3,"name":"EUvex &#8211; Miroir industriel"}]},{"@type":"WebSite","@id":"https:\/\/www.alucomfort.be\/#website","url":"https:\/\/www.alucomfort.be\/","name":"Alu Comfort","description":"","potentialAction":[{"@type":"SearchAction","target":{"@type":"EntryPoint","urlTemplate":"https:\/\/www.alucomfort.be\/?s={search_term_string}"},"query-input":{"@type":"PropertyValueSpecification","valueRequired":true,"valueName":"search_term_string"}}],"inLanguage":"fr-FR"}]}},"_links":{"self":[{"href":"https:\/\/www.alucomfort.be\/fr\/wp-json\/wp\/v2\/product\/209066","targetHints":{"allow":["GET"]}}],"collection":[{"href":"https:\/\/www.alucomfort.be\/fr\/wp-json\/wp\/v2\/product"}],"about":[{"href":"https:\/\/www.alucomfort.be\/fr\/wp-json\/wp\/v2\/types\/product"}],"wp:featuredmedia":[{"embeddable":true,"href":"https:\/\/www.alucomfort.be\/fr\/wp-json\/wp\/v2\/media\/209021"}],"wp:attachment":[{"href":"https:\/\/www.alucomfort.be\/fr\/wp-json\/wp\/v2\/media?parent=209066"}],"wp:term":[{"taxonomy":"product_brand","embeddable":true,"href":"https:\/\/www.alucomfort.be\/fr\/wp-json\/wp\/v2\/product_brand?post=209066"},{"taxonomy":"product_cat","embeddable":true,"href":"https:\/\/www.alucomfort.be\/fr\/wp-json\/wp\/v2\/product_cat?post=209066"},{"taxonomy":"product_tag","embeddable":true,"href":"https:\/\/www.alucomfort.be\/fr\/wp-json\/wp\/v2\/product_tag?post=209066"}],"curies":[{"name":"wp","href":"https:\/\/api.w.org\/{rel}","templated":true}]}}