

{"id":211486,"date":"2021-03-16T13:33:55","date_gmt":"2021-03-16T11:33:55","guid":{"rendered":"https:\/\/www.alucomfort.be\/product\/bras-de-levage-telescopique-version-rigide-avec-angle-dinclinaison-25\/"},"modified":"2025-09-25T23:43:27","modified_gmt":"2025-09-25T21:43:27","slug":"bras-de-levage-telescopique-version-rigide-avec-angle-dinclinaison-25","status":"publish","type":"product","link":"https:\/\/www.alucomfort.be\/fr\/product\/bras-de-levage-telescopique-version-rigide-avec-angle-dinclinaison-25\/","title":{"rendered":"Bras de levage t\u00e9l\u00e9scopique &#8211; Version rigide avec angle d&rsquo;inclinaison 25\u00b0"},"content":{"rendered":"<p>* Version rigide avec fourreaux,  * Longueur 1600 mm , * Charge adm. entre 1000 et 125 kg (selon la position utilis\u00e9), * T\u00e9l\u00e9scopique, chaque position s\u00e9curis\u00e9e par des goujons, * Construction en acier, * Angle d&rsquo;inclinaison 25\u00b0, * Pieds support, hauteur de passage 100 mm, * Compatibles avec des gerbeurs, * S\u00e9curit\u00e9 anti-glissement par cha\u00eenes, * 1 crochet \u00e0 emerillon avec linguet de s\u00e9curit\u00e9.<\/p>\n","protected":false},"excerpt":{"rendered":"<p>Bras de levage pour transformer le chariot \u00e9l\u00e9vateur en grue mobile.<\/p>\n","protected":false},"featured_media":3834,"template":"","meta":{"_acf_changed":false},"product_brand":[],"product_cat":[9893],"product_tag":[],"class_list":{"0":"post-211486","1":"product","2":"type-product","3":"status-publish","4":"has-post-thumbnail","6":"product_cat-bras-de-grue-et-bras-de-levage","8":"first","9":"outofstock","10":"taxable","11":"shipping-taxable","12":"purchasable","13":"product-type-variable"},"acf":[],"yoast_head":"<!-- This site is optimized with the Yoast SEO plugin v24.8.1 - https:\/\/yoast.com\/wordpress\/plugins\/seo\/ -->\n<title>Bras de levage<\/title>\n<meta name=\"description\" content=\"Chargeurs extensibles pour transformer le chariot \u00e9l\u00e9vateur en grue mobile.\" \/>\n<meta name=\"robots\" content=\"index, follow, max-snippet:-1, max-image-preview:large, max-video-preview:-1\" \/>\n<link rel=\"canonical\" href=\"https:\/\/www.alucomfort.be\/product\/lastarm-heftruck-onder-hoek-van-25-verlengbaar\/\" \/>\n<meta property=\"og:locale\" content=\"fr_FR\" \/>\n<meta property=\"og:type\" content=\"article\" \/>\n<meta property=\"og:title\" content=\"Bras de levage\" \/>\n<meta property=\"og:description\" content=\"Chargeurs extensibles pour transformer le chariot \u00e9l\u00e9vateur en grue mobile.\" \/>\n<meta property=\"og:url\" content=\"https:\/\/www.alucomfort.be\/product\/lastarm-heftruck-onder-hoek-van-25-verlengbaar\/\" \/>\n<meta property=\"og:site_name\" content=\"Alu Comfort\" \/>\n<meta property=\"article:modified_time\" content=\"2025-09-25T21:43:27+00:00\" \/>\n<meta property=\"og:image\" content=\"https:\/\/www.alucomfort.be\/wp-content\/uploads\/BR-LAT-2.jpg\" \/>\n\t<meta property=\"og:image:width\" content=\"1920\" \/>\n\t<meta property=\"og:image:height\" content=\"1330\" \/>\n\t<meta property=\"og:image:type\" content=\"image\/jpeg\" \/>\n<meta name=\"twitter:card\" content=\"summary_large_image\" \/>\n<script type=\"application\/ld+json\" class=\"yoast-schema-graph\">{\"@context\":\"https:\/\/schema.org\",\"@graph\":[{\"@type\":\"WebPage\",\"@id\":\"https:\/\/www.alucomfort.be\/product\/lastarm-heftruck-onder-hoek-van-25-verlengbaar\/\",\"url\":\"https:\/\/www.alucomfort.be\/product\/lastarm-heftruck-onder-hoek-van-25-verlengbaar\/\",\"name\":\"Bras de levage\",\"isPartOf\":{\"@id\":\"https:\/\/www.alucomfort.be\/#website\"},\"primaryImageOfPage\":{\"@id\":\"https:\/\/www.alucomfort.be\/product\/lastarm-heftruck-onder-hoek-van-25-verlengbaar\/#primaryimage\"},\"image\":{\"@id\":\"https:\/\/www.alucomfort.be\/product\/lastarm-heftruck-onder-hoek-van-25-verlengbaar\/#primaryimage\"},\"thumbnailUrl\":\"https:\/\/www.alucomfort.be\/wp-content\/uploads\/BR-LAT-2.jpg\",\"datePublished\":\"2021-03-16T11:33:55+00:00\",\"dateModified\":\"2025-09-25T21:43:27+00:00\",\"description\":\"Chargeurs extensibles pour transformer le chariot \u00e9l\u00e9vateur en grue mobile.\",\"breadcrumb\":{\"@id\":\"https:\/\/www.alucomfort.be\/product\/lastarm-heftruck-onder-hoek-van-25-verlengbaar\/#breadcrumb\"},\"inLanguage\":\"fr-FR\",\"potentialAction\":[{\"@type\":\"ReadAction\",\"target\":[\"https:\/\/www.alucomfort.be\/product\/lastarm-heftruck-onder-hoek-van-25-verlengbaar\/\"]}]},{\"@type\":\"ImageObject\",\"inLanguage\":\"fr-FR\",\"@id\":\"https:\/\/www.alucomfort.be\/product\/lastarm-heftruck-onder-hoek-van-25-verlengbaar\/#primaryimage\",\"url\":\"https:\/\/www.alucomfort.be\/wp-content\/uploads\/BR-LAT-2.jpg\",\"contentUrl\":\"https:\/\/www.alucomfort.be\/wp-content\/uploads\/BR-LAT-2.jpg\",\"width\":1920,\"height\":1330},{\"@type\":\"BreadcrumbList\",\"@id\":\"https:\/\/www.alucomfort.be\/product\/lastarm-heftruck-onder-hoek-van-25-verlengbaar\/#breadcrumb\",\"itemListElement\":[{\"@type\":\"ListItem\",\"position\":1,\"name\":\"Home\",\"item\":\"https:\/\/www.alucomfort.be\/fr\/\"},{\"@type\":\"ListItem\",\"position\":2,\"name\":\"Producten\",\"item\":\"https:\/\/www.alucomfort.be\/producten\/\"},{\"@type\":\"ListItem\",\"position\":3,\"name\":\"Bras de levage t\u00e9l\u00e9scopique &#8211; Version rigide avec angle d&#8217;inclinaison 25\u00b0\"}]},{\"@type\":\"WebSite\",\"@id\":\"https:\/\/www.alucomfort.be\/#website\",\"url\":\"https:\/\/www.alucomfort.be\/\",\"name\":\"Alu Comfort\",\"description\":\"\",\"potentialAction\":[{\"@type\":\"SearchAction\",\"target\":{\"@type\":\"EntryPoint\",\"urlTemplate\":\"https:\/\/www.alucomfort.be\/?s={search_term_string}\"},\"query-input\":{\"@type\":\"PropertyValueSpecification\",\"valueRequired\":true,\"valueName\":\"search_term_string\"}}],\"inLanguage\":\"fr-FR\"}]}<\/script>\n<!-- \/ Yoast SEO plugin. -->","yoast_head_json":{"title":"Bras de levage","description":"Chargeurs extensibles pour transformer le chariot \u00e9l\u00e9vateur en grue mobile.","robots":{"index":"index","follow":"follow","max-snippet":"max-snippet:-1","max-image-preview":"max-image-preview:large","max-video-preview":"max-video-preview:-1"},"canonical":"https:\/\/www.alucomfort.be\/product\/lastarm-heftruck-onder-hoek-van-25-verlengbaar\/","og_locale":"fr_FR","og_type":"article","og_title":"Bras de levage","og_description":"Chargeurs extensibles pour transformer le chariot \u00e9l\u00e9vateur en grue mobile.","og_url":"https:\/\/www.alucomfort.be\/product\/lastarm-heftruck-onder-hoek-van-25-verlengbaar\/","og_site_name":"Alu Comfort","article_modified_time":"2025-09-25T21:43:27+00:00","og_image":[{"width":1920,"height":1330,"url":"https:\/\/www.alucomfort.be\/wp-content\/uploads\/BR-LAT-2.jpg","type":"image\/jpeg"}],"twitter_card":"summary_large_image","schema":{"@context":"https:\/\/schema.org","@graph":[{"@type":"WebPage","@id":"https:\/\/www.alucomfort.be\/product\/lastarm-heftruck-onder-hoek-van-25-verlengbaar\/","url":"https:\/\/www.alucomfort.be\/product\/lastarm-heftruck-onder-hoek-van-25-verlengbaar\/","name":"Bras de levage","isPartOf":{"@id":"https:\/\/www.alucomfort.be\/#website"},"primaryImageOfPage":{"@id":"https:\/\/www.alucomfort.be\/product\/lastarm-heftruck-onder-hoek-van-25-verlengbaar\/#primaryimage"},"image":{"@id":"https:\/\/www.alucomfort.be\/product\/lastarm-heftruck-onder-hoek-van-25-verlengbaar\/#primaryimage"},"thumbnailUrl":"https:\/\/www.alucomfort.be\/wp-content\/uploads\/BR-LAT-2.jpg","datePublished":"2021-03-16T11:33:55+00:00","dateModified":"2025-09-25T21:43:27+00:00","description":"Chargeurs extensibles pour transformer le chariot \u00e9l\u00e9vateur en grue mobile.","breadcrumb":{"@id":"https:\/\/www.alucomfort.be\/product\/lastarm-heftruck-onder-hoek-van-25-verlengbaar\/#breadcrumb"},"inLanguage":"fr-FR","potentialAction":[{"@type":"ReadAction","target":["https:\/\/www.alucomfort.be\/product\/lastarm-heftruck-onder-hoek-van-25-verlengbaar\/"]}]},{"@type":"ImageObject","inLanguage":"fr-FR","@id":"https:\/\/www.alucomfort.be\/product\/lastarm-heftruck-onder-hoek-van-25-verlengbaar\/#primaryimage","url":"https:\/\/www.alucomfort.be\/wp-content\/uploads\/BR-LAT-2.jpg","contentUrl":"https:\/\/www.alucomfort.be\/wp-content\/uploads\/BR-LAT-2.jpg","width":1920,"height":1330},{"@type":"BreadcrumbList","@id":"https:\/\/www.alucomfort.be\/product\/lastarm-heftruck-onder-hoek-van-25-verlengbaar\/#breadcrumb","itemListElement":[{"@type":"ListItem","position":1,"name":"Home","item":"https:\/\/www.alucomfort.be\/fr\/"},{"@type":"ListItem","position":2,"name":"Producten","item":"https:\/\/www.alucomfort.be\/producten\/"},{"@type":"ListItem","position":3,"name":"Bras de levage t\u00e9l\u00e9scopique &#8211; Version rigide avec angle d&#8217;inclinaison 25\u00b0"}]},{"@type":"WebSite","@id":"https:\/\/www.alucomfort.be\/#website","url":"https:\/\/www.alucomfort.be\/","name":"Alu Comfort","description":"","potentialAction":[{"@type":"SearchAction","target":{"@type":"EntryPoint","urlTemplate":"https:\/\/www.alucomfort.be\/?s={search_term_string}"},"query-input":{"@type":"PropertyValueSpecification","valueRequired":true,"valueName":"search_term_string"}}],"inLanguage":"fr-FR"}]}},"_links":{"self":[{"href":"https:\/\/www.alucomfort.be\/fr\/wp-json\/wp\/v2\/product\/211486","targetHints":{"allow":["GET"]}}],"collection":[{"href":"https:\/\/www.alucomfort.be\/fr\/wp-json\/wp\/v2\/product"}],"about":[{"href":"https:\/\/www.alucomfort.be\/fr\/wp-json\/wp\/v2\/types\/product"}],"wp:featuredmedia":[{"embeddable":true,"href":"https:\/\/www.alucomfort.be\/fr\/wp-json\/wp\/v2\/media\/3834"}],"wp:attachment":[{"href":"https:\/\/www.alucomfort.be\/fr\/wp-json\/wp\/v2\/media?parent=211486"}],"wp:term":[{"taxonomy":"product_brand","embeddable":true,"href":"https:\/\/www.alucomfort.be\/fr\/wp-json\/wp\/v2\/product_brand?post=211486"},{"taxonomy":"product_cat","embeddable":true,"href":"https:\/\/www.alucomfort.be\/fr\/wp-json\/wp\/v2\/product_cat?post=211486"},{"taxonomy":"product_tag","embeddable":true,"href":"https:\/\/www.alucomfort.be\/fr\/wp-json\/wp\/v2\/product_tag?post=211486"}],"curies":[{"name":"wp","href":"https:\/\/api.w.org\/{rel}","templated":true}]}}