

{"id":211944,"date":"2021-06-29T10:34:29","date_gmt":"2021-06-29T08:34:29","guid":{"rendered":"https:\/\/www.alucomfort.be\/product\/roll-conteneur-avec-plateau-en-plastique\/"},"modified":"2026-01-21T21:24:34","modified_gmt":"2026-01-21T19:24:34","slug":"roll-conteneur-avec-plateau-en-plastique","status":"publish","type":"product","link":"https:\/\/www.alucomfort.be\/fr\/product\/roll-conteneur-avec-plateau-en-plastique\/","title":{"rendered":"Roll-conteneur avec plateau en plastique"},"content":{"rendered":"<p>* Conteneur \u00e0 roulettes \u00e0 2, 3 ou 4 c\u00f4tes, * Base en plastique hygi\u00e9nique, pour une gamme d&rsquo;utilisations vari\u00e9es, * Livr\u00e9 d\u00e9mont\u00e9, * Roulettes avec diam\u00e8tre 100 mm (sans freins).<\/p>\n","protected":false},"excerpt":{"rendered":"<p>Roll-conteneur avec plateau en plastique<\/p>\n","protected":false},"featured_media":211890,"template":"","meta":{"_acf_changed":false},"product_brand":[],"product_cat":[8679],"product_tag":[],"class_list":{"0":"post-211944","1":"product","2":"type-product","3":"status-publish","4":"has-post-thumbnail","6":"product_cat-roll-conteneurs","8":"first","9":"outofstock","10":"taxable","11":"shipping-taxable","12":"purchasable","13":"product-type-variable"},"acf":[],"yoast_head":"<!-- This site is optimized with the Yoast SEO plugin v24.8.1 - https:\/\/yoast.com\/wordpress\/plugins\/seo\/ -->\n<title>Roll-conteneur avec plateau en plastique | Alu Comfort<\/title>\n<meta name=\"description\" content=\"Sp\u00e9cialist transport interne. Roll-container, container anti-vol,\u0085 Large s\u00e9lection de produits. Sp\u00e9cialiste Kongamek!\" \/>\n<meta name=\"robots\" content=\"index, follow, max-snippet:-1, max-image-preview:large, max-video-preview:-1\" \/>\n<link rel=\"canonical\" href=\"https:\/\/www.alucomfort.be\/product\/rolcontainer-met-kunststofbodem\/\" \/>\n<meta property=\"og:locale\" content=\"fr_FR\" \/>\n<meta property=\"og:type\" content=\"article\" \/>\n<meta property=\"og:title\" content=\"Roll-conteneur avec plateau en plastique | Alu Comfort\" \/>\n<meta property=\"og:description\" content=\"Sp\u00e9cialist transport interne. Roll-container, container anti-vol,\u0085 Large s\u00e9lection de produits. Sp\u00e9cialiste Kongamek!\" \/>\n<meta property=\"og:url\" content=\"https:\/\/www.alucomfort.be\/product\/rolcontainer-met-kunststofbodem\/\" \/>\n<meta property=\"og:site_name\" content=\"Alu Comfort\" \/>\n<meta property=\"article:modified_time\" content=\"2026-01-21T19:24:34+00:00\" \/>\n<meta property=\"og:image\" content=\"https:\/\/www.alucomfort.be\/wp-content\/uploads\/Roll-Conteneur-en-plastique.jpg\" \/>\n\t<meta property=\"og:image:width\" content=\"1920\" \/>\n\t<meta property=\"og:image:height\" content=\"2531\" \/>\n\t<meta property=\"og:image:type\" content=\"image\/jpeg\" \/>\n<meta name=\"twitter:card\" content=\"summary_large_image\" \/>\n<script type=\"application\/ld+json\" class=\"yoast-schema-graph\">{\"@context\":\"https:\/\/schema.org\",\"@graph\":[{\"@type\":\"WebPage\",\"@id\":\"https:\/\/www.alucomfort.be\/product\/rolcontainer-met-kunststofbodem\/\",\"url\":\"https:\/\/www.alucomfort.be\/product\/rolcontainer-met-kunststofbodem\/\",\"name\":\"Roll-conteneur avec plateau en plastique | Alu Comfort\",\"isPartOf\":{\"@id\":\"https:\/\/www.alucomfort.be\/#website\"},\"primaryImageOfPage\":{\"@id\":\"https:\/\/www.alucomfort.be\/product\/rolcontainer-met-kunststofbodem\/#primaryimage\"},\"image\":{\"@id\":\"https:\/\/www.alucomfort.be\/product\/rolcontainer-met-kunststofbodem\/#primaryimage\"},\"thumbnailUrl\":\"https:\/\/www.alucomfort.be\/wp-content\/uploads\/Roll-Conteneur-en-plastique.jpg\",\"datePublished\":\"2021-06-29T08:34:29+00:00\",\"dateModified\":\"2026-01-21T19:24:34+00:00\",\"description\":\"Sp\u00e9cialist transport interne. Roll-container, container anti-vol,\u0085 Large s\u00e9lection de produits. Sp\u00e9cialiste Kongamek!\",\"breadcrumb\":{\"@id\":\"https:\/\/www.alucomfort.be\/product\/rolcontainer-met-kunststofbodem\/#breadcrumb\"},\"inLanguage\":\"fr-FR\",\"potentialAction\":[{\"@type\":\"ReadAction\",\"target\":[\"https:\/\/www.alucomfort.be\/product\/rolcontainer-met-kunststofbodem\/\"]}]},{\"@type\":\"ImageObject\",\"inLanguage\":\"fr-FR\",\"@id\":\"https:\/\/www.alucomfort.be\/product\/rolcontainer-met-kunststofbodem\/#primaryimage\",\"url\":\"https:\/\/www.alucomfort.be\/wp-content\/uploads\/Roll-Conteneur-en-plastique.jpg\",\"contentUrl\":\"https:\/\/www.alucomfort.be\/wp-content\/uploads\/Roll-Conteneur-en-plastique.jpg\",\"width\":1920,\"height\":2531,\"caption\":\"Roll-Conteneur en plastique\"},{\"@type\":\"BreadcrumbList\",\"@id\":\"https:\/\/www.alucomfort.be\/product\/rolcontainer-met-kunststofbodem\/#breadcrumb\",\"itemListElement\":[{\"@type\":\"ListItem\",\"position\":1,\"name\":\"Home\",\"item\":\"https:\/\/www.alucomfort.be\/fr\/\"},{\"@type\":\"ListItem\",\"position\":2,\"name\":\"Producten\",\"item\":\"https:\/\/www.alucomfort.be\/producten\/\"},{\"@type\":\"ListItem\",\"position\":3,\"name\":\"Roll-conteneur avec plateau en plastique\"}]},{\"@type\":\"WebSite\",\"@id\":\"https:\/\/www.alucomfort.be\/#website\",\"url\":\"https:\/\/www.alucomfort.be\/\",\"name\":\"Alu Comfort\",\"description\":\"\",\"potentialAction\":[{\"@type\":\"SearchAction\",\"target\":{\"@type\":\"EntryPoint\",\"urlTemplate\":\"https:\/\/www.alucomfort.be\/?s={search_term_string}\"},\"query-input\":{\"@type\":\"PropertyValueSpecification\",\"valueRequired\":true,\"valueName\":\"search_term_string\"}}],\"inLanguage\":\"fr-FR\"}]}<\/script>\n<!-- \/ Yoast SEO plugin. -->","yoast_head_json":{"title":"Roll-conteneur avec plateau en plastique | Alu Comfort","description":"Sp\u00e9cialist transport interne. Roll-container, container anti-vol,\u0085 Large s\u00e9lection de produits. Sp\u00e9cialiste Kongamek!","robots":{"index":"index","follow":"follow","max-snippet":"max-snippet:-1","max-image-preview":"max-image-preview:large","max-video-preview":"max-video-preview:-1"},"canonical":"https:\/\/www.alucomfort.be\/product\/rolcontainer-met-kunststofbodem\/","og_locale":"fr_FR","og_type":"article","og_title":"Roll-conteneur avec plateau en plastique | Alu Comfort","og_description":"Sp\u00e9cialist transport interne. Roll-container, container anti-vol,\u0085 Large s\u00e9lection de produits. Sp\u00e9cialiste Kongamek!","og_url":"https:\/\/www.alucomfort.be\/product\/rolcontainer-met-kunststofbodem\/","og_site_name":"Alu Comfort","article_modified_time":"2026-01-21T19:24:34+00:00","og_image":[{"width":1920,"height":2531,"url":"https:\/\/www.alucomfort.be\/wp-content\/uploads\/Roll-Conteneur-en-plastique.jpg","type":"image\/jpeg"}],"twitter_card":"summary_large_image","schema":{"@context":"https:\/\/schema.org","@graph":[{"@type":"WebPage","@id":"https:\/\/www.alucomfort.be\/product\/rolcontainer-met-kunststofbodem\/","url":"https:\/\/www.alucomfort.be\/product\/rolcontainer-met-kunststofbodem\/","name":"Roll-conteneur avec plateau en plastique | Alu Comfort","isPartOf":{"@id":"https:\/\/www.alucomfort.be\/#website"},"primaryImageOfPage":{"@id":"https:\/\/www.alucomfort.be\/product\/rolcontainer-met-kunststofbodem\/#primaryimage"},"image":{"@id":"https:\/\/www.alucomfort.be\/product\/rolcontainer-met-kunststofbodem\/#primaryimage"},"thumbnailUrl":"https:\/\/www.alucomfort.be\/wp-content\/uploads\/Roll-Conteneur-en-plastique.jpg","datePublished":"2021-06-29T08:34:29+00:00","dateModified":"2026-01-21T19:24:34+00:00","description":"Sp\u00e9cialist transport interne. Roll-container, container anti-vol,\u0085 Large s\u00e9lection de produits. Sp\u00e9cialiste Kongamek!","breadcrumb":{"@id":"https:\/\/www.alucomfort.be\/product\/rolcontainer-met-kunststofbodem\/#breadcrumb"},"inLanguage":"fr-FR","potentialAction":[{"@type":"ReadAction","target":["https:\/\/www.alucomfort.be\/product\/rolcontainer-met-kunststofbodem\/"]}]},{"@type":"ImageObject","inLanguage":"fr-FR","@id":"https:\/\/www.alucomfort.be\/product\/rolcontainer-met-kunststofbodem\/#primaryimage","url":"https:\/\/www.alucomfort.be\/wp-content\/uploads\/Roll-Conteneur-en-plastique.jpg","contentUrl":"https:\/\/www.alucomfort.be\/wp-content\/uploads\/Roll-Conteneur-en-plastique.jpg","width":1920,"height":2531,"caption":"Roll-Conteneur en plastique"},{"@type":"BreadcrumbList","@id":"https:\/\/www.alucomfort.be\/product\/rolcontainer-met-kunststofbodem\/#breadcrumb","itemListElement":[{"@type":"ListItem","position":1,"name":"Home","item":"https:\/\/www.alucomfort.be\/fr\/"},{"@type":"ListItem","position":2,"name":"Producten","item":"https:\/\/www.alucomfort.be\/producten\/"},{"@type":"ListItem","position":3,"name":"Roll-conteneur avec plateau en plastique"}]},{"@type":"WebSite","@id":"https:\/\/www.alucomfort.be\/#website","url":"https:\/\/www.alucomfort.be\/","name":"Alu Comfort","description":"","potentialAction":[{"@type":"SearchAction","target":{"@type":"EntryPoint","urlTemplate":"https:\/\/www.alucomfort.be\/?s={search_term_string}"},"query-input":{"@type":"PropertyValueSpecification","valueRequired":true,"valueName":"search_term_string"}}],"inLanguage":"fr-FR"}]}},"_links":{"self":[{"href":"https:\/\/www.alucomfort.be\/fr\/wp-json\/wp\/v2\/product\/211944","targetHints":{"allow":["GET"]}}],"collection":[{"href":"https:\/\/www.alucomfort.be\/fr\/wp-json\/wp\/v2\/product"}],"about":[{"href":"https:\/\/www.alucomfort.be\/fr\/wp-json\/wp\/v2\/types\/product"}],"wp:featuredmedia":[{"embeddable":true,"href":"https:\/\/www.alucomfort.be\/fr\/wp-json\/wp\/v2\/media\/211890"}],"wp:attachment":[{"href":"https:\/\/www.alucomfort.be\/fr\/wp-json\/wp\/v2\/media?parent=211944"}],"wp:term":[{"taxonomy":"product_brand","embeddable":true,"href":"https:\/\/www.alucomfort.be\/fr\/wp-json\/wp\/v2\/product_brand?post=211944"},{"taxonomy":"product_cat","embeddable":true,"href":"https:\/\/www.alucomfort.be\/fr\/wp-json\/wp\/v2\/product_cat?post=211944"},{"taxonomy":"product_tag","embeddable":true,"href":"https:\/\/www.alucomfort.be\/fr\/wp-json\/wp\/v2\/product_tag?post=211944"}],"curies":[{"name":"wp","href":"https:\/\/api.w.org\/{rel}","templated":true}]}}