

{"id":211952,"date":"2021-06-29T10:34:36","date_gmt":"2021-06-29T08:34:36","guid":{"rendered":"https:\/\/www.alucomfort.be\/product\/chariot-grillage-antivol\/"},"modified":"2026-01-21T21:24:52","modified_gmt":"2026-01-21T19:24:52","slug":"chariot-grillage-antivol","status":"publish","type":"product","link":"https:\/\/www.alucomfort.be\/fr\/product\/chariot-grillage-antivol\/","title":{"rendered":"Chariot grillag\u00e9 antivol"},"content":{"rendered":"<p>* Roll-container s\u00e9curis\u00e9, existe en plusieurs versions, * Roulettes avec diam\u00e8tre 100 mm (avec ou sans freins), * Livr\u00e9 demont\u00e9, assemblage sans outils<\/p>\n","protected":false},"excerpt":{"rendered":"<p>Chariot grillag\u00e9 s\u00e9curis\u00e9<\/p>\n","protected":false},"featured_media":211936,"template":"","meta":{"_acf_changed":false},"product_brand":[],"product_cat":[8679],"product_tag":[],"class_list":{"0":"post-211952","1":"product","2":"type-product","3":"status-publish","4":"has-post-thumbnail","6":"product_cat-roll-conteneurs","8":"first","9":"outofstock","10":"taxable","11":"shipping-taxable","12":"purchasable","13":"product-type-variable"},"acf":[],"yoast_head":"<!-- This site is optimized with the Yoast SEO plugin v24.8.1 - https:\/\/yoast.com\/wordpress\/plugins\/seo\/ -->\n<title>Conteneur s\u00e9curis\u00e9 | Alu Comfort | Chariot grillag\u00e9 antivol<\/title>\n<meta name=\"description\" content=\"Conteneur s\u00e9curis\u00e9. Chariot grillag\u00e9 antivol. Tout pour votre entreprise. Achetez chez nous aux prix les plus bas.\" \/>\n<meta name=\"robots\" content=\"index, follow, max-snippet:-1, max-image-preview:large, max-video-preview:-1\" \/>\n<link rel=\"canonical\" href=\"https:\/\/www.alucomfort.be\/product\/rolcontainer-anti-diefstal\/\" \/>\n<meta property=\"og:locale\" content=\"fr_FR\" \/>\n<meta property=\"og:type\" content=\"article\" \/>\n<meta property=\"og:title\" content=\"Conteneur s\u00e9curis\u00e9 | Alu Comfort | Chariot grillag\u00e9 antivol\" \/>\n<meta property=\"og:description\" content=\"Conteneur s\u00e9curis\u00e9. Chariot grillag\u00e9 antivol. Tout pour votre entreprise. Achetez chez nous aux prix les plus bas.\" \/>\n<meta property=\"og:url\" content=\"https:\/\/www.alucomfort.be\/product\/rolcontainer-anti-diefstal\/\" \/>\n<meta property=\"og:site_name\" content=\"Alu Comfort\" \/>\n<meta property=\"article:modified_time\" content=\"2026-01-21T19:24:52+00:00\" \/>\n<meta property=\"og:image\" content=\"https:\/\/www.alucomfort.be\/wp-content\/uploads\/Veiligheidscontainer.jpg\" \/>\n\t<meta property=\"og:image:width\" content=\"1920\" \/>\n\t<meta property=\"og:image:height\" content=\"1279\" \/>\n\t<meta property=\"og:image:type\" content=\"image\/jpeg\" \/>\n<meta name=\"twitter:card\" content=\"summary_large_image\" \/>\n<script type=\"application\/ld+json\" class=\"yoast-schema-graph\">{\"@context\":\"https:\/\/schema.org\",\"@graph\":[{\"@type\":\"WebPage\",\"@id\":\"https:\/\/www.alucomfort.be\/product\/rolcontainer-anti-diefstal\/\",\"url\":\"https:\/\/www.alucomfort.be\/product\/rolcontainer-anti-diefstal\/\",\"name\":\"Conteneur s\u00e9curis\u00e9 | Alu Comfort | Chariot grillag\u00e9 antivol\",\"isPartOf\":{\"@id\":\"https:\/\/www.alucomfort.be\/#website\"},\"primaryImageOfPage\":{\"@id\":\"https:\/\/www.alucomfort.be\/product\/rolcontainer-anti-diefstal\/#primaryimage\"},\"image\":{\"@id\":\"https:\/\/www.alucomfort.be\/product\/rolcontainer-anti-diefstal\/#primaryimage\"},\"thumbnailUrl\":\"https:\/\/www.alucomfort.be\/wp-content\/uploads\/Veiligheidscontainer.jpg\",\"datePublished\":\"2021-06-29T08:34:36+00:00\",\"dateModified\":\"2026-01-21T19:24:52+00:00\",\"description\":\"Conteneur s\u00e9curis\u00e9. Chariot grillag\u00e9 antivol. Tout pour votre entreprise. Achetez chez nous aux prix les plus bas.\",\"breadcrumb\":{\"@id\":\"https:\/\/www.alucomfort.be\/product\/rolcontainer-anti-diefstal\/#breadcrumb\"},\"inLanguage\":\"fr-FR\",\"potentialAction\":[{\"@type\":\"ReadAction\",\"target\":[\"https:\/\/www.alucomfort.be\/product\/rolcontainer-anti-diefstal\/\"]}]},{\"@type\":\"ImageObject\",\"inLanguage\":\"fr-FR\",\"@id\":\"https:\/\/www.alucomfort.be\/product\/rolcontainer-anti-diefstal\/#primaryimage\",\"url\":\"https:\/\/www.alucomfort.be\/wp-content\/uploads\/Veiligheidscontainer.jpg\",\"contentUrl\":\"https:\/\/www.alucomfort.be\/wp-content\/uploads\/Veiligheidscontainer.jpg\",\"width\":1920,\"height\":1279,\"caption\":\"Veiligheidscontainer\"},{\"@type\":\"BreadcrumbList\",\"@id\":\"https:\/\/www.alucomfort.be\/product\/rolcontainer-anti-diefstal\/#breadcrumb\",\"itemListElement\":[{\"@type\":\"ListItem\",\"position\":1,\"name\":\"Home\",\"item\":\"https:\/\/www.alucomfort.be\/fr\/\"},{\"@type\":\"ListItem\",\"position\":2,\"name\":\"Producten\",\"item\":\"https:\/\/www.alucomfort.be\/producten\/\"},{\"@type\":\"ListItem\",\"position\":3,\"name\":\"Chariot grillag\u00e9 antivol\"}]},{\"@type\":\"WebSite\",\"@id\":\"https:\/\/www.alucomfort.be\/#website\",\"url\":\"https:\/\/www.alucomfort.be\/\",\"name\":\"Alu Comfort\",\"description\":\"\",\"potentialAction\":[{\"@type\":\"SearchAction\",\"target\":{\"@type\":\"EntryPoint\",\"urlTemplate\":\"https:\/\/www.alucomfort.be\/?s={search_term_string}\"},\"query-input\":{\"@type\":\"PropertyValueSpecification\",\"valueRequired\":true,\"valueName\":\"search_term_string\"}}],\"inLanguage\":\"fr-FR\"}]}<\/script>\n<!-- \/ Yoast SEO plugin. -->","yoast_head_json":{"title":"Conteneur s\u00e9curis\u00e9 | Alu Comfort | Chariot grillag\u00e9 antivol","description":"Conteneur s\u00e9curis\u00e9. Chariot grillag\u00e9 antivol. Tout pour votre entreprise. Achetez chez nous aux prix les plus bas.","robots":{"index":"index","follow":"follow","max-snippet":"max-snippet:-1","max-image-preview":"max-image-preview:large","max-video-preview":"max-video-preview:-1"},"canonical":"https:\/\/www.alucomfort.be\/product\/rolcontainer-anti-diefstal\/","og_locale":"fr_FR","og_type":"article","og_title":"Conteneur s\u00e9curis\u00e9 | Alu Comfort | Chariot grillag\u00e9 antivol","og_description":"Conteneur s\u00e9curis\u00e9. Chariot grillag\u00e9 antivol. Tout pour votre entreprise. Achetez chez nous aux prix les plus bas.","og_url":"https:\/\/www.alucomfort.be\/product\/rolcontainer-anti-diefstal\/","og_site_name":"Alu Comfort","article_modified_time":"2026-01-21T19:24:52+00:00","og_image":[{"width":1920,"height":1279,"url":"https:\/\/www.alucomfort.be\/wp-content\/uploads\/Veiligheidscontainer.jpg","type":"image\/jpeg"}],"twitter_card":"summary_large_image","schema":{"@context":"https:\/\/schema.org","@graph":[{"@type":"WebPage","@id":"https:\/\/www.alucomfort.be\/product\/rolcontainer-anti-diefstal\/","url":"https:\/\/www.alucomfort.be\/product\/rolcontainer-anti-diefstal\/","name":"Conteneur s\u00e9curis\u00e9 | Alu Comfort | Chariot grillag\u00e9 antivol","isPartOf":{"@id":"https:\/\/www.alucomfort.be\/#website"},"primaryImageOfPage":{"@id":"https:\/\/www.alucomfort.be\/product\/rolcontainer-anti-diefstal\/#primaryimage"},"image":{"@id":"https:\/\/www.alucomfort.be\/product\/rolcontainer-anti-diefstal\/#primaryimage"},"thumbnailUrl":"https:\/\/www.alucomfort.be\/wp-content\/uploads\/Veiligheidscontainer.jpg","datePublished":"2021-06-29T08:34:36+00:00","dateModified":"2026-01-21T19:24:52+00:00","description":"Conteneur s\u00e9curis\u00e9. Chariot grillag\u00e9 antivol. Tout pour votre entreprise. Achetez chez nous aux prix les plus bas.","breadcrumb":{"@id":"https:\/\/www.alucomfort.be\/product\/rolcontainer-anti-diefstal\/#breadcrumb"},"inLanguage":"fr-FR","potentialAction":[{"@type":"ReadAction","target":["https:\/\/www.alucomfort.be\/product\/rolcontainer-anti-diefstal\/"]}]},{"@type":"ImageObject","inLanguage":"fr-FR","@id":"https:\/\/www.alucomfort.be\/product\/rolcontainer-anti-diefstal\/#primaryimage","url":"https:\/\/www.alucomfort.be\/wp-content\/uploads\/Veiligheidscontainer.jpg","contentUrl":"https:\/\/www.alucomfort.be\/wp-content\/uploads\/Veiligheidscontainer.jpg","width":1920,"height":1279,"caption":"Veiligheidscontainer"},{"@type":"BreadcrumbList","@id":"https:\/\/www.alucomfort.be\/product\/rolcontainer-anti-diefstal\/#breadcrumb","itemListElement":[{"@type":"ListItem","position":1,"name":"Home","item":"https:\/\/www.alucomfort.be\/fr\/"},{"@type":"ListItem","position":2,"name":"Producten","item":"https:\/\/www.alucomfort.be\/producten\/"},{"@type":"ListItem","position":3,"name":"Chariot grillag\u00e9 antivol"}]},{"@type":"WebSite","@id":"https:\/\/www.alucomfort.be\/#website","url":"https:\/\/www.alucomfort.be\/","name":"Alu Comfort","description":"","potentialAction":[{"@type":"SearchAction","target":{"@type":"EntryPoint","urlTemplate":"https:\/\/www.alucomfort.be\/?s={search_term_string}"},"query-input":{"@type":"PropertyValueSpecification","valueRequired":true,"valueName":"search_term_string"}}],"inLanguage":"fr-FR"}]}},"_links":{"self":[{"href":"https:\/\/www.alucomfort.be\/fr\/wp-json\/wp\/v2\/product\/211952","targetHints":{"allow":["GET"]}}],"collection":[{"href":"https:\/\/www.alucomfort.be\/fr\/wp-json\/wp\/v2\/product"}],"about":[{"href":"https:\/\/www.alucomfort.be\/fr\/wp-json\/wp\/v2\/types\/product"}],"wp:featuredmedia":[{"embeddable":true,"href":"https:\/\/www.alucomfort.be\/fr\/wp-json\/wp\/v2\/media\/211936"}],"wp:attachment":[{"href":"https:\/\/www.alucomfort.be\/fr\/wp-json\/wp\/v2\/media?parent=211952"}],"wp:term":[{"taxonomy":"product_brand","embeddable":true,"href":"https:\/\/www.alucomfort.be\/fr\/wp-json\/wp\/v2\/product_brand?post=211952"},{"taxonomy":"product_cat","embeddable":true,"href":"https:\/\/www.alucomfort.be\/fr\/wp-json\/wp\/v2\/product_cat?post=211952"},{"taxonomy":"product_tag","embeddable":true,"href":"https:\/\/www.alucomfort.be\/fr\/wp-json\/wp\/v2\/product_tag?post=211952"}],"curies":[{"name":"wp","href":"https:\/\/api.w.org\/{rel}","templated":true}]}}