

{"id":211990,"date":"2021-06-29T10:47:52","date_gmt":"2021-06-29T08:47:52","guid":{"rendered":"https:\/\/www.alucomfort.be\/product\/roll-conteneur-3-parois-version-courte\/"},"modified":"2026-01-21T21:24:19","modified_gmt":"2026-01-21T19:24:19","slug":"roll-conteneur-3-parois-version-courte","status":"publish","type":"product","link":"https:\/\/www.alucomfort.be\/fr\/product\/roll-conteneur-3-parois-version-courte\/","title":{"rendered":"Roll-conteneur &#8211; 3 parois &#8211; version courte"},"content":{"rendered":"<p>* Roll-container avec 3 c\u00f4t\u00e9s pour utilisation dans les entrep\u00f6ts * L xW x H (mm): 720 x 800 x 1800 mm, * Maillage: 105 x 350 mm, * Ouverture sur le c\u00f4t\u00e9 720 mm, * Montage sans outils, * Charge max.: 400 kg , * Avec 2 roulettes fixes 2 pivotantes (diam. 100 mm), en option avec frein, * En option possible avec sangle de s\u00e9curit\u00e9.<\/p>\n","protected":false},"excerpt":{"rendered":"<p>Roll-conteneur &#8211; 3 parois &#8211; Afm: 720 x 800 x 1800 mm<\/p>\n","protected":false},"featured_media":211748,"template":"","meta":{"_acf_changed":false},"product_brand":[],"product_cat":[8679],"product_tag":[],"class_list":{"0":"post-211990","1":"product","2":"type-product","3":"status-publish","4":"has-post-thumbnail","6":"product_cat-roll-conteneurs","8":"first","9":"outofstock","10":"taxable","11":"shipping-taxable","12":"purchasable","13":"product-type-variable"},"acf":[],"yoast_head":"<!-- This site is optimized with the Yoast SEO plugin v24.8.1 - https:\/\/yoast.com\/wordpress\/plugins\/seo\/ -->\n<title>Chariot grillag\u00e9 avec parois | Alu Comfort | Roll container pour le meilleur prix<\/title>\n<meta name=\"description\" content=\"Chariots de manutention pour votre entrep\u00f4t aux prix les plus bas. Large gamme. Contactez-Nous!\" \/>\n<meta name=\"robots\" content=\"index, follow, max-snippet:-1, max-image-preview:large, max-video-preview:-1\" \/>\n<link rel=\"canonical\" href=\"https:\/\/www.alucomfort.be\/product\/rolcontainer-3-wanden-korte-versie\/\" \/>\n<meta property=\"og:locale\" content=\"fr_FR\" \/>\n<meta property=\"og:type\" content=\"article\" \/>\n<meta property=\"og:title\" content=\"Chariot grillag\u00e9 avec parois | Alu Comfort | Roll container pour le meilleur prix\" \/>\n<meta property=\"og:description\" content=\"Chariots de manutention pour votre entrep\u00f4t aux prix les plus bas. Large gamme. Contactez-Nous!\" \/>\n<meta property=\"og:url\" content=\"https:\/\/www.alucomfort.be\/product\/rolcontainer-3-wanden-korte-versie\/\" \/>\n<meta property=\"og:site_name\" content=\"Alu Comfort\" \/>\n<meta property=\"article:modified_time\" content=\"2026-01-21T19:24:19+00:00\" \/>\n<meta property=\"og:image\" content=\"https:\/\/www.alucomfort.be\/wp-content\/uploads\/Order-picking-kar-voor-magazijnen.jpg\" \/>\n\t<meta property=\"og:image:width\" content=\"1920\" \/>\n\t<meta property=\"og:image:height\" content=\"2700\" \/>\n\t<meta property=\"og:image:type\" content=\"image\/jpeg\" \/>\n<meta name=\"twitter:card\" content=\"summary_large_image\" \/>\n<script type=\"application\/ld+json\" class=\"yoast-schema-graph\">{\"@context\":\"https:\/\/schema.org\",\"@graph\":[{\"@type\":\"WebPage\",\"@id\":\"https:\/\/www.alucomfort.be\/product\/rolcontainer-3-wanden-korte-versie\/\",\"url\":\"https:\/\/www.alucomfort.be\/product\/rolcontainer-3-wanden-korte-versie\/\",\"name\":\"Chariot grillag\u00e9 avec parois | Alu Comfort | Roll container pour le meilleur prix\",\"isPartOf\":{\"@id\":\"https:\/\/www.alucomfort.be\/#website\"},\"primaryImageOfPage\":{\"@id\":\"https:\/\/www.alucomfort.be\/product\/rolcontainer-3-wanden-korte-versie\/#primaryimage\"},\"image\":{\"@id\":\"https:\/\/www.alucomfort.be\/product\/rolcontainer-3-wanden-korte-versie\/#primaryimage\"},\"thumbnailUrl\":\"https:\/\/www.alucomfort.be\/wp-content\/uploads\/Order-picking-kar-voor-magazijnen.jpg\",\"datePublished\":\"2021-06-29T08:47:52+00:00\",\"dateModified\":\"2026-01-21T19:24:19+00:00\",\"description\":\"Chariots de manutention pour votre entrep\u00f4t aux prix les plus bas. Large gamme. Contactez-Nous!\",\"breadcrumb\":{\"@id\":\"https:\/\/www.alucomfort.be\/product\/rolcontainer-3-wanden-korte-versie\/#breadcrumb\"},\"inLanguage\":\"fr-FR\",\"potentialAction\":[{\"@type\":\"ReadAction\",\"target\":[\"https:\/\/www.alucomfort.be\/product\/rolcontainer-3-wanden-korte-versie\/\"]}]},{\"@type\":\"ImageObject\",\"inLanguage\":\"fr-FR\",\"@id\":\"https:\/\/www.alucomfort.be\/product\/rolcontainer-3-wanden-korte-versie\/#primaryimage\",\"url\":\"https:\/\/www.alucomfort.be\/wp-content\/uploads\/Order-picking-kar-voor-magazijnen.jpg\",\"contentUrl\":\"https:\/\/www.alucomfort.be\/wp-content\/uploads\/Order-picking-kar-voor-magazijnen.jpg\",\"width\":1920,\"height\":2700,\"caption\":\"Order picking kar voor magazijnen. Ruim aanbod e-commerce oplossingen voor uw magazijn.\"},{\"@type\":\"BreadcrumbList\",\"@id\":\"https:\/\/www.alucomfort.be\/product\/rolcontainer-3-wanden-korte-versie\/#breadcrumb\",\"itemListElement\":[{\"@type\":\"ListItem\",\"position\":1,\"name\":\"Home\",\"item\":\"https:\/\/www.alucomfort.be\/fr\/\"},{\"@type\":\"ListItem\",\"position\":2,\"name\":\"Producten\",\"item\":\"https:\/\/www.alucomfort.be\/producten\/\"},{\"@type\":\"ListItem\",\"position\":3,\"name\":\"Roll-conteneur &#8211; 3 parois &#8211; version courte\"}]},{\"@type\":\"WebSite\",\"@id\":\"https:\/\/www.alucomfort.be\/#website\",\"url\":\"https:\/\/www.alucomfort.be\/\",\"name\":\"Alu Comfort\",\"description\":\"\",\"potentialAction\":[{\"@type\":\"SearchAction\",\"target\":{\"@type\":\"EntryPoint\",\"urlTemplate\":\"https:\/\/www.alucomfort.be\/?s={search_term_string}\"},\"query-input\":{\"@type\":\"PropertyValueSpecification\",\"valueRequired\":true,\"valueName\":\"search_term_string\"}}],\"inLanguage\":\"fr-FR\"}]}<\/script>\n<!-- \/ Yoast SEO plugin. -->","yoast_head_json":{"title":"Chariot grillag\u00e9 avec parois | Alu Comfort | Roll container pour le meilleur prix","description":"Chariots de manutention pour votre entrep\u00f4t aux prix les plus bas. Large gamme. Contactez-Nous!","robots":{"index":"index","follow":"follow","max-snippet":"max-snippet:-1","max-image-preview":"max-image-preview:large","max-video-preview":"max-video-preview:-1"},"canonical":"https:\/\/www.alucomfort.be\/product\/rolcontainer-3-wanden-korte-versie\/","og_locale":"fr_FR","og_type":"article","og_title":"Chariot grillag\u00e9 avec parois | Alu Comfort | Roll container pour le meilleur prix","og_description":"Chariots de manutention pour votre entrep\u00f4t aux prix les plus bas. Large gamme. Contactez-Nous!","og_url":"https:\/\/www.alucomfort.be\/product\/rolcontainer-3-wanden-korte-versie\/","og_site_name":"Alu Comfort","article_modified_time":"2026-01-21T19:24:19+00:00","og_image":[{"width":1920,"height":2700,"url":"https:\/\/www.alucomfort.be\/wp-content\/uploads\/Order-picking-kar-voor-magazijnen.jpg","type":"image\/jpeg"}],"twitter_card":"summary_large_image","schema":{"@context":"https:\/\/schema.org","@graph":[{"@type":"WebPage","@id":"https:\/\/www.alucomfort.be\/product\/rolcontainer-3-wanden-korte-versie\/","url":"https:\/\/www.alucomfort.be\/product\/rolcontainer-3-wanden-korte-versie\/","name":"Chariot grillag\u00e9 avec parois | Alu Comfort | Roll container pour le meilleur prix","isPartOf":{"@id":"https:\/\/www.alucomfort.be\/#website"},"primaryImageOfPage":{"@id":"https:\/\/www.alucomfort.be\/product\/rolcontainer-3-wanden-korte-versie\/#primaryimage"},"image":{"@id":"https:\/\/www.alucomfort.be\/product\/rolcontainer-3-wanden-korte-versie\/#primaryimage"},"thumbnailUrl":"https:\/\/www.alucomfort.be\/wp-content\/uploads\/Order-picking-kar-voor-magazijnen.jpg","datePublished":"2021-06-29T08:47:52+00:00","dateModified":"2026-01-21T19:24:19+00:00","description":"Chariots de manutention pour votre entrep\u00f4t aux prix les plus bas. Large gamme. Contactez-Nous!","breadcrumb":{"@id":"https:\/\/www.alucomfort.be\/product\/rolcontainer-3-wanden-korte-versie\/#breadcrumb"},"inLanguage":"fr-FR","potentialAction":[{"@type":"ReadAction","target":["https:\/\/www.alucomfort.be\/product\/rolcontainer-3-wanden-korte-versie\/"]}]},{"@type":"ImageObject","inLanguage":"fr-FR","@id":"https:\/\/www.alucomfort.be\/product\/rolcontainer-3-wanden-korte-versie\/#primaryimage","url":"https:\/\/www.alucomfort.be\/wp-content\/uploads\/Order-picking-kar-voor-magazijnen.jpg","contentUrl":"https:\/\/www.alucomfort.be\/wp-content\/uploads\/Order-picking-kar-voor-magazijnen.jpg","width":1920,"height":2700,"caption":"Order picking kar voor magazijnen. Ruim aanbod e-commerce oplossingen voor uw magazijn."},{"@type":"BreadcrumbList","@id":"https:\/\/www.alucomfort.be\/product\/rolcontainer-3-wanden-korte-versie\/#breadcrumb","itemListElement":[{"@type":"ListItem","position":1,"name":"Home","item":"https:\/\/www.alucomfort.be\/fr\/"},{"@type":"ListItem","position":2,"name":"Producten","item":"https:\/\/www.alucomfort.be\/producten\/"},{"@type":"ListItem","position":3,"name":"Roll-conteneur &#8211; 3 parois &#8211; version courte"}]},{"@type":"WebSite","@id":"https:\/\/www.alucomfort.be\/#website","url":"https:\/\/www.alucomfort.be\/","name":"Alu Comfort","description":"","potentialAction":[{"@type":"SearchAction","target":{"@type":"EntryPoint","urlTemplate":"https:\/\/www.alucomfort.be\/?s={search_term_string}"},"query-input":{"@type":"PropertyValueSpecification","valueRequired":true,"valueName":"search_term_string"}}],"inLanguage":"fr-FR"}]}},"_links":{"self":[{"href":"https:\/\/www.alucomfort.be\/fr\/wp-json\/wp\/v2\/product\/211990","targetHints":{"allow":["GET"]}}],"collection":[{"href":"https:\/\/www.alucomfort.be\/fr\/wp-json\/wp\/v2\/product"}],"about":[{"href":"https:\/\/www.alucomfort.be\/fr\/wp-json\/wp\/v2\/types\/product"}],"wp:featuredmedia":[{"embeddable":true,"href":"https:\/\/www.alucomfort.be\/fr\/wp-json\/wp\/v2\/media\/211748"}],"wp:attachment":[{"href":"https:\/\/www.alucomfort.be\/fr\/wp-json\/wp\/v2\/media?parent=211990"}],"wp:term":[{"taxonomy":"product_brand","embeddable":true,"href":"https:\/\/www.alucomfort.be\/fr\/wp-json\/wp\/v2\/product_brand?post=211990"},{"taxonomy":"product_cat","embeddable":true,"href":"https:\/\/www.alucomfort.be\/fr\/wp-json\/wp\/v2\/product_cat?post=211990"},{"taxonomy":"product_tag","embeddable":true,"href":"https:\/\/www.alucomfort.be\/fr\/wp-json\/wp\/v2\/product_tag?post=211990"}],"curies":[{"name":"wp","href":"https:\/\/api.w.org\/{rel}","templated":true}]}}