

{"id":212573,"date":"2021-09-13T18:29:52","date_gmt":"2021-09-13T16:29:52","guid":{"rendered":"https:\/\/www.alucomfort.be\/product\/attelage-pour-chariot-elevateur-type-rockinger-r0-805-b\/"},"modified":"2026-03-19T18:30:04","modified_gmt":"2026-03-19T16:30:04","slug":"attelage-pour-chariot-elevateur-type-rockinger-r0-805-b","status":"publish","type":"product","link":"https:\/\/www.alucomfort.be\/fr\/product\/attelage-pour-chariot-elevateur-type-rockinger-r0-805-b\/","title":{"rendered":"Attelage pour chariot \u00e9l\u00e9vateur type Rockinger R0 805 B"},"content":{"rendered":"<p>* Aide de manoeuvre pour d\u00e9placer et manoeuvrer rapidement et facilement une remorque, * Avec coupleur Rockinger R0 805 B et en option avec boule d&rsquo;attelage (max. 100 kg sur le boulet), * Avec une cha\u00eene de s\u00e9curit\u00e9 contre tout glissement des fourreaux, * Couleur RAL 3000 (rouge)<\/p>\n","protected":false},"excerpt":{"rendered":"<p>Avec coupleur Rockinger R0 805 B<\/p>\n","protected":false},"featured_media":212554,"template":"","meta":{"_acf_changed":false},"product_brand":[],"product_cat":[9100],"product_tag":[],"class_list":{"0":"post-212573","1":"product","2":"type-product","3":"status-publish","4":"has-post-thumbnail","6":"product_cat-attelage-pour-chariot-elevateur","8":"first","9":"outofstock","10":"taxable","11":"shipping-taxable","12":"purchasable","13":"product-type-variable"},"acf":[],"yoast_head":"<!-- This site is optimized with the Yoast SEO plugin v24.8.1 - https:\/\/yoast.com\/wordpress\/plugins\/seo\/ -->\n<title>Aide \u00e0 la manoeuvre pour chariot \u00e9l\u00e9vateur | Alu Comfort | Sp\u00e9cialiste B2B<\/title>\n<meta name=\"description\" content=\"Aide \u00e0 la manoeuvre pour d\u00e9placer et manoeuvrer rapidement et facilement une remorque. Contactez-nous!\" \/>\n<meta name=\"robots\" content=\"index, follow, max-snippet:-1, max-image-preview:large, max-video-preview:-1\" \/>\n<link rel=\"canonical\" href=\"https:\/\/www.alucomfort.be\/product\/rangeerhulp-heftruck-met-aanhangerkoppeling\/\" \/>\n<meta property=\"og:locale\" content=\"fr_FR\" \/>\n<meta property=\"og:type\" content=\"article\" \/>\n<meta property=\"og:title\" content=\"Aide \u00e0 la manoeuvre pour chariot \u00e9l\u00e9vateur | Alu Comfort | Sp\u00e9cialiste B2B\" \/>\n<meta property=\"og:description\" content=\"Aide \u00e0 la manoeuvre pour d\u00e9placer et manoeuvrer rapidement et facilement une remorque. Contactez-nous!\" \/>\n<meta property=\"og:url\" content=\"https:\/\/www.alucomfort.be\/product\/rangeerhulp-heftruck-met-aanhangerkoppeling\/\" \/>\n<meta property=\"og:site_name\" content=\"Alu Comfort\" \/>\n<meta property=\"article:modified_time\" content=\"2026-03-19T16:30:04+00:00\" \/>\n<meta property=\"og:image\" content=\"https:\/\/www.alucomfort.be\/wp-content\/uploads\/Fourreaux-de-manoevre-avec-boule-dattelage.jpg\" \/>\n\t<meta property=\"og:image:width\" content=\"1920\" \/>\n\t<meta property=\"og:image:height\" content=\"1083\" \/>\n\t<meta property=\"og:image:type\" content=\"image\/jpeg\" \/>\n<meta name=\"twitter:card\" content=\"summary_large_image\" \/>\n<script type=\"application\/ld+json\" class=\"yoast-schema-graph\">{\"@context\":\"https:\/\/schema.org\",\"@graph\":[{\"@type\":\"WebPage\",\"@id\":\"https:\/\/www.alucomfort.be\/product\/rangeerhulp-heftruck-met-aanhangerkoppeling\/\",\"url\":\"https:\/\/www.alucomfort.be\/product\/rangeerhulp-heftruck-met-aanhangerkoppeling\/\",\"name\":\"Aide \u00e0 la manoeuvre pour chariot \u00e9l\u00e9vateur | Alu Comfort | Sp\u00e9cialiste B2B\",\"isPartOf\":{\"@id\":\"https:\/\/www.alucomfort.be\/#website\"},\"primaryImageOfPage\":{\"@id\":\"https:\/\/www.alucomfort.be\/product\/rangeerhulp-heftruck-met-aanhangerkoppeling\/#primaryimage\"},\"image\":{\"@id\":\"https:\/\/www.alucomfort.be\/product\/rangeerhulp-heftruck-met-aanhangerkoppeling\/#primaryimage\"},\"thumbnailUrl\":\"https:\/\/www.alucomfort.be\/wp-content\/uploads\/Fourreaux-de-manoevre-avec-boule-dattelage.jpg\",\"datePublished\":\"2021-09-13T16:29:52+00:00\",\"dateModified\":\"2026-03-19T16:30:04+00:00\",\"description\":\"Aide \u00e0 la manoeuvre pour d\u00e9placer et manoeuvrer rapidement et facilement une remorque. Contactez-nous!\",\"breadcrumb\":{\"@id\":\"https:\/\/www.alucomfort.be\/product\/rangeerhulp-heftruck-met-aanhangerkoppeling\/#breadcrumb\"},\"inLanguage\":\"fr-FR\",\"potentialAction\":[{\"@type\":\"ReadAction\",\"target\":[\"https:\/\/www.alucomfort.be\/product\/rangeerhulp-heftruck-met-aanhangerkoppeling\/\"]}]},{\"@type\":\"ImageObject\",\"inLanguage\":\"fr-FR\",\"@id\":\"https:\/\/www.alucomfort.be\/product\/rangeerhulp-heftruck-met-aanhangerkoppeling\/#primaryimage\",\"url\":\"https:\/\/www.alucomfort.be\/wp-content\/uploads\/Fourreaux-de-manoevre-avec-boule-dattelage.jpg\",\"contentUrl\":\"https:\/\/www.alucomfort.be\/wp-content\/uploads\/Fourreaux-de-manoevre-avec-boule-dattelage.jpg\",\"width\":1920,\"height\":1083,\"caption\":\"Fourreaux de manoevre avec boule d'attelage\"},{\"@type\":\"BreadcrumbList\",\"@id\":\"https:\/\/www.alucomfort.be\/product\/rangeerhulp-heftruck-met-aanhangerkoppeling\/#breadcrumb\",\"itemListElement\":[{\"@type\":\"ListItem\",\"position\":1,\"name\":\"Home\",\"item\":\"https:\/\/www.alucomfort.be\/fr\/\"},{\"@type\":\"ListItem\",\"position\":2,\"name\":\"Producten\",\"item\":\"https:\/\/www.alucomfort.be\/producten\/\"},{\"@type\":\"ListItem\",\"position\":3,\"name\":\"Attelage pour chariot \u00e9l\u00e9vateur type Rockinger R0 805 B\"}]},{\"@type\":\"WebSite\",\"@id\":\"https:\/\/www.alucomfort.be\/#website\",\"url\":\"https:\/\/www.alucomfort.be\/\",\"name\":\"Alu Comfort\",\"description\":\"\",\"potentialAction\":[{\"@type\":\"SearchAction\",\"target\":{\"@type\":\"EntryPoint\",\"urlTemplate\":\"https:\/\/www.alucomfort.be\/?s={search_term_string}\"},\"query-input\":{\"@type\":\"PropertyValueSpecification\",\"valueRequired\":true,\"valueName\":\"search_term_string\"}}],\"inLanguage\":\"fr-FR\"}]}<\/script>\n<!-- \/ Yoast SEO plugin. -->","yoast_head_json":{"title":"Aide \u00e0 la manoeuvre pour chariot \u00e9l\u00e9vateur | Alu Comfort | Sp\u00e9cialiste B2B","description":"Aide \u00e0 la manoeuvre pour d\u00e9placer et manoeuvrer rapidement et facilement une remorque. Contactez-nous!","robots":{"index":"index","follow":"follow","max-snippet":"max-snippet:-1","max-image-preview":"max-image-preview:large","max-video-preview":"max-video-preview:-1"},"canonical":"https:\/\/www.alucomfort.be\/product\/rangeerhulp-heftruck-met-aanhangerkoppeling\/","og_locale":"fr_FR","og_type":"article","og_title":"Aide \u00e0 la manoeuvre pour chariot \u00e9l\u00e9vateur | Alu Comfort | Sp\u00e9cialiste B2B","og_description":"Aide \u00e0 la manoeuvre pour d\u00e9placer et manoeuvrer rapidement et facilement une remorque. Contactez-nous!","og_url":"https:\/\/www.alucomfort.be\/product\/rangeerhulp-heftruck-met-aanhangerkoppeling\/","og_site_name":"Alu Comfort","article_modified_time":"2026-03-19T16:30:04+00:00","og_image":[{"width":1920,"height":1083,"url":"https:\/\/www.alucomfort.be\/wp-content\/uploads\/Fourreaux-de-manoevre-avec-boule-dattelage.jpg","type":"image\/jpeg"}],"twitter_card":"summary_large_image","schema":{"@context":"https:\/\/schema.org","@graph":[{"@type":"WebPage","@id":"https:\/\/www.alucomfort.be\/product\/rangeerhulp-heftruck-met-aanhangerkoppeling\/","url":"https:\/\/www.alucomfort.be\/product\/rangeerhulp-heftruck-met-aanhangerkoppeling\/","name":"Aide \u00e0 la manoeuvre pour chariot \u00e9l\u00e9vateur | Alu Comfort | Sp\u00e9cialiste B2B","isPartOf":{"@id":"https:\/\/www.alucomfort.be\/#website"},"primaryImageOfPage":{"@id":"https:\/\/www.alucomfort.be\/product\/rangeerhulp-heftruck-met-aanhangerkoppeling\/#primaryimage"},"image":{"@id":"https:\/\/www.alucomfort.be\/product\/rangeerhulp-heftruck-met-aanhangerkoppeling\/#primaryimage"},"thumbnailUrl":"https:\/\/www.alucomfort.be\/wp-content\/uploads\/Fourreaux-de-manoevre-avec-boule-dattelage.jpg","datePublished":"2021-09-13T16:29:52+00:00","dateModified":"2026-03-19T16:30:04+00:00","description":"Aide \u00e0 la manoeuvre pour d\u00e9placer et manoeuvrer rapidement et facilement une remorque. Contactez-nous!","breadcrumb":{"@id":"https:\/\/www.alucomfort.be\/product\/rangeerhulp-heftruck-met-aanhangerkoppeling\/#breadcrumb"},"inLanguage":"fr-FR","potentialAction":[{"@type":"ReadAction","target":["https:\/\/www.alucomfort.be\/product\/rangeerhulp-heftruck-met-aanhangerkoppeling\/"]}]},{"@type":"ImageObject","inLanguage":"fr-FR","@id":"https:\/\/www.alucomfort.be\/product\/rangeerhulp-heftruck-met-aanhangerkoppeling\/#primaryimage","url":"https:\/\/www.alucomfort.be\/wp-content\/uploads\/Fourreaux-de-manoevre-avec-boule-dattelage.jpg","contentUrl":"https:\/\/www.alucomfort.be\/wp-content\/uploads\/Fourreaux-de-manoevre-avec-boule-dattelage.jpg","width":1920,"height":1083,"caption":"Fourreaux de manoevre avec boule d'attelage"},{"@type":"BreadcrumbList","@id":"https:\/\/www.alucomfort.be\/product\/rangeerhulp-heftruck-met-aanhangerkoppeling\/#breadcrumb","itemListElement":[{"@type":"ListItem","position":1,"name":"Home","item":"https:\/\/www.alucomfort.be\/fr\/"},{"@type":"ListItem","position":2,"name":"Producten","item":"https:\/\/www.alucomfort.be\/producten\/"},{"@type":"ListItem","position":3,"name":"Attelage pour chariot \u00e9l\u00e9vateur type Rockinger R0 805 B"}]},{"@type":"WebSite","@id":"https:\/\/www.alucomfort.be\/#website","url":"https:\/\/www.alucomfort.be\/","name":"Alu Comfort","description":"","potentialAction":[{"@type":"SearchAction","target":{"@type":"EntryPoint","urlTemplate":"https:\/\/www.alucomfort.be\/?s={search_term_string}"},"query-input":{"@type":"PropertyValueSpecification","valueRequired":true,"valueName":"search_term_string"}}],"inLanguage":"fr-FR"}]}},"_links":{"self":[{"href":"https:\/\/www.alucomfort.be\/fr\/wp-json\/wp\/v2\/product\/212573","targetHints":{"allow":["GET"]}}],"collection":[{"href":"https:\/\/www.alucomfort.be\/fr\/wp-json\/wp\/v2\/product"}],"about":[{"href":"https:\/\/www.alucomfort.be\/fr\/wp-json\/wp\/v2\/types\/product"}],"wp:featuredmedia":[{"embeddable":true,"href":"https:\/\/www.alucomfort.be\/fr\/wp-json\/wp\/v2\/media\/212554"}],"wp:attachment":[{"href":"https:\/\/www.alucomfort.be\/fr\/wp-json\/wp\/v2\/media?parent=212573"}],"wp:term":[{"taxonomy":"product_brand","embeddable":true,"href":"https:\/\/www.alucomfort.be\/fr\/wp-json\/wp\/v2\/product_brand?post=212573"},{"taxonomy":"product_cat","embeddable":true,"href":"https:\/\/www.alucomfort.be\/fr\/wp-json\/wp\/v2\/product_cat?post=212573"},{"taxonomy":"product_tag","embeddable":true,"href":"https:\/\/www.alucomfort.be\/fr\/wp-json\/wp\/v2\/product_tag?post=212573"}],"curies":[{"name":"wp","href":"https:\/\/api.w.org\/{rel}","templated":true}]}}