

{"id":212587,"date":"2021-09-13T18:30:06","date_gmt":"2021-09-13T16:30:06","guid":{"rendered":"https:\/\/www.alucomfort.be\/product\/bequille-de-securite-telescope\/"},"modified":"2026-03-19T18:30:12","modified_gmt":"2026-03-19T16:30:12","slug":"bequille-de-securite-telescope","status":"publish","type":"product","link":"https:\/\/www.alucomfort.be\/fr\/product\/bequille-de-securite-telescope\/","title":{"rendered":"B\u00e9quille de s\u00e9curit\u00e9 telescope"},"content":{"rendered":"<p>* Pieds d&rsquo;appui pour semi-remorques.  Support pour semi-remorques jusqu\u00e0 40 t.  Augmente consid\u00e9rablement la s\u00e9curit\u00e9 lors du chargement et d\u00e9chargement d&rsquo;une semi-remorque, * Facile \u00e0 manipuler, * Courleur jaune, * Poids: 86 kg<\/p>\n","protected":false},"excerpt":{"rendered":"<p>B\u00e9quille de parc pour semi-remorque.  Support de s\u00e9curit\u00e9 pour le chargement et d\u00e9chargement de semi-remorques<\/p>\n","protected":false},"featured_media":221114,"template":"","meta":{"_acf_changed":false},"product_brand":[],"product_cat":[9100],"product_tag":[],"class_list":{"0":"post-212587","1":"product","2":"type-product","3":"status-publish","4":"has-post-thumbnail","6":"product_cat-attelage-pour-chariot-elevateur","8":"first","9":"instock","10":"taxable","11":"shipping-taxable","12":"purchasable","13":"product-type-simple"},"acf":[],"yoast_head":"<!-- This site is optimized with the Yoast SEO plugin v24.8.1 - https:\/\/yoast.com\/wordpress\/plugins\/seo\/ -->\n<title>B\u00e9quille de s\u00e9curit\u00e9 telescope | Alu Comfort | Sp\u00e9cialiste B2B<\/title>\n<meta name=\"description\" content=\"Pieds d&#039;appui robustes pour semi-remorques jusqu&#039;\u00e0 40 tonnes. Maximisez la s\u00e9curit\u00e9! Manipulation ais\u00e9e. Contactez-nous pour un devis personnalis\u00e9.\" \/>\n<meta name=\"robots\" content=\"index, follow, max-snippet:-1, max-image-preview:large, max-video-preview:-1\" \/>\n<link rel=\"canonical\" href=\"https:\/\/www.alucomfort.be\/product\/trailersteun-voor-opleggers\/\" \/>\n<meta property=\"og:locale\" content=\"fr_FR\" \/>\n<meta property=\"og:type\" content=\"article\" \/>\n<meta property=\"og:title\" content=\"B\u00e9quille de s\u00e9curit\u00e9 telescope | Alu Comfort | Sp\u00e9cialiste B2B\" \/>\n<meta property=\"og:description\" content=\"Pieds d&#039;appui robustes pour semi-remorques jusqu&#039;\u00e0 40 tonnes. Maximisez la s\u00e9curit\u00e9! Manipulation ais\u00e9e. Contactez-nous pour un devis personnalis\u00e9.\" \/>\n<meta property=\"og:url\" content=\"https:\/\/www.alucomfort.be\/product\/trailersteun-voor-opleggers\/\" \/>\n<meta property=\"og:site_name\" content=\"Alu Comfort\" \/>\n<meta property=\"article:modified_time\" content=\"2026-03-19T16:30:12+00:00\" \/>\n<meta property=\"og:image\" content=\"https:\/\/www.alucomfort.be\/wp-content\/uploads\/Bequile-de-Securite.png\" \/>\n\t<meta property=\"og:image:width\" content=\"1920\" \/>\n\t<meta property=\"og:image:height\" content=\"1920\" \/>\n\t<meta property=\"og:image:type\" content=\"image\/png\" \/>\n<meta name=\"twitter:card\" content=\"summary_large_image\" \/>\n<script type=\"application\/ld+json\" class=\"yoast-schema-graph\">{\"@context\":\"https:\/\/schema.org\",\"@graph\":[{\"@type\":\"WebPage\",\"@id\":\"https:\/\/www.alucomfort.be\/product\/trailersteun-voor-opleggers\/\",\"url\":\"https:\/\/www.alucomfort.be\/product\/trailersteun-voor-opleggers\/\",\"name\":\"B\u00e9quille de s\u00e9curit\u00e9 telescope | Alu Comfort | Sp\u00e9cialiste B2B\",\"isPartOf\":{\"@id\":\"https:\/\/www.alucomfort.be\/#website\"},\"primaryImageOfPage\":{\"@id\":\"https:\/\/www.alucomfort.be\/product\/trailersteun-voor-opleggers\/#primaryimage\"},\"image\":{\"@id\":\"https:\/\/www.alucomfort.be\/product\/trailersteun-voor-opleggers\/#primaryimage\"},\"thumbnailUrl\":\"https:\/\/www.alucomfort.be\/wp-content\/uploads\/Bequile-de-Securite.png\",\"datePublished\":\"2021-09-13T16:30:06+00:00\",\"dateModified\":\"2026-03-19T16:30:12+00:00\",\"description\":\"Pieds d'appui robustes pour semi-remorques jusqu'\u00e0 40 tonnes. Maximisez la s\u00e9curit\u00e9! Manipulation ais\u00e9e. Contactez-nous pour un devis personnalis\u00e9.\",\"breadcrumb\":{\"@id\":\"https:\/\/www.alucomfort.be\/product\/trailersteun-voor-opleggers\/#breadcrumb\"},\"inLanguage\":\"fr-FR\",\"potentialAction\":[{\"@type\":\"ReadAction\",\"target\":[\"https:\/\/www.alucomfort.be\/product\/trailersteun-voor-opleggers\/\"]}]},{\"@type\":\"ImageObject\",\"inLanguage\":\"fr-FR\",\"@id\":\"https:\/\/www.alucomfort.be\/product\/trailersteun-voor-opleggers\/#primaryimage\",\"url\":\"https:\/\/www.alucomfort.be\/wp-content\/uploads\/Bequile-de-Securite.png\",\"contentUrl\":\"https:\/\/www.alucomfort.be\/wp-content\/uploads\/Bequile-de-Securite.png\",\"width\":1920,\"height\":1920,\"caption\":\"Pieds d'appui pour semi-remorques\"},{\"@type\":\"BreadcrumbList\",\"@id\":\"https:\/\/www.alucomfort.be\/product\/trailersteun-voor-opleggers\/#breadcrumb\",\"itemListElement\":[{\"@type\":\"ListItem\",\"position\":1,\"name\":\"Home\",\"item\":\"https:\/\/www.alucomfort.be\/fr\/\"},{\"@type\":\"ListItem\",\"position\":2,\"name\":\"Producten\",\"item\":\"https:\/\/www.alucomfort.be\/producten\/\"},{\"@type\":\"ListItem\",\"position\":3,\"name\":\"B\u00e9quille de s\u00e9curit\u00e9 telescope\"}]},{\"@type\":\"WebSite\",\"@id\":\"https:\/\/www.alucomfort.be\/#website\",\"url\":\"https:\/\/www.alucomfort.be\/\",\"name\":\"Alu Comfort\",\"description\":\"\",\"potentialAction\":[{\"@type\":\"SearchAction\",\"target\":{\"@type\":\"EntryPoint\",\"urlTemplate\":\"https:\/\/www.alucomfort.be\/?s={search_term_string}\"},\"query-input\":{\"@type\":\"PropertyValueSpecification\",\"valueRequired\":true,\"valueName\":\"search_term_string\"}}],\"inLanguage\":\"fr-FR\"}]}<\/script>\n<!-- \/ Yoast SEO plugin. -->","yoast_head_json":{"title":"B\u00e9quille de s\u00e9curit\u00e9 telescope | Alu Comfort | Sp\u00e9cialiste B2B","description":"Pieds d'appui robustes pour semi-remorques jusqu'\u00e0 40 tonnes. Maximisez la s\u00e9curit\u00e9! Manipulation ais\u00e9e. Contactez-nous pour un devis personnalis\u00e9.","robots":{"index":"index","follow":"follow","max-snippet":"max-snippet:-1","max-image-preview":"max-image-preview:large","max-video-preview":"max-video-preview:-1"},"canonical":"https:\/\/www.alucomfort.be\/product\/trailersteun-voor-opleggers\/","og_locale":"fr_FR","og_type":"article","og_title":"B\u00e9quille de s\u00e9curit\u00e9 telescope | Alu Comfort | Sp\u00e9cialiste B2B","og_description":"Pieds d'appui robustes pour semi-remorques jusqu'\u00e0 40 tonnes. Maximisez la s\u00e9curit\u00e9! Manipulation ais\u00e9e. Contactez-nous pour un devis personnalis\u00e9.","og_url":"https:\/\/www.alucomfort.be\/product\/trailersteun-voor-opleggers\/","og_site_name":"Alu Comfort","article_modified_time":"2026-03-19T16:30:12+00:00","og_image":[{"width":1920,"height":1920,"url":"https:\/\/www.alucomfort.be\/wp-content\/uploads\/Bequile-de-Securite.png","type":"image\/png"}],"twitter_card":"summary_large_image","schema":{"@context":"https:\/\/schema.org","@graph":[{"@type":"WebPage","@id":"https:\/\/www.alucomfort.be\/product\/trailersteun-voor-opleggers\/","url":"https:\/\/www.alucomfort.be\/product\/trailersteun-voor-opleggers\/","name":"B\u00e9quille de s\u00e9curit\u00e9 telescope | Alu Comfort | Sp\u00e9cialiste B2B","isPartOf":{"@id":"https:\/\/www.alucomfort.be\/#website"},"primaryImageOfPage":{"@id":"https:\/\/www.alucomfort.be\/product\/trailersteun-voor-opleggers\/#primaryimage"},"image":{"@id":"https:\/\/www.alucomfort.be\/product\/trailersteun-voor-opleggers\/#primaryimage"},"thumbnailUrl":"https:\/\/www.alucomfort.be\/wp-content\/uploads\/Bequile-de-Securite.png","datePublished":"2021-09-13T16:30:06+00:00","dateModified":"2026-03-19T16:30:12+00:00","description":"Pieds d'appui robustes pour semi-remorques jusqu'\u00e0 40 tonnes. Maximisez la s\u00e9curit\u00e9! Manipulation ais\u00e9e. Contactez-nous pour un devis personnalis\u00e9.","breadcrumb":{"@id":"https:\/\/www.alucomfort.be\/product\/trailersteun-voor-opleggers\/#breadcrumb"},"inLanguage":"fr-FR","potentialAction":[{"@type":"ReadAction","target":["https:\/\/www.alucomfort.be\/product\/trailersteun-voor-opleggers\/"]}]},{"@type":"ImageObject","inLanguage":"fr-FR","@id":"https:\/\/www.alucomfort.be\/product\/trailersteun-voor-opleggers\/#primaryimage","url":"https:\/\/www.alucomfort.be\/wp-content\/uploads\/Bequile-de-Securite.png","contentUrl":"https:\/\/www.alucomfort.be\/wp-content\/uploads\/Bequile-de-Securite.png","width":1920,"height":1920,"caption":"Pieds d'appui pour semi-remorques"},{"@type":"BreadcrumbList","@id":"https:\/\/www.alucomfort.be\/product\/trailersteun-voor-opleggers\/#breadcrumb","itemListElement":[{"@type":"ListItem","position":1,"name":"Home","item":"https:\/\/www.alucomfort.be\/fr\/"},{"@type":"ListItem","position":2,"name":"Producten","item":"https:\/\/www.alucomfort.be\/producten\/"},{"@type":"ListItem","position":3,"name":"B\u00e9quille de s\u00e9curit\u00e9 telescope"}]},{"@type":"WebSite","@id":"https:\/\/www.alucomfort.be\/#website","url":"https:\/\/www.alucomfort.be\/","name":"Alu Comfort","description":"","potentialAction":[{"@type":"SearchAction","target":{"@type":"EntryPoint","urlTemplate":"https:\/\/www.alucomfort.be\/?s={search_term_string}"},"query-input":{"@type":"PropertyValueSpecification","valueRequired":true,"valueName":"search_term_string"}}],"inLanguage":"fr-FR"}]}},"_links":{"self":[{"href":"https:\/\/www.alucomfort.be\/fr\/wp-json\/wp\/v2\/product\/212587","targetHints":{"allow":["GET"]}}],"collection":[{"href":"https:\/\/www.alucomfort.be\/fr\/wp-json\/wp\/v2\/product"}],"about":[{"href":"https:\/\/www.alucomfort.be\/fr\/wp-json\/wp\/v2\/types\/product"}],"wp:featuredmedia":[{"embeddable":true,"href":"https:\/\/www.alucomfort.be\/fr\/wp-json\/wp\/v2\/media\/221114"}],"wp:attachment":[{"href":"https:\/\/www.alucomfort.be\/fr\/wp-json\/wp\/v2\/media?parent=212587"}],"wp:term":[{"taxonomy":"product_brand","embeddable":true,"href":"https:\/\/www.alucomfort.be\/fr\/wp-json\/wp\/v2\/product_brand?post=212587"},{"taxonomy":"product_cat","embeddable":true,"href":"https:\/\/www.alucomfort.be\/fr\/wp-json\/wp\/v2\/product_cat?post=212587"},{"taxonomy":"product_tag","embeddable":true,"href":"https:\/\/www.alucomfort.be\/fr\/wp-json\/wp\/v2\/product_tag?post=212587"}],"curies":[{"name":"wp","href":"https:\/\/api.w.org\/{rel}","templated":true}]}}