

{"id":212611,"date":"2021-09-15T12:09:20","date_gmt":"2021-09-15T10:09:20","guid":{"rendered":"https:\/\/www.alucomfort.be\/product\/elargisseur-de-fourches\/"},"modified":"2025-10-11T22:06:12","modified_gmt":"2025-10-11T20:06:12","slug":"elargisseur-de-fourches","status":"publish","type":"product","link":"https:\/\/www.alucomfort.be\/fr\/product\/elargisseur-de-fourches\/","title":{"rendered":"Elargisseur-de-fourches"},"content":{"rendered":"<p>* Pour un transport simple et s\u00e9curis\u00e9 de mat\u00e9riaux longs et instables comme des t\u00f4les ou des tuyaux plastiques, * Construction robuste, * Prise rapide et facile, * S\u00e9curis\u00e9 au chariot par goupille, * Versions sp\u00e9cifiques livrabres, contactez-nous!<\/p>\n","protected":false},"excerpt":{"rendered":"<p>Elargisseur-de-fourches<\/p>\n","protected":false},"featured_media":212592,"template":"","meta":{"_acf_changed":false},"product_brand":[],"product_cat":[9908],"product_tag":[],"class_list":{"0":"post-212611","1":"product","2":"type-product","3":"status-publish","4":"has-post-thumbnail","6":"product_cat-plateformes-et-chariots-pour-charges-longues","8":"first","9":"outofstock","10":"taxable","11":"shipping-taxable","12":"purchasable","13":"product-type-variable"},"acf":[],"yoast_head":"<!-- This site is optimized with the Yoast SEO plugin v24.8.1 - https:\/\/yoast.com\/wordpress\/plugins\/seo\/ -->\n<title>Elargisseur-de-fourches | Alu Comfort |<\/title>\n<meta name=\"description\" content=\"Large gamme d&#039;accessoires pour chariot \u00e9l\u00e9vateur \u00e0 fourche.\" \/>\n<meta name=\"robots\" content=\"index, follow, max-snippet:-1, max-image-preview:large, max-video-preview:-1\" \/>\n<link rel=\"canonical\" href=\"https:\/\/www.alucomfort.be\/product\/vorkenverbreder-heftruck\/\" \/>\n<meta property=\"og:locale\" content=\"fr_FR\" \/>\n<meta property=\"og:type\" content=\"article\" \/>\n<meta property=\"og:title\" content=\"Elargisseur-de-fourches | Alu Comfort |\" \/>\n<meta property=\"og:description\" content=\"Large gamme d&#039;accessoires pour chariot \u00e9l\u00e9vateur \u00e0 fourche.\" \/>\n<meta property=\"og:url\" content=\"https:\/\/www.alucomfort.be\/product\/vorkenverbreder-heftruck\/\" \/>\n<meta property=\"og:site_name\" content=\"Alu Comfort\" \/>\n<meta property=\"article:modified_time\" content=\"2025-10-11T20:06:12+00:00\" \/>\n<meta property=\"og:image\" content=\"https:\/\/www.alucomfort.be\/wp-content\/uploads\/Elargisseur-de-fourches.png\" \/>\n\t<meta property=\"og:image:width\" content=\"1920\" \/>\n\t<meta property=\"og:image:height\" content=\"861\" \/>\n\t<meta property=\"og:image:type\" content=\"image\/png\" \/>\n<meta name=\"twitter:card\" content=\"summary_large_image\" \/>\n<script type=\"application\/ld+json\" class=\"yoast-schema-graph\">{\"@context\":\"https:\/\/schema.org\",\"@graph\":[{\"@type\":\"WebPage\",\"@id\":\"https:\/\/www.alucomfort.be\/product\/vorkenverbreder-heftruck\/\",\"url\":\"https:\/\/www.alucomfort.be\/product\/vorkenverbreder-heftruck\/\",\"name\":\"Elargisseur-de-fourches | Alu Comfort |\",\"isPartOf\":{\"@id\":\"https:\/\/www.alucomfort.be\/#website\"},\"primaryImageOfPage\":{\"@id\":\"https:\/\/www.alucomfort.be\/product\/vorkenverbreder-heftruck\/#primaryimage\"},\"image\":{\"@id\":\"https:\/\/www.alucomfort.be\/product\/vorkenverbreder-heftruck\/#primaryimage\"},\"thumbnailUrl\":\"https:\/\/www.alucomfort.be\/wp-content\/uploads\/Elargisseur-de-fourches.png\",\"datePublished\":\"2021-09-15T10:09:20+00:00\",\"dateModified\":\"2025-10-11T20:06:12+00:00\",\"description\":\"Large gamme d'accessoires pour chariot \u00e9l\u00e9vateur \u00e0 fourche.\",\"breadcrumb\":{\"@id\":\"https:\/\/www.alucomfort.be\/product\/vorkenverbreder-heftruck\/#breadcrumb\"},\"inLanguage\":\"fr-FR\",\"potentialAction\":[{\"@type\":\"ReadAction\",\"target\":[\"https:\/\/www.alucomfort.be\/product\/vorkenverbreder-heftruck\/\"]}]},{\"@type\":\"ImageObject\",\"inLanguage\":\"fr-FR\",\"@id\":\"https:\/\/www.alucomfort.be\/product\/vorkenverbreder-heftruck\/#primaryimage\",\"url\":\"https:\/\/www.alucomfort.be\/wp-content\/uploads\/Elargisseur-de-fourches.png\",\"contentUrl\":\"https:\/\/www.alucomfort.be\/wp-content\/uploads\/Elargisseur-de-fourches.png\",\"width\":1920,\"height\":861,\"caption\":\"Elargisseur de fourches\"},{\"@type\":\"BreadcrumbList\",\"@id\":\"https:\/\/www.alucomfort.be\/product\/vorkenverbreder-heftruck\/#breadcrumb\",\"itemListElement\":[{\"@type\":\"ListItem\",\"position\":1,\"name\":\"Home\",\"item\":\"https:\/\/www.alucomfort.be\/fr\/\"},{\"@type\":\"ListItem\",\"position\":2,\"name\":\"Producten\",\"item\":\"https:\/\/www.alucomfort.be\/producten\/\"},{\"@type\":\"ListItem\",\"position\":3,\"name\":\"Elargisseur-de-fourches\"}]},{\"@type\":\"WebSite\",\"@id\":\"https:\/\/www.alucomfort.be\/#website\",\"url\":\"https:\/\/www.alucomfort.be\/\",\"name\":\"Alu Comfort\",\"description\":\"\",\"potentialAction\":[{\"@type\":\"SearchAction\",\"target\":{\"@type\":\"EntryPoint\",\"urlTemplate\":\"https:\/\/www.alucomfort.be\/?s={search_term_string}\"},\"query-input\":{\"@type\":\"PropertyValueSpecification\",\"valueRequired\":true,\"valueName\":\"search_term_string\"}}],\"inLanguage\":\"fr-FR\"}]}<\/script>\n<!-- \/ Yoast SEO plugin. -->","yoast_head_json":{"title":"Elargisseur-de-fourches | Alu Comfort |","description":"Large gamme d'accessoires pour chariot \u00e9l\u00e9vateur \u00e0 fourche.","robots":{"index":"index","follow":"follow","max-snippet":"max-snippet:-1","max-image-preview":"max-image-preview:large","max-video-preview":"max-video-preview:-1"},"canonical":"https:\/\/www.alucomfort.be\/product\/vorkenverbreder-heftruck\/","og_locale":"fr_FR","og_type":"article","og_title":"Elargisseur-de-fourches | Alu Comfort |","og_description":"Large gamme d'accessoires pour chariot \u00e9l\u00e9vateur \u00e0 fourche.","og_url":"https:\/\/www.alucomfort.be\/product\/vorkenverbreder-heftruck\/","og_site_name":"Alu Comfort","article_modified_time":"2025-10-11T20:06:12+00:00","og_image":[{"width":1920,"height":861,"url":"https:\/\/www.alucomfort.be\/wp-content\/uploads\/Elargisseur-de-fourches.png","type":"image\/png"}],"twitter_card":"summary_large_image","schema":{"@context":"https:\/\/schema.org","@graph":[{"@type":"WebPage","@id":"https:\/\/www.alucomfort.be\/product\/vorkenverbreder-heftruck\/","url":"https:\/\/www.alucomfort.be\/product\/vorkenverbreder-heftruck\/","name":"Elargisseur-de-fourches | Alu Comfort |","isPartOf":{"@id":"https:\/\/www.alucomfort.be\/#website"},"primaryImageOfPage":{"@id":"https:\/\/www.alucomfort.be\/product\/vorkenverbreder-heftruck\/#primaryimage"},"image":{"@id":"https:\/\/www.alucomfort.be\/product\/vorkenverbreder-heftruck\/#primaryimage"},"thumbnailUrl":"https:\/\/www.alucomfort.be\/wp-content\/uploads\/Elargisseur-de-fourches.png","datePublished":"2021-09-15T10:09:20+00:00","dateModified":"2025-10-11T20:06:12+00:00","description":"Large gamme d'accessoires pour chariot \u00e9l\u00e9vateur \u00e0 fourche.","breadcrumb":{"@id":"https:\/\/www.alucomfort.be\/product\/vorkenverbreder-heftruck\/#breadcrumb"},"inLanguage":"fr-FR","potentialAction":[{"@type":"ReadAction","target":["https:\/\/www.alucomfort.be\/product\/vorkenverbreder-heftruck\/"]}]},{"@type":"ImageObject","inLanguage":"fr-FR","@id":"https:\/\/www.alucomfort.be\/product\/vorkenverbreder-heftruck\/#primaryimage","url":"https:\/\/www.alucomfort.be\/wp-content\/uploads\/Elargisseur-de-fourches.png","contentUrl":"https:\/\/www.alucomfort.be\/wp-content\/uploads\/Elargisseur-de-fourches.png","width":1920,"height":861,"caption":"Elargisseur de fourches"},{"@type":"BreadcrumbList","@id":"https:\/\/www.alucomfort.be\/product\/vorkenverbreder-heftruck\/#breadcrumb","itemListElement":[{"@type":"ListItem","position":1,"name":"Home","item":"https:\/\/www.alucomfort.be\/fr\/"},{"@type":"ListItem","position":2,"name":"Producten","item":"https:\/\/www.alucomfort.be\/producten\/"},{"@type":"ListItem","position":3,"name":"Elargisseur-de-fourches"}]},{"@type":"WebSite","@id":"https:\/\/www.alucomfort.be\/#website","url":"https:\/\/www.alucomfort.be\/","name":"Alu Comfort","description":"","potentialAction":[{"@type":"SearchAction","target":{"@type":"EntryPoint","urlTemplate":"https:\/\/www.alucomfort.be\/?s={search_term_string}"},"query-input":{"@type":"PropertyValueSpecification","valueRequired":true,"valueName":"search_term_string"}}],"inLanguage":"fr-FR"}]}},"_links":{"self":[{"href":"https:\/\/www.alucomfort.be\/fr\/wp-json\/wp\/v2\/product\/212611","targetHints":{"allow":["GET"]}}],"collection":[{"href":"https:\/\/www.alucomfort.be\/fr\/wp-json\/wp\/v2\/product"}],"about":[{"href":"https:\/\/www.alucomfort.be\/fr\/wp-json\/wp\/v2\/types\/product"}],"wp:featuredmedia":[{"embeddable":true,"href":"https:\/\/www.alucomfort.be\/fr\/wp-json\/wp\/v2\/media\/212592"}],"wp:attachment":[{"href":"https:\/\/www.alucomfort.be\/fr\/wp-json\/wp\/v2\/media?parent=212611"}],"wp:term":[{"taxonomy":"product_brand","embeddable":true,"href":"https:\/\/www.alucomfort.be\/fr\/wp-json\/wp\/v2\/product_brand?post=212611"},{"taxonomy":"product_cat","embeddable":true,"href":"https:\/\/www.alucomfort.be\/fr\/wp-json\/wp\/v2\/product_cat?post=212611"},{"taxonomy":"product_tag","embeddable":true,"href":"https:\/\/www.alucomfort.be\/fr\/wp-json\/wp\/v2\/product_tag?post=212611"}],"curies":[{"name":"wp","href":"https:\/\/api.w.org\/{rel}","templated":true}]}}