

{"id":212855,"date":"2021-09-21T17:46:17","date_gmt":"2021-09-21T15:46:17","guid":{"rendered":"https:\/\/www.alucomfort.be\/product\/chariot-avec-etageres-2-tablettes-charge-max-250-kg\/"},"modified":"2026-01-21T21:44:29","modified_gmt":"2026-01-21T19:44:29","slug":"chariot-avec-etageres-2-tablettes-charge-max-250-kg-2","status":"publish","type":"product","link":"https:\/\/www.alucomfort.be\/fr\/product\/chariot-avec-etageres-2-tablettes-charge-max-250-kg-2\/","title":{"rendered":"Chariot avec \u00e9tag\u00e8res &#8211; 2 tablettes &#8211; Charge max. 250 kg"},"content":{"rendered":"<p>* Chariot ESD et certifi\u00e9 SP, * Chariot avec 2 \u00e9tag\u00e8res compactes.  Parfait pour la pr\u00e9parations des commandes, * Tr\u00e8s stable, tr\u00e8s maniable et ergonomique, * Galvanis\u00e9 avec \u00e9tag\u00e8res ESD, * Tablettes \u00e0 hauteur r\u00e9glable, * 4 roues pivotantes de 125 mm, * Capacit\u00e9: 250 kg, * Delai de livraison: plus au moins 7 jours.<\/p>\n","protected":false},"excerpt":{"rendered":"<p>Chariots pr\u00e9parateur de commande (version l\u00e9g\u00e8re)<\/p>\n","protected":false},"featured_media":212641,"template":"","meta":{"_acf_changed":false},"product_brand":[],"product_cat":[8612],"product_tag":[],"class_list":{"0":"post-212855","1":"product","2":"type-product","3":"status-publish","4":"has-post-thumbnail","6":"product_cat-chariot-avec-etageres","8":"first","9":"outofstock","10":"taxable","11":"shipping-taxable","12":"purchasable","13":"product-type-variable"},"acf":[],"yoast_head":"<!-- This site is optimized with the Yoast SEO plugin v24.8.1 - https:\/\/yoast.com\/wordpress\/plugins\/seo\/ -->\n<title>Chariot ESD avec \u00e9tag\u00e8res | Alu Comfort |Sp\u00e9cialiste B2B. Sp\u00e9cialiste Kongamek<\/title>\n<meta name=\"description\" content=\"Chariots de pr\u00e9paration de commande. Contactez-nous pour le meilleur prix pour le mat\u00e9riel Kongamek. Sp\u00e9cialiste B2B\" \/>\n<meta name=\"robots\" content=\"index, follow, max-snippet:-1, max-image-preview:large, max-video-preview:-1\" \/>\n<link rel=\"canonical\" href=\"https:\/\/www.alucomfort.be\/product\/etagewagen-esd-2-schappen-tot-250-kg\/\" \/>\n<meta property=\"og:locale\" content=\"fr_FR\" \/>\n<meta property=\"og:type\" content=\"article\" \/>\n<meta property=\"og:title\" content=\"Chariot ESD avec \u00e9tag\u00e8res | Alu Comfort |Sp\u00e9cialiste B2B. Sp\u00e9cialiste Kongamek\" \/>\n<meta property=\"og:description\" content=\"Chariots de pr\u00e9paration de commande. Contactez-nous pour le meilleur prix pour le mat\u00e9riel Kongamek. Sp\u00e9cialiste B2B\" \/>\n<meta property=\"og:url\" content=\"https:\/\/www.alucomfort.be\/product\/etagewagen-esd-2-schappen-tot-250-kg\/\" \/>\n<meta property=\"og:site_name\" content=\"Alu Comfort\" \/>\n<meta property=\"article:modified_time\" content=\"2026-01-21T19:44:29+00:00\" \/>\n<meta property=\"og:image\" content=\"https:\/\/www.alucomfort.be\/wp-content\/uploads\/ESD-Magazijnwagen.jpg\" \/>\n\t<meta property=\"og:image:width\" content=\"1305\" \/>\n\t<meta property=\"og:image:height\" content=\"1500\" \/>\n\t<meta property=\"og:image:type\" content=\"image\/jpeg\" \/>\n<meta name=\"twitter:card\" content=\"summary_large_image\" \/>\n<script type=\"application\/ld+json\" class=\"yoast-schema-graph\">{\"@context\":\"https:\/\/schema.org\",\"@graph\":[{\"@type\":\"WebPage\",\"@id\":\"https:\/\/www.alucomfort.be\/product\/etagewagen-esd-2-schappen-tot-250-kg\/\",\"url\":\"https:\/\/www.alucomfort.be\/product\/etagewagen-esd-2-schappen-tot-250-kg\/\",\"name\":\"Chariot ESD avec \u00e9tag\u00e8res | Alu Comfort |Sp\u00e9cialiste B2B. Sp\u00e9cialiste Kongamek\",\"isPartOf\":{\"@id\":\"https:\/\/www.alucomfort.be\/#website\"},\"primaryImageOfPage\":{\"@id\":\"https:\/\/www.alucomfort.be\/product\/etagewagen-esd-2-schappen-tot-250-kg\/#primaryimage\"},\"image\":{\"@id\":\"https:\/\/www.alucomfort.be\/product\/etagewagen-esd-2-schappen-tot-250-kg\/#primaryimage\"},\"thumbnailUrl\":\"https:\/\/www.alucomfort.be\/wp-content\/uploads\/ESD-Magazijnwagen.jpg\",\"datePublished\":\"2021-09-21T15:46:17+00:00\",\"dateModified\":\"2026-01-21T19:44:29+00:00\",\"description\":\"Chariots de pr\u00e9paration de commande. Contactez-nous pour le meilleur prix pour le mat\u00e9riel Kongamek. Sp\u00e9cialiste B2B\",\"breadcrumb\":{\"@id\":\"https:\/\/www.alucomfort.be\/product\/etagewagen-esd-2-schappen-tot-250-kg\/#breadcrumb\"},\"inLanguage\":\"fr-FR\",\"potentialAction\":[{\"@type\":\"ReadAction\",\"target\":[\"https:\/\/www.alucomfort.be\/product\/etagewagen-esd-2-schappen-tot-250-kg\/\"]}]},{\"@type\":\"ImageObject\",\"inLanguage\":\"fr-FR\",\"@id\":\"https:\/\/www.alucomfort.be\/product\/etagewagen-esd-2-schappen-tot-250-kg\/#primaryimage\",\"url\":\"https:\/\/www.alucomfort.be\/wp-content\/uploads\/ESD-Magazijnwagen.jpg\",\"contentUrl\":\"https:\/\/www.alucomfort.be\/wp-content\/uploads\/ESD-Magazijnwagen.jpg\",\"width\":1305,\"height\":1500,\"caption\":\"ESD Magazijnwagen\"},{\"@type\":\"BreadcrumbList\",\"@id\":\"https:\/\/www.alucomfort.be\/product\/etagewagen-esd-2-schappen-tot-250-kg\/#breadcrumb\",\"itemListElement\":[{\"@type\":\"ListItem\",\"position\":1,\"name\":\"Home\",\"item\":\"https:\/\/www.alucomfort.be\/fr\/\"},{\"@type\":\"ListItem\",\"position\":2,\"name\":\"Producten\",\"item\":\"https:\/\/www.alucomfort.be\/producten\/\"},{\"@type\":\"ListItem\",\"position\":3,\"name\":\"Chariot avec \u00e9tag\u00e8res &#8211; 2 tablettes &#8211; Charge max. 250 kg\"}]},{\"@type\":\"WebSite\",\"@id\":\"https:\/\/www.alucomfort.be\/#website\",\"url\":\"https:\/\/www.alucomfort.be\/\",\"name\":\"Alu Comfort\",\"description\":\"\",\"potentialAction\":[{\"@type\":\"SearchAction\",\"target\":{\"@type\":\"EntryPoint\",\"urlTemplate\":\"https:\/\/www.alucomfort.be\/?s={search_term_string}\"},\"query-input\":{\"@type\":\"PropertyValueSpecification\",\"valueRequired\":true,\"valueName\":\"search_term_string\"}}],\"inLanguage\":\"fr-FR\"}]}<\/script>\n<!-- \/ Yoast SEO plugin. -->","yoast_head_json":{"title":"Chariot ESD avec \u00e9tag\u00e8res | Alu Comfort |Sp\u00e9cialiste B2B. Sp\u00e9cialiste Kongamek","description":"Chariots de pr\u00e9paration de commande. Contactez-nous pour le meilleur prix pour le mat\u00e9riel Kongamek. Sp\u00e9cialiste B2B","robots":{"index":"index","follow":"follow","max-snippet":"max-snippet:-1","max-image-preview":"max-image-preview:large","max-video-preview":"max-video-preview:-1"},"canonical":"https:\/\/www.alucomfort.be\/product\/etagewagen-esd-2-schappen-tot-250-kg\/","og_locale":"fr_FR","og_type":"article","og_title":"Chariot ESD avec \u00e9tag\u00e8res | Alu Comfort |Sp\u00e9cialiste B2B. Sp\u00e9cialiste Kongamek","og_description":"Chariots de pr\u00e9paration de commande. Contactez-nous pour le meilleur prix pour le mat\u00e9riel Kongamek. Sp\u00e9cialiste B2B","og_url":"https:\/\/www.alucomfort.be\/product\/etagewagen-esd-2-schappen-tot-250-kg\/","og_site_name":"Alu Comfort","article_modified_time":"2026-01-21T19:44:29+00:00","og_image":[{"width":1305,"height":1500,"url":"https:\/\/www.alucomfort.be\/wp-content\/uploads\/ESD-Magazijnwagen.jpg","type":"image\/jpeg"}],"twitter_card":"summary_large_image","schema":{"@context":"https:\/\/schema.org","@graph":[{"@type":"WebPage","@id":"https:\/\/www.alucomfort.be\/product\/etagewagen-esd-2-schappen-tot-250-kg\/","url":"https:\/\/www.alucomfort.be\/product\/etagewagen-esd-2-schappen-tot-250-kg\/","name":"Chariot ESD avec \u00e9tag\u00e8res | Alu Comfort |Sp\u00e9cialiste B2B. Sp\u00e9cialiste Kongamek","isPartOf":{"@id":"https:\/\/www.alucomfort.be\/#website"},"primaryImageOfPage":{"@id":"https:\/\/www.alucomfort.be\/product\/etagewagen-esd-2-schappen-tot-250-kg\/#primaryimage"},"image":{"@id":"https:\/\/www.alucomfort.be\/product\/etagewagen-esd-2-schappen-tot-250-kg\/#primaryimage"},"thumbnailUrl":"https:\/\/www.alucomfort.be\/wp-content\/uploads\/ESD-Magazijnwagen.jpg","datePublished":"2021-09-21T15:46:17+00:00","dateModified":"2026-01-21T19:44:29+00:00","description":"Chariots de pr\u00e9paration de commande. Contactez-nous pour le meilleur prix pour le mat\u00e9riel Kongamek. Sp\u00e9cialiste B2B","breadcrumb":{"@id":"https:\/\/www.alucomfort.be\/product\/etagewagen-esd-2-schappen-tot-250-kg\/#breadcrumb"},"inLanguage":"fr-FR","potentialAction":[{"@type":"ReadAction","target":["https:\/\/www.alucomfort.be\/product\/etagewagen-esd-2-schappen-tot-250-kg\/"]}]},{"@type":"ImageObject","inLanguage":"fr-FR","@id":"https:\/\/www.alucomfort.be\/product\/etagewagen-esd-2-schappen-tot-250-kg\/#primaryimage","url":"https:\/\/www.alucomfort.be\/wp-content\/uploads\/ESD-Magazijnwagen.jpg","contentUrl":"https:\/\/www.alucomfort.be\/wp-content\/uploads\/ESD-Magazijnwagen.jpg","width":1305,"height":1500,"caption":"ESD Magazijnwagen"},{"@type":"BreadcrumbList","@id":"https:\/\/www.alucomfort.be\/product\/etagewagen-esd-2-schappen-tot-250-kg\/#breadcrumb","itemListElement":[{"@type":"ListItem","position":1,"name":"Home","item":"https:\/\/www.alucomfort.be\/fr\/"},{"@type":"ListItem","position":2,"name":"Producten","item":"https:\/\/www.alucomfort.be\/producten\/"},{"@type":"ListItem","position":3,"name":"Chariot avec \u00e9tag\u00e8res &#8211; 2 tablettes &#8211; Charge max. 250 kg"}]},{"@type":"WebSite","@id":"https:\/\/www.alucomfort.be\/#website","url":"https:\/\/www.alucomfort.be\/","name":"Alu Comfort","description":"","potentialAction":[{"@type":"SearchAction","target":{"@type":"EntryPoint","urlTemplate":"https:\/\/www.alucomfort.be\/?s={search_term_string}"},"query-input":{"@type":"PropertyValueSpecification","valueRequired":true,"valueName":"search_term_string"}}],"inLanguage":"fr-FR"}]}},"_links":{"self":[{"href":"https:\/\/www.alucomfort.be\/fr\/wp-json\/wp\/v2\/product\/212855","targetHints":{"allow":["GET"]}}],"collection":[{"href":"https:\/\/www.alucomfort.be\/fr\/wp-json\/wp\/v2\/product"}],"about":[{"href":"https:\/\/www.alucomfort.be\/fr\/wp-json\/wp\/v2\/types\/product"}],"wp:featuredmedia":[{"embeddable":true,"href":"https:\/\/www.alucomfort.be\/fr\/wp-json\/wp\/v2\/media\/212641"}],"wp:attachment":[{"href":"https:\/\/www.alucomfort.be\/fr\/wp-json\/wp\/v2\/media?parent=212855"}],"wp:term":[{"taxonomy":"product_brand","embeddable":true,"href":"https:\/\/www.alucomfort.be\/fr\/wp-json\/wp\/v2\/product_brand?post=212855"},{"taxonomy":"product_cat","embeddable":true,"href":"https:\/\/www.alucomfort.be\/fr\/wp-json\/wp\/v2\/product_cat?post=212855"},{"taxonomy":"product_tag","embeddable":true,"href":"https:\/\/www.alucomfort.be\/fr\/wp-json\/wp\/v2\/product_tag?post=212855"}],"curies":[{"name":"wp","href":"https:\/\/api.w.org\/{rel}","templated":true}]}}