

{"id":213081,"date":"2021-10-03T16:32:17","date_gmt":"2021-10-03T14:32:17","guid":{"rendered":"https:\/\/www.alucomfort.be\/product\/echelle-fruitiere\/"},"modified":"2026-04-23T23:22:40","modified_gmt":"2026-04-23T21:22:40","slug":"echelle-fruitiere","status":"publish","type":"product","link":"https:\/\/www.alucomfort.be\/fr\/product\/echelle-fruitiere\/","title":{"rendered":"Echelle fruiti\u00e8re"},"content":{"rendered":"<p>* Echelle coulisse \u00e0 mail, r\u00e9glable d&rsquo;\u00e9chelon en \u00e9chelon, * Avec b\u00e9quilles de soutien en alu \u00e0 utiliser pour la r\u00e9colte et la culture d&rsquo;arbres fruitiers, * B\u00e9quilles r\u00e9glables en hauteur, * Selon DIN EN 68363.<\/p>\n","protected":false},"excerpt":{"rendered":"<p>Echelle coulisse \u00e0 main avec b\u00e9quilles de soutien \u00e0 utiliser pour la r\u00e9colte et la culture d&rsquo;arbres fruitiers<\/p>\n","protected":false},"featured_media":51002,"template":"","meta":{"_acf_changed":false},"product_brand":[],"product_cat":[9941],"product_tag":[],"class_list":{"0":"post-213081","1":"product","2":"type-product","3":"status-publish","4":"has-post-thumbnail","6":"product_cat-echelle-fruitiere","8":"first","9":"outofstock","10":"taxable","11":"shipping-taxable","12":"purchasable","13":"product-type-variable"},"acf":[],"yoast_head":"<!-- This site is optimized with the Yoast SEO plugin v24.8.1 - https:\/\/yoast.com\/wordpress\/plugins\/seo\/ -->\n<title>Echelle fruiti\u00e8re<\/title>\n<meta name=\"description\" content=\"Echelle coulisse \u00e0 main avec b\u00e9quilles de soutien \u00e0 utiliser pour la r\u00e9colte et la culture d&#039;arbres fruitiers\" \/>\n<meta name=\"robots\" content=\"index, follow, max-snippet:-1, max-image-preview:large, max-video-preview:-1\" \/>\n<link rel=\"canonical\" href=\"https:\/\/www.alucomfort.be\/product\/fruitplukladder-met-2-delen\/\" \/>\n<meta property=\"og:locale\" content=\"fr_FR\" \/>\n<meta property=\"og:type\" content=\"article\" \/>\n<meta property=\"og:title\" content=\"Echelle fruiti\u00e8re\" \/>\n<meta property=\"og:description\" content=\"Echelle coulisse \u00e0 main avec b\u00e9quilles de soutien \u00e0 utiliser pour la r\u00e9colte et la culture d&#039;arbres fruitiers\" \/>\n<meta property=\"og:url\" content=\"https:\/\/www.alucomfort.be\/product\/fruitplukladder-met-2-delen\/\" \/>\n<meta property=\"og:site_name\" content=\"Alu Comfort\" \/>\n<meta property=\"article:modified_time\" content=\"2026-04-23T21:22:40+00:00\" \/>\n<meta property=\"og:image\" content=\"https:\/\/www.alucomfort.be\/wp-content\/uploads\/Fruitboom2.jpg\" \/>\n\t<meta property=\"og:image:width\" content=\"500\" \/>\n\t<meta property=\"og:image:height\" content=\"500\" \/>\n\t<meta property=\"og:image:type\" content=\"image\/jpeg\" \/>\n<meta name=\"twitter:card\" content=\"summary_large_image\" \/>\n<script type=\"application\/ld+json\" class=\"yoast-schema-graph\">{\"@context\":\"https:\/\/schema.org\",\"@graph\":[{\"@type\":\"WebPage\",\"@id\":\"https:\/\/www.alucomfort.be\/product\/fruitplukladder-met-2-delen\/\",\"url\":\"https:\/\/www.alucomfort.be\/product\/fruitplukladder-met-2-delen\/\",\"name\":\"Echelle fruiti\u00e8re\",\"isPartOf\":{\"@id\":\"https:\/\/www.alucomfort.be\/#website\"},\"primaryImageOfPage\":{\"@id\":\"https:\/\/www.alucomfort.be\/product\/fruitplukladder-met-2-delen\/#primaryimage\"},\"image\":{\"@id\":\"https:\/\/www.alucomfort.be\/product\/fruitplukladder-met-2-delen\/#primaryimage\"},\"thumbnailUrl\":\"https:\/\/www.alucomfort.be\/wp-content\/uploads\/Fruitboom2.jpg\",\"datePublished\":\"2021-10-03T14:32:17+00:00\",\"dateModified\":\"2026-04-23T21:22:40+00:00\",\"description\":\"Echelle coulisse \u00e0 main avec b\u00e9quilles de soutien \u00e0 utiliser pour la r\u00e9colte et la culture d'arbres fruitiers\",\"breadcrumb\":{\"@id\":\"https:\/\/www.alucomfort.be\/product\/fruitplukladder-met-2-delen\/#breadcrumb\"},\"inLanguage\":\"fr-FR\",\"potentialAction\":[{\"@type\":\"ReadAction\",\"target\":[\"https:\/\/www.alucomfort.be\/product\/fruitplukladder-met-2-delen\/\"]}]},{\"@type\":\"ImageObject\",\"inLanguage\":\"fr-FR\",\"@id\":\"https:\/\/www.alucomfort.be\/product\/fruitplukladder-met-2-delen\/#primaryimage\",\"url\":\"https:\/\/www.alucomfort.be\/wp-content\/uploads\/Fruitboom2.jpg\",\"contentUrl\":\"https:\/\/www.alucomfort.be\/wp-content\/uploads\/Fruitboom2.jpg\",\"width\":500,\"height\":500,\"caption\":\"Fruitboomladder\"},{\"@type\":\"BreadcrumbList\",\"@id\":\"https:\/\/www.alucomfort.be\/product\/fruitplukladder-met-2-delen\/#breadcrumb\",\"itemListElement\":[{\"@type\":\"ListItem\",\"position\":1,\"name\":\"Home\",\"item\":\"https:\/\/www.alucomfort.be\/fr\/\"},{\"@type\":\"ListItem\",\"position\":2,\"name\":\"Producten\",\"item\":\"https:\/\/www.alucomfort.be\/producten\/\"},{\"@type\":\"ListItem\",\"position\":3,\"name\":\"Echelle fruiti\u00e8re\"}]},{\"@type\":\"WebSite\",\"@id\":\"https:\/\/www.alucomfort.be\/#website\",\"url\":\"https:\/\/www.alucomfort.be\/\",\"name\":\"Alu Comfort\",\"description\":\"\",\"potentialAction\":[{\"@type\":\"SearchAction\",\"target\":{\"@type\":\"EntryPoint\",\"urlTemplate\":\"https:\/\/www.alucomfort.be\/?s={search_term_string}\"},\"query-input\":{\"@type\":\"PropertyValueSpecification\",\"valueRequired\":true,\"valueName\":\"search_term_string\"}}],\"inLanguage\":\"fr-FR\"}]}<\/script>\n<!-- \/ Yoast SEO plugin. -->","yoast_head_json":{"title":"Echelle fruiti\u00e8re","description":"Echelle coulisse \u00e0 main avec b\u00e9quilles de soutien \u00e0 utiliser pour la r\u00e9colte et la culture d'arbres fruitiers","robots":{"index":"index","follow":"follow","max-snippet":"max-snippet:-1","max-image-preview":"max-image-preview:large","max-video-preview":"max-video-preview:-1"},"canonical":"https:\/\/www.alucomfort.be\/product\/fruitplukladder-met-2-delen\/","og_locale":"fr_FR","og_type":"article","og_title":"Echelle fruiti\u00e8re","og_description":"Echelle coulisse \u00e0 main avec b\u00e9quilles de soutien \u00e0 utiliser pour la r\u00e9colte et la culture d'arbres fruitiers","og_url":"https:\/\/www.alucomfort.be\/product\/fruitplukladder-met-2-delen\/","og_site_name":"Alu Comfort","article_modified_time":"2026-04-23T21:22:40+00:00","og_image":[{"width":500,"height":500,"url":"https:\/\/www.alucomfort.be\/wp-content\/uploads\/Fruitboom2.jpg","type":"image\/jpeg"}],"twitter_card":"summary_large_image","schema":{"@context":"https:\/\/schema.org","@graph":[{"@type":"WebPage","@id":"https:\/\/www.alucomfort.be\/product\/fruitplukladder-met-2-delen\/","url":"https:\/\/www.alucomfort.be\/product\/fruitplukladder-met-2-delen\/","name":"Echelle fruiti\u00e8re","isPartOf":{"@id":"https:\/\/www.alucomfort.be\/#website"},"primaryImageOfPage":{"@id":"https:\/\/www.alucomfort.be\/product\/fruitplukladder-met-2-delen\/#primaryimage"},"image":{"@id":"https:\/\/www.alucomfort.be\/product\/fruitplukladder-met-2-delen\/#primaryimage"},"thumbnailUrl":"https:\/\/www.alucomfort.be\/wp-content\/uploads\/Fruitboom2.jpg","datePublished":"2021-10-03T14:32:17+00:00","dateModified":"2026-04-23T21:22:40+00:00","description":"Echelle coulisse \u00e0 main avec b\u00e9quilles de soutien \u00e0 utiliser pour la r\u00e9colte et la culture d'arbres fruitiers","breadcrumb":{"@id":"https:\/\/www.alucomfort.be\/product\/fruitplukladder-met-2-delen\/#breadcrumb"},"inLanguage":"fr-FR","potentialAction":[{"@type":"ReadAction","target":["https:\/\/www.alucomfort.be\/product\/fruitplukladder-met-2-delen\/"]}]},{"@type":"ImageObject","inLanguage":"fr-FR","@id":"https:\/\/www.alucomfort.be\/product\/fruitplukladder-met-2-delen\/#primaryimage","url":"https:\/\/www.alucomfort.be\/wp-content\/uploads\/Fruitboom2.jpg","contentUrl":"https:\/\/www.alucomfort.be\/wp-content\/uploads\/Fruitboom2.jpg","width":500,"height":500,"caption":"Fruitboomladder"},{"@type":"BreadcrumbList","@id":"https:\/\/www.alucomfort.be\/product\/fruitplukladder-met-2-delen\/#breadcrumb","itemListElement":[{"@type":"ListItem","position":1,"name":"Home","item":"https:\/\/www.alucomfort.be\/fr\/"},{"@type":"ListItem","position":2,"name":"Producten","item":"https:\/\/www.alucomfort.be\/producten\/"},{"@type":"ListItem","position":3,"name":"Echelle fruiti\u00e8re"}]},{"@type":"WebSite","@id":"https:\/\/www.alucomfort.be\/#website","url":"https:\/\/www.alucomfort.be\/","name":"Alu Comfort","description":"","potentialAction":[{"@type":"SearchAction","target":{"@type":"EntryPoint","urlTemplate":"https:\/\/www.alucomfort.be\/?s={search_term_string}"},"query-input":{"@type":"PropertyValueSpecification","valueRequired":true,"valueName":"search_term_string"}}],"inLanguage":"fr-FR"}]}},"_links":{"self":[{"href":"https:\/\/www.alucomfort.be\/fr\/wp-json\/wp\/v2\/product\/213081","targetHints":{"allow":["GET"]}}],"collection":[{"href":"https:\/\/www.alucomfort.be\/fr\/wp-json\/wp\/v2\/product"}],"about":[{"href":"https:\/\/www.alucomfort.be\/fr\/wp-json\/wp\/v2\/types\/product"}],"wp:featuredmedia":[{"embeddable":true,"href":"https:\/\/www.alucomfort.be\/fr\/wp-json\/wp\/v2\/media\/51002"}],"wp:attachment":[{"href":"https:\/\/www.alucomfort.be\/fr\/wp-json\/wp\/v2\/media?parent=213081"}],"wp:term":[{"taxonomy":"product_brand","embeddable":true,"href":"https:\/\/www.alucomfort.be\/fr\/wp-json\/wp\/v2\/product_brand?post=213081"},{"taxonomy":"product_cat","embeddable":true,"href":"https:\/\/www.alucomfort.be\/fr\/wp-json\/wp\/v2\/product_cat?post=213081"},{"taxonomy":"product_tag","embeddable":true,"href":"https:\/\/www.alucomfort.be\/fr\/wp-json\/wp\/v2\/product_tag?post=213081"}],"curies":[{"name":"wp","href":"https:\/\/api.w.org\/{rel}","templated":true}]}}