

{"id":213122,"date":"2021-10-19T21:50:47","date_gmt":"2021-10-19T19:50:47","guid":{"rendered":"https:\/\/www.alucomfort.be\/product\/chariot-avec-etageres-3-tablettes-charge-max-300-kg\/"},"modified":"2021-10-19T21:50:47","modified_gmt":"2021-10-19T19:50:47","slug":"chariot-avec-etageres-3-tablettes-charge-max-300-kg","status":"publish","type":"product","link":"https:\/\/www.alucomfort.be\/fr\/product\/chariot-avec-etageres-3-tablettes-charge-max-300-kg\/","title":{"rendered":"Chariot avec \u00e9tag\u00e8res &#8211; 3 tablettes &#8211; Charge max. 300 kg"},"content":{"rendered":"<p>* Chariot avec 3 \u00e9tag\u00e8res compactes.  Parfait pour la pr\u00e9parations des commandes, * Tr\u00e8s stable, tr\u00e8s maniable et ergonomique, * Galvanis\u00e9 avec \u00e9tag\u00e8res ESD, * Tablettes \u00e0 hauteur r\u00e9glable, * 4 roues pivotantes de 125 mm, * Capacit\u00e9: 300 kg, * Delai de livraison: plus au moins 7 jours.<\/p>\n","protected":false},"excerpt":{"rendered":"<p>Chariots pr\u00e9parateur de commande<\/p>\n","protected":false},"featured_media":212649,"template":"","meta":{"_acf_changed":false},"product_brand":[],"product_cat":[8612],"product_tag":[],"class_list":{"0":"post-213122","1":"product","2":"type-product","3":"status-publish","4":"has-post-thumbnail","6":"product_cat-chariot-avec-etageres","8":"first","9":"instock","10":"taxable","11":"shipping-taxable","12":"purchasable","13":"product-type-simple"},"acf":[],"yoast_head":"<!-- This site is optimized with the Yoast SEO plugin v24.8.1 - https:\/\/yoast.com\/wordpress\/plugins\/seo\/ -->\n<title>Chariot avec \u00e9tag\u00e8res ESD | Alu Comfort | Kongamek dealer pour le meilleur prix<\/title>\n<meta name=\"description\" content=\"Chariots de pr\u00e9paration de commande. Parfait dans le commerce \u00e9lectronique. Revendeur Kongamek.\" \/>\n<meta name=\"robots\" content=\"index, follow, max-snippet:-1, max-image-preview:large, max-video-preview:-1\" \/>\n<link rel=\"canonical\" href=\"https:\/\/www.alucomfort.be\/product\/etagewagen-esd-3-schappen-tot-300-kg\/\" \/>\n<meta property=\"og:locale\" content=\"fr_FR\" \/>\n<meta property=\"og:type\" content=\"article\" \/>\n<meta property=\"og:title\" content=\"Chariot avec \u00e9tag\u00e8res ESD | Alu Comfort | Kongamek dealer pour le meilleur prix\" \/>\n<meta property=\"og:description\" content=\"Chariots de pr\u00e9paration de commande. Parfait dans le commerce \u00e9lectronique. Revendeur Kongamek.\" \/>\n<meta property=\"og:url\" content=\"https:\/\/www.alucomfort.be\/product\/etagewagen-esd-3-schappen-tot-300-kg\/\" \/>\n<meta property=\"og:site_name\" content=\"Alu Comfort\" \/>\n<meta property=\"og:image\" content=\"https:\/\/www.alucomfort.be\/wp-content\/uploads\/Magazijnkar-ESD.jpg\" \/>\n\t<meta property=\"og:image:width\" content=\"1293\" \/>\n\t<meta property=\"og:image:height\" content=\"1500\" \/>\n\t<meta property=\"og:image:type\" content=\"image\/jpeg\" \/>\n<meta name=\"twitter:card\" content=\"summary_large_image\" \/>\n<script type=\"application\/ld+json\" class=\"yoast-schema-graph\">{\"@context\":\"https:\/\/schema.org\",\"@graph\":[{\"@type\":\"WebPage\",\"@id\":\"https:\/\/www.alucomfort.be\/product\/etagewagen-esd-3-schappen-tot-300-kg\/\",\"url\":\"https:\/\/www.alucomfort.be\/product\/etagewagen-esd-3-schappen-tot-300-kg\/\",\"name\":\"Chariot avec \u00e9tag\u00e8res ESD | Alu Comfort | Kongamek dealer pour le meilleur prix\",\"isPartOf\":{\"@id\":\"https:\/\/www.alucomfort.be\/#website\"},\"primaryImageOfPage\":{\"@id\":\"https:\/\/www.alucomfort.be\/product\/etagewagen-esd-3-schappen-tot-300-kg\/#primaryimage\"},\"image\":{\"@id\":\"https:\/\/www.alucomfort.be\/product\/etagewagen-esd-3-schappen-tot-300-kg\/#primaryimage\"},\"thumbnailUrl\":\"https:\/\/www.alucomfort.be\/wp-content\/uploads\/Magazijnkar-ESD.jpg\",\"datePublished\":\"2021-10-19T19:50:47+00:00\",\"description\":\"Chariots de pr\u00e9paration de commande. Parfait dans le commerce \u00e9lectronique. Revendeur Kongamek.\",\"breadcrumb\":{\"@id\":\"https:\/\/www.alucomfort.be\/product\/etagewagen-esd-3-schappen-tot-300-kg\/#breadcrumb\"},\"inLanguage\":\"fr-FR\",\"potentialAction\":[{\"@type\":\"ReadAction\",\"target\":[\"https:\/\/www.alucomfort.be\/product\/etagewagen-esd-3-schappen-tot-300-kg\/\"]}]},{\"@type\":\"ImageObject\",\"inLanguage\":\"fr-FR\",\"@id\":\"https:\/\/www.alucomfort.be\/product\/etagewagen-esd-3-schappen-tot-300-kg\/#primaryimage\",\"url\":\"https:\/\/www.alucomfort.be\/wp-content\/uploads\/Magazijnkar-ESD.jpg\",\"contentUrl\":\"https:\/\/www.alucomfort.be\/wp-content\/uploads\/Magazijnkar-ESD.jpg\",\"width\":1293,\"height\":1500,\"caption\":\"Magazijnkar ESD\"},{\"@type\":\"BreadcrumbList\",\"@id\":\"https:\/\/www.alucomfort.be\/product\/etagewagen-esd-3-schappen-tot-300-kg\/#breadcrumb\",\"itemListElement\":[{\"@type\":\"ListItem\",\"position\":1,\"name\":\"Home\",\"item\":\"https:\/\/www.alucomfort.be\/fr\/\"},{\"@type\":\"ListItem\",\"position\":2,\"name\":\"Producten\",\"item\":\"https:\/\/www.alucomfort.be\/producten\/\"},{\"@type\":\"ListItem\",\"position\":3,\"name\":\"Chariot avec \u00e9tag\u00e8res &#8211; 3 tablettes &#8211; Charge max. 300 kg\"}]},{\"@type\":\"WebSite\",\"@id\":\"https:\/\/www.alucomfort.be\/#website\",\"url\":\"https:\/\/www.alucomfort.be\/\",\"name\":\"Alu Comfort\",\"description\":\"\",\"potentialAction\":[{\"@type\":\"SearchAction\",\"target\":{\"@type\":\"EntryPoint\",\"urlTemplate\":\"https:\/\/www.alucomfort.be\/?s={search_term_string}\"},\"query-input\":{\"@type\":\"PropertyValueSpecification\",\"valueRequired\":true,\"valueName\":\"search_term_string\"}}],\"inLanguage\":\"fr-FR\"}]}<\/script>\n<!-- \/ Yoast SEO plugin. -->","yoast_head_json":{"title":"Chariot avec \u00e9tag\u00e8res ESD | Alu Comfort | Kongamek dealer pour le meilleur prix","description":"Chariots de pr\u00e9paration de commande. Parfait dans le commerce \u00e9lectronique. Revendeur Kongamek.","robots":{"index":"index","follow":"follow","max-snippet":"max-snippet:-1","max-image-preview":"max-image-preview:large","max-video-preview":"max-video-preview:-1"},"canonical":"https:\/\/www.alucomfort.be\/product\/etagewagen-esd-3-schappen-tot-300-kg\/","og_locale":"fr_FR","og_type":"article","og_title":"Chariot avec \u00e9tag\u00e8res ESD | Alu Comfort | Kongamek dealer pour le meilleur prix","og_description":"Chariots de pr\u00e9paration de commande. Parfait dans le commerce \u00e9lectronique. Revendeur Kongamek.","og_url":"https:\/\/www.alucomfort.be\/product\/etagewagen-esd-3-schappen-tot-300-kg\/","og_site_name":"Alu Comfort","og_image":[{"width":1293,"height":1500,"url":"https:\/\/www.alucomfort.be\/wp-content\/uploads\/Magazijnkar-ESD.jpg","type":"image\/jpeg"}],"twitter_card":"summary_large_image","schema":{"@context":"https:\/\/schema.org","@graph":[{"@type":"WebPage","@id":"https:\/\/www.alucomfort.be\/product\/etagewagen-esd-3-schappen-tot-300-kg\/","url":"https:\/\/www.alucomfort.be\/product\/etagewagen-esd-3-schappen-tot-300-kg\/","name":"Chariot avec \u00e9tag\u00e8res ESD | Alu Comfort | Kongamek dealer pour le meilleur prix","isPartOf":{"@id":"https:\/\/www.alucomfort.be\/#website"},"primaryImageOfPage":{"@id":"https:\/\/www.alucomfort.be\/product\/etagewagen-esd-3-schappen-tot-300-kg\/#primaryimage"},"image":{"@id":"https:\/\/www.alucomfort.be\/product\/etagewagen-esd-3-schappen-tot-300-kg\/#primaryimage"},"thumbnailUrl":"https:\/\/www.alucomfort.be\/wp-content\/uploads\/Magazijnkar-ESD.jpg","datePublished":"2021-10-19T19:50:47+00:00","description":"Chariots de pr\u00e9paration de commande. Parfait dans le commerce \u00e9lectronique. Revendeur Kongamek.","breadcrumb":{"@id":"https:\/\/www.alucomfort.be\/product\/etagewagen-esd-3-schappen-tot-300-kg\/#breadcrumb"},"inLanguage":"fr-FR","potentialAction":[{"@type":"ReadAction","target":["https:\/\/www.alucomfort.be\/product\/etagewagen-esd-3-schappen-tot-300-kg\/"]}]},{"@type":"ImageObject","inLanguage":"fr-FR","@id":"https:\/\/www.alucomfort.be\/product\/etagewagen-esd-3-schappen-tot-300-kg\/#primaryimage","url":"https:\/\/www.alucomfort.be\/wp-content\/uploads\/Magazijnkar-ESD.jpg","contentUrl":"https:\/\/www.alucomfort.be\/wp-content\/uploads\/Magazijnkar-ESD.jpg","width":1293,"height":1500,"caption":"Magazijnkar ESD"},{"@type":"BreadcrumbList","@id":"https:\/\/www.alucomfort.be\/product\/etagewagen-esd-3-schappen-tot-300-kg\/#breadcrumb","itemListElement":[{"@type":"ListItem","position":1,"name":"Home","item":"https:\/\/www.alucomfort.be\/fr\/"},{"@type":"ListItem","position":2,"name":"Producten","item":"https:\/\/www.alucomfort.be\/producten\/"},{"@type":"ListItem","position":3,"name":"Chariot avec \u00e9tag\u00e8res &#8211; 3 tablettes &#8211; Charge max. 300 kg"}]},{"@type":"WebSite","@id":"https:\/\/www.alucomfort.be\/#website","url":"https:\/\/www.alucomfort.be\/","name":"Alu Comfort","description":"","potentialAction":[{"@type":"SearchAction","target":{"@type":"EntryPoint","urlTemplate":"https:\/\/www.alucomfort.be\/?s={search_term_string}"},"query-input":{"@type":"PropertyValueSpecification","valueRequired":true,"valueName":"search_term_string"}}],"inLanguage":"fr-FR"}]}},"_links":{"self":[{"href":"https:\/\/www.alucomfort.be\/fr\/wp-json\/wp\/v2\/product\/213122","targetHints":{"allow":["GET"]}}],"collection":[{"href":"https:\/\/www.alucomfort.be\/fr\/wp-json\/wp\/v2\/product"}],"about":[{"href":"https:\/\/www.alucomfort.be\/fr\/wp-json\/wp\/v2\/types\/product"}],"wp:featuredmedia":[{"embeddable":true,"href":"https:\/\/www.alucomfort.be\/fr\/wp-json\/wp\/v2\/media\/212649"}],"wp:attachment":[{"href":"https:\/\/www.alucomfort.be\/fr\/wp-json\/wp\/v2\/media?parent=213122"}],"wp:term":[{"taxonomy":"product_brand","embeddable":true,"href":"https:\/\/www.alucomfort.be\/fr\/wp-json\/wp\/v2\/product_brand?post=213122"},{"taxonomy":"product_cat","embeddable":true,"href":"https:\/\/www.alucomfort.be\/fr\/wp-json\/wp\/v2\/product_cat?post=213122"},{"taxonomy":"product_tag","embeddable":true,"href":"https:\/\/www.alucomfort.be\/fr\/wp-json\/wp\/v2\/product_tag?post=213122"}],"curies":[{"name":"wp","href":"https:\/\/api.w.org\/{rel}","templated":true}]}}