

{"id":213294,"date":"2021-11-13T18:31:26","date_gmt":"2021-11-13T16:31:26","guid":{"rendered":"https:\/\/www.alucomfort.be\/product\/racks-a-petits-recipients-avec-bac-de-retention\/"},"modified":"2025-06-24T01:24:11","modified_gmt":"2025-06-23T23:24:11","slug":"racks-a-petits-recipients-avec-bac-de-retention","status":"publish","type":"product","link":"https:\/\/www.alucomfort.be\/fr\/product\/racks-a-petits-recipients-avec-bac-de-retention\/","title":{"rendered":"Racks \u00e0 petits r\u00e9cipients avec bac de r\u00e9tention"},"content":{"rendered":"<p>* Racks de base avec 4 niveaux (3 niveaux en caillebotis galvanis\u00e9s et 1 bac de r\u00e9tention galvanis\u00e9), * Bacs de r\u00e9tention en t\u00f4le d&rsquo;acier 3 mm, * System embo\u00eetable, * En option avec des rayon compl\u00e9mentaire pour plus de place, * 4 niveaux, charge admissible par niveau 150 kg en cas de charge r\u00e9partie uniform\u00e9ment, * Delai de livraison: +\/- 3 semaines, * Aussi disponible avec bacs de r\u00e9tention en inox.  Veuillez prendre contacte avec nous.<\/p>\n","protected":false},"excerpt":{"rendered":"<p>Racks \u00e0 petits r\u00e9cipients avec 3 niveaux en caillebotis et 1 bac de r\u00e9tention<\/p>\n","protected":false},"featured_media":224487,"template":"","meta":{"_acf_changed":false},"product_brand":[],"product_cat":[2474],"product_tag":[],"class_list":{"0":"post-213294","1":"product","2":"type-product","3":"status-publish","4":"has-post-thumbnail","6":"product_cat-rayonnages-a-petits-recipients-avec-bacs-de-retention","8":"first","9":"outofstock","10":"taxable","11":"shipping-taxable","12":"purchasable","13":"product-type-variable"},"acf":[],"yoast_head":"<!-- This site is optimized with the Yoast SEO plugin v24.8.1 - https:\/\/yoast.com\/wordpress\/plugins\/seo\/ -->\n<title>Racks pour un stockage s\u00fbr des liquides dangereux | Alu Comfort | Sp\u00e9cialiste B2B<\/title>\n<meta name=\"description\" content=\"Pour un stockage s\u00fbr et organis\u00e9 de vos petits r\u00e9cipients de substances dangereuses, Alu Comfort propose des racks robustes \u00e9quip\u00e9s de bacs de r\u00e9tention. Contactez-nous d\u00e8s aujourd&#039;hui pour d\u00e9couvrir nos solutions sur mesure pour votre entreprise.\" \/>\n<meta name=\"robots\" content=\"index, follow, max-snippet:-1, max-image-preview:large, max-video-preview:-1\" \/>\n<link rel=\"canonical\" href=\"https:\/\/www.alucomfort.be\/product\/rekken-voor-kleine-blikken-met-4-niveaus\/\" \/>\n<meta property=\"og:locale\" content=\"fr_FR\" \/>\n<meta property=\"og:type\" content=\"article\" \/>\n<meta property=\"og:title\" content=\"Racks pour un stockage s\u00fbr des liquides dangereux | Alu Comfort | Sp\u00e9cialiste B2B\" \/>\n<meta property=\"og:description\" content=\"Pour un stockage s\u00fbr et organis\u00e9 de vos petits r\u00e9cipients de substances dangereuses, Alu Comfort propose des racks robustes \u00e9quip\u00e9s de bacs de r\u00e9tention. Contactez-nous d\u00e8s aujourd&#039;hui pour d\u00e9couvrir nos solutions sur mesure pour votre entreprise.\" \/>\n<meta property=\"og:url\" content=\"https:\/\/www.alucomfort.be\/product\/rekken-voor-kleine-blikken-met-4-niveaus\/\" \/>\n<meta property=\"og:site_name\" content=\"Alu Comfort\" \/>\n<meta property=\"article:modified_time\" content=\"2025-06-23T23:24:11+00:00\" \/>\n<meta property=\"og:image\" content=\"https:\/\/www.alucomfort.be\/wp-content\/uploads\/Rekken-voor-kleine-blikken-S-3017-4E-1.jpg\" \/>\n\t<meta property=\"og:image:width\" content=\"900\" \/>\n\t<meta property=\"og:image:height\" content=\"1345\" \/>\n\t<meta property=\"og:image:type\" content=\"image\/jpeg\" \/>\n<meta name=\"twitter:card\" content=\"summary_large_image\" \/>\n<script type=\"application\/ld+json\" class=\"yoast-schema-graph\">{\"@context\":\"https:\/\/schema.org\",\"@graph\":[{\"@type\":\"WebPage\",\"@id\":\"https:\/\/www.alucomfort.be\/product\/rekken-voor-kleine-blikken-met-4-niveaus\/\",\"url\":\"https:\/\/www.alucomfort.be\/product\/rekken-voor-kleine-blikken-met-4-niveaus\/\",\"name\":\"Racks pour un stockage s\u00fbr des liquides dangereux | Alu Comfort | Sp\u00e9cialiste B2B\",\"isPartOf\":{\"@id\":\"https:\/\/www.alucomfort.be\/#website\"},\"primaryImageOfPage\":{\"@id\":\"https:\/\/www.alucomfort.be\/product\/rekken-voor-kleine-blikken-met-4-niveaus\/#primaryimage\"},\"image\":{\"@id\":\"https:\/\/www.alucomfort.be\/product\/rekken-voor-kleine-blikken-met-4-niveaus\/#primaryimage\"},\"thumbnailUrl\":\"https:\/\/www.alucomfort.be\/wp-content\/uploads\/Rekken-voor-kleine-blikken-S-3017-4E-1.jpg\",\"datePublished\":\"2021-11-13T16:31:26+00:00\",\"dateModified\":\"2025-06-23T23:24:11+00:00\",\"description\":\"Pour un stockage s\u00fbr et organis\u00e9 de vos petits r\u00e9cipients de substances dangereuses, Alu Comfort propose des racks robustes \u00e9quip\u00e9s de bacs de r\u00e9tention. Contactez-nous d\u00e8s aujourd'hui pour d\u00e9couvrir nos solutions sur mesure pour votre entreprise.\",\"breadcrumb\":{\"@id\":\"https:\/\/www.alucomfort.be\/product\/rekken-voor-kleine-blikken-met-4-niveaus\/#breadcrumb\"},\"inLanguage\":\"fr-FR\",\"potentialAction\":[{\"@type\":\"ReadAction\",\"target\":[\"https:\/\/www.alucomfort.be\/product\/rekken-voor-kleine-blikken-met-4-niveaus\/\"]}]},{\"@type\":\"ImageObject\",\"inLanguage\":\"fr-FR\",\"@id\":\"https:\/\/www.alucomfort.be\/product\/rekken-voor-kleine-blikken-met-4-niveaus\/#primaryimage\",\"url\":\"https:\/\/www.alucomfort.be\/wp-content\/uploads\/Rekken-voor-kleine-blikken-S-3017-4E-1.jpg\",\"contentUrl\":\"https:\/\/www.alucomfort.be\/wp-content\/uploads\/Rekken-voor-kleine-blikken-S-3017-4E-1.jpg\",\"width\":900,\"height\":1345,\"caption\":\"Rekken voor kleine blikken\"},{\"@type\":\"BreadcrumbList\",\"@id\":\"https:\/\/www.alucomfort.be\/product\/rekken-voor-kleine-blikken-met-4-niveaus\/#breadcrumb\",\"itemListElement\":[{\"@type\":\"ListItem\",\"position\":1,\"name\":\"Home\",\"item\":\"https:\/\/www.alucomfort.be\/fr\/\"},{\"@type\":\"ListItem\",\"position\":2,\"name\":\"Producten\",\"item\":\"https:\/\/www.alucomfort.be\/producten\/\"},{\"@type\":\"ListItem\",\"position\":3,\"name\":\"Racks \u00e0 petits r\u00e9cipients avec bac de r\u00e9tention\"}]},{\"@type\":\"WebSite\",\"@id\":\"https:\/\/www.alucomfort.be\/#website\",\"url\":\"https:\/\/www.alucomfort.be\/\",\"name\":\"Alu Comfort\",\"description\":\"\",\"potentialAction\":[{\"@type\":\"SearchAction\",\"target\":{\"@type\":\"EntryPoint\",\"urlTemplate\":\"https:\/\/www.alucomfort.be\/?s={search_term_string}\"},\"query-input\":{\"@type\":\"PropertyValueSpecification\",\"valueRequired\":true,\"valueName\":\"search_term_string\"}}],\"inLanguage\":\"fr-FR\"}]}<\/script>\n<!-- \/ Yoast SEO plugin. -->","yoast_head_json":{"title":"Racks pour un stockage s\u00fbr des liquides dangereux | Alu Comfort | Sp\u00e9cialiste B2B","description":"Pour un stockage s\u00fbr et organis\u00e9 de vos petits r\u00e9cipients de substances dangereuses, Alu Comfort propose des racks robustes \u00e9quip\u00e9s de bacs de r\u00e9tention. Contactez-nous d\u00e8s aujourd'hui pour d\u00e9couvrir nos solutions sur mesure pour votre entreprise.","robots":{"index":"index","follow":"follow","max-snippet":"max-snippet:-1","max-image-preview":"max-image-preview:large","max-video-preview":"max-video-preview:-1"},"canonical":"https:\/\/www.alucomfort.be\/product\/rekken-voor-kleine-blikken-met-4-niveaus\/","og_locale":"fr_FR","og_type":"article","og_title":"Racks pour un stockage s\u00fbr des liquides dangereux | Alu Comfort | Sp\u00e9cialiste B2B","og_description":"Pour un stockage s\u00fbr et organis\u00e9 de vos petits r\u00e9cipients de substances dangereuses, Alu Comfort propose des racks robustes \u00e9quip\u00e9s de bacs de r\u00e9tention. Contactez-nous d\u00e8s aujourd'hui pour d\u00e9couvrir nos solutions sur mesure pour votre entreprise.","og_url":"https:\/\/www.alucomfort.be\/product\/rekken-voor-kleine-blikken-met-4-niveaus\/","og_site_name":"Alu Comfort","article_modified_time":"2025-06-23T23:24:11+00:00","og_image":[{"width":900,"height":1345,"url":"https:\/\/www.alucomfort.be\/wp-content\/uploads\/Rekken-voor-kleine-blikken-S-3017-4E-1.jpg","type":"image\/jpeg"}],"twitter_card":"summary_large_image","schema":{"@context":"https:\/\/schema.org","@graph":[{"@type":"WebPage","@id":"https:\/\/www.alucomfort.be\/product\/rekken-voor-kleine-blikken-met-4-niveaus\/","url":"https:\/\/www.alucomfort.be\/product\/rekken-voor-kleine-blikken-met-4-niveaus\/","name":"Racks pour un stockage s\u00fbr des liquides dangereux | Alu Comfort | Sp\u00e9cialiste B2B","isPartOf":{"@id":"https:\/\/www.alucomfort.be\/#website"},"primaryImageOfPage":{"@id":"https:\/\/www.alucomfort.be\/product\/rekken-voor-kleine-blikken-met-4-niveaus\/#primaryimage"},"image":{"@id":"https:\/\/www.alucomfort.be\/product\/rekken-voor-kleine-blikken-met-4-niveaus\/#primaryimage"},"thumbnailUrl":"https:\/\/www.alucomfort.be\/wp-content\/uploads\/Rekken-voor-kleine-blikken-S-3017-4E-1.jpg","datePublished":"2021-11-13T16:31:26+00:00","dateModified":"2025-06-23T23:24:11+00:00","description":"Pour un stockage s\u00fbr et organis\u00e9 de vos petits r\u00e9cipients de substances dangereuses, Alu Comfort propose des racks robustes \u00e9quip\u00e9s de bacs de r\u00e9tention. Contactez-nous d\u00e8s aujourd'hui pour d\u00e9couvrir nos solutions sur mesure pour votre entreprise.","breadcrumb":{"@id":"https:\/\/www.alucomfort.be\/product\/rekken-voor-kleine-blikken-met-4-niveaus\/#breadcrumb"},"inLanguage":"fr-FR","potentialAction":[{"@type":"ReadAction","target":["https:\/\/www.alucomfort.be\/product\/rekken-voor-kleine-blikken-met-4-niveaus\/"]}]},{"@type":"ImageObject","inLanguage":"fr-FR","@id":"https:\/\/www.alucomfort.be\/product\/rekken-voor-kleine-blikken-met-4-niveaus\/#primaryimage","url":"https:\/\/www.alucomfort.be\/wp-content\/uploads\/Rekken-voor-kleine-blikken-S-3017-4E-1.jpg","contentUrl":"https:\/\/www.alucomfort.be\/wp-content\/uploads\/Rekken-voor-kleine-blikken-S-3017-4E-1.jpg","width":900,"height":1345,"caption":"Rekken voor kleine blikken"},{"@type":"BreadcrumbList","@id":"https:\/\/www.alucomfort.be\/product\/rekken-voor-kleine-blikken-met-4-niveaus\/#breadcrumb","itemListElement":[{"@type":"ListItem","position":1,"name":"Home","item":"https:\/\/www.alucomfort.be\/fr\/"},{"@type":"ListItem","position":2,"name":"Producten","item":"https:\/\/www.alucomfort.be\/producten\/"},{"@type":"ListItem","position":3,"name":"Racks \u00e0 petits r\u00e9cipients avec bac de r\u00e9tention"}]},{"@type":"WebSite","@id":"https:\/\/www.alucomfort.be\/#website","url":"https:\/\/www.alucomfort.be\/","name":"Alu Comfort","description":"","potentialAction":[{"@type":"SearchAction","target":{"@type":"EntryPoint","urlTemplate":"https:\/\/www.alucomfort.be\/?s={search_term_string}"},"query-input":{"@type":"PropertyValueSpecification","valueRequired":true,"valueName":"search_term_string"}}],"inLanguage":"fr-FR"}]}},"_links":{"self":[{"href":"https:\/\/www.alucomfort.be\/fr\/wp-json\/wp\/v2\/product\/213294","targetHints":{"allow":["GET"]}}],"collection":[{"href":"https:\/\/www.alucomfort.be\/fr\/wp-json\/wp\/v2\/product"}],"about":[{"href":"https:\/\/www.alucomfort.be\/fr\/wp-json\/wp\/v2\/types\/product"}],"wp:featuredmedia":[{"embeddable":true,"href":"https:\/\/www.alucomfort.be\/fr\/wp-json\/wp\/v2\/media\/224487"}],"wp:attachment":[{"href":"https:\/\/www.alucomfort.be\/fr\/wp-json\/wp\/v2\/media?parent=213294"}],"wp:term":[{"taxonomy":"product_brand","embeddable":true,"href":"https:\/\/www.alucomfort.be\/fr\/wp-json\/wp\/v2\/product_brand?post=213294"},{"taxonomy":"product_cat","embeddable":true,"href":"https:\/\/www.alucomfort.be\/fr\/wp-json\/wp\/v2\/product_cat?post=213294"},{"taxonomy":"product_tag","embeddable":true,"href":"https:\/\/www.alucomfort.be\/fr\/wp-json\/wp\/v2\/product_tag?post=213294"}],"curies":[{"name":"wp","href":"https:\/\/api.w.org\/{rel}","templated":true}]}}