

{"id":213312,"date":"2021-11-13T18:31:38","date_gmt":"2021-11-13T16:31:38","guid":{"rendered":"https:\/\/www.alucomfort.be\/product\/rayonnages-a-petits-recipients-avec-4-etageres-galvanisess-et-bac-de-retention-galvanise\/"},"modified":"2025-06-24T01:24:24","modified_gmt":"2025-06-23T23:24:24","slug":"rayonnages-a-petits-recipients-avec-4-etageres-galvanisess-et-bac-de-retention-galvanise","status":"publish","type":"product","link":"https:\/\/www.alucomfort.be\/fr\/product\/rayonnages-a-petits-recipients-avec-4-etageres-galvanisess-et-bac-de-retention-galvanise\/","title":{"rendered":"Rayonnages \u00e0 petits r\u00e9cipients avec 4 \u00e9tag\u00e8res galvanis\u00e9ss et bac de r\u00e9tention galvanis\u00e9."},"content":{"rendered":"<p>* Racks de base avec 4 niveaux et en bas avec un grand bac de r\u00e9tention galvanis\u00e9, * Bacs de r\u00e9tention en t\u00f4le d&rsquo;acier 3 mm, * System embo\u00eetable, * En option avec des rayon compl\u00e9mentaire pour plus de place, * 4 niveaux en fonds de rayon galvanis\u00e9s, charge admissible par niveau 150 kg en cas de charge r\u00e9partie uniform\u00e9ment, * Aussi disponible avec bacs de r\u00e9tention en inox.  Veuillez prendre contacte avec nous.<\/p>\n","protected":false},"excerpt":{"rendered":"<p>Rayonnages \u00e0 petits r\u00e9cipients avec 4 \u00e9tag\u00e8res galvanis\u00e9es et en bas avec bac de r\u00e9tention galvanis\u00e9.<\/p>\n","protected":false},"featured_media":224485,"template":"","meta":{"_acf_changed":false},"product_brand":[],"product_cat":[2474],"product_tag":[],"class_list":{"0":"post-213312","1":"product","2":"type-product","3":"status-publish","4":"has-post-thumbnail","6":"product_cat-rayonnages-a-petits-recipients-avec-bacs-de-retention","8":"first","9":"outofstock","10":"taxable","11":"shipping-taxable","12":"purchasable","13":"product-type-variable"},"acf":[],"yoast_head":"<!-- This site is optimized with the Yoast SEO plugin v24.8.1 - https:\/\/yoast.com\/wordpress\/plugins\/seo\/ -->\n<title>Racks de R\u00e9tention pour Liquides Dangereux | Alu Comfort | Protection Optimale<\/title>\n<meta name=\"description\" content=\"Racks de stockage Alu Comfort pour produits dangereux : avec bacs de r\u00e9tention pour un stockage s\u00e9curis\u00e9 de vos liquides.\" \/>\n<meta name=\"robots\" content=\"index, follow, max-snippet:-1, max-image-preview:large, max-video-preview:-1\" \/>\n<link rel=\"canonical\" href=\"https:\/\/www.alucomfort.be\/product\/rekken-voor-kleine-blikken-met-legborden-en-onder-grote-verzinkte-opvangbak\/\" \/>\n<meta property=\"og:locale\" content=\"fr_FR\" \/>\n<meta property=\"og:type\" content=\"article\" \/>\n<meta property=\"og:title\" content=\"Racks de R\u00e9tention pour Liquides Dangereux | Alu Comfort | Protection Optimale\" \/>\n<meta property=\"og:description\" content=\"Racks de stockage Alu Comfort pour produits dangereux : avec bacs de r\u00e9tention pour un stockage s\u00e9curis\u00e9 de vos liquides.\" \/>\n<meta property=\"og:url\" content=\"https:\/\/www.alucomfort.be\/product\/rekken-voor-kleine-blikken-met-legborden-en-onder-grote-verzinkte-opvangbak\/\" \/>\n<meta property=\"og:site_name\" content=\"Alu Comfort\" \/>\n<meta property=\"article:modified_time\" content=\"2025-06-23T23:24:24+00:00\" \/>\n<meta property=\"og:image\" content=\"https:\/\/www.alucomfort.be\/wp-content\/uploads\/Rek-voor-opslag-van-kleine-gevaarlijke-verpakkingen-S-3022-4E-4.jpg\" \/>\n\t<meta property=\"og:image:width\" content=\"900\" \/>\n\t<meta property=\"og:image:height\" content=\"1352\" \/>\n\t<meta property=\"og:image:type\" content=\"image\/jpeg\" \/>\n<meta name=\"twitter:card\" content=\"summary_large_image\" \/>\n<script type=\"application\/ld+json\" class=\"yoast-schema-graph\">{\"@context\":\"https:\/\/schema.org\",\"@graph\":[{\"@type\":\"WebPage\",\"@id\":\"https:\/\/www.alucomfort.be\/product\/rekken-voor-kleine-blikken-met-legborden-en-onder-grote-verzinkte-opvangbak\/\",\"url\":\"https:\/\/www.alucomfort.be\/product\/rekken-voor-kleine-blikken-met-legborden-en-onder-grote-verzinkte-opvangbak\/\",\"name\":\"Racks de R\u00e9tention pour Liquides Dangereux | Alu Comfort | Protection Optimale\",\"isPartOf\":{\"@id\":\"https:\/\/www.alucomfort.be\/#website\"},\"primaryImageOfPage\":{\"@id\":\"https:\/\/www.alucomfort.be\/product\/rekken-voor-kleine-blikken-met-legborden-en-onder-grote-verzinkte-opvangbak\/#primaryimage\"},\"image\":{\"@id\":\"https:\/\/www.alucomfort.be\/product\/rekken-voor-kleine-blikken-met-legborden-en-onder-grote-verzinkte-opvangbak\/#primaryimage\"},\"thumbnailUrl\":\"https:\/\/www.alucomfort.be\/wp-content\/uploads\/Rek-voor-opslag-van-kleine-gevaarlijke-verpakkingen-S-3022-4E-4.jpg\",\"datePublished\":\"2021-11-13T16:31:38+00:00\",\"dateModified\":\"2025-06-23T23:24:24+00:00\",\"description\":\"Racks de stockage Alu Comfort pour produits dangereux : avec bacs de r\u00e9tention pour un stockage s\u00e9curis\u00e9 de vos liquides.\",\"breadcrumb\":{\"@id\":\"https:\/\/www.alucomfort.be\/product\/rekken-voor-kleine-blikken-met-legborden-en-onder-grote-verzinkte-opvangbak\/#breadcrumb\"},\"inLanguage\":\"fr-FR\",\"potentialAction\":[{\"@type\":\"ReadAction\",\"target\":[\"https:\/\/www.alucomfort.be\/product\/rekken-voor-kleine-blikken-met-legborden-en-onder-grote-verzinkte-opvangbak\/\"]}]},{\"@type\":\"ImageObject\",\"inLanguage\":\"fr-FR\",\"@id\":\"https:\/\/www.alucomfort.be\/product\/rekken-voor-kleine-blikken-met-legborden-en-onder-grote-verzinkte-opvangbak\/#primaryimage\",\"url\":\"https:\/\/www.alucomfort.be\/wp-content\/uploads\/Rek-voor-opslag-van-kleine-gevaarlijke-verpakkingen-S-3022-4E-4.jpg\",\"contentUrl\":\"https:\/\/www.alucomfort.be\/wp-content\/uploads\/Rek-voor-opslag-van-kleine-gevaarlijke-verpakkingen-S-3022-4E-4.jpg\",\"width\":900,\"height\":1352,\"caption\":\"Rek voor opslag van kleine, gevaarlijke verpakkingen\"},{\"@type\":\"BreadcrumbList\",\"@id\":\"https:\/\/www.alucomfort.be\/product\/rekken-voor-kleine-blikken-met-legborden-en-onder-grote-verzinkte-opvangbak\/#breadcrumb\",\"itemListElement\":[{\"@type\":\"ListItem\",\"position\":1,\"name\":\"Home\",\"item\":\"https:\/\/www.alucomfort.be\/fr\/\"},{\"@type\":\"ListItem\",\"position\":2,\"name\":\"Producten\",\"item\":\"https:\/\/www.alucomfort.be\/producten\/\"},{\"@type\":\"ListItem\",\"position\":3,\"name\":\"Rayonnages \u00e0 petits r\u00e9cipients avec 4 \u00e9tag\u00e8res galvanis\u00e9ss et bac de r\u00e9tention galvanis\u00e9.\"}]},{\"@type\":\"WebSite\",\"@id\":\"https:\/\/www.alucomfort.be\/#website\",\"url\":\"https:\/\/www.alucomfort.be\/\",\"name\":\"Alu Comfort\",\"description\":\"\",\"potentialAction\":[{\"@type\":\"SearchAction\",\"target\":{\"@type\":\"EntryPoint\",\"urlTemplate\":\"https:\/\/www.alucomfort.be\/?s={search_term_string}\"},\"query-input\":{\"@type\":\"PropertyValueSpecification\",\"valueRequired\":true,\"valueName\":\"search_term_string\"}}],\"inLanguage\":\"fr-FR\"}]}<\/script>\n<!-- \/ Yoast SEO plugin. -->","yoast_head_json":{"title":"Racks de R\u00e9tention pour Liquides Dangereux | Alu Comfort | Protection Optimale","description":"Racks de stockage Alu Comfort pour produits dangereux : avec bacs de r\u00e9tention pour un stockage s\u00e9curis\u00e9 de vos liquides.","robots":{"index":"index","follow":"follow","max-snippet":"max-snippet:-1","max-image-preview":"max-image-preview:large","max-video-preview":"max-video-preview:-1"},"canonical":"https:\/\/www.alucomfort.be\/product\/rekken-voor-kleine-blikken-met-legborden-en-onder-grote-verzinkte-opvangbak\/","og_locale":"fr_FR","og_type":"article","og_title":"Racks de R\u00e9tention pour Liquides Dangereux | Alu Comfort | Protection Optimale","og_description":"Racks de stockage Alu Comfort pour produits dangereux : avec bacs de r\u00e9tention pour un stockage s\u00e9curis\u00e9 de vos liquides.","og_url":"https:\/\/www.alucomfort.be\/product\/rekken-voor-kleine-blikken-met-legborden-en-onder-grote-verzinkte-opvangbak\/","og_site_name":"Alu Comfort","article_modified_time":"2025-06-23T23:24:24+00:00","og_image":[{"width":900,"height":1352,"url":"https:\/\/www.alucomfort.be\/wp-content\/uploads\/Rek-voor-opslag-van-kleine-gevaarlijke-verpakkingen-S-3022-4E-4.jpg","type":"image\/jpeg"}],"twitter_card":"summary_large_image","schema":{"@context":"https:\/\/schema.org","@graph":[{"@type":"WebPage","@id":"https:\/\/www.alucomfort.be\/product\/rekken-voor-kleine-blikken-met-legborden-en-onder-grote-verzinkte-opvangbak\/","url":"https:\/\/www.alucomfort.be\/product\/rekken-voor-kleine-blikken-met-legborden-en-onder-grote-verzinkte-opvangbak\/","name":"Racks de R\u00e9tention pour Liquides Dangereux | Alu Comfort | Protection Optimale","isPartOf":{"@id":"https:\/\/www.alucomfort.be\/#website"},"primaryImageOfPage":{"@id":"https:\/\/www.alucomfort.be\/product\/rekken-voor-kleine-blikken-met-legborden-en-onder-grote-verzinkte-opvangbak\/#primaryimage"},"image":{"@id":"https:\/\/www.alucomfort.be\/product\/rekken-voor-kleine-blikken-met-legborden-en-onder-grote-verzinkte-opvangbak\/#primaryimage"},"thumbnailUrl":"https:\/\/www.alucomfort.be\/wp-content\/uploads\/Rek-voor-opslag-van-kleine-gevaarlijke-verpakkingen-S-3022-4E-4.jpg","datePublished":"2021-11-13T16:31:38+00:00","dateModified":"2025-06-23T23:24:24+00:00","description":"Racks de stockage Alu Comfort pour produits dangereux : avec bacs de r\u00e9tention pour un stockage s\u00e9curis\u00e9 de vos liquides.","breadcrumb":{"@id":"https:\/\/www.alucomfort.be\/product\/rekken-voor-kleine-blikken-met-legborden-en-onder-grote-verzinkte-opvangbak\/#breadcrumb"},"inLanguage":"fr-FR","potentialAction":[{"@type":"ReadAction","target":["https:\/\/www.alucomfort.be\/product\/rekken-voor-kleine-blikken-met-legborden-en-onder-grote-verzinkte-opvangbak\/"]}]},{"@type":"ImageObject","inLanguage":"fr-FR","@id":"https:\/\/www.alucomfort.be\/product\/rekken-voor-kleine-blikken-met-legborden-en-onder-grote-verzinkte-opvangbak\/#primaryimage","url":"https:\/\/www.alucomfort.be\/wp-content\/uploads\/Rek-voor-opslag-van-kleine-gevaarlijke-verpakkingen-S-3022-4E-4.jpg","contentUrl":"https:\/\/www.alucomfort.be\/wp-content\/uploads\/Rek-voor-opslag-van-kleine-gevaarlijke-verpakkingen-S-3022-4E-4.jpg","width":900,"height":1352,"caption":"Rek voor opslag van kleine, gevaarlijke verpakkingen"},{"@type":"BreadcrumbList","@id":"https:\/\/www.alucomfort.be\/product\/rekken-voor-kleine-blikken-met-legborden-en-onder-grote-verzinkte-opvangbak\/#breadcrumb","itemListElement":[{"@type":"ListItem","position":1,"name":"Home","item":"https:\/\/www.alucomfort.be\/fr\/"},{"@type":"ListItem","position":2,"name":"Producten","item":"https:\/\/www.alucomfort.be\/producten\/"},{"@type":"ListItem","position":3,"name":"Rayonnages \u00e0 petits r\u00e9cipients avec 4 \u00e9tag\u00e8res galvanis\u00e9ss et bac de r\u00e9tention galvanis\u00e9."}]},{"@type":"WebSite","@id":"https:\/\/www.alucomfort.be\/#website","url":"https:\/\/www.alucomfort.be\/","name":"Alu Comfort","description":"","potentialAction":[{"@type":"SearchAction","target":{"@type":"EntryPoint","urlTemplate":"https:\/\/www.alucomfort.be\/?s={search_term_string}"},"query-input":{"@type":"PropertyValueSpecification","valueRequired":true,"valueName":"search_term_string"}}],"inLanguage":"fr-FR"}]}},"_links":{"self":[{"href":"https:\/\/www.alucomfort.be\/fr\/wp-json\/wp\/v2\/product\/213312","targetHints":{"allow":["GET"]}}],"collection":[{"href":"https:\/\/www.alucomfort.be\/fr\/wp-json\/wp\/v2\/product"}],"about":[{"href":"https:\/\/www.alucomfort.be\/fr\/wp-json\/wp\/v2\/types\/product"}],"wp:featuredmedia":[{"embeddable":true,"href":"https:\/\/www.alucomfort.be\/fr\/wp-json\/wp\/v2\/media\/224485"}],"wp:attachment":[{"href":"https:\/\/www.alucomfort.be\/fr\/wp-json\/wp\/v2\/media?parent=213312"}],"wp:term":[{"taxonomy":"product_brand","embeddable":true,"href":"https:\/\/www.alucomfort.be\/fr\/wp-json\/wp\/v2\/product_brand?post=213312"},{"taxonomy":"product_cat","embeddable":true,"href":"https:\/\/www.alucomfort.be\/fr\/wp-json\/wp\/v2\/product_cat?post=213312"},{"taxonomy":"product_tag","embeddable":true,"href":"https:\/\/www.alucomfort.be\/fr\/wp-json\/wp\/v2\/product_tag?post=213312"}],"curies":[{"name":"wp","href":"https:\/\/api.w.org\/{rel}","templated":true}]}}