

{"id":213360,"date":"2021-11-13T20:27:21","date_gmt":"2021-11-13T18:27:21","guid":{"rendered":"https:\/\/www.alucomfort.be\/product\/coffre-acier-batteries-lithium-adr\/"},"modified":"2025-07-24T11:30:56","modified_gmt":"2025-07-24T09:30:56","slug":"coffre-acier-batteries-lithium-adr","status":"publish","type":"product","link":"https:\/\/www.alucomfort.be\/fr\/product\/coffre-acier-batteries-lithium-adr\/","title":{"rendered":"Coffre acier batteries lithium ADR"},"content":{"rendered":"<p>* Il s&rsquo;agit d&rsquo;un conteneur de collecte en acier galvanis\u00e9 \u00e0 chaud d&rsquo;une capacit\u00e9 de 120 litres, sp\u00e9cifiquement con\u00e7u pour le stockage s\u00e9curis\u00e9 de mati\u00e8res dangereuses solides. Il est id\u00e9al pour la collecte de batteries endommag\u00e9es en attente d&rsquo;\u00e9limination et doit \u00eatre utilis\u00e9 en combinaison avec un mat\u00e9riau tampon absorbant, * Capacit\u00e9: 120 litres, * Mat\u00e9riau: Conteneur robuste en acier galvanis\u00e9 \u00e0 chaud avec des boucles de fermeture solides, * \u00c9tanch\u00e9it\u00e9: Un joint en caoutchouc sur tout le pourtour prot\u00e8ge contre la p\u00e9n\u00e9tration de l&rsquo;humidit\u00e9, * Couvercle: Le couvercle peut \u00eatre facilement ouvert et verrouill\u00e9 en place en une seule \u00e9tape, * Manutention: Le conteneur est accessible par le dessous, empilable et peut \u00eatre soulev\u00e9 par une grue pour une manipulation ais\u00e9e, * Mat\u00e9riau tampon: \u00c0 utiliser avec de la vermiculite ou du granulat de verre expans\u00e9 comme mat\u00e9riau tampon, * Certification: Homologu\u00e9 UN pour les mati\u00e8res dangereuses solides des groupes d&#8217;emballage I, II et III, * Dimensions externes: 71,5 x 71,5 x 58 cm (L x l x h), * Dimensions internes: 58 x 58 x 39 cm (L x l x h), * Poids: 54 kg \u00e0 vide \/ 170 kg maximum.<\/p>\n","protected":false},"excerpt":{"rendered":"<p>Coffre acier pour le stockage et le transport de batteries endommag\u00e9es<\/p>\n","protected":false},"featured_media":213317,"template":"","meta":{"_acf_changed":false},"product_brand":[],"product_cat":[8742],"product_tag":[],"class_list":{"0":"post-213360","1":"product","2":"type-product","3":"status-publish","4":"has-post-thumbnail","6":"product_cat-armoires-anti-feu-batteries-lithium-ion","8":"first","9":"instock","10":"taxable","11":"shipping-taxable","12":"purchasable","13":"product-type-simple"},"acf":[],"yoast_head":"<!-- This site is optimized with the Yoast SEO plugin v24.8.1 - https:\/\/yoast.com\/wordpress\/plugins\/seo\/ -->\n<title>Conteneurs de Transport &amp; Collecte Lithium (ADR) CEMO | Alu Comfort |<\/title>\n<meta name=\"description\" content=\"Stockage et transport s\u00e9curis\u00e9s pour batteries usag\u00e9es ou endommag\u00e9es (ex: v\u00e9los \u00e9lectriques). Le conteneur CEMO, homologu\u00e9 ADR, est la solution id\u00e9ale avant recyclage.\" \/>\n<meta name=\"robots\" content=\"index, follow, max-snippet:-1, max-image-preview:large, max-video-preview:-1\" \/>\n<link rel=\"canonical\" href=\"https:\/\/www.alucomfort.be\/product\/lithium-verzamel-en-transportcontainer-adr\/\" \/>\n<meta property=\"og:locale\" content=\"fr_FR\" \/>\n<meta property=\"og:type\" content=\"article\" \/>\n<meta property=\"og:title\" content=\"Conteneurs de Transport &amp; Collecte Lithium (ADR) CEMO | Alu Comfort |\" \/>\n<meta property=\"og:description\" content=\"Stockage et transport s\u00e9curis\u00e9s pour batteries usag\u00e9es ou endommag\u00e9es (ex: v\u00e9los \u00e9lectriques). Le conteneur CEMO, homologu\u00e9 ADR, est la solution id\u00e9ale avant recyclage.\" \/>\n<meta property=\"og:url\" content=\"https:\/\/www.alucomfort.be\/product\/lithium-verzamel-en-transportcontainer-adr\/\" \/>\n<meta property=\"og:site_name\" content=\"Alu Comfort\" \/>\n<meta property=\"article:modified_time\" content=\"2025-07-24T09:30:56+00:00\" \/>\n<meta property=\"og:image\" content=\"https:\/\/www.alucomfort.be\/wp-content\/uploads\/Opslagcontainer-Transport-Lithium-Batterijen.jpg\" \/>\n\t<meta property=\"og:image:width\" content=\"1920\" \/>\n\t<meta property=\"og:image:height\" content=\"2621\" \/>\n\t<meta property=\"og:image:type\" content=\"image\/jpeg\" \/>\n<meta name=\"twitter:card\" content=\"summary_large_image\" \/>\n<meta name=\"twitter:label1\" content=\"Dur\u00e9e de lecture estim\u00e9e\" \/>\n\t<meta name=\"twitter:data1\" content=\"1 minute\" \/>\n<script type=\"application\/ld+json\" class=\"yoast-schema-graph\">{\"@context\":\"https:\/\/schema.org\",\"@graph\":[{\"@type\":\"WebPage\",\"@id\":\"https:\/\/www.alucomfort.be\/product\/lithium-verzamel-en-transportcontainer-adr\/\",\"url\":\"https:\/\/www.alucomfort.be\/product\/lithium-verzamel-en-transportcontainer-adr\/\",\"name\":\"Conteneurs de Transport & Collecte Lithium (ADR) CEMO | Alu Comfort |\",\"isPartOf\":{\"@id\":\"https:\/\/www.alucomfort.be\/#website\"},\"primaryImageOfPage\":{\"@id\":\"https:\/\/www.alucomfort.be\/product\/lithium-verzamel-en-transportcontainer-adr\/#primaryimage\"},\"image\":{\"@id\":\"https:\/\/www.alucomfort.be\/product\/lithium-verzamel-en-transportcontainer-adr\/#primaryimage\"},\"thumbnailUrl\":\"https:\/\/www.alucomfort.be\/wp-content\/uploads\/Opslagcontainer-Transport-Lithium-Batterijen.jpg\",\"datePublished\":\"2021-11-13T18:27:21+00:00\",\"dateModified\":\"2025-07-24T09:30:56+00:00\",\"description\":\"Stockage et transport s\u00e9curis\u00e9s pour batteries usag\u00e9es ou endommag\u00e9es (ex: v\u00e9los \u00e9lectriques). Le conteneur CEMO, homologu\u00e9 ADR, est la solution id\u00e9ale avant recyclage.\",\"breadcrumb\":{\"@id\":\"https:\/\/www.alucomfort.be\/product\/lithium-verzamel-en-transportcontainer-adr\/#breadcrumb\"},\"inLanguage\":\"fr-FR\",\"potentialAction\":[{\"@type\":\"ReadAction\",\"target\":[\"https:\/\/www.alucomfort.be\/product\/lithium-verzamel-en-transportcontainer-adr\/\"]}]},{\"@type\":\"ImageObject\",\"inLanguage\":\"fr-FR\",\"@id\":\"https:\/\/www.alucomfort.be\/product\/lithium-verzamel-en-transportcontainer-adr\/#primaryimage\",\"url\":\"https:\/\/www.alucomfort.be\/wp-content\/uploads\/Opslagcontainer-Transport-Lithium-Batterijen.jpg\",\"contentUrl\":\"https:\/\/www.alucomfort.be\/wp-content\/uploads\/Opslagcontainer-Transport-Lithium-Batterijen.jpg\",\"width\":1920,\"height\":2621,\"caption\":\"Opslagcontainer Transport Lithium Batterijen\"},{\"@type\":\"BreadcrumbList\",\"@id\":\"https:\/\/www.alucomfort.be\/product\/lithium-verzamel-en-transportcontainer-adr\/#breadcrumb\",\"itemListElement\":[{\"@type\":\"ListItem\",\"position\":1,\"name\":\"Home\",\"item\":\"https:\/\/www.alucomfort.be\/fr\/\"},{\"@type\":\"ListItem\",\"position\":2,\"name\":\"Producten\",\"item\":\"https:\/\/www.alucomfort.be\/producten\/\"},{\"@type\":\"ListItem\",\"position\":3,\"name\":\"Coffre acier batteries lithium ADR\"}]},{\"@type\":\"WebSite\",\"@id\":\"https:\/\/www.alucomfort.be\/#website\",\"url\":\"https:\/\/www.alucomfort.be\/\",\"name\":\"Alu Comfort\",\"description\":\"\",\"potentialAction\":[{\"@type\":\"SearchAction\",\"target\":{\"@type\":\"EntryPoint\",\"urlTemplate\":\"https:\/\/www.alucomfort.be\/?s={search_term_string}\"},\"query-input\":{\"@type\":\"PropertyValueSpecification\",\"valueRequired\":true,\"valueName\":\"search_term_string\"}}],\"inLanguage\":\"fr-FR\"}]}<\/script>\n<!-- \/ Yoast SEO plugin. -->","yoast_head_json":{"title":"Conteneurs de Transport & Collecte Lithium (ADR) CEMO | Alu Comfort |","description":"Stockage et transport s\u00e9curis\u00e9s pour batteries usag\u00e9es ou endommag\u00e9es (ex: v\u00e9los \u00e9lectriques). Le conteneur CEMO, homologu\u00e9 ADR, est la solution id\u00e9ale avant recyclage.","robots":{"index":"index","follow":"follow","max-snippet":"max-snippet:-1","max-image-preview":"max-image-preview:large","max-video-preview":"max-video-preview:-1"},"canonical":"https:\/\/www.alucomfort.be\/product\/lithium-verzamel-en-transportcontainer-adr\/","og_locale":"fr_FR","og_type":"article","og_title":"Conteneurs de Transport & Collecte Lithium (ADR) CEMO | Alu Comfort |","og_description":"Stockage et transport s\u00e9curis\u00e9s pour batteries usag\u00e9es ou endommag\u00e9es (ex: v\u00e9los \u00e9lectriques). Le conteneur CEMO, homologu\u00e9 ADR, est la solution id\u00e9ale avant recyclage.","og_url":"https:\/\/www.alucomfort.be\/product\/lithium-verzamel-en-transportcontainer-adr\/","og_site_name":"Alu Comfort","article_modified_time":"2025-07-24T09:30:56+00:00","og_image":[{"width":1920,"height":2621,"url":"https:\/\/www.alucomfort.be\/wp-content\/uploads\/Opslagcontainer-Transport-Lithium-Batterijen.jpg","type":"image\/jpeg"}],"twitter_card":"summary_large_image","twitter_misc":{"Dur\u00e9e de lecture estim\u00e9e":"1 minute"},"schema":{"@context":"https:\/\/schema.org","@graph":[{"@type":"WebPage","@id":"https:\/\/www.alucomfort.be\/product\/lithium-verzamel-en-transportcontainer-adr\/","url":"https:\/\/www.alucomfort.be\/product\/lithium-verzamel-en-transportcontainer-adr\/","name":"Conteneurs de Transport & Collecte Lithium (ADR) CEMO | Alu Comfort |","isPartOf":{"@id":"https:\/\/www.alucomfort.be\/#website"},"primaryImageOfPage":{"@id":"https:\/\/www.alucomfort.be\/product\/lithium-verzamel-en-transportcontainer-adr\/#primaryimage"},"image":{"@id":"https:\/\/www.alucomfort.be\/product\/lithium-verzamel-en-transportcontainer-adr\/#primaryimage"},"thumbnailUrl":"https:\/\/www.alucomfort.be\/wp-content\/uploads\/Opslagcontainer-Transport-Lithium-Batterijen.jpg","datePublished":"2021-11-13T18:27:21+00:00","dateModified":"2025-07-24T09:30:56+00:00","description":"Stockage et transport s\u00e9curis\u00e9s pour batteries usag\u00e9es ou endommag\u00e9es (ex: v\u00e9los \u00e9lectriques). Le conteneur CEMO, homologu\u00e9 ADR, est la solution id\u00e9ale avant recyclage.","breadcrumb":{"@id":"https:\/\/www.alucomfort.be\/product\/lithium-verzamel-en-transportcontainer-adr\/#breadcrumb"},"inLanguage":"fr-FR","potentialAction":[{"@type":"ReadAction","target":["https:\/\/www.alucomfort.be\/product\/lithium-verzamel-en-transportcontainer-adr\/"]}]},{"@type":"ImageObject","inLanguage":"fr-FR","@id":"https:\/\/www.alucomfort.be\/product\/lithium-verzamel-en-transportcontainer-adr\/#primaryimage","url":"https:\/\/www.alucomfort.be\/wp-content\/uploads\/Opslagcontainer-Transport-Lithium-Batterijen.jpg","contentUrl":"https:\/\/www.alucomfort.be\/wp-content\/uploads\/Opslagcontainer-Transport-Lithium-Batterijen.jpg","width":1920,"height":2621,"caption":"Opslagcontainer Transport Lithium Batterijen"},{"@type":"BreadcrumbList","@id":"https:\/\/www.alucomfort.be\/product\/lithium-verzamel-en-transportcontainer-adr\/#breadcrumb","itemListElement":[{"@type":"ListItem","position":1,"name":"Home","item":"https:\/\/www.alucomfort.be\/fr\/"},{"@type":"ListItem","position":2,"name":"Producten","item":"https:\/\/www.alucomfort.be\/producten\/"},{"@type":"ListItem","position":3,"name":"Coffre acier batteries lithium ADR"}]},{"@type":"WebSite","@id":"https:\/\/www.alucomfort.be\/#website","url":"https:\/\/www.alucomfort.be\/","name":"Alu Comfort","description":"","potentialAction":[{"@type":"SearchAction","target":{"@type":"EntryPoint","urlTemplate":"https:\/\/www.alucomfort.be\/?s={search_term_string}"},"query-input":{"@type":"PropertyValueSpecification","valueRequired":true,"valueName":"search_term_string"}}],"inLanguage":"fr-FR"}]}},"_links":{"self":[{"href":"https:\/\/www.alucomfort.be\/fr\/wp-json\/wp\/v2\/product\/213360","targetHints":{"allow":["GET"]}}],"collection":[{"href":"https:\/\/www.alucomfort.be\/fr\/wp-json\/wp\/v2\/product"}],"about":[{"href":"https:\/\/www.alucomfort.be\/fr\/wp-json\/wp\/v2\/types\/product"}],"wp:featuredmedia":[{"embeddable":true,"href":"https:\/\/www.alucomfort.be\/fr\/wp-json\/wp\/v2\/media\/213317"}],"wp:attachment":[{"href":"https:\/\/www.alucomfort.be\/fr\/wp-json\/wp\/v2\/media?parent=213360"}],"wp:term":[{"taxonomy":"product_brand","embeddable":true,"href":"https:\/\/www.alucomfort.be\/fr\/wp-json\/wp\/v2\/product_brand?post=213360"},{"taxonomy":"product_cat","embeddable":true,"href":"https:\/\/www.alucomfort.be\/fr\/wp-json\/wp\/v2\/product_cat?post=213360"},{"taxonomy":"product_tag","embeddable":true,"href":"https:\/\/www.alucomfort.be\/fr\/wp-json\/wp\/v2\/product_tag?post=213360"}],"curies":[{"name":"wp","href":"https:\/\/api.w.org\/{rel}","templated":true}]}}