

{"id":213362,"date":"2021-11-13T20:27:24","date_gmt":"2021-11-13T18:27:24","guid":{"rendered":"https:\/\/www.alucomfort.be\/product\/fut-batteries-lithium-adr\/"},"modified":"2025-07-24T11:30:57","modified_gmt":"2025-07-24T09:30:57","slug":"fut-batteries-lithium-adr","status":"publish","type":"product","link":"https:\/\/www.alucomfort.be\/fr\/product\/fut-batteries-lithium-adr\/","title":{"rendered":"F\u00fbt batteries Lithium ADR"},"content":{"rendered":"<p>* Ce f\u00fbt de s\u00e9curit\u00e9 est une solution certifi\u00e9e, sp\u00e9cifiquement con\u00e7ue pour le stockage et le transport s\u00e9curis\u00e9s des batteries au lithium endommag\u00e9es, d\u00e9fectueuses ou destin\u00e9es \u00e0 l&rsquo;\u00e9limination. Gr\u00e2ce \u00e0 une soupape sp\u00e9ciale pour la d\u00e9compression et \u00e0 l&rsquo;utilisation de vermiculite comme mat\u00e9riau de calage, le f\u00fbt minimise les risques durant les phases critiques de stockage et de transport, * Application: Id\u00e9al pour le stockage s\u00e9curis\u00e9 de batteries d\u00e9fectueuses de v\u00e9los \u00e9lectriques, d&rsquo;outils \u00e9lectroportatifs, etc., en attente d&rsquo;une \u00e9limination correcte, * Certification : Homologu\u00e9 UN pour le transport de mati\u00e8res solides dangereuses, y compris les batteries au lithium (UN 3480 &#038; UN 3090) de 0,5 \u00e0 5 kg. Appropri\u00e9 pour les groupes d&#8217;emballage I, II et III, * Dispositif de s\u00e9curit\u00e9 : \u00c9quip\u00e9 d&rsquo;une soupape sp\u00e9ciale dans le couvercle qui assure une d\u00e9compression en cas d&rsquo;incident, * Inclus : Livr\u00e9 avec un remplissage partiel de vermiculite servant de mat\u00e9riau de calage et un sac en plastique, * Contenance : 60 litres, * Dimensions (\u00d8 x Hauteur) : 38 x 66 cm, * Poids (\u00e0 vide) : 4,9 kg, * Poids total autoris\u00e9 : 60 kg.<\/p>\n","protected":false},"excerpt":{"rendered":"<p>F\u00fbt de s\u00e9curit\u00e9 pour batteries CEMO<\/p>\n","protected":false},"featured_media":213323,"template":"","meta":{"_acf_changed":false},"product_brand":[],"product_cat":[8742],"product_tag":[],"class_list":{"0":"post-213362","1":"product","2":"type-product","3":"status-publish","4":"has-post-thumbnail","6":"product_cat-armoires-anti-feu-batteries-lithium-ion","8":"first","9":"instock","10":"taxable","11":"shipping-taxable","12":"purchasable","13":"product-type-simple"},"acf":[],"yoast_head":"<!-- This site is optimized with the Yoast SEO plugin v24.8.1 - https:\/\/yoast.com\/wordpress\/plugins\/seo\/ -->\n<title>F\u00fbt de s\u00e9curit\u00e9 ADR pour Batteries Lithium | Alu Comfort |<\/title>\n<meta name=\"description\" content=\"Stocker et transporter vos batteries lithium d\u00e9fectueuses en s\u00e9curit\u00e9 ? Ce f\u00fbt ADR, homologu\u00e9 UN, minimise le risque d&#039;incendie. D\u00e9couvrez les specs et commandez.\" \/>\n<meta name=\"robots\" content=\"index, follow, max-snippet:-1, max-image-preview:large, max-video-preview:-1\" \/>\n<link rel=\"canonical\" href=\"https:\/\/www.alucomfort.be\/product\/veiligheidsvat-voor-transport-lithium-accus\/\" \/>\n<meta property=\"og:locale\" content=\"fr_FR\" \/>\n<meta property=\"og:type\" content=\"article\" \/>\n<meta property=\"og:title\" content=\"F\u00fbt de s\u00e9curit\u00e9 ADR pour Batteries Lithium | Alu Comfort |\" \/>\n<meta property=\"og:description\" content=\"Stocker et transporter vos batteries lithium d\u00e9fectueuses en s\u00e9curit\u00e9 ? Ce f\u00fbt ADR, homologu\u00e9 UN, minimise le risque d&#039;incendie. D\u00e9couvrez les specs et commandez.\" \/>\n<meta property=\"og:url\" content=\"https:\/\/www.alucomfort.be\/product\/veiligheidsvat-voor-transport-lithium-accus\/\" \/>\n<meta property=\"og:site_name\" content=\"Alu Comfort\" \/>\n<meta property=\"article:modified_time\" content=\"2025-07-24T09:30:57+00:00\" \/>\n<meta property=\"og:image\" content=\"https:\/\/www.alucomfort.be\/wp-content\/uploads\/Veiligheidsvat-lithium-Accu.jpg\" \/>\n\t<meta property=\"og:image:width\" content=\"1876\" \/>\n\t<meta property=\"og:image:height\" content=\"3666\" \/>\n\t<meta property=\"og:image:type\" content=\"image\/jpeg\" \/>\n<meta name=\"twitter:card\" content=\"summary_large_image\" \/>\n<meta name=\"twitter:label1\" content=\"Dur\u00e9e de lecture estim\u00e9e\" \/>\n\t<meta name=\"twitter:data1\" content=\"1 minute\" \/>\n<script type=\"application\/ld+json\" class=\"yoast-schema-graph\">{\"@context\":\"https:\/\/schema.org\",\"@graph\":[{\"@type\":\"WebPage\",\"@id\":\"https:\/\/www.alucomfort.be\/product\/veiligheidsvat-voor-transport-lithium-accus\/\",\"url\":\"https:\/\/www.alucomfort.be\/product\/veiligheidsvat-voor-transport-lithium-accus\/\",\"name\":\"F\u00fbt de s\u00e9curit\u00e9 ADR pour Batteries Lithium | Alu Comfort |\",\"isPartOf\":{\"@id\":\"https:\/\/www.alucomfort.be\/#website\"},\"primaryImageOfPage\":{\"@id\":\"https:\/\/www.alucomfort.be\/product\/veiligheidsvat-voor-transport-lithium-accus\/#primaryimage\"},\"image\":{\"@id\":\"https:\/\/www.alucomfort.be\/product\/veiligheidsvat-voor-transport-lithium-accus\/#primaryimage\"},\"thumbnailUrl\":\"https:\/\/www.alucomfort.be\/wp-content\/uploads\/Veiligheidsvat-lithium-Accu.jpg\",\"datePublished\":\"2021-11-13T18:27:24+00:00\",\"dateModified\":\"2025-07-24T09:30:57+00:00\",\"description\":\"Stocker et transporter vos batteries lithium d\u00e9fectueuses en s\u00e9curit\u00e9 ? Ce f\u00fbt ADR, homologu\u00e9 UN, minimise le risque d'incendie. D\u00e9couvrez les specs et commandez.\",\"breadcrumb\":{\"@id\":\"https:\/\/www.alucomfort.be\/product\/veiligheidsvat-voor-transport-lithium-accus\/#breadcrumb\"},\"inLanguage\":\"fr-FR\",\"potentialAction\":[{\"@type\":\"ReadAction\",\"target\":[\"https:\/\/www.alucomfort.be\/product\/veiligheidsvat-voor-transport-lithium-accus\/\"]}]},{\"@type\":\"ImageObject\",\"inLanguage\":\"fr-FR\",\"@id\":\"https:\/\/www.alucomfort.be\/product\/veiligheidsvat-voor-transport-lithium-accus\/#primaryimage\",\"url\":\"https:\/\/www.alucomfort.be\/wp-content\/uploads\/Veiligheidsvat-lithium-Accu.jpg\",\"contentUrl\":\"https:\/\/www.alucomfort.be\/wp-content\/uploads\/Veiligheidsvat-lithium-Accu.jpg\",\"width\":1876,\"height\":3666,\"caption\":\"Veiligheidsvat lithium Accu\"},{\"@type\":\"BreadcrumbList\",\"@id\":\"https:\/\/www.alucomfort.be\/product\/veiligheidsvat-voor-transport-lithium-accus\/#breadcrumb\",\"itemListElement\":[{\"@type\":\"ListItem\",\"position\":1,\"name\":\"Home\",\"item\":\"https:\/\/www.alucomfort.be\/fr\/\"},{\"@type\":\"ListItem\",\"position\":2,\"name\":\"Producten\",\"item\":\"https:\/\/www.alucomfort.be\/producten\/\"},{\"@type\":\"ListItem\",\"position\":3,\"name\":\"F\u00fbt batteries Lithium ADR\"}]},{\"@type\":\"WebSite\",\"@id\":\"https:\/\/www.alucomfort.be\/#website\",\"url\":\"https:\/\/www.alucomfort.be\/\",\"name\":\"Alu Comfort\",\"description\":\"\",\"potentialAction\":[{\"@type\":\"SearchAction\",\"target\":{\"@type\":\"EntryPoint\",\"urlTemplate\":\"https:\/\/www.alucomfort.be\/?s={search_term_string}\"},\"query-input\":{\"@type\":\"PropertyValueSpecification\",\"valueRequired\":true,\"valueName\":\"search_term_string\"}}],\"inLanguage\":\"fr-FR\"}]}<\/script>\n<!-- \/ Yoast SEO plugin. -->","yoast_head_json":{"title":"F\u00fbt de s\u00e9curit\u00e9 ADR pour Batteries Lithium | Alu Comfort |","description":"Stocker et transporter vos batteries lithium d\u00e9fectueuses en s\u00e9curit\u00e9 ? Ce f\u00fbt ADR, homologu\u00e9 UN, minimise le risque d'incendie. D\u00e9couvrez les specs et commandez.","robots":{"index":"index","follow":"follow","max-snippet":"max-snippet:-1","max-image-preview":"max-image-preview:large","max-video-preview":"max-video-preview:-1"},"canonical":"https:\/\/www.alucomfort.be\/product\/veiligheidsvat-voor-transport-lithium-accus\/","og_locale":"fr_FR","og_type":"article","og_title":"F\u00fbt de s\u00e9curit\u00e9 ADR pour Batteries Lithium | Alu Comfort |","og_description":"Stocker et transporter vos batteries lithium d\u00e9fectueuses en s\u00e9curit\u00e9 ? Ce f\u00fbt ADR, homologu\u00e9 UN, minimise le risque d'incendie. D\u00e9couvrez les specs et commandez.","og_url":"https:\/\/www.alucomfort.be\/product\/veiligheidsvat-voor-transport-lithium-accus\/","og_site_name":"Alu Comfort","article_modified_time":"2025-07-24T09:30:57+00:00","og_image":[{"width":1876,"height":3666,"url":"https:\/\/www.alucomfort.be\/wp-content\/uploads\/Veiligheidsvat-lithium-Accu.jpg","type":"image\/jpeg"}],"twitter_card":"summary_large_image","twitter_misc":{"Dur\u00e9e de lecture estim\u00e9e":"1 minute"},"schema":{"@context":"https:\/\/schema.org","@graph":[{"@type":"WebPage","@id":"https:\/\/www.alucomfort.be\/product\/veiligheidsvat-voor-transport-lithium-accus\/","url":"https:\/\/www.alucomfort.be\/product\/veiligheidsvat-voor-transport-lithium-accus\/","name":"F\u00fbt de s\u00e9curit\u00e9 ADR pour Batteries Lithium | Alu Comfort |","isPartOf":{"@id":"https:\/\/www.alucomfort.be\/#website"},"primaryImageOfPage":{"@id":"https:\/\/www.alucomfort.be\/product\/veiligheidsvat-voor-transport-lithium-accus\/#primaryimage"},"image":{"@id":"https:\/\/www.alucomfort.be\/product\/veiligheidsvat-voor-transport-lithium-accus\/#primaryimage"},"thumbnailUrl":"https:\/\/www.alucomfort.be\/wp-content\/uploads\/Veiligheidsvat-lithium-Accu.jpg","datePublished":"2021-11-13T18:27:24+00:00","dateModified":"2025-07-24T09:30:57+00:00","description":"Stocker et transporter vos batteries lithium d\u00e9fectueuses en s\u00e9curit\u00e9 ? Ce f\u00fbt ADR, homologu\u00e9 UN, minimise le risque d'incendie. D\u00e9couvrez les specs et commandez.","breadcrumb":{"@id":"https:\/\/www.alucomfort.be\/product\/veiligheidsvat-voor-transport-lithium-accus\/#breadcrumb"},"inLanguage":"fr-FR","potentialAction":[{"@type":"ReadAction","target":["https:\/\/www.alucomfort.be\/product\/veiligheidsvat-voor-transport-lithium-accus\/"]}]},{"@type":"ImageObject","inLanguage":"fr-FR","@id":"https:\/\/www.alucomfort.be\/product\/veiligheidsvat-voor-transport-lithium-accus\/#primaryimage","url":"https:\/\/www.alucomfort.be\/wp-content\/uploads\/Veiligheidsvat-lithium-Accu.jpg","contentUrl":"https:\/\/www.alucomfort.be\/wp-content\/uploads\/Veiligheidsvat-lithium-Accu.jpg","width":1876,"height":3666,"caption":"Veiligheidsvat lithium Accu"},{"@type":"BreadcrumbList","@id":"https:\/\/www.alucomfort.be\/product\/veiligheidsvat-voor-transport-lithium-accus\/#breadcrumb","itemListElement":[{"@type":"ListItem","position":1,"name":"Home","item":"https:\/\/www.alucomfort.be\/fr\/"},{"@type":"ListItem","position":2,"name":"Producten","item":"https:\/\/www.alucomfort.be\/producten\/"},{"@type":"ListItem","position":3,"name":"F\u00fbt batteries Lithium ADR"}]},{"@type":"WebSite","@id":"https:\/\/www.alucomfort.be\/#website","url":"https:\/\/www.alucomfort.be\/","name":"Alu Comfort","description":"","potentialAction":[{"@type":"SearchAction","target":{"@type":"EntryPoint","urlTemplate":"https:\/\/www.alucomfort.be\/?s={search_term_string}"},"query-input":{"@type":"PropertyValueSpecification","valueRequired":true,"valueName":"search_term_string"}}],"inLanguage":"fr-FR"}]}},"_links":{"self":[{"href":"https:\/\/www.alucomfort.be\/fr\/wp-json\/wp\/v2\/product\/213362","targetHints":{"allow":["GET"]}}],"collection":[{"href":"https:\/\/www.alucomfort.be\/fr\/wp-json\/wp\/v2\/product"}],"about":[{"href":"https:\/\/www.alucomfort.be\/fr\/wp-json\/wp\/v2\/types\/product"}],"wp:featuredmedia":[{"embeddable":true,"href":"https:\/\/www.alucomfort.be\/fr\/wp-json\/wp\/v2\/media\/213323"}],"wp:attachment":[{"href":"https:\/\/www.alucomfort.be\/fr\/wp-json\/wp\/v2\/media?parent=213362"}],"wp:term":[{"taxonomy":"product_brand","embeddable":true,"href":"https:\/\/www.alucomfort.be\/fr\/wp-json\/wp\/v2\/product_brand?post=213362"},{"taxonomy":"product_cat","embeddable":true,"href":"https:\/\/www.alucomfort.be\/fr\/wp-json\/wp\/v2\/product_cat?post=213362"},{"taxonomy":"product_tag","embeddable":true,"href":"https:\/\/www.alucomfort.be\/fr\/wp-json\/wp\/v2\/product_tag?post=213362"}],"curies":[{"name":"wp","href":"https:\/\/api.w.org\/{rel}","templated":true}]}}