

{"id":213364,"date":"2021-11-13T20:27:26","date_gmt":"2021-11-13T18:27:26","guid":{"rendered":"https:\/\/www.alucomfort.be\/product\/box-batteries-lithium-adr\/"},"modified":"2025-07-24T11:31:03","modified_gmt":"2025-07-24T09:31:03","slug":"box-batteries-lithium-adr","status":"publish","type":"product","link":"https:\/\/www.alucomfort.be\/fr\/product\/box-batteries-lithium-adr\/","title":{"rendered":"Box batteries lithium ADR"},"content":{"rendered":"<p>* Pour garantir la s\u00e9curit\u00e9 lors du stockage et du transport des produits dangereux, l&rsquo;utilisation d&rsquo;un absorbant comme la vermiculite est recommand\u00e9e, * Box en PEHD, r\u00e9sistant aux chocs, anti-UV et \u00e9tanch, * Con\u00e7u pour un transport conforme \u00e0 l&rsquo;ADR, * Box empilable, * Charge maximale : 300 kg pour le box de 195 L et 400 kg pour le box de 610 L, * Livr\u00e9 avec un couvercle et un jeu de deux sangle, * Certification: Certification UN pour le transport de batteries au lithium dans les groupes d&#8217;emballage II et III.<\/p>\n","protected":false},"excerpt":{"rendered":"<p>Coffre pour le stockage et le transport de batteries lithium<\/p>\n","protected":false},"featured_media":213331,"template":"","meta":{"_acf_changed":false},"product_brand":[],"product_cat":[8742],"product_tag":[],"class_list":{"0":"post-213364","1":"product","2":"type-product","3":"status-publish","4":"has-post-thumbnail","6":"product_cat-armoires-anti-feu-batteries-lithium-ion","8":"first","9":"outofstock","10":"taxable","11":"shipping-taxable","12":"purchasable","13":"product-type-variable"},"acf":[],"yoast_head":"<!-- This site is optimized with the Yoast SEO plugin v24.8.1 - https:\/\/yoast.com\/wordpress\/plugins\/seo\/ -->\n<title>Conteneur de Collecte ADR pour Batteries Lithium | Alu Comfort | CEMO<\/title>\n<meta name=\"description\" content=\"La solution id\u00e9ale pour batteries lithium usag\u00e9es. Nos conteneurs de collecte CEMO garantissent un stockage s\u00fbr et un transport conforme \u00e0 l&#039;ADR. Consultez votre sp\u00e9cialiste CEMO.\" \/>\n<meta name=\"robots\" content=\"index, follow, max-snippet:-1, max-image-preview:large, max-video-preview:-1\" \/>\n<link rel=\"canonical\" href=\"https:\/\/www.alucomfort.be\/product\/kunststof-verzamel-en-transportcontainer-lithium-accus\/\" \/>\n<meta property=\"og:locale\" content=\"fr_FR\" \/>\n<meta property=\"og:type\" content=\"article\" \/>\n<meta property=\"og:title\" content=\"Conteneur de Collecte ADR pour Batteries Lithium | Alu Comfort | CEMO\" \/>\n<meta property=\"og:description\" content=\"La solution id\u00e9ale pour batteries lithium usag\u00e9es. Nos conteneurs de collecte CEMO garantissent un stockage s\u00fbr et un transport conforme \u00e0 l&#039;ADR. Consultez votre sp\u00e9cialiste CEMO.\" \/>\n<meta property=\"og:url\" content=\"https:\/\/www.alucomfort.be\/product\/kunststof-verzamel-en-transportcontainer-lithium-accus\/\" \/>\n<meta property=\"og:site_name\" content=\"Alu Comfort\" \/>\n<meta property=\"article:modified_time\" content=\"2025-07-24T09:31:03+00:00\" \/>\n<meta property=\"og:image\" content=\"https:\/\/www.alucomfort.be\/wp-content\/uploads\/Kunststof-Opslagcontainers-Lithium-Accu.jpg\" \/>\n\t<meta property=\"og:image:width\" content=\"1734\" \/>\n\t<meta property=\"og:image:height\" content=\"976\" \/>\n\t<meta property=\"og:image:type\" content=\"image\/jpeg\" \/>\n<meta name=\"twitter:card\" content=\"summary_large_image\" \/>\n<script type=\"application\/ld+json\" class=\"yoast-schema-graph\">{\"@context\":\"https:\/\/schema.org\",\"@graph\":[{\"@type\":\"WebPage\",\"@id\":\"https:\/\/www.alucomfort.be\/product\/kunststof-verzamel-en-transportcontainer-lithium-accus\/\",\"url\":\"https:\/\/www.alucomfort.be\/product\/kunststof-verzamel-en-transportcontainer-lithium-accus\/\",\"name\":\"Conteneur de Collecte ADR pour Batteries Lithium | Alu Comfort | CEMO\",\"isPartOf\":{\"@id\":\"https:\/\/www.alucomfort.be\/#website\"},\"primaryImageOfPage\":{\"@id\":\"https:\/\/www.alucomfort.be\/product\/kunststof-verzamel-en-transportcontainer-lithium-accus\/#primaryimage\"},\"image\":{\"@id\":\"https:\/\/www.alucomfort.be\/product\/kunststof-verzamel-en-transportcontainer-lithium-accus\/#primaryimage\"},\"thumbnailUrl\":\"https:\/\/www.alucomfort.be\/wp-content\/uploads\/Kunststof-Opslagcontainers-Lithium-Accu.jpg\",\"datePublished\":\"2021-11-13T18:27:26+00:00\",\"dateModified\":\"2025-07-24T09:31:03+00:00\",\"description\":\"La solution id\u00e9ale pour batteries lithium usag\u00e9es. Nos conteneurs de collecte CEMO garantissent un stockage s\u00fbr et un transport conforme \u00e0 l'ADR. Consultez votre sp\u00e9cialiste CEMO.\",\"breadcrumb\":{\"@id\":\"https:\/\/www.alucomfort.be\/product\/kunststof-verzamel-en-transportcontainer-lithium-accus\/#breadcrumb\"},\"inLanguage\":\"fr-FR\",\"potentialAction\":[{\"@type\":\"ReadAction\",\"target\":[\"https:\/\/www.alucomfort.be\/product\/kunststof-verzamel-en-transportcontainer-lithium-accus\/\"]}]},{\"@type\":\"ImageObject\",\"inLanguage\":\"fr-FR\",\"@id\":\"https:\/\/www.alucomfort.be\/product\/kunststof-verzamel-en-transportcontainer-lithium-accus\/#primaryimage\",\"url\":\"https:\/\/www.alucomfort.be\/wp-content\/uploads\/Kunststof-Opslagcontainers-Lithium-Accu.jpg\",\"contentUrl\":\"https:\/\/www.alucomfort.be\/wp-content\/uploads\/Kunststof-Opslagcontainers-Lithium-Accu.jpg\",\"width\":1734,\"height\":976,\"caption\":\"Kunststof Opslagcontainers Lithium Accu\"},{\"@type\":\"BreadcrumbList\",\"@id\":\"https:\/\/www.alucomfort.be\/product\/kunststof-verzamel-en-transportcontainer-lithium-accus\/#breadcrumb\",\"itemListElement\":[{\"@type\":\"ListItem\",\"position\":1,\"name\":\"Home\",\"item\":\"https:\/\/www.alucomfort.be\/fr\/\"},{\"@type\":\"ListItem\",\"position\":2,\"name\":\"Producten\",\"item\":\"https:\/\/www.alucomfort.be\/producten\/\"},{\"@type\":\"ListItem\",\"position\":3,\"name\":\"Box batteries lithium ADR\"}]},{\"@type\":\"WebSite\",\"@id\":\"https:\/\/www.alucomfort.be\/#website\",\"url\":\"https:\/\/www.alucomfort.be\/\",\"name\":\"Alu Comfort\",\"description\":\"\",\"potentialAction\":[{\"@type\":\"SearchAction\",\"target\":{\"@type\":\"EntryPoint\",\"urlTemplate\":\"https:\/\/www.alucomfort.be\/?s={search_term_string}\"},\"query-input\":{\"@type\":\"PropertyValueSpecification\",\"valueRequired\":true,\"valueName\":\"search_term_string\"}}],\"inLanguage\":\"fr-FR\"}]}<\/script>\n<!-- \/ Yoast SEO plugin. -->","yoast_head_json":{"title":"Conteneur de Collecte ADR pour Batteries Lithium | Alu Comfort | CEMO","description":"La solution id\u00e9ale pour batteries lithium usag\u00e9es. Nos conteneurs de collecte CEMO garantissent un stockage s\u00fbr et un transport conforme \u00e0 l'ADR. Consultez votre sp\u00e9cialiste CEMO.","robots":{"index":"index","follow":"follow","max-snippet":"max-snippet:-1","max-image-preview":"max-image-preview:large","max-video-preview":"max-video-preview:-1"},"canonical":"https:\/\/www.alucomfort.be\/product\/kunststof-verzamel-en-transportcontainer-lithium-accus\/","og_locale":"fr_FR","og_type":"article","og_title":"Conteneur de Collecte ADR pour Batteries Lithium | Alu Comfort | CEMO","og_description":"La solution id\u00e9ale pour batteries lithium usag\u00e9es. Nos conteneurs de collecte CEMO garantissent un stockage s\u00fbr et un transport conforme \u00e0 l'ADR. Consultez votre sp\u00e9cialiste CEMO.","og_url":"https:\/\/www.alucomfort.be\/product\/kunststof-verzamel-en-transportcontainer-lithium-accus\/","og_site_name":"Alu Comfort","article_modified_time":"2025-07-24T09:31:03+00:00","og_image":[{"width":1734,"height":976,"url":"https:\/\/www.alucomfort.be\/wp-content\/uploads\/Kunststof-Opslagcontainers-Lithium-Accu.jpg","type":"image\/jpeg"}],"twitter_card":"summary_large_image","schema":{"@context":"https:\/\/schema.org","@graph":[{"@type":"WebPage","@id":"https:\/\/www.alucomfort.be\/product\/kunststof-verzamel-en-transportcontainer-lithium-accus\/","url":"https:\/\/www.alucomfort.be\/product\/kunststof-verzamel-en-transportcontainer-lithium-accus\/","name":"Conteneur de Collecte ADR pour Batteries Lithium | Alu Comfort | CEMO","isPartOf":{"@id":"https:\/\/www.alucomfort.be\/#website"},"primaryImageOfPage":{"@id":"https:\/\/www.alucomfort.be\/product\/kunststof-verzamel-en-transportcontainer-lithium-accus\/#primaryimage"},"image":{"@id":"https:\/\/www.alucomfort.be\/product\/kunststof-verzamel-en-transportcontainer-lithium-accus\/#primaryimage"},"thumbnailUrl":"https:\/\/www.alucomfort.be\/wp-content\/uploads\/Kunststof-Opslagcontainers-Lithium-Accu.jpg","datePublished":"2021-11-13T18:27:26+00:00","dateModified":"2025-07-24T09:31:03+00:00","description":"La solution id\u00e9ale pour batteries lithium usag\u00e9es. Nos conteneurs de collecte CEMO garantissent un stockage s\u00fbr et un transport conforme \u00e0 l'ADR. Consultez votre sp\u00e9cialiste CEMO.","breadcrumb":{"@id":"https:\/\/www.alucomfort.be\/product\/kunststof-verzamel-en-transportcontainer-lithium-accus\/#breadcrumb"},"inLanguage":"fr-FR","potentialAction":[{"@type":"ReadAction","target":["https:\/\/www.alucomfort.be\/product\/kunststof-verzamel-en-transportcontainer-lithium-accus\/"]}]},{"@type":"ImageObject","inLanguage":"fr-FR","@id":"https:\/\/www.alucomfort.be\/product\/kunststof-verzamel-en-transportcontainer-lithium-accus\/#primaryimage","url":"https:\/\/www.alucomfort.be\/wp-content\/uploads\/Kunststof-Opslagcontainers-Lithium-Accu.jpg","contentUrl":"https:\/\/www.alucomfort.be\/wp-content\/uploads\/Kunststof-Opslagcontainers-Lithium-Accu.jpg","width":1734,"height":976,"caption":"Kunststof Opslagcontainers Lithium Accu"},{"@type":"BreadcrumbList","@id":"https:\/\/www.alucomfort.be\/product\/kunststof-verzamel-en-transportcontainer-lithium-accus\/#breadcrumb","itemListElement":[{"@type":"ListItem","position":1,"name":"Home","item":"https:\/\/www.alucomfort.be\/fr\/"},{"@type":"ListItem","position":2,"name":"Producten","item":"https:\/\/www.alucomfort.be\/producten\/"},{"@type":"ListItem","position":3,"name":"Box batteries lithium ADR"}]},{"@type":"WebSite","@id":"https:\/\/www.alucomfort.be\/#website","url":"https:\/\/www.alucomfort.be\/","name":"Alu Comfort","description":"","potentialAction":[{"@type":"SearchAction","target":{"@type":"EntryPoint","urlTemplate":"https:\/\/www.alucomfort.be\/?s={search_term_string}"},"query-input":{"@type":"PropertyValueSpecification","valueRequired":true,"valueName":"search_term_string"}}],"inLanguage":"fr-FR"}]}},"_links":{"self":[{"href":"https:\/\/www.alucomfort.be\/fr\/wp-json\/wp\/v2\/product\/213364","targetHints":{"allow":["GET"]}}],"collection":[{"href":"https:\/\/www.alucomfort.be\/fr\/wp-json\/wp\/v2\/product"}],"about":[{"href":"https:\/\/www.alucomfort.be\/fr\/wp-json\/wp\/v2\/types\/product"}],"wp:featuredmedia":[{"embeddable":true,"href":"https:\/\/www.alucomfort.be\/fr\/wp-json\/wp\/v2\/media\/213331"}],"wp:attachment":[{"href":"https:\/\/www.alucomfort.be\/fr\/wp-json\/wp\/v2\/media?parent=213364"}],"wp:term":[{"taxonomy":"product_brand","embeddable":true,"href":"https:\/\/www.alucomfort.be\/fr\/wp-json\/wp\/v2\/product_brand?post=213364"},{"taxonomy":"product_cat","embeddable":true,"href":"https:\/\/www.alucomfort.be\/fr\/wp-json\/wp\/v2\/product_cat?post=213364"},{"taxonomy":"product_tag","embeddable":true,"href":"https:\/\/www.alucomfort.be\/fr\/wp-json\/wp\/v2\/product_tag?post=213364"}],"curies":[{"name":"wp","href":"https:\/\/api.w.org\/{rel}","templated":true}]}}