

{"id":213433,"date":"2021-11-15T16:16:48","date_gmt":"2021-11-15T14:16:48","guid":{"rendered":"https:\/\/www.alucomfort.be\/product\/echafaudage-protec-hauteur-du-plate-forme-7300-mm\/"},"modified":"2022-05-30T23:18:13","modified_gmt":"2022-05-30T21:18:13","slug":"echafaudage-protec-hauteur-du-plate-forme-7300-mm","status":"publish","type":"product","link":"https:\/\/www.alucomfort.be\/fr\/product\/echafaudage-protec-hauteur-du-plate-forme-7300-mm\/","title":{"rendered":"Echafaudage Protec &#8211; Hauteur du plate-forme: 7300 mm"},"content":{"rendered":"<p>* Approuv\u00e9 T\u00fcv\/GS, max. charge 200 kg\/m\u00b3 selon la norme EN 1004, * La plate-forme de travail (2000 x 600 mm) consiste d&rsquo;un mat\u00e9riel anti-d\u00e9rapant, * Avec syst\u00e8me GuardMatic, un syst\u00e8me de montage de s\u00e9curit\u00e9, * Montage rapide et facil sans outils, * Des roulettes (avec freins) r\u00e9glables en hauteur pour utilisatoin \u00e0 un sol in\u00e9gal, * Une stabilit\u00e9 et une r\u00e9sistance optimale, * Important: selon la configuration de l&rsquo;\u00e9chafaudage, c&rsquo;est possible on doit utiliser des poids suppl\u00e9mentaires.  Veuillez prendre contacte avec nous, * Delai de livraison: plus au moins 8 jours.<\/p>\n","protected":false},"excerpt":{"rendered":"<p>Echafaudage ProTec &#8211; Dim. (l x p): 2000 x 600 mm<\/p>\n","protected":false},"featured_media":12216,"template":"","meta":{"_acf_changed":false},"product_brand":[],"product_cat":[2579],"product_tag":[],"class_list":{"0":"post-213433","1":"product","2":"type-product","3":"status-publish","4":"has-post-thumbnail","6":"product_cat-echafaudage-protec","8":"first","9":"instock","10":"taxable","11":"shipping-taxable","12":"purchasable","13":"product-type-simple"},"acf":[],"yoast_head":"<!-- This site is optimized with the Yoast SEO plugin v24.8.1 - https:\/\/yoast.com\/wordpress\/plugins\/seo\/ -->\n<title>Echafaudage Protec | Alu Comfort |<\/title>\n<meta name=\"description\" content=\"Echafaudage avec montage et d\u00e9montage faciles et s\u00fbrs.\" \/>\n<meta name=\"robots\" content=\"index, follow, max-snippet:-1, max-image-preview:large, max-video-preview:-1\" \/>\n<link rel=\"canonical\" href=\"https:\/\/www.alucomfort.be\/fr\/product\/echafaudage-protec-hauteur-du-plate-forme-7300-mm\/\" \/>\n<meta property=\"og:locale\" content=\"fr_FR\" \/>\n<meta property=\"og:type\" content=\"article\" \/>\n<meta property=\"og:title\" content=\"Echafaudage Protec | Alu Comfort |\" \/>\n<meta property=\"og:description\" content=\"Echafaudage avec montage et d\u00e9montage faciles et s\u00fbrs.\" \/>\n<meta property=\"og:url\" content=\"https:\/\/www.alucomfort.be\/fr\/product\/echafaudage-protec-hauteur-du-plate-forme-7300-mm\/\" \/>\n<meta property=\"og:site_name\" content=\"Alu Comfort\" \/>\n<meta property=\"article:modified_time\" content=\"2022-05-30T21:18:13+00:00\" \/>\n<meta property=\"og:image\" content=\"https:\/\/www.alucomfort.be\/wp-content\/uploads\/KR-910172.png\" \/>\n\t<meta property=\"og:image:width\" content=\"261\" \/>\n\t<meta property=\"og:image:height\" content=\"400\" \/>\n\t<meta property=\"og:image:type\" content=\"image\/png\" \/>\n<meta name=\"twitter:card\" content=\"summary_large_image\" \/>\n<script type=\"application\/ld+json\" class=\"yoast-schema-graph\">{\"@context\":\"https:\/\/schema.org\",\"@graph\":[{\"@type\":\"WebPage\",\"@id\":\"https:\/\/www.alucomfort.be\/fr\/product\/echafaudage-protec-hauteur-du-plate-forme-7300-mm\/\",\"url\":\"https:\/\/www.alucomfort.be\/fr\/product\/echafaudage-protec-hauteur-du-plate-forme-7300-mm\/\",\"name\":\"Echafaudage Protec | Alu Comfort |\",\"isPartOf\":{\"@id\":\"https:\/\/www.alucomfort.be\/#website\"},\"primaryImageOfPage\":{\"@id\":\"https:\/\/www.alucomfort.be\/fr\/product\/echafaudage-protec-hauteur-du-plate-forme-7300-mm\/#primaryimage\"},\"image\":{\"@id\":\"https:\/\/www.alucomfort.be\/fr\/product\/echafaudage-protec-hauteur-du-plate-forme-7300-mm\/#primaryimage\"},\"thumbnailUrl\":\"https:\/\/www.alucomfort.be\/wp-content\/uploads\/KR-910172.png\",\"datePublished\":\"2021-11-15T14:16:48+00:00\",\"dateModified\":\"2022-05-30T21:18:13+00:00\",\"description\":\"Echafaudage avec montage et d\u00e9montage faciles et s\u00fbrs.\",\"breadcrumb\":{\"@id\":\"https:\/\/www.alucomfort.be\/fr\/product\/echafaudage-protec-hauteur-du-plate-forme-7300-mm\/#breadcrumb\"},\"inLanguage\":\"fr-FR\",\"potentialAction\":[{\"@type\":\"ReadAction\",\"target\":[\"https:\/\/www.alucomfort.be\/fr\/product\/echafaudage-protec-hauteur-du-plate-forme-7300-mm\/\"]}]},{\"@type\":\"ImageObject\",\"inLanguage\":\"fr-FR\",\"@id\":\"https:\/\/www.alucomfort.be\/fr\/product\/echafaudage-protec-hauteur-du-plate-forme-7300-mm\/#primaryimage\",\"url\":\"https:\/\/www.alucomfort.be\/wp-content\/uploads\/KR-910172.png\",\"contentUrl\":\"https:\/\/www.alucomfort.be\/wp-content\/uploads\/KR-910172.png\",\"width\":261,\"height\":400},{\"@type\":\"BreadcrumbList\",\"@id\":\"https:\/\/www.alucomfort.be\/fr\/product\/echafaudage-protec-hauteur-du-plate-forme-7300-mm\/#breadcrumb\",\"itemListElement\":[{\"@type\":\"ListItem\",\"position\":1,\"name\":\"Home\",\"item\":\"https:\/\/www.alucomfort.be\/fr\/\"},{\"@type\":\"ListItem\",\"position\":2,\"name\":\"Producten\",\"item\":\"https:\/\/www.alucomfort.be\/producten\/\"},{\"@type\":\"ListItem\",\"position\":3,\"name\":\"Echafaudage Protec &#8211; Hauteur du plate-forme: 7300 mm\"}]},{\"@type\":\"WebSite\",\"@id\":\"https:\/\/www.alucomfort.be\/#website\",\"url\":\"https:\/\/www.alucomfort.be\/\",\"name\":\"Alu Comfort\",\"description\":\"\",\"potentialAction\":[{\"@type\":\"SearchAction\",\"target\":{\"@type\":\"EntryPoint\",\"urlTemplate\":\"https:\/\/www.alucomfort.be\/?s={search_term_string}\"},\"query-input\":{\"@type\":\"PropertyValueSpecification\",\"valueRequired\":true,\"valueName\":\"search_term_string\"}}],\"inLanguage\":\"fr-FR\"}]}<\/script>\n<!-- \/ Yoast SEO plugin. -->","yoast_head_json":{"title":"Echafaudage Protec | Alu Comfort |","description":"Echafaudage avec montage et d\u00e9montage faciles et s\u00fbrs.","robots":{"index":"index","follow":"follow","max-snippet":"max-snippet:-1","max-image-preview":"max-image-preview:large","max-video-preview":"max-video-preview:-1"},"canonical":"https:\/\/www.alucomfort.be\/fr\/product\/echafaudage-protec-hauteur-du-plate-forme-7300-mm\/","og_locale":"fr_FR","og_type":"article","og_title":"Echafaudage Protec | Alu Comfort |","og_description":"Echafaudage avec montage et d\u00e9montage faciles et s\u00fbrs.","og_url":"https:\/\/www.alucomfort.be\/fr\/product\/echafaudage-protec-hauteur-du-plate-forme-7300-mm\/","og_site_name":"Alu Comfort","article_modified_time":"2022-05-30T21:18:13+00:00","og_image":[{"width":261,"height":400,"url":"https:\/\/www.alucomfort.be\/wp-content\/uploads\/KR-910172.png","type":"image\/png"}],"twitter_card":"summary_large_image","schema":{"@context":"https:\/\/schema.org","@graph":[{"@type":"WebPage","@id":"https:\/\/www.alucomfort.be\/fr\/product\/echafaudage-protec-hauteur-du-plate-forme-7300-mm\/","url":"https:\/\/www.alucomfort.be\/fr\/product\/echafaudage-protec-hauteur-du-plate-forme-7300-mm\/","name":"Echafaudage Protec | Alu Comfort |","isPartOf":{"@id":"https:\/\/www.alucomfort.be\/#website"},"primaryImageOfPage":{"@id":"https:\/\/www.alucomfort.be\/fr\/product\/echafaudage-protec-hauteur-du-plate-forme-7300-mm\/#primaryimage"},"image":{"@id":"https:\/\/www.alucomfort.be\/fr\/product\/echafaudage-protec-hauteur-du-plate-forme-7300-mm\/#primaryimage"},"thumbnailUrl":"https:\/\/www.alucomfort.be\/wp-content\/uploads\/KR-910172.png","datePublished":"2021-11-15T14:16:48+00:00","dateModified":"2022-05-30T21:18:13+00:00","description":"Echafaudage avec montage et d\u00e9montage faciles et s\u00fbrs.","breadcrumb":{"@id":"https:\/\/www.alucomfort.be\/fr\/product\/echafaudage-protec-hauteur-du-plate-forme-7300-mm\/#breadcrumb"},"inLanguage":"fr-FR","potentialAction":[{"@type":"ReadAction","target":["https:\/\/www.alucomfort.be\/fr\/product\/echafaudage-protec-hauteur-du-plate-forme-7300-mm\/"]}]},{"@type":"ImageObject","inLanguage":"fr-FR","@id":"https:\/\/www.alucomfort.be\/fr\/product\/echafaudage-protec-hauteur-du-plate-forme-7300-mm\/#primaryimage","url":"https:\/\/www.alucomfort.be\/wp-content\/uploads\/KR-910172.png","contentUrl":"https:\/\/www.alucomfort.be\/wp-content\/uploads\/KR-910172.png","width":261,"height":400},{"@type":"BreadcrumbList","@id":"https:\/\/www.alucomfort.be\/fr\/product\/echafaudage-protec-hauteur-du-plate-forme-7300-mm\/#breadcrumb","itemListElement":[{"@type":"ListItem","position":1,"name":"Home","item":"https:\/\/www.alucomfort.be\/fr\/"},{"@type":"ListItem","position":2,"name":"Producten","item":"https:\/\/www.alucomfort.be\/producten\/"},{"@type":"ListItem","position":3,"name":"Echafaudage Protec &#8211; Hauteur du plate-forme: 7300 mm"}]},{"@type":"WebSite","@id":"https:\/\/www.alucomfort.be\/#website","url":"https:\/\/www.alucomfort.be\/","name":"Alu Comfort","description":"","potentialAction":[{"@type":"SearchAction","target":{"@type":"EntryPoint","urlTemplate":"https:\/\/www.alucomfort.be\/?s={search_term_string}"},"query-input":{"@type":"PropertyValueSpecification","valueRequired":true,"valueName":"search_term_string"}}],"inLanguage":"fr-FR"}]}},"_links":{"self":[{"href":"https:\/\/www.alucomfort.be\/fr\/wp-json\/wp\/v2\/product\/213433","targetHints":{"allow":["GET"]}}],"collection":[{"href":"https:\/\/www.alucomfort.be\/fr\/wp-json\/wp\/v2\/product"}],"about":[{"href":"https:\/\/www.alucomfort.be\/fr\/wp-json\/wp\/v2\/types\/product"}],"wp:featuredmedia":[{"embeddable":true,"href":"https:\/\/www.alucomfort.be\/fr\/wp-json\/wp\/v2\/media\/12216"}],"wp:attachment":[{"href":"https:\/\/www.alucomfort.be\/fr\/wp-json\/wp\/v2\/media?parent=213433"}],"wp:term":[{"taxonomy":"product_brand","embeddable":true,"href":"https:\/\/www.alucomfort.be\/fr\/wp-json\/wp\/v2\/product_brand?post=213433"},{"taxonomy":"product_cat","embeddable":true,"href":"https:\/\/www.alucomfort.be\/fr\/wp-json\/wp\/v2\/product_cat?post=213433"},{"taxonomy":"product_tag","embeddable":true,"href":"https:\/\/www.alucomfort.be\/fr\/wp-json\/wp\/v2\/product_tag?post=213433"}],"curies":[{"name":"wp","href":"https:\/\/api.w.org\/{rel}","templated":true}]}}