

{"id":213610,"date":"2021-12-28T22:29:36","date_gmt":"2021-12-28T20:29:36","guid":{"rendered":"https:\/\/www.alucomfort.be\/product\/barriere-extensible-ils-permettent-de-delimiter-les-zones-dangereuses\/"},"modified":"2024-08-27T12:57:25","modified_gmt":"2024-08-27T10:57:25","slug":"barriere-extensible-ils-permettent-de-delimiter-les-zones-dangereuses","status":"publish","type":"product","link":"https:\/\/www.alucomfort.be\/fr\/product\/barriere-extensible-ils-permettent-de-delimiter-les-zones-dangereuses\/","title":{"rendered":"Barri\u00e8re extensible.  Ils permettent de d\u00e9limiter les zones dangereuses"},"content":{"rendered":"<p>* Barri\u00e8re extensible de haute qualit\u00e9 en acier, * T\u00fcv certifi\u00e9e, * Barri\u00e8re en forme de ciseaux, facile \u00e0 d\u00e9ployer, * Ils permettent de d\u00e9limiter les zondes dangereuses avec un montage rapide, * Hauteur: 1050 mm, * Aussi possible avec des roulettes ou fixation murale, * Delai de livraison: plus au moins 5 jours.<\/p>\n","protected":false},"excerpt":{"rendered":"<p>Cl\u00f4ture de s\u00e9curit\u00e9 extensible : solution id\u00e9ale pour d\u00e9limiter rapidement vos espaces sensibles<\/p>\n","protected":false},"featured_media":49738,"template":"","meta":{"_acf_changed":false},"product_brand":[],"product_cat":[2831],"product_tag":[],"class_list":{"0":"post-213610","1":"product","2":"type-product","3":"status-publish","4":"has-post-thumbnail","6":"product_cat-barrieres-et-chaines-de-protection","8":"first","9":"outofstock","10":"taxable","11":"shipping-taxable","12":"purchasable","13":"product-type-variable"},"acf":[],"yoast_head":"<!-- This site is optimized with the Yoast SEO plugin v24.8.1 - https:\/\/yoast.com\/wordpress\/plugins\/seo\/ -->\n<title>Barri\u00e8re extensible | Alu Comfort| D\u00e9limiter les zones dangereuses<\/title>\n<meta name=\"description\" content=\"Barri\u00e8re extensible. Cl\u00f4ture de s\u00e9curit\u00e9 extensible: solution id\u00e9ale pour d\u00e9limiter rapidement vos espaces sensibles. Barri\u00e8re en forme de ciseaux, facile \u00e0 d\u00e9ployer. Commandez votre cl\u00f4ture de protection en ligne d\u00e8s maintenant.\" \/>\n<meta name=\"robots\" content=\"index, follow, max-snippet:-1, max-image-preview:large, max-video-preview:-1\" \/>\n<link rel=\"canonical\" href=\"https:\/\/www.alucomfort.be\/product\/schaarhek\/\" \/>\n<meta property=\"og:locale\" content=\"fr_FR\" \/>\n<meta property=\"og:type\" content=\"article\" \/>\n<meta property=\"og:title\" content=\"Barri\u00e8re extensible | Alu Comfort| D\u00e9limiter les zones dangereuses\" \/>\n<meta property=\"og:description\" content=\"Barri\u00e8re extensible. Cl\u00f4ture de s\u00e9curit\u00e9 extensible: solution id\u00e9ale pour d\u00e9limiter rapidement vos espaces sensibles. Barri\u00e8re en forme de ciseaux, facile \u00e0 d\u00e9ployer. Commandez votre cl\u00f4ture de protection en ligne d\u00e8s maintenant.\" \/>\n<meta property=\"og:url\" content=\"https:\/\/www.alucomfort.be\/product\/schaarhek\/\" \/>\n<meta property=\"og:site_name\" content=\"Alu Comfort\" \/>\n<meta property=\"article:modified_time\" content=\"2024-08-27T10:57:25+00:00\" \/>\n<meta property=\"og:image\" content=\"https:\/\/www.alucomfort.be\/wp-content\/uploads\/DC-70-10-1-1024x683.jpg\" \/>\n\t<meta property=\"og:image:width\" content=\"1024\" \/>\n\t<meta property=\"og:image:height\" content=\"683\" \/>\n\t<meta property=\"og:image:type\" content=\"image\/jpeg\" \/>\n<meta name=\"twitter:card\" content=\"summary_large_image\" \/>\n<script type=\"application\/ld+json\" class=\"yoast-schema-graph\">{\"@context\":\"https:\/\/schema.org\",\"@graph\":[{\"@type\":\"WebPage\",\"@id\":\"https:\/\/www.alucomfort.be\/product\/schaarhek\/\",\"url\":\"https:\/\/www.alucomfort.be\/product\/schaarhek\/\",\"name\":\"Barri\u00e8re extensible | Alu Comfort| D\u00e9limiter les zones dangereuses\",\"isPartOf\":{\"@id\":\"https:\/\/www.alucomfort.be\/#website\"},\"primaryImageOfPage\":{\"@id\":\"https:\/\/www.alucomfort.be\/product\/schaarhek\/#primaryimage\"},\"image\":{\"@id\":\"https:\/\/www.alucomfort.be\/product\/schaarhek\/#primaryimage\"},\"thumbnailUrl\":\"https:\/\/www.alucomfort.be\/wp-content\/uploads\/DC-70-10-1.jpg\",\"datePublished\":\"2021-12-28T20:29:36+00:00\",\"dateModified\":\"2024-08-27T10:57:25+00:00\",\"description\":\"Barri\u00e8re extensible. Cl\u00f4ture de s\u00e9curit\u00e9 extensible: solution id\u00e9ale pour d\u00e9limiter rapidement vos espaces sensibles. Barri\u00e8re en forme de ciseaux, facile \u00e0 d\u00e9ployer. Commandez votre cl\u00f4ture de protection en ligne d\u00e8s maintenant.\",\"breadcrumb\":{\"@id\":\"https:\/\/www.alucomfort.be\/product\/schaarhek\/#breadcrumb\"},\"inLanguage\":\"fr-FR\",\"potentialAction\":[{\"@type\":\"ReadAction\",\"target\":[\"https:\/\/www.alucomfort.be\/product\/schaarhek\/\"]}]},{\"@type\":\"ImageObject\",\"inLanguage\":\"fr-FR\",\"@id\":\"https:\/\/www.alucomfort.be\/product\/schaarhek\/#primaryimage\",\"url\":\"https:\/\/www.alucomfort.be\/wp-content\/uploads\/DC-70-10-1.jpg\",\"contentUrl\":\"https:\/\/www.alucomfort.be\/wp-content\/uploads\/DC-70-10-1.jpg\",\"width\":5184,\"height\":3456,\"caption\":\"Metalen schaarhek\"},{\"@type\":\"BreadcrumbList\",\"@id\":\"https:\/\/www.alucomfort.be\/product\/schaarhek\/#breadcrumb\",\"itemListElement\":[{\"@type\":\"ListItem\",\"position\":1,\"name\":\"Home\",\"item\":\"https:\/\/www.alucomfort.be\/fr\/\"},{\"@type\":\"ListItem\",\"position\":2,\"name\":\"Producten\",\"item\":\"https:\/\/www.alucomfort.be\/producten\/\"},{\"@type\":\"ListItem\",\"position\":3,\"name\":\"Barri\u00e8re extensible. Ils permettent de d\u00e9limiter les zones dangereuses\"}]},{\"@type\":\"WebSite\",\"@id\":\"https:\/\/www.alucomfort.be\/#website\",\"url\":\"https:\/\/www.alucomfort.be\/\",\"name\":\"Alu Comfort\",\"description\":\"\",\"potentialAction\":[{\"@type\":\"SearchAction\",\"target\":{\"@type\":\"EntryPoint\",\"urlTemplate\":\"https:\/\/www.alucomfort.be\/?s={search_term_string}\"},\"query-input\":{\"@type\":\"PropertyValueSpecification\",\"valueRequired\":true,\"valueName\":\"search_term_string\"}}],\"inLanguage\":\"fr-FR\"}]}<\/script>\n<!-- \/ Yoast SEO plugin. -->","yoast_head_json":{"title":"Barri\u00e8re extensible | Alu Comfort| D\u00e9limiter les zones dangereuses","description":"Barri\u00e8re extensible. Cl\u00f4ture de s\u00e9curit\u00e9 extensible: solution id\u00e9ale pour d\u00e9limiter rapidement vos espaces sensibles. Barri\u00e8re en forme de ciseaux, facile \u00e0 d\u00e9ployer. Commandez votre cl\u00f4ture de protection en ligne d\u00e8s maintenant.","robots":{"index":"index","follow":"follow","max-snippet":"max-snippet:-1","max-image-preview":"max-image-preview:large","max-video-preview":"max-video-preview:-1"},"canonical":"https:\/\/www.alucomfort.be\/product\/schaarhek\/","og_locale":"fr_FR","og_type":"article","og_title":"Barri\u00e8re extensible | Alu Comfort| D\u00e9limiter les zones dangereuses","og_description":"Barri\u00e8re extensible. Cl\u00f4ture de s\u00e9curit\u00e9 extensible: solution id\u00e9ale pour d\u00e9limiter rapidement vos espaces sensibles. Barri\u00e8re en forme de ciseaux, facile \u00e0 d\u00e9ployer. Commandez votre cl\u00f4ture de protection en ligne d\u00e8s maintenant.","og_url":"https:\/\/www.alucomfort.be\/product\/schaarhek\/","og_site_name":"Alu Comfort","article_modified_time":"2024-08-27T10:57:25+00:00","og_image":[{"width":1024,"height":683,"url":"https:\/\/www.alucomfort.be\/wp-content\/uploads\/DC-70-10-1-1024x683.jpg","type":"image\/jpeg"}],"twitter_card":"summary_large_image","schema":{"@context":"https:\/\/schema.org","@graph":[{"@type":"WebPage","@id":"https:\/\/www.alucomfort.be\/product\/schaarhek\/","url":"https:\/\/www.alucomfort.be\/product\/schaarhek\/","name":"Barri\u00e8re extensible | Alu Comfort| D\u00e9limiter les zones dangereuses","isPartOf":{"@id":"https:\/\/www.alucomfort.be\/#website"},"primaryImageOfPage":{"@id":"https:\/\/www.alucomfort.be\/product\/schaarhek\/#primaryimage"},"image":{"@id":"https:\/\/www.alucomfort.be\/product\/schaarhek\/#primaryimage"},"thumbnailUrl":"https:\/\/www.alucomfort.be\/wp-content\/uploads\/DC-70-10-1.jpg","datePublished":"2021-12-28T20:29:36+00:00","dateModified":"2024-08-27T10:57:25+00:00","description":"Barri\u00e8re extensible. Cl\u00f4ture de s\u00e9curit\u00e9 extensible: solution id\u00e9ale pour d\u00e9limiter rapidement vos espaces sensibles. Barri\u00e8re en forme de ciseaux, facile \u00e0 d\u00e9ployer. Commandez votre cl\u00f4ture de protection en ligne d\u00e8s maintenant.","breadcrumb":{"@id":"https:\/\/www.alucomfort.be\/product\/schaarhek\/#breadcrumb"},"inLanguage":"fr-FR","potentialAction":[{"@type":"ReadAction","target":["https:\/\/www.alucomfort.be\/product\/schaarhek\/"]}]},{"@type":"ImageObject","inLanguage":"fr-FR","@id":"https:\/\/www.alucomfort.be\/product\/schaarhek\/#primaryimage","url":"https:\/\/www.alucomfort.be\/wp-content\/uploads\/DC-70-10-1.jpg","contentUrl":"https:\/\/www.alucomfort.be\/wp-content\/uploads\/DC-70-10-1.jpg","width":5184,"height":3456,"caption":"Metalen schaarhek"},{"@type":"BreadcrumbList","@id":"https:\/\/www.alucomfort.be\/product\/schaarhek\/#breadcrumb","itemListElement":[{"@type":"ListItem","position":1,"name":"Home","item":"https:\/\/www.alucomfort.be\/fr\/"},{"@type":"ListItem","position":2,"name":"Producten","item":"https:\/\/www.alucomfort.be\/producten\/"},{"@type":"ListItem","position":3,"name":"Barri\u00e8re extensible. Ils permettent de d\u00e9limiter les zones dangereuses"}]},{"@type":"WebSite","@id":"https:\/\/www.alucomfort.be\/#website","url":"https:\/\/www.alucomfort.be\/","name":"Alu Comfort","description":"","potentialAction":[{"@type":"SearchAction","target":{"@type":"EntryPoint","urlTemplate":"https:\/\/www.alucomfort.be\/?s={search_term_string}"},"query-input":{"@type":"PropertyValueSpecification","valueRequired":true,"valueName":"search_term_string"}}],"inLanguage":"fr-FR"}]}},"_links":{"self":[{"href":"https:\/\/www.alucomfort.be\/fr\/wp-json\/wp\/v2\/product\/213610","targetHints":{"allow":["GET"]}}],"collection":[{"href":"https:\/\/www.alucomfort.be\/fr\/wp-json\/wp\/v2\/product"}],"about":[{"href":"https:\/\/www.alucomfort.be\/fr\/wp-json\/wp\/v2\/types\/product"}],"wp:featuredmedia":[{"embeddable":true,"href":"https:\/\/www.alucomfort.be\/fr\/wp-json\/wp\/v2\/media\/49738"}],"wp:attachment":[{"href":"https:\/\/www.alucomfort.be\/fr\/wp-json\/wp\/v2\/media?parent=213610"}],"wp:term":[{"taxonomy":"product_brand","embeddable":true,"href":"https:\/\/www.alucomfort.be\/fr\/wp-json\/wp\/v2\/product_brand?post=213610"},{"taxonomy":"product_cat","embeddable":true,"href":"https:\/\/www.alucomfort.be\/fr\/wp-json\/wp\/v2\/product_cat?post=213610"},{"taxonomy":"product_tag","embeddable":true,"href":"https:\/\/www.alucomfort.be\/fr\/wp-json\/wp\/v2\/product_tag?post=213610"}],"curies":[{"name":"wp","href":"https:\/\/api.w.org\/{rel}","templated":true}]}}