

{"id":213740,"date":"2022-01-16T23:34:32","date_gmt":"2022-01-16T21:34:32","guid":{"rendered":"https:\/\/www.alucomfort.be\/product\/entonnoirs-pour-futs-200-l\/"},"modified":"2025-07-31T22:43:08","modified_gmt":"2025-07-31T20:43:08","slug":"entonnoirs-pour-futs-200-l","status":"publish","type":"product","link":"https:\/\/www.alucomfort.be\/fr\/product\/entonnoirs-pour-futs-200-l\/","title":{"rendered":"Entonnoirs pour f\u00fbts 200 l"},"content":{"rendered":"<p>* Gardez votre espace de travail propre et s\u00e9curis\u00e9 gr\u00e2ce \u00e0 cet entonnoir GRP robuste, sp\u00e9cialement con\u00e7u pour les f\u00fbts de 200 litres. Remplir vos f\u00fbts n&rsquo;a jamais \u00e9t\u00e9 aussi simple, tout en minimisant les risques de d\u00e9versement et de gaspillage de liquides, * Ajustement parfait : Sp\u00e9cialement con\u00e7u pour une utilisation avec des f\u00fbts de 200L, * Anti-d\u00e9versement : La large ouverture et la conception assurent un transfert de liquides en toute s\u00e9curit\u00e9. * Mat\u00e9riau robuste : Fabriqu\u00e9 en GRP (Plastique Renforc\u00e9 de Fibres de Verre) pour une longue dur\u00e9e de vie et une haute r\u00e9sistance chimique, * Qualit\u00e9 Premium : Ce produit fait partie de la gamme premium, reconnaissable au label de qualit\u00e9 GRP, * Avec fond en pente pour un \u00e9coulement facile, * Pour les huiles, lubrificants et hydrocarbures, * Avec ou sans couvercle.<\/p>\n","protected":false},"excerpt":{"rendered":"<p>Tremie pour f\u00fbts 200 l<\/p>\n","protected":false},"featured_media":225129,"template":"","meta":{"_acf_changed":false},"product_brand":[],"product_cat":[8775],"product_tag":[],"class_list":{"0":"post-213740","1":"product","2":"type-product","3":"status-publish","4":"has-post-thumbnail","6":"product_cat-accessoires-pour-futs","8":"first","9":"outofstock","10":"taxable","11":"shipping-taxable","12":"purchasable","13":"product-type-variable"},"acf":[],"yoast_head":"<!-- This site is optimized with the Yoast SEO plugin v24.8.1 - https:\/\/yoast.com\/wordpress\/plugins\/seo\/ -->\n<title>Entonnoirs pour f\u00fbts de 200 l| Alu Comfort | Avec ou Sans Couvercle<\/title>\n<meta name=\"description\" content=\"Transvasez vos liquides en toute s\u00e9curit\u00e9 ! D\u00e9couvrez notre entonnoir GRP pour f\u00fbts de 200L. Disponible avec couvercle rabattable ou sans couvercle. Robuste et durable.\" \/>\n<meta name=\"robots\" content=\"index, follow, max-snippet:-1, max-image-preview:large, max-video-preview:-1\" \/>\n<link rel=\"canonical\" href=\"https:\/\/www.alucomfort.be\/product\/vultrechter-voor-vat-200-l\/\" \/>\n<meta property=\"og:locale\" content=\"fr_FR\" \/>\n<meta property=\"og:type\" content=\"article\" \/>\n<meta property=\"og:title\" content=\"Entonnoirs pour f\u00fbts de 200 l| Alu Comfort | Avec ou Sans Couvercle\" \/>\n<meta property=\"og:description\" content=\"Transvasez vos liquides en toute s\u00e9curit\u00e9 ! D\u00e9couvrez notre entonnoir GRP pour f\u00fbts de 200L. Disponible avec couvercle rabattable ou sans couvercle. Robuste et durable.\" \/>\n<meta property=\"og:url\" content=\"https:\/\/www.alucomfort.be\/product\/vultrechter-voor-vat-200-l\/\" \/>\n<meta property=\"og:site_name\" content=\"Alu Comfort\" \/>\n<meta property=\"article:modified_time\" content=\"2025-07-31T20:43:08+00:00\" \/>\n<meta property=\"og:image\" content=\"https:\/\/www.alucomfort.be\/wp-content\/uploads\/Vultrechter-voor-vat-200-l-met-Deksel.jpg\" \/>\n\t<meta property=\"og:image:width\" content=\"1417\" \/>\n\t<meta property=\"og:image:height\" content=\"1063\" \/>\n\t<meta property=\"og:image:type\" content=\"image\/jpeg\" \/>\n<meta name=\"twitter:card\" content=\"summary_large_image\" \/>\n<meta name=\"twitter:label1\" content=\"Dur\u00e9e de lecture estim\u00e9e\" \/>\n\t<meta name=\"twitter:data1\" content=\"1 minute\" \/>\n<script type=\"application\/ld+json\" class=\"yoast-schema-graph\">{\"@context\":\"https:\/\/schema.org\",\"@graph\":[{\"@type\":\"WebPage\",\"@id\":\"https:\/\/www.alucomfort.be\/product\/vultrechter-voor-vat-200-l\/\",\"url\":\"https:\/\/www.alucomfort.be\/product\/vultrechter-voor-vat-200-l\/\",\"name\":\"Entonnoirs pour f\u00fbts de 200 l| Alu Comfort | Avec ou Sans Couvercle\",\"isPartOf\":{\"@id\":\"https:\/\/www.alucomfort.be\/#website\"},\"primaryImageOfPage\":{\"@id\":\"https:\/\/www.alucomfort.be\/product\/vultrechter-voor-vat-200-l\/#primaryimage\"},\"image\":{\"@id\":\"https:\/\/www.alucomfort.be\/product\/vultrechter-voor-vat-200-l\/#primaryimage\"},\"thumbnailUrl\":\"https:\/\/www.alucomfort.be\/wp-content\/uploads\/Vultrechter-voor-vat-200-l-met-Deksel.jpg\",\"datePublished\":\"2022-01-16T21:34:32+00:00\",\"dateModified\":\"2025-07-31T20:43:08+00:00\",\"description\":\"Transvasez vos liquides en toute s\u00e9curit\u00e9 ! D\u00e9couvrez notre entonnoir GRP pour f\u00fbts de 200L. Disponible avec couvercle rabattable ou sans couvercle. Robuste et durable.\",\"breadcrumb\":{\"@id\":\"https:\/\/www.alucomfort.be\/product\/vultrechter-voor-vat-200-l\/#breadcrumb\"},\"inLanguage\":\"fr-FR\",\"potentialAction\":[{\"@type\":\"ReadAction\",\"target\":[\"https:\/\/www.alucomfort.be\/product\/vultrechter-voor-vat-200-l\/\"]}]},{\"@type\":\"ImageObject\",\"inLanguage\":\"fr-FR\",\"@id\":\"https:\/\/www.alucomfort.be\/product\/vultrechter-voor-vat-200-l\/#primaryimage\",\"url\":\"https:\/\/www.alucomfort.be\/wp-content\/uploads\/Vultrechter-voor-vat-200-l-met-Deksel.jpg\",\"contentUrl\":\"https:\/\/www.alucomfort.be\/wp-content\/uploads\/Vultrechter-voor-vat-200-l-met-Deksel.jpg\",\"width\":1417,\"height\":1063,\"caption\":\"Vultrechter voor vat 200 l met Deksel\"},{\"@type\":\"BreadcrumbList\",\"@id\":\"https:\/\/www.alucomfort.be\/product\/vultrechter-voor-vat-200-l\/#breadcrumb\",\"itemListElement\":[{\"@type\":\"ListItem\",\"position\":1,\"name\":\"Home\",\"item\":\"https:\/\/www.alucomfort.be\/fr\/\"},{\"@type\":\"ListItem\",\"position\":2,\"name\":\"Producten\",\"item\":\"https:\/\/www.alucomfort.be\/producten\/\"},{\"@type\":\"ListItem\",\"position\":3,\"name\":\"Entonnoirs pour f\u00fbts 200 l\"}]},{\"@type\":\"WebSite\",\"@id\":\"https:\/\/www.alucomfort.be\/#website\",\"url\":\"https:\/\/www.alucomfort.be\/\",\"name\":\"Alu Comfort\",\"description\":\"\",\"potentialAction\":[{\"@type\":\"SearchAction\",\"target\":{\"@type\":\"EntryPoint\",\"urlTemplate\":\"https:\/\/www.alucomfort.be\/?s={search_term_string}\"},\"query-input\":{\"@type\":\"PropertyValueSpecification\",\"valueRequired\":true,\"valueName\":\"search_term_string\"}}],\"inLanguage\":\"fr-FR\"}]}<\/script>\n<!-- \/ Yoast SEO plugin. -->","yoast_head_json":{"title":"Entonnoirs pour f\u00fbts de 200 l| Alu Comfort | Avec ou Sans Couvercle","description":"Transvasez vos liquides en toute s\u00e9curit\u00e9 ! D\u00e9couvrez notre entonnoir GRP pour f\u00fbts de 200L. Disponible avec couvercle rabattable ou sans couvercle. Robuste et durable.","robots":{"index":"index","follow":"follow","max-snippet":"max-snippet:-1","max-image-preview":"max-image-preview:large","max-video-preview":"max-video-preview:-1"},"canonical":"https:\/\/www.alucomfort.be\/product\/vultrechter-voor-vat-200-l\/","og_locale":"fr_FR","og_type":"article","og_title":"Entonnoirs pour f\u00fbts de 200 l| Alu Comfort | Avec ou Sans Couvercle","og_description":"Transvasez vos liquides en toute s\u00e9curit\u00e9 ! D\u00e9couvrez notre entonnoir GRP pour f\u00fbts de 200L. Disponible avec couvercle rabattable ou sans couvercle. Robuste et durable.","og_url":"https:\/\/www.alucomfort.be\/product\/vultrechter-voor-vat-200-l\/","og_site_name":"Alu Comfort","article_modified_time":"2025-07-31T20:43:08+00:00","og_image":[{"width":1417,"height":1063,"url":"https:\/\/www.alucomfort.be\/wp-content\/uploads\/Vultrechter-voor-vat-200-l-met-Deksel.jpg","type":"image\/jpeg"}],"twitter_card":"summary_large_image","twitter_misc":{"Dur\u00e9e de lecture estim\u00e9e":"1 minute"},"schema":{"@context":"https:\/\/schema.org","@graph":[{"@type":"WebPage","@id":"https:\/\/www.alucomfort.be\/product\/vultrechter-voor-vat-200-l\/","url":"https:\/\/www.alucomfort.be\/product\/vultrechter-voor-vat-200-l\/","name":"Entonnoirs pour f\u00fbts de 200 l| Alu Comfort | Avec ou Sans Couvercle","isPartOf":{"@id":"https:\/\/www.alucomfort.be\/#website"},"primaryImageOfPage":{"@id":"https:\/\/www.alucomfort.be\/product\/vultrechter-voor-vat-200-l\/#primaryimage"},"image":{"@id":"https:\/\/www.alucomfort.be\/product\/vultrechter-voor-vat-200-l\/#primaryimage"},"thumbnailUrl":"https:\/\/www.alucomfort.be\/wp-content\/uploads\/Vultrechter-voor-vat-200-l-met-Deksel.jpg","datePublished":"2022-01-16T21:34:32+00:00","dateModified":"2025-07-31T20:43:08+00:00","description":"Transvasez vos liquides en toute s\u00e9curit\u00e9 ! D\u00e9couvrez notre entonnoir GRP pour f\u00fbts de 200L. Disponible avec couvercle rabattable ou sans couvercle. Robuste et durable.","breadcrumb":{"@id":"https:\/\/www.alucomfort.be\/product\/vultrechter-voor-vat-200-l\/#breadcrumb"},"inLanguage":"fr-FR","potentialAction":[{"@type":"ReadAction","target":["https:\/\/www.alucomfort.be\/product\/vultrechter-voor-vat-200-l\/"]}]},{"@type":"ImageObject","inLanguage":"fr-FR","@id":"https:\/\/www.alucomfort.be\/product\/vultrechter-voor-vat-200-l\/#primaryimage","url":"https:\/\/www.alucomfort.be\/wp-content\/uploads\/Vultrechter-voor-vat-200-l-met-Deksel.jpg","contentUrl":"https:\/\/www.alucomfort.be\/wp-content\/uploads\/Vultrechter-voor-vat-200-l-met-Deksel.jpg","width":1417,"height":1063,"caption":"Vultrechter voor vat 200 l met Deksel"},{"@type":"BreadcrumbList","@id":"https:\/\/www.alucomfort.be\/product\/vultrechter-voor-vat-200-l\/#breadcrumb","itemListElement":[{"@type":"ListItem","position":1,"name":"Home","item":"https:\/\/www.alucomfort.be\/fr\/"},{"@type":"ListItem","position":2,"name":"Producten","item":"https:\/\/www.alucomfort.be\/producten\/"},{"@type":"ListItem","position":3,"name":"Entonnoirs pour f\u00fbts 200 l"}]},{"@type":"WebSite","@id":"https:\/\/www.alucomfort.be\/#website","url":"https:\/\/www.alucomfort.be\/","name":"Alu Comfort","description":"","potentialAction":[{"@type":"SearchAction","target":{"@type":"EntryPoint","urlTemplate":"https:\/\/www.alucomfort.be\/?s={search_term_string}"},"query-input":{"@type":"PropertyValueSpecification","valueRequired":true,"valueName":"search_term_string"}}],"inLanguage":"fr-FR"}]}},"_links":{"self":[{"href":"https:\/\/www.alucomfort.be\/fr\/wp-json\/wp\/v2\/product\/213740","targetHints":{"allow":["GET"]}}],"collection":[{"href":"https:\/\/www.alucomfort.be\/fr\/wp-json\/wp\/v2\/product"}],"about":[{"href":"https:\/\/www.alucomfort.be\/fr\/wp-json\/wp\/v2\/types\/product"}],"wp:featuredmedia":[{"embeddable":true,"href":"https:\/\/www.alucomfort.be\/fr\/wp-json\/wp\/v2\/media\/225129"}],"wp:attachment":[{"href":"https:\/\/www.alucomfort.be\/fr\/wp-json\/wp\/v2\/media?parent=213740"}],"wp:term":[{"taxonomy":"product_brand","embeddable":true,"href":"https:\/\/www.alucomfort.be\/fr\/wp-json\/wp\/v2\/product_brand?post=213740"},{"taxonomy":"product_cat","embeddable":true,"href":"https:\/\/www.alucomfort.be\/fr\/wp-json\/wp\/v2\/product_cat?post=213740"},{"taxonomy":"product_tag","embeddable":true,"href":"https:\/\/www.alucomfort.be\/fr\/wp-json\/wp\/v2\/product_tag?post=213740"}],"curies":[{"name":"wp","href":"https:\/\/api.w.org\/{rel}","templated":true}]}}