

{"id":213746,"date":"2022-01-16T23:34:39","date_gmt":"2022-01-16T21:34:39","guid":{"rendered":"https:\/\/www.alucomfort.be\/product\/entonnoirs-pour-futs-60-l\/"},"modified":"2025-07-31T22:43:09","modified_gmt":"2025-07-31T20:43:09","slug":"entonnoirs-pour-futs-60-l","status":"publish","type":"product","link":"https:\/\/www.alucomfort.be\/fr\/product\/entonnoirs-pour-futs-60-l\/","title":{"rendered":"Entonnoirs pour f\u00fbts 60 l"},"content":{"rendered":"<p>* Avec fond en pente pour un \u00e9coulement facile, * Pour les huiles, lubrificants et hydrocarbures, * Fait du mat\u00e9riau robuste, avec ou sans couvercle<\/p>\n","protected":false},"excerpt":{"rendered":"<p>Tremie pour f\u00fbts de 60 l<\/p>\n","protected":false},"featured_media":225123,"template":"","meta":{"_acf_changed":false},"product_brand":[],"product_cat":[8775],"product_tag":[],"class_list":{"0":"post-213746","1":"product","2":"type-product","3":"status-publish","4":"has-post-thumbnail","6":"product_cat-accessoires-pour-futs","8":"first","9":"instock","10":"taxable","11":"shipping-taxable","12":"purchasable","13":"product-type-simple"},"acf":[],"yoast_head":"<!-- This site is optimized with the Yoast SEO plugin v24.8.1 - https:\/\/yoast.com\/wordpress\/plugins\/seo\/ -->\n<title>Entonnoirs pour f\u00fbts 60 l| Alu Comfort |<\/title>\n<meta name=\"description\" content=\"Un entonnoir pratique pour remplir vos f\u00fbts en plastique de 60L sans d\u00e9versement. Faites confiance au mat\u00e9riel professionnel du sp\u00e9cialiste B2B Alu Comfort. Commandez maintenant !\" \/>\n<meta name=\"robots\" content=\"index, follow, max-snippet:-1, max-image-preview:large, max-video-preview:-1\" \/>\n<link rel=\"canonical\" href=\"https:\/\/www.alucomfort.be\/product\/vultrechter-voor-vat-60-l\/\" \/>\n<meta property=\"og:locale\" content=\"fr_FR\" \/>\n<meta property=\"og:type\" content=\"article\" \/>\n<meta property=\"og:title\" content=\"Entonnoirs pour f\u00fbts 60 l| Alu Comfort |\" \/>\n<meta property=\"og:description\" content=\"Un entonnoir pratique pour remplir vos f\u00fbts en plastique de 60L sans d\u00e9versement. Faites confiance au mat\u00e9riel professionnel du sp\u00e9cialiste B2B Alu Comfort. Commandez maintenant !\" \/>\n<meta property=\"og:url\" content=\"https:\/\/www.alucomfort.be\/product\/vultrechter-voor-vat-60-l\/\" \/>\n<meta property=\"og:site_name\" content=\"Alu Comfort\" \/>\n<meta property=\"article:modified_time\" content=\"2025-07-31T20:43:09+00:00\" \/>\n<meta property=\"og:image\" content=\"https:\/\/www.alucomfort.be\/wp-content\/uploads\/Vultrechter-voor-vat-60-l.jpg\" \/>\n\t<meta property=\"og:image:width\" content=\"945\" \/>\n\t<meta property=\"og:image:height\" content=\"1050\" \/>\n\t<meta property=\"og:image:type\" content=\"image\/jpeg\" \/>\n<meta name=\"twitter:card\" content=\"summary_large_image\" \/>\n<script type=\"application\/ld+json\" class=\"yoast-schema-graph\">{\"@context\":\"https:\/\/schema.org\",\"@graph\":[{\"@type\":\"WebPage\",\"@id\":\"https:\/\/www.alucomfort.be\/product\/vultrechter-voor-vat-60-l\/\",\"url\":\"https:\/\/www.alucomfort.be\/product\/vultrechter-voor-vat-60-l\/\",\"name\":\"Entonnoirs pour f\u00fbts 60 l| Alu Comfort |\",\"isPartOf\":{\"@id\":\"https:\/\/www.alucomfort.be\/#website\"},\"primaryImageOfPage\":{\"@id\":\"https:\/\/www.alucomfort.be\/product\/vultrechter-voor-vat-60-l\/#primaryimage\"},\"image\":{\"@id\":\"https:\/\/www.alucomfort.be\/product\/vultrechter-voor-vat-60-l\/#primaryimage\"},\"thumbnailUrl\":\"https:\/\/www.alucomfort.be\/wp-content\/uploads\/Vultrechter-voor-vat-60-l.jpg\",\"datePublished\":\"2022-01-16T21:34:39+00:00\",\"dateModified\":\"2025-07-31T20:43:09+00:00\",\"description\":\"Un entonnoir pratique pour remplir vos f\u00fbts en plastique de 60L sans d\u00e9versement. Faites confiance au mat\u00e9riel professionnel du sp\u00e9cialiste B2B Alu Comfort. Commandez maintenant !\",\"breadcrumb\":{\"@id\":\"https:\/\/www.alucomfort.be\/product\/vultrechter-voor-vat-60-l\/#breadcrumb\"},\"inLanguage\":\"fr-FR\",\"potentialAction\":[{\"@type\":\"ReadAction\",\"target\":[\"https:\/\/www.alucomfort.be\/product\/vultrechter-voor-vat-60-l\/\"]}]},{\"@type\":\"ImageObject\",\"inLanguage\":\"fr-FR\",\"@id\":\"https:\/\/www.alucomfort.be\/product\/vultrechter-voor-vat-60-l\/#primaryimage\",\"url\":\"https:\/\/www.alucomfort.be\/wp-content\/uploads\/Vultrechter-voor-vat-60-l.jpg\",\"contentUrl\":\"https:\/\/www.alucomfort.be\/wp-content\/uploads\/Vultrechter-voor-vat-60-l.jpg\",\"width\":945,\"height\":1050,\"caption\":\"Vultrechter voor vat 60 l\"},{\"@type\":\"BreadcrumbList\",\"@id\":\"https:\/\/www.alucomfort.be\/product\/vultrechter-voor-vat-60-l\/#breadcrumb\",\"itemListElement\":[{\"@type\":\"ListItem\",\"position\":1,\"name\":\"Home\",\"item\":\"https:\/\/www.alucomfort.be\/fr\/\"},{\"@type\":\"ListItem\",\"position\":2,\"name\":\"Producten\",\"item\":\"https:\/\/www.alucomfort.be\/producten\/\"},{\"@type\":\"ListItem\",\"position\":3,\"name\":\"Entonnoirs pour f\u00fbts 60 l\"}]},{\"@type\":\"WebSite\",\"@id\":\"https:\/\/www.alucomfort.be\/#website\",\"url\":\"https:\/\/www.alucomfort.be\/\",\"name\":\"Alu Comfort\",\"description\":\"\",\"potentialAction\":[{\"@type\":\"SearchAction\",\"target\":{\"@type\":\"EntryPoint\",\"urlTemplate\":\"https:\/\/www.alucomfort.be\/?s={search_term_string}\"},\"query-input\":{\"@type\":\"PropertyValueSpecification\",\"valueRequired\":true,\"valueName\":\"search_term_string\"}}],\"inLanguage\":\"fr-FR\"}]}<\/script>\n<!-- \/ Yoast SEO plugin. -->","yoast_head_json":{"title":"Entonnoirs pour f\u00fbts 60 l| Alu Comfort |","description":"Un entonnoir pratique pour remplir vos f\u00fbts en plastique de 60L sans d\u00e9versement. Faites confiance au mat\u00e9riel professionnel du sp\u00e9cialiste B2B Alu Comfort. Commandez maintenant !","robots":{"index":"index","follow":"follow","max-snippet":"max-snippet:-1","max-image-preview":"max-image-preview:large","max-video-preview":"max-video-preview:-1"},"canonical":"https:\/\/www.alucomfort.be\/product\/vultrechter-voor-vat-60-l\/","og_locale":"fr_FR","og_type":"article","og_title":"Entonnoirs pour f\u00fbts 60 l| Alu Comfort |","og_description":"Un entonnoir pratique pour remplir vos f\u00fbts en plastique de 60L sans d\u00e9versement. Faites confiance au mat\u00e9riel professionnel du sp\u00e9cialiste B2B Alu Comfort. Commandez maintenant !","og_url":"https:\/\/www.alucomfort.be\/product\/vultrechter-voor-vat-60-l\/","og_site_name":"Alu Comfort","article_modified_time":"2025-07-31T20:43:09+00:00","og_image":[{"width":945,"height":1050,"url":"https:\/\/www.alucomfort.be\/wp-content\/uploads\/Vultrechter-voor-vat-60-l.jpg","type":"image\/jpeg"}],"twitter_card":"summary_large_image","schema":{"@context":"https:\/\/schema.org","@graph":[{"@type":"WebPage","@id":"https:\/\/www.alucomfort.be\/product\/vultrechter-voor-vat-60-l\/","url":"https:\/\/www.alucomfort.be\/product\/vultrechter-voor-vat-60-l\/","name":"Entonnoirs pour f\u00fbts 60 l| Alu Comfort |","isPartOf":{"@id":"https:\/\/www.alucomfort.be\/#website"},"primaryImageOfPage":{"@id":"https:\/\/www.alucomfort.be\/product\/vultrechter-voor-vat-60-l\/#primaryimage"},"image":{"@id":"https:\/\/www.alucomfort.be\/product\/vultrechter-voor-vat-60-l\/#primaryimage"},"thumbnailUrl":"https:\/\/www.alucomfort.be\/wp-content\/uploads\/Vultrechter-voor-vat-60-l.jpg","datePublished":"2022-01-16T21:34:39+00:00","dateModified":"2025-07-31T20:43:09+00:00","description":"Un entonnoir pratique pour remplir vos f\u00fbts en plastique de 60L sans d\u00e9versement. Faites confiance au mat\u00e9riel professionnel du sp\u00e9cialiste B2B Alu Comfort. Commandez maintenant !","breadcrumb":{"@id":"https:\/\/www.alucomfort.be\/product\/vultrechter-voor-vat-60-l\/#breadcrumb"},"inLanguage":"fr-FR","potentialAction":[{"@type":"ReadAction","target":["https:\/\/www.alucomfort.be\/product\/vultrechter-voor-vat-60-l\/"]}]},{"@type":"ImageObject","inLanguage":"fr-FR","@id":"https:\/\/www.alucomfort.be\/product\/vultrechter-voor-vat-60-l\/#primaryimage","url":"https:\/\/www.alucomfort.be\/wp-content\/uploads\/Vultrechter-voor-vat-60-l.jpg","contentUrl":"https:\/\/www.alucomfort.be\/wp-content\/uploads\/Vultrechter-voor-vat-60-l.jpg","width":945,"height":1050,"caption":"Vultrechter voor vat 60 l"},{"@type":"BreadcrumbList","@id":"https:\/\/www.alucomfort.be\/product\/vultrechter-voor-vat-60-l\/#breadcrumb","itemListElement":[{"@type":"ListItem","position":1,"name":"Home","item":"https:\/\/www.alucomfort.be\/fr\/"},{"@type":"ListItem","position":2,"name":"Producten","item":"https:\/\/www.alucomfort.be\/producten\/"},{"@type":"ListItem","position":3,"name":"Entonnoirs pour f\u00fbts 60 l"}]},{"@type":"WebSite","@id":"https:\/\/www.alucomfort.be\/#website","url":"https:\/\/www.alucomfort.be\/","name":"Alu Comfort","description":"","potentialAction":[{"@type":"SearchAction","target":{"@type":"EntryPoint","urlTemplate":"https:\/\/www.alucomfort.be\/?s={search_term_string}"},"query-input":{"@type":"PropertyValueSpecification","valueRequired":true,"valueName":"search_term_string"}}],"inLanguage":"fr-FR"}]}},"_links":{"self":[{"href":"https:\/\/www.alucomfort.be\/fr\/wp-json\/wp\/v2\/product\/213746","targetHints":{"allow":["GET"]}}],"collection":[{"href":"https:\/\/www.alucomfort.be\/fr\/wp-json\/wp\/v2\/product"}],"about":[{"href":"https:\/\/www.alucomfort.be\/fr\/wp-json\/wp\/v2\/types\/product"}],"wp:featuredmedia":[{"embeddable":true,"href":"https:\/\/www.alucomfort.be\/fr\/wp-json\/wp\/v2\/media\/225123"}],"wp:attachment":[{"href":"https:\/\/www.alucomfort.be\/fr\/wp-json\/wp\/v2\/media?parent=213746"}],"wp:term":[{"taxonomy":"product_brand","embeddable":true,"href":"https:\/\/www.alucomfort.be\/fr\/wp-json\/wp\/v2\/product_brand?post=213746"},{"taxonomy":"product_cat","embeddable":true,"href":"https:\/\/www.alucomfort.be\/fr\/wp-json\/wp\/v2\/product_cat?post=213746"},{"taxonomy":"product_tag","embeddable":true,"href":"https:\/\/www.alucomfort.be\/fr\/wp-json\/wp\/v2\/product_tag?post=213746"}],"curies":[{"name":"wp","href":"https:\/\/api.w.org\/{rel}","templated":true}]}}