

{"id":213849,"date":"2022-02-03T21:37:32","date_gmt":"2022-02-03T19:37:32","guid":{"rendered":"https:\/\/www.alucomfort.be\/product\/chariot-porte-panneaux\/"},"modified":"2026-01-21T19:29:38","modified_gmt":"2026-01-21T17:29:38","slug":"chariot-porte-panneaux","status":"publish","type":"product","link":"https:\/\/www.alucomfort.be\/fr\/product\/chariot-porte-panneaux\/","title":{"rendered":"Chariot porte panneaux"},"content":{"rendered":"<p>* Chariot porte panneaux avec t\u00f4le d&rsquo;acier \u00e9lectro-galvanis\u00e9, * Dim: 890 x 800 x 940 mm, * Espace pour 9 arceaux, * Livr\u00e9 avec 2 arceaux, * Hauteur de la plateforme: 390 mm, * Distance entre les arceaux 64 mm, * 2 roues fixes et 2 pivotantes en caoutchouc diam. 200 x 50 mm, * Cap: 500 kg<\/p>\n","protected":false},"excerpt":{"rendered":"<p>Chariot porte panneaux avec arceaux.<\/p>\n","protected":false},"featured_media":203985,"template":"","meta":{"_acf_changed":false},"product_brand":[],"product_cat":[8353],"product_tag":[],"class_list":{"0":"post-213849","1":"product","2":"type-product","3":"status-publish","4":"has-post-thumbnail","6":"product_cat-chariot-a-arceaux","8":"first","9":"outofstock","10":"taxable","11":"shipping-taxable","12":"purchasable","13":"product-type-variable"},"acf":[],"yoast_head":"<!-- This site is optimized with the Yoast SEO plugin v24.8.1 - https:\/\/yoast.com\/wordpress\/plugins\/seo\/ -->\n<title>Chariot \u00e0 arceaux | Alu Comfort | Transport interne<\/title>\n<meta name=\"description\" content=\"Dispositif de transport pratique pour d\u00e9placer rapidement des mat\u00e9riaux longs et l\u00e9gers. Contactez-nous! Sp\u00e9cialist transport interne.\" \/>\n<meta name=\"robots\" content=\"index, follow, max-snippet:-1, max-image-preview:large, max-video-preview:-1\" \/>\n<link rel=\"canonical\" href=\"https:\/\/www.alucomfort.be\/product\/platenwagen-zwaardere-versie-met-gelamineerd-platfrom\/\" \/>\n<meta property=\"og:locale\" content=\"fr_FR\" \/>\n<meta property=\"og:type\" content=\"article\" \/>\n<meta property=\"og:title\" content=\"Chariot \u00e0 arceaux | Alu Comfort | Transport interne\" \/>\n<meta property=\"og:description\" content=\"Dispositif de transport pratique pour d\u00e9placer rapidement des mat\u00e9riaux longs et l\u00e9gers. Contactez-nous! Sp\u00e9cialist transport interne.\" \/>\n<meta property=\"og:url\" content=\"https:\/\/www.alucomfort.be\/product\/platenwagen-zwaardere-versie-met-gelamineerd-platfrom\/\" \/>\n<meta property=\"og:site_name\" content=\"Alu Comfort\" \/>\n<meta property=\"article:modified_time\" content=\"2026-01-21T17:29:38+00:00\" \/>\n<meta property=\"og:image\" content=\"https:\/\/www.alucomfort.be\/wp-content\/uploads\/Platentrolley.jpg\" \/>\n\t<meta property=\"og:image:width\" content=\"1500\" \/>\n\t<meta property=\"og:image:height\" content=\"1412\" \/>\n\t<meta property=\"og:image:type\" content=\"image\/jpeg\" \/>\n<meta name=\"twitter:card\" content=\"summary_large_image\" \/>\n<script type=\"application\/ld+json\" class=\"yoast-schema-graph\">{\"@context\":\"https:\/\/schema.org\",\"@graph\":[{\"@type\":\"WebPage\",\"@id\":\"https:\/\/www.alucomfort.be\/product\/platenwagen-zwaardere-versie-met-gelamineerd-platfrom\/\",\"url\":\"https:\/\/www.alucomfort.be\/product\/platenwagen-zwaardere-versie-met-gelamineerd-platfrom\/\",\"name\":\"Chariot \u00e0 arceaux | Alu Comfort | Transport interne\",\"isPartOf\":{\"@id\":\"https:\/\/www.alucomfort.be\/#website\"},\"primaryImageOfPage\":{\"@id\":\"https:\/\/www.alucomfort.be\/product\/platenwagen-zwaardere-versie-met-gelamineerd-platfrom\/#primaryimage\"},\"image\":{\"@id\":\"https:\/\/www.alucomfort.be\/product\/platenwagen-zwaardere-versie-met-gelamineerd-platfrom\/#primaryimage\"},\"thumbnailUrl\":\"https:\/\/www.alucomfort.be\/wp-content\/uploads\/Platentrolley.jpg\",\"datePublished\":\"2022-02-03T19:37:32+00:00\",\"dateModified\":\"2026-01-21T17:29:38+00:00\",\"description\":\"Dispositif de transport pratique pour d\u00e9placer rapidement des mat\u00e9riaux longs et l\u00e9gers. Contactez-nous! Sp\u00e9cialist transport interne.\",\"breadcrumb\":{\"@id\":\"https:\/\/www.alucomfort.be\/product\/platenwagen-zwaardere-versie-met-gelamineerd-platfrom\/#breadcrumb\"},\"inLanguage\":\"fr-FR\",\"potentialAction\":[{\"@type\":\"ReadAction\",\"target\":[\"https:\/\/www.alucomfort.be\/product\/platenwagen-zwaardere-versie-met-gelamineerd-platfrom\/\"]}]},{\"@type\":\"ImageObject\",\"inLanguage\":\"fr-FR\",\"@id\":\"https:\/\/www.alucomfort.be\/product\/platenwagen-zwaardere-versie-met-gelamineerd-platfrom\/#primaryimage\",\"url\":\"https:\/\/www.alucomfort.be\/wp-content\/uploads\/Platentrolley.jpg\",\"contentUrl\":\"https:\/\/www.alucomfort.be\/wp-content\/uploads\/Platentrolley.jpg\",\"width\":1500,\"height\":1412,\"caption\":\"Platentrolley\"},{\"@type\":\"BreadcrumbList\",\"@id\":\"https:\/\/www.alucomfort.be\/product\/platenwagen-zwaardere-versie-met-gelamineerd-platfrom\/#breadcrumb\",\"itemListElement\":[{\"@type\":\"ListItem\",\"position\":1,\"name\":\"Home\",\"item\":\"https:\/\/www.alucomfort.be\/fr\/\"},{\"@type\":\"ListItem\",\"position\":2,\"name\":\"Producten\",\"item\":\"https:\/\/www.alucomfort.be\/producten\/\"},{\"@type\":\"ListItem\",\"position\":3,\"name\":\"Chariot porte panneaux\"}]},{\"@type\":\"WebSite\",\"@id\":\"https:\/\/www.alucomfort.be\/#website\",\"url\":\"https:\/\/www.alucomfort.be\/\",\"name\":\"Alu Comfort\",\"description\":\"\",\"potentialAction\":[{\"@type\":\"SearchAction\",\"target\":{\"@type\":\"EntryPoint\",\"urlTemplate\":\"https:\/\/www.alucomfort.be\/?s={search_term_string}\"},\"query-input\":{\"@type\":\"PropertyValueSpecification\",\"valueRequired\":true,\"valueName\":\"search_term_string\"}}],\"inLanguage\":\"fr-FR\"}]}<\/script>\n<!-- \/ Yoast SEO plugin. -->","yoast_head_json":{"title":"Chariot \u00e0 arceaux | Alu Comfort | Transport interne","description":"Dispositif de transport pratique pour d\u00e9placer rapidement des mat\u00e9riaux longs et l\u00e9gers. Contactez-nous! Sp\u00e9cialist transport interne.","robots":{"index":"index","follow":"follow","max-snippet":"max-snippet:-1","max-image-preview":"max-image-preview:large","max-video-preview":"max-video-preview:-1"},"canonical":"https:\/\/www.alucomfort.be\/product\/platenwagen-zwaardere-versie-met-gelamineerd-platfrom\/","og_locale":"fr_FR","og_type":"article","og_title":"Chariot \u00e0 arceaux | Alu Comfort | Transport interne","og_description":"Dispositif de transport pratique pour d\u00e9placer rapidement des mat\u00e9riaux longs et l\u00e9gers. Contactez-nous! Sp\u00e9cialist transport interne.","og_url":"https:\/\/www.alucomfort.be\/product\/platenwagen-zwaardere-versie-met-gelamineerd-platfrom\/","og_site_name":"Alu Comfort","article_modified_time":"2026-01-21T17:29:38+00:00","og_image":[{"width":1500,"height":1412,"url":"https:\/\/www.alucomfort.be\/wp-content\/uploads\/Platentrolley.jpg","type":"image\/jpeg"}],"twitter_card":"summary_large_image","schema":{"@context":"https:\/\/schema.org","@graph":[{"@type":"WebPage","@id":"https:\/\/www.alucomfort.be\/product\/platenwagen-zwaardere-versie-met-gelamineerd-platfrom\/","url":"https:\/\/www.alucomfort.be\/product\/platenwagen-zwaardere-versie-met-gelamineerd-platfrom\/","name":"Chariot \u00e0 arceaux | Alu Comfort | Transport interne","isPartOf":{"@id":"https:\/\/www.alucomfort.be\/#website"},"primaryImageOfPage":{"@id":"https:\/\/www.alucomfort.be\/product\/platenwagen-zwaardere-versie-met-gelamineerd-platfrom\/#primaryimage"},"image":{"@id":"https:\/\/www.alucomfort.be\/product\/platenwagen-zwaardere-versie-met-gelamineerd-platfrom\/#primaryimage"},"thumbnailUrl":"https:\/\/www.alucomfort.be\/wp-content\/uploads\/Platentrolley.jpg","datePublished":"2022-02-03T19:37:32+00:00","dateModified":"2026-01-21T17:29:38+00:00","description":"Dispositif de transport pratique pour d\u00e9placer rapidement des mat\u00e9riaux longs et l\u00e9gers. Contactez-nous! Sp\u00e9cialist transport interne.","breadcrumb":{"@id":"https:\/\/www.alucomfort.be\/product\/platenwagen-zwaardere-versie-met-gelamineerd-platfrom\/#breadcrumb"},"inLanguage":"fr-FR","potentialAction":[{"@type":"ReadAction","target":["https:\/\/www.alucomfort.be\/product\/platenwagen-zwaardere-versie-met-gelamineerd-platfrom\/"]}]},{"@type":"ImageObject","inLanguage":"fr-FR","@id":"https:\/\/www.alucomfort.be\/product\/platenwagen-zwaardere-versie-met-gelamineerd-platfrom\/#primaryimage","url":"https:\/\/www.alucomfort.be\/wp-content\/uploads\/Platentrolley.jpg","contentUrl":"https:\/\/www.alucomfort.be\/wp-content\/uploads\/Platentrolley.jpg","width":1500,"height":1412,"caption":"Platentrolley"},{"@type":"BreadcrumbList","@id":"https:\/\/www.alucomfort.be\/product\/platenwagen-zwaardere-versie-met-gelamineerd-platfrom\/#breadcrumb","itemListElement":[{"@type":"ListItem","position":1,"name":"Home","item":"https:\/\/www.alucomfort.be\/fr\/"},{"@type":"ListItem","position":2,"name":"Producten","item":"https:\/\/www.alucomfort.be\/producten\/"},{"@type":"ListItem","position":3,"name":"Chariot porte panneaux"}]},{"@type":"WebSite","@id":"https:\/\/www.alucomfort.be\/#website","url":"https:\/\/www.alucomfort.be\/","name":"Alu Comfort","description":"","potentialAction":[{"@type":"SearchAction","target":{"@type":"EntryPoint","urlTemplate":"https:\/\/www.alucomfort.be\/?s={search_term_string}"},"query-input":{"@type":"PropertyValueSpecification","valueRequired":true,"valueName":"search_term_string"}}],"inLanguage":"fr-FR"}]}},"_links":{"self":[{"href":"https:\/\/www.alucomfort.be\/fr\/wp-json\/wp\/v2\/product\/213849","targetHints":{"allow":["GET"]}}],"collection":[{"href":"https:\/\/www.alucomfort.be\/fr\/wp-json\/wp\/v2\/product"}],"about":[{"href":"https:\/\/www.alucomfort.be\/fr\/wp-json\/wp\/v2\/types\/product"}],"wp:featuredmedia":[{"embeddable":true,"href":"https:\/\/www.alucomfort.be\/fr\/wp-json\/wp\/v2\/media\/203985"}],"wp:attachment":[{"href":"https:\/\/www.alucomfort.be\/fr\/wp-json\/wp\/v2\/media?parent=213849"}],"wp:term":[{"taxonomy":"product_brand","embeddable":true,"href":"https:\/\/www.alucomfort.be\/fr\/wp-json\/wp\/v2\/product_brand?post=213849"},{"taxonomy":"product_cat","embeddable":true,"href":"https:\/\/www.alucomfort.be\/fr\/wp-json\/wp\/v2\/product_cat?post=213849"},{"taxonomy":"product_tag","embeddable":true,"href":"https:\/\/www.alucomfort.be\/fr\/wp-json\/wp\/v2\/product_tag?post=213849"}],"curies":[{"name":"wp","href":"https:\/\/api.w.org\/{rel}","templated":true}]}}