

{"id":213930,"date":"2022-03-10T15:49:01","date_gmt":"2022-03-10T13:49:01","guid":{"rendered":"https:\/\/www.alucomfort.be\/product\/leve-palette\/"},"modified":"2023-10-26T15:30:20","modified_gmt":"2023-10-26T13:30:20","slug":"leve-palette-2","status":"publish","type":"product","link":"https:\/\/www.alucomfort.be\/fr\/product\/leve-palette-2\/","title":{"rendered":"L\u00e8ve-palette"},"content":{"rendered":"<p>* L\u00e8ve-palette, * Des auxiliaires indispensables \u00e0 la manutention de palettes, conteneurs,\u0085 , * Avec compensation manuelle, * Ecartement r\u00e9glable manuellement de 450 mm \u00e0 950 mm, * Longueur de fourches: 1000 mm,* Hauteur utile r\u00e9glable de 1150 mm \u00e0 1750 mm, * Avec chaine de s\u00e9curit\u00e9 de 4 m, * Version peinte<\/p>\n","protected":false},"excerpt":{"rendered":"<p>L\u00e8ve-palette \u00e0 \u00e9quilibrage manuel \u00e0 fourches r\u00e9glables<\/p>\n","protected":false},"featured_media":213916,"template":"","meta":{"_acf_changed":false},"product_brand":[],"product_cat":[8787],"product_tag":[],"class_list":{"0":"post-213930","1":"product","2":"type-product","3":"status-publish","4":"has-post-thumbnail","6":"product_cat-leve-palette","8":"first","9":"outofstock","10":"taxable","11":"shipping-taxable","12":"purchasable","13":"product-type-variable"},"acf":[],"yoast_head":"<!-- This site is optimized with the Yoast SEO plugin v24.8.1 - https:\/\/yoast.com\/wordpress\/plugins\/seo\/ -->\n<title>L\u00e8ve-palette| Alu Comfort | Fournisseur Industriel<\/title>\n<meta name=\"description\" content=\"Alu Comfort a une gamme compl\u00e8te de l\u00e8ve palettes pour toute op\u00e9ration de grutage sur les chantier.\" \/>\n<meta name=\"robots\" content=\"index, follow, max-snippet:-1, max-image-preview:large, max-video-preview:-1\" \/>\n<link rel=\"canonical\" href=\"https:\/\/www.alucomfort.be\/product\/kraanvork\/\" \/>\n<meta property=\"og:locale\" content=\"fr_FR\" \/>\n<meta property=\"og:type\" content=\"article\" \/>\n<meta property=\"og:title\" content=\"L\u00e8ve-palette| Alu Comfort | Fournisseur Industriel\" \/>\n<meta property=\"og:description\" content=\"Alu Comfort a une gamme compl\u00e8te de l\u00e8ve palettes pour toute op\u00e9ration de grutage sur les chantier.\" \/>\n<meta property=\"og:url\" content=\"https:\/\/www.alucomfort.be\/product\/kraanvork\/\" \/>\n<meta property=\"og:site_name\" content=\"Alu Comfort\" \/>\n<meta property=\"article:modified_time\" content=\"2023-10-26T13:30:20+00:00\" \/>\n<meta property=\"og:image\" content=\"https:\/\/www.alucomfort.be\/wp-content\/uploads\/Kraanvork.jpg\" \/>\n\t<meta property=\"og:image:width\" content=\"440\" \/>\n\t<meta property=\"og:image:height\" content=\"800\" \/>\n\t<meta property=\"og:image:type\" content=\"image\/jpeg\" \/>\n<meta name=\"twitter:card\" content=\"summary_large_image\" \/>\n<script type=\"application\/ld+json\" class=\"yoast-schema-graph\">{\"@context\":\"https:\/\/schema.org\",\"@graph\":[{\"@type\":\"WebPage\",\"@id\":\"https:\/\/www.alucomfort.be\/product\/kraanvork\/\",\"url\":\"https:\/\/www.alucomfort.be\/product\/kraanvork\/\",\"name\":\"L\u00e8ve-palette| Alu Comfort | Fournisseur Industriel\",\"isPartOf\":{\"@id\":\"https:\/\/www.alucomfort.be\/#website\"},\"primaryImageOfPage\":{\"@id\":\"https:\/\/www.alucomfort.be\/product\/kraanvork\/#primaryimage\"},\"image\":{\"@id\":\"https:\/\/www.alucomfort.be\/product\/kraanvork\/#primaryimage\"},\"thumbnailUrl\":\"https:\/\/www.alucomfort.be\/wp-content\/uploads\/Kraanvork.jpg\",\"datePublished\":\"2022-03-10T13:49:01+00:00\",\"dateModified\":\"2023-10-26T13:30:20+00:00\",\"description\":\"Alu Comfort a une gamme compl\u00e8te de l\u00e8ve palettes pour toute op\u00e9ration de grutage sur les chantier.\",\"breadcrumb\":{\"@id\":\"https:\/\/www.alucomfort.be\/product\/kraanvork\/#breadcrumb\"},\"inLanguage\":\"fr-FR\",\"potentialAction\":[{\"@type\":\"ReadAction\",\"target\":[\"https:\/\/www.alucomfort.be\/product\/kraanvork\/\"]}]},{\"@type\":\"ImageObject\",\"inLanguage\":\"fr-FR\",\"@id\":\"https:\/\/www.alucomfort.be\/product\/kraanvork\/#primaryimage\",\"url\":\"https:\/\/www.alucomfort.be\/wp-content\/uploads\/Kraanvork.jpg\",\"contentUrl\":\"https:\/\/www.alucomfort.be\/wp-content\/uploads\/Kraanvork.jpg\",\"width\":440,\"height\":800,\"caption\":\"Kraanvork\"},{\"@type\":\"BreadcrumbList\",\"@id\":\"https:\/\/www.alucomfort.be\/product\/kraanvork\/#breadcrumb\",\"itemListElement\":[{\"@type\":\"ListItem\",\"position\":1,\"name\":\"Home\",\"item\":\"https:\/\/www.alucomfort.be\/fr\/\"},{\"@type\":\"ListItem\",\"position\":2,\"name\":\"Producten\",\"item\":\"https:\/\/www.alucomfort.be\/producten\/\"},{\"@type\":\"ListItem\",\"position\":3,\"name\":\"L\u00e8ve-palette\"}]},{\"@type\":\"WebSite\",\"@id\":\"https:\/\/www.alucomfort.be\/#website\",\"url\":\"https:\/\/www.alucomfort.be\/\",\"name\":\"Alu Comfort\",\"description\":\"\",\"potentialAction\":[{\"@type\":\"SearchAction\",\"target\":{\"@type\":\"EntryPoint\",\"urlTemplate\":\"https:\/\/www.alucomfort.be\/?s={search_term_string}\"},\"query-input\":{\"@type\":\"PropertyValueSpecification\",\"valueRequired\":true,\"valueName\":\"search_term_string\"}}],\"inLanguage\":\"fr-FR\"}]}<\/script>\n<!-- \/ Yoast SEO plugin. -->","yoast_head_json":{"title":"L\u00e8ve-palette| Alu Comfort | Fournisseur Industriel","description":"Alu Comfort a une gamme compl\u00e8te de l\u00e8ve palettes pour toute op\u00e9ration de grutage sur les chantier.","robots":{"index":"index","follow":"follow","max-snippet":"max-snippet:-1","max-image-preview":"max-image-preview:large","max-video-preview":"max-video-preview:-1"},"canonical":"https:\/\/www.alucomfort.be\/product\/kraanvork\/","og_locale":"fr_FR","og_type":"article","og_title":"L\u00e8ve-palette| Alu Comfort | Fournisseur Industriel","og_description":"Alu Comfort a une gamme compl\u00e8te de l\u00e8ve palettes pour toute op\u00e9ration de grutage sur les chantier.","og_url":"https:\/\/www.alucomfort.be\/product\/kraanvork\/","og_site_name":"Alu Comfort","article_modified_time":"2023-10-26T13:30:20+00:00","og_image":[{"width":440,"height":800,"url":"https:\/\/www.alucomfort.be\/wp-content\/uploads\/Kraanvork.jpg","type":"image\/jpeg"}],"twitter_card":"summary_large_image","schema":{"@context":"https:\/\/schema.org","@graph":[{"@type":"WebPage","@id":"https:\/\/www.alucomfort.be\/product\/kraanvork\/","url":"https:\/\/www.alucomfort.be\/product\/kraanvork\/","name":"L\u00e8ve-palette| Alu Comfort | Fournisseur Industriel","isPartOf":{"@id":"https:\/\/www.alucomfort.be\/#website"},"primaryImageOfPage":{"@id":"https:\/\/www.alucomfort.be\/product\/kraanvork\/#primaryimage"},"image":{"@id":"https:\/\/www.alucomfort.be\/product\/kraanvork\/#primaryimage"},"thumbnailUrl":"https:\/\/www.alucomfort.be\/wp-content\/uploads\/Kraanvork.jpg","datePublished":"2022-03-10T13:49:01+00:00","dateModified":"2023-10-26T13:30:20+00:00","description":"Alu Comfort a une gamme compl\u00e8te de l\u00e8ve palettes pour toute op\u00e9ration de grutage sur les chantier.","breadcrumb":{"@id":"https:\/\/www.alucomfort.be\/product\/kraanvork\/#breadcrumb"},"inLanguage":"fr-FR","potentialAction":[{"@type":"ReadAction","target":["https:\/\/www.alucomfort.be\/product\/kraanvork\/"]}]},{"@type":"ImageObject","inLanguage":"fr-FR","@id":"https:\/\/www.alucomfort.be\/product\/kraanvork\/#primaryimage","url":"https:\/\/www.alucomfort.be\/wp-content\/uploads\/Kraanvork.jpg","contentUrl":"https:\/\/www.alucomfort.be\/wp-content\/uploads\/Kraanvork.jpg","width":440,"height":800,"caption":"Kraanvork"},{"@type":"BreadcrumbList","@id":"https:\/\/www.alucomfort.be\/product\/kraanvork\/#breadcrumb","itemListElement":[{"@type":"ListItem","position":1,"name":"Home","item":"https:\/\/www.alucomfort.be\/fr\/"},{"@type":"ListItem","position":2,"name":"Producten","item":"https:\/\/www.alucomfort.be\/producten\/"},{"@type":"ListItem","position":3,"name":"L\u00e8ve-palette"}]},{"@type":"WebSite","@id":"https:\/\/www.alucomfort.be\/#website","url":"https:\/\/www.alucomfort.be\/","name":"Alu Comfort","description":"","potentialAction":[{"@type":"SearchAction","target":{"@type":"EntryPoint","urlTemplate":"https:\/\/www.alucomfort.be\/?s={search_term_string}"},"query-input":{"@type":"PropertyValueSpecification","valueRequired":true,"valueName":"search_term_string"}}],"inLanguage":"fr-FR"}]}},"_links":{"self":[{"href":"https:\/\/www.alucomfort.be\/fr\/wp-json\/wp\/v2\/product\/213930","targetHints":{"allow":["GET"]}}],"collection":[{"href":"https:\/\/www.alucomfort.be\/fr\/wp-json\/wp\/v2\/product"}],"about":[{"href":"https:\/\/www.alucomfort.be\/fr\/wp-json\/wp\/v2\/types\/product"}],"wp:featuredmedia":[{"embeddable":true,"href":"https:\/\/www.alucomfort.be\/fr\/wp-json\/wp\/v2\/media\/213916"}],"wp:attachment":[{"href":"https:\/\/www.alucomfort.be\/fr\/wp-json\/wp\/v2\/media?parent=213930"}],"wp:term":[{"taxonomy":"product_brand","embeddable":true,"href":"https:\/\/www.alucomfort.be\/fr\/wp-json\/wp\/v2\/product_brand?post=213930"},{"taxonomy":"product_cat","embeddable":true,"href":"https:\/\/www.alucomfort.be\/fr\/wp-json\/wp\/v2\/product_cat?post=213930"},{"taxonomy":"product_tag","embeddable":true,"href":"https:\/\/www.alucomfort.be\/fr\/wp-json\/wp\/v2\/product_tag?post=213930"}],"curies":[{"name":"wp","href":"https:\/\/api.w.org\/{rel}","templated":true}]}}