

{"id":213942,"date":"2022-03-10T15:49:24","date_gmt":"2022-03-10T13:49:24","guid":{"rendered":"https:\/\/www.alucomfort.be\/product\/leve-palette\/"},"modified":"2023-10-26T15:30:28","modified_gmt":"2023-10-26T13:30:28","slug":"leve-palette","status":"publish","type":"product","link":"https:\/\/www.alucomfort.be\/fr\/product\/leve-palette\/","title":{"rendered":"L\u00e8ve-palette"},"content":{"rendered":"<p>* Fourche de grue \u00e0 palettes, * Des auxiliaires indispensables \u00e0 la manutention de palettes, conteneurs,\u0085 , * Ecartement r\u00e9glable manuellement de 450 mm \u00e0 950 mm, * Longueur de fourches: 1000 mm,* Hauteur utile r\u00e9glable de 1150 mm \u00e0 1750 mm, * Avec chaine de s\u00e9curit\u00e9 de 4 m, * Avec compensation automatique, * Version peinte<\/p>\n","protected":false},"excerpt":{"rendered":"<p>L\u00e8ve-palette auto \u00e9quilibr\u00e9 \u00e0 fourches r\u00e9glables<\/p>\n","protected":false},"featured_media":213918,"template":"","meta":{"_acf_changed":false},"product_brand":[],"product_cat":[8787],"product_tag":[],"class_list":{"0":"post-213942","1":"product","2":"type-product","3":"status-publish","4":"has-post-thumbnail","6":"product_cat-leve-palette","8":"first","9":"outofstock","10":"taxable","11":"shipping-taxable","12":"purchasable","13":"product-type-variable"},"acf":[],"yoast_head":"<!-- This site is optimized with the Yoast SEO plugin v24.8.1 - https:\/\/yoast.com\/wordpress\/plugins\/seo\/ -->\n<title>L\u00e8ve-palette | Alu Comfort |<\/title>\n<meta name=\"description\" content=\"Fourches de chargement avec compensation automatique. Pour soulever des charges sur palettes \u00e0 l\u0092aide d\u0092un engin de chantier.\" \/>\n<meta name=\"robots\" content=\"index, follow, max-snippet:-1, max-image-preview:large, max-video-preview:-1\" \/>\n<link rel=\"canonical\" href=\"https:\/\/www.alucomfort.be\/product\/pallethaak\/\" \/>\n<meta property=\"og:locale\" content=\"fr_FR\" \/>\n<meta property=\"og:type\" content=\"article\" \/>\n<meta property=\"og:title\" content=\"L\u00e8ve-palette | Alu Comfort |\" \/>\n<meta property=\"og:description\" content=\"Fourches de chargement avec compensation automatique. Pour soulever des charges sur palettes \u00e0 l\u0092aide d\u0092un engin de chantier.\" \/>\n<meta property=\"og:url\" content=\"https:\/\/www.alucomfort.be\/product\/pallethaak\/\" \/>\n<meta property=\"og:site_name\" content=\"Alu Comfort\" \/>\n<meta property=\"article:modified_time\" content=\"2023-10-26T13:30:28+00:00\" \/>\n<meta property=\"og:image\" content=\"https:\/\/www.alucomfort.be\/wp-content\/uploads\/Pallethaak.jpg\" \/>\n\t<meta property=\"og:image:width\" content=\"1920\" \/>\n\t<meta property=\"og:image:height\" content=\"1280\" \/>\n\t<meta property=\"og:image:type\" content=\"image\/jpeg\" \/>\n<meta name=\"twitter:card\" content=\"summary_large_image\" \/>\n<script type=\"application\/ld+json\" class=\"yoast-schema-graph\">{\"@context\":\"https:\/\/schema.org\",\"@graph\":[{\"@type\":\"WebPage\",\"@id\":\"https:\/\/www.alucomfort.be\/product\/pallethaak\/\",\"url\":\"https:\/\/www.alucomfort.be\/product\/pallethaak\/\",\"name\":\"L\u00e8ve-palette | Alu Comfort |\",\"isPartOf\":{\"@id\":\"https:\/\/www.alucomfort.be\/#website\"},\"primaryImageOfPage\":{\"@id\":\"https:\/\/www.alucomfort.be\/product\/pallethaak\/#primaryimage\"},\"image\":{\"@id\":\"https:\/\/www.alucomfort.be\/product\/pallethaak\/#primaryimage\"},\"thumbnailUrl\":\"https:\/\/www.alucomfort.be\/wp-content\/uploads\/Pallethaak.jpg\",\"datePublished\":\"2022-03-10T13:49:24+00:00\",\"dateModified\":\"2023-10-26T13:30:28+00:00\",\"description\":\"Fourches de chargement avec compensation automatique. Pour soulever des charges sur palettes \u00e0 l\u0092aide d\u0092un engin de chantier.\",\"breadcrumb\":{\"@id\":\"https:\/\/www.alucomfort.be\/product\/pallethaak\/#breadcrumb\"},\"inLanguage\":\"fr-FR\",\"potentialAction\":[{\"@type\":\"ReadAction\",\"target\":[\"https:\/\/www.alucomfort.be\/product\/pallethaak\/\"]}]},{\"@type\":\"ImageObject\",\"inLanguage\":\"fr-FR\",\"@id\":\"https:\/\/www.alucomfort.be\/product\/pallethaak\/#primaryimage\",\"url\":\"https:\/\/www.alucomfort.be\/wp-content\/uploads\/Pallethaak.jpg\",\"contentUrl\":\"https:\/\/www.alucomfort.be\/wp-content\/uploads\/Pallethaak.jpg\",\"width\":1920,\"height\":1280,\"caption\":\"Pallethaak\"},{\"@type\":\"BreadcrumbList\",\"@id\":\"https:\/\/www.alucomfort.be\/product\/pallethaak\/#breadcrumb\",\"itemListElement\":[{\"@type\":\"ListItem\",\"position\":1,\"name\":\"Home\",\"item\":\"https:\/\/www.alucomfort.be\/fr\/\"},{\"@type\":\"ListItem\",\"position\":2,\"name\":\"Producten\",\"item\":\"https:\/\/www.alucomfort.be\/producten\/\"},{\"@type\":\"ListItem\",\"position\":3,\"name\":\"L\u00e8ve-palette\"}]},{\"@type\":\"WebSite\",\"@id\":\"https:\/\/www.alucomfort.be\/#website\",\"url\":\"https:\/\/www.alucomfort.be\/\",\"name\":\"Alu Comfort\",\"description\":\"\",\"potentialAction\":[{\"@type\":\"SearchAction\",\"target\":{\"@type\":\"EntryPoint\",\"urlTemplate\":\"https:\/\/www.alucomfort.be\/?s={search_term_string}\"},\"query-input\":{\"@type\":\"PropertyValueSpecification\",\"valueRequired\":true,\"valueName\":\"search_term_string\"}}],\"inLanguage\":\"fr-FR\"}]}<\/script>\n<!-- \/ Yoast SEO plugin. -->","yoast_head_json":{"title":"L\u00e8ve-palette | Alu Comfort |","description":"Fourches de chargement avec compensation automatique. Pour soulever des charges sur palettes \u00e0 l\u0092aide d\u0092un engin de chantier.","robots":{"index":"index","follow":"follow","max-snippet":"max-snippet:-1","max-image-preview":"max-image-preview:large","max-video-preview":"max-video-preview:-1"},"canonical":"https:\/\/www.alucomfort.be\/product\/pallethaak\/","og_locale":"fr_FR","og_type":"article","og_title":"L\u00e8ve-palette | Alu Comfort |","og_description":"Fourches de chargement avec compensation automatique. Pour soulever des charges sur palettes \u00e0 l\u0092aide d\u0092un engin de chantier.","og_url":"https:\/\/www.alucomfort.be\/product\/pallethaak\/","og_site_name":"Alu Comfort","article_modified_time":"2023-10-26T13:30:28+00:00","og_image":[{"width":1920,"height":1280,"url":"https:\/\/www.alucomfort.be\/wp-content\/uploads\/Pallethaak.jpg","type":"image\/jpeg"}],"twitter_card":"summary_large_image","schema":{"@context":"https:\/\/schema.org","@graph":[{"@type":"WebPage","@id":"https:\/\/www.alucomfort.be\/product\/pallethaak\/","url":"https:\/\/www.alucomfort.be\/product\/pallethaak\/","name":"L\u00e8ve-palette | Alu Comfort |","isPartOf":{"@id":"https:\/\/www.alucomfort.be\/#website"},"primaryImageOfPage":{"@id":"https:\/\/www.alucomfort.be\/product\/pallethaak\/#primaryimage"},"image":{"@id":"https:\/\/www.alucomfort.be\/product\/pallethaak\/#primaryimage"},"thumbnailUrl":"https:\/\/www.alucomfort.be\/wp-content\/uploads\/Pallethaak.jpg","datePublished":"2022-03-10T13:49:24+00:00","dateModified":"2023-10-26T13:30:28+00:00","description":"Fourches de chargement avec compensation automatique. Pour soulever des charges sur palettes \u00e0 l\u0092aide d\u0092un engin de chantier.","breadcrumb":{"@id":"https:\/\/www.alucomfort.be\/product\/pallethaak\/#breadcrumb"},"inLanguage":"fr-FR","potentialAction":[{"@type":"ReadAction","target":["https:\/\/www.alucomfort.be\/product\/pallethaak\/"]}]},{"@type":"ImageObject","inLanguage":"fr-FR","@id":"https:\/\/www.alucomfort.be\/product\/pallethaak\/#primaryimage","url":"https:\/\/www.alucomfort.be\/wp-content\/uploads\/Pallethaak.jpg","contentUrl":"https:\/\/www.alucomfort.be\/wp-content\/uploads\/Pallethaak.jpg","width":1920,"height":1280,"caption":"Pallethaak"},{"@type":"BreadcrumbList","@id":"https:\/\/www.alucomfort.be\/product\/pallethaak\/#breadcrumb","itemListElement":[{"@type":"ListItem","position":1,"name":"Home","item":"https:\/\/www.alucomfort.be\/fr\/"},{"@type":"ListItem","position":2,"name":"Producten","item":"https:\/\/www.alucomfort.be\/producten\/"},{"@type":"ListItem","position":3,"name":"L\u00e8ve-palette"}]},{"@type":"WebSite","@id":"https:\/\/www.alucomfort.be\/#website","url":"https:\/\/www.alucomfort.be\/","name":"Alu Comfort","description":"","potentialAction":[{"@type":"SearchAction","target":{"@type":"EntryPoint","urlTemplate":"https:\/\/www.alucomfort.be\/?s={search_term_string}"},"query-input":{"@type":"PropertyValueSpecification","valueRequired":true,"valueName":"search_term_string"}}],"inLanguage":"fr-FR"}]}},"_links":{"self":[{"href":"https:\/\/www.alucomfort.be\/fr\/wp-json\/wp\/v2\/product\/213942","targetHints":{"allow":["GET"]}}],"collection":[{"href":"https:\/\/www.alucomfort.be\/fr\/wp-json\/wp\/v2\/product"}],"about":[{"href":"https:\/\/www.alucomfort.be\/fr\/wp-json\/wp\/v2\/types\/product"}],"wp:featuredmedia":[{"embeddable":true,"href":"https:\/\/www.alucomfort.be\/fr\/wp-json\/wp\/v2\/media\/213918"}],"wp:attachment":[{"href":"https:\/\/www.alucomfort.be\/fr\/wp-json\/wp\/v2\/media?parent=213942"}],"wp:term":[{"taxonomy":"product_brand","embeddable":true,"href":"https:\/\/www.alucomfort.be\/fr\/wp-json\/wp\/v2\/product_brand?post=213942"},{"taxonomy":"product_cat","embeddable":true,"href":"https:\/\/www.alucomfort.be\/fr\/wp-json\/wp\/v2\/product_cat?post=213942"},{"taxonomy":"product_tag","embeddable":true,"href":"https:\/\/www.alucomfort.be\/fr\/wp-json\/wp\/v2\/product_tag?post=213942"}],"curies":[{"name":"wp","href":"https:\/\/api.w.org\/{rel}","templated":true}]}}