

{"id":213956,"date":"2022-03-11T17:55:25","date_gmt":"2022-03-11T15:55:25","guid":{"rendered":"https:\/\/www.alucomfort.be\/product\/palette-porte-bouteille\/"},"modified":"2024-02-19T02:01:35","modified_gmt":"2024-02-19T00:01:35","slug":"palette-porte-bouteille","status":"publish","type":"product","link":"https:\/\/www.alucomfort.be\/fr\/product\/palette-porte-bouteille\/","title":{"rendered":"Palette porte bouteille"},"content":{"rendered":"<p>* Emplacement de 4 ou 6 bouteilles de gaz (\u00d8 250 mm), * Cadre de base robuste (RAL2000) avec entr\u00e9es de fourches, *  En version sp\u00e9ciale, \u00e9galement disponible pour les bouteilles de gaz de \u00d8 200 mm, 300 mm ou 320 mm, *  En option \u00e9galement disponible dans une version galvanis\u00e9e.  Contactez-Nous!<\/p>\n","protected":false},"excerpt":{"rendered":"<p>Transport s\u00fbr et \u00e9conomique de bouteilles de gaz (\u00d8 250 mm) avec grue et chariot \u00e9l\u00e9vateur.<\/p>\n","protected":false},"featured_media":219586,"template":"","meta":{"_acf_changed":false},"product_brand":[],"product_cat":[8798],"product_tag":[],"class_list":{"0":"post-213956","1":"product","2":"type-product","3":"status-publish","4":"has-post-thumbnail","6":"product_cat-palette-porte-bouteille","8":"first","9":"outofstock","10":"taxable","11":"shipping-taxable","12":"purchasable","13":"product-type-variable"},"acf":[],"yoast_head":"<!-- This site is optimized with the Yoast SEO plugin v24.8.1 - https:\/\/yoast.com\/wordpress\/plugins\/seo\/ -->\n<title>Palette porte bouteille| Alu Comfort |<\/title>\n<meta name=\"description\" content=\"Transport s\u00fbr et \u00e9conomique de bouteilles de gaz avec chariot \u00e9l\u00e9vateur et grue.\" \/>\n<meta name=\"robots\" content=\"index, follow, max-snippet:-1, max-image-preview:large, max-video-preview:-1\" \/>\n<link rel=\"canonical\" href=\"https:\/\/www.alucomfort.be\/product\/gasflessendrager\/\" \/>\n<meta property=\"og:locale\" content=\"fr_FR\" \/>\n<meta property=\"og:type\" content=\"article\" \/>\n<meta property=\"og:title\" content=\"Palette porte bouteille| Alu Comfort |\" \/>\n<meta property=\"og:description\" content=\"Transport s\u00fbr et \u00e9conomique de bouteilles de gaz avec chariot \u00e9l\u00e9vateur et grue.\" \/>\n<meta property=\"og:url\" content=\"https:\/\/www.alucomfort.be\/product\/gasflessendrager\/\" \/>\n<meta property=\"og:site_name\" content=\"Alu Comfort\" \/>\n<meta property=\"article:modified_time\" content=\"2024-02-19T00:01:35+00:00\" \/>\n<meta property=\"og:image\" content=\"https:\/\/www.alucomfort.be\/wp-content\/uploads\/Palette-Porte-Bouteille-de-gaz.jpg\" \/>\n\t<meta property=\"og:image:width\" content=\"440\" \/>\n\t<meta property=\"og:image:height\" content=\"800\" \/>\n\t<meta property=\"og:image:type\" content=\"image\/jpeg\" \/>\n<meta name=\"twitter:card\" content=\"summary_large_image\" \/>\n<script type=\"application\/ld+json\" class=\"yoast-schema-graph\">{\"@context\":\"https:\/\/schema.org\",\"@graph\":[{\"@type\":\"WebPage\",\"@id\":\"https:\/\/www.alucomfort.be\/product\/gasflessendrager\/\",\"url\":\"https:\/\/www.alucomfort.be\/product\/gasflessendrager\/\",\"name\":\"Palette porte bouteille| Alu Comfort |\",\"isPartOf\":{\"@id\":\"https:\/\/www.alucomfort.be\/#website\"},\"primaryImageOfPage\":{\"@id\":\"https:\/\/www.alucomfort.be\/product\/gasflessendrager\/#primaryimage\"},\"image\":{\"@id\":\"https:\/\/www.alucomfort.be\/product\/gasflessendrager\/#primaryimage\"},\"thumbnailUrl\":\"https:\/\/www.alucomfort.be\/wp-content\/uploads\/Gasflessenpallet-Kraan.jpg\",\"datePublished\":\"2022-03-11T15:55:25+00:00\",\"dateModified\":\"2024-02-19T00:01:35+00:00\",\"description\":\"Transport s\u00fbr et \u00e9conomique de bouteilles de gaz avec chariot \u00e9l\u00e9vateur et grue.\",\"breadcrumb\":{\"@id\":\"https:\/\/www.alucomfort.be\/product\/gasflessendrager\/#breadcrumb\"},\"inLanguage\":\"fr-FR\",\"potentialAction\":[{\"@type\":\"ReadAction\",\"target\":[\"https:\/\/www.alucomfort.be\/product\/gasflessendrager\/\"]}]},{\"@type\":\"ImageObject\",\"inLanguage\":\"fr-FR\",\"@id\":\"https:\/\/www.alucomfort.be\/product\/gasflessendrager\/#primaryimage\",\"url\":\"https:\/\/www.alucomfort.be\/wp-content\/uploads\/Gasflessenpallet-Kraan.jpg\",\"contentUrl\":\"https:\/\/www.alucomfort.be\/wp-content\/uploads\/Gasflessenpallet-Kraan.jpg\",\"width\":640,\"height\":1181,\"caption\":\"Gasflessenpallet-Kraan.jpg\"},{\"@type\":\"BreadcrumbList\",\"@id\":\"https:\/\/www.alucomfort.be\/product\/gasflessendrager\/#breadcrumb\",\"itemListElement\":[{\"@type\":\"ListItem\",\"position\":1,\"name\":\"Home\",\"item\":\"https:\/\/www.alucomfort.be\/fr\/\"},{\"@type\":\"ListItem\",\"position\":2,\"name\":\"Producten\",\"item\":\"https:\/\/www.alucomfort.be\/producten\/\"},{\"@type\":\"ListItem\",\"position\":3,\"name\":\"Palette porte bouteille\"}]},{\"@type\":\"WebSite\",\"@id\":\"https:\/\/www.alucomfort.be\/#website\",\"url\":\"https:\/\/www.alucomfort.be\/\",\"name\":\"Alu Comfort\",\"description\":\"\",\"potentialAction\":[{\"@type\":\"SearchAction\",\"target\":{\"@type\":\"EntryPoint\",\"urlTemplate\":\"https:\/\/www.alucomfort.be\/?s={search_term_string}\"},\"query-input\":{\"@type\":\"PropertyValueSpecification\",\"valueRequired\":true,\"valueName\":\"search_term_string\"}}],\"inLanguage\":\"fr-FR\"}]}<\/script>\n<!-- \/ Yoast SEO plugin. -->","yoast_head_json":{"title":"Palette porte bouteille| Alu Comfort |","description":"Transport s\u00fbr et \u00e9conomique de bouteilles de gaz avec chariot \u00e9l\u00e9vateur et grue.","robots":{"index":"index","follow":"follow","max-snippet":"max-snippet:-1","max-image-preview":"max-image-preview:large","max-video-preview":"max-video-preview:-1"},"canonical":"https:\/\/www.alucomfort.be\/product\/gasflessendrager\/","og_locale":"fr_FR","og_type":"article","og_title":"Palette porte bouteille| Alu Comfort |","og_description":"Transport s\u00fbr et \u00e9conomique de bouteilles de gaz avec chariot \u00e9l\u00e9vateur et grue.","og_url":"https:\/\/www.alucomfort.be\/product\/gasflessendrager\/","og_site_name":"Alu Comfort","article_modified_time":"2024-02-19T00:01:35+00:00","og_image":[{"width":440,"height":800,"url":"https:\/\/www.alucomfort.be\/wp-content\/uploads\/Palette-Porte-Bouteille-de-gaz.jpg","type":"image\/jpeg"}],"twitter_card":"summary_large_image","schema":{"@context":"https:\/\/schema.org","@graph":[{"@type":"WebPage","@id":"https:\/\/www.alucomfort.be\/product\/gasflessendrager\/","url":"https:\/\/www.alucomfort.be\/product\/gasflessendrager\/","name":"Palette porte bouteille| Alu Comfort |","isPartOf":{"@id":"https:\/\/www.alucomfort.be\/#website"},"primaryImageOfPage":{"@id":"https:\/\/www.alucomfort.be\/product\/gasflessendrager\/#primaryimage"},"image":{"@id":"https:\/\/www.alucomfort.be\/product\/gasflessendrager\/#primaryimage"},"thumbnailUrl":"https:\/\/www.alucomfort.be\/wp-content\/uploads\/Gasflessenpallet-Kraan.jpg","datePublished":"2022-03-11T15:55:25+00:00","dateModified":"2024-02-19T00:01:35+00:00","description":"Transport s\u00fbr et \u00e9conomique de bouteilles de gaz avec chariot \u00e9l\u00e9vateur et grue.","breadcrumb":{"@id":"https:\/\/www.alucomfort.be\/product\/gasflessendrager\/#breadcrumb"},"inLanguage":"fr-FR","potentialAction":[{"@type":"ReadAction","target":["https:\/\/www.alucomfort.be\/product\/gasflessendrager\/"]}]},{"@type":"ImageObject","inLanguage":"fr-FR","@id":"https:\/\/www.alucomfort.be\/product\/gasflessendrager\/#primaryimage","url":"https:\/\/www.alucomfort.be\/wp-content\/uploads\/Gasflessenpallet-Kraan.jpg","contentUrl":"https:\/\/www.alucomfort.be\/wp-content\/uploads\/Gasflessenpallet-Kraan.jpg","width":640,"height":1181,"caption":"Gasflessenpallet-Kraan.jpg"},{"@type":"BreadcrumbList","@id":"https:\/\/www.alucomfort.be\/product\/gasflessendrager\/#breadcrumb","itemListElement":[{"@type":"ListItem","position":1,"name":"Home","item":"https:\/\/www.alucomfort.be\/fr\/"},{"@type":"ListItem","position":2,"name":"Producten","item":"https:\/\/www.alucomfort.be\/producten\/"},{"@type":"ListItem","position":3,"name":"Palette porte bouteille"}]},{"@type":"WebSite","@id":"https:\/\/www.alucomfort.be\/#website","url":"https:\/\/www.alucomfort.be\/","name":"Alu Comfort","description":"","potentialAction":[{"@type":"SearchAction","target":{"@type":"EntryPoint","urlTemplate":"https:\/\/www.alucomfort.be\/?s={search_term_string}"},"query-input":{"@type":"PropertyValueSpecification","valueRequired":true,"valueName":"search_term_string"}}],"inLanguage":"fr-FR"}]}},"_links":{"self":[{"href":"https:\/\/www.alucomfort.be\/fr\/wp-json\/wp\/v2\/product\/213956","targetHints":{"allow":["GET"]}}],"collection":[{"href":"https:\/\/www.alucomfort.be\/fr\/wp-json\/wp\/v2\/product"}],"about":[{"href":"https:\/\/www.alucomfort.be\/fr\/wp-json\/wp\/v2\/types\/product"}],"wp:featuredmedia":[{"embeddable":true,"href":"https:\/\/www.alucomfort.be\/fr\/wp-json\/wp\/v2\/media\/219586"}],"wp:attachment":[{"href":"https:\/\/www.alucomfort.be\/fr\/wp-json\/wp\/v2\/media?parent=213956"}],"wp:term":[{"taxonomy":"product_brand","embeddable":true,"href":"https:\/\/www.alucomfort.be\/fr\/wp-json\/wp\/v2\/product_brand?post=213956"},{"taxonomy":"product_cat","embeddable":true,"href":"https:\/\/www.alucomfort.be\/fr\/wp-json\/wp\/v2\/product_cat?post=213956"},{"taxonomy":"product_tag","embeddable":true,"href":"https:\/\/www.alucomfort.be\/fr\/wp-json\/wp\/v2\/product_tag?post=213956"}],"curies":[{"name":"wp","href":"https:\/\/api.w.org\/{rel}","templated":true}]}}