

{"id":214015,"date":"2022-03-28T16:47:37","date_gmt":"2022-03-28T14:47:37","guid":{"rendered":"https:\/\/www.alucomfort.be\/product\/bennes-a-fond-ouvrant-bkb-cap-050-m%c2%b3-conteneur-conique\/"},"modified":"2022-03-28T16:48:29","modified_gmt":"2022-03-28T14:48:29","slug":"bennes-a-fond-ouvrant-bkb-cap-050-m%c2%b3-conteneur-conique","status":"publish","type":"product","link":"https:\/\/www.alucomfort.be\/fr\/product\/bennes-a-fond-ouvrant-bkb-cap-050-m%c2%b3-conteneur-conique\/","title":{"rendered":"Bennes \u00e0 fond ouvrant BKB &#8211; Cap: 0,50 m\u00b3 &#8211; Conteneur conique"},"content":{"rendered":"<p>Bennes \u00e0 fonds ouvrant type BKB pour la collecte des d\u00e9chets.  Conteneur conique avec vidage par fond ouvrant.  Multi usages tous les types d&rsquo;industries et d\u00e9chets.  Un vidage int\u00e9gral par la base (90\u00b0 d&rsquo;ouverture) et le fond se ferme automatiquement en d\u00e9posant le bac.  Construction robuste avec profil\u00e9s de renfort sur les bords.  Tous les bacs sont s\u00e9curis\u00e9s contre l&rsquo;ouverture du fond inintentionnels et le glissement inintentionnels.  Prises pour chariot \u00e9levateurs, grue et transpalette (hauteur 100 mm).  Des options sont des roulettes (2 pivotantes avec freins et 2 roulettes fixes avec \u00f8 180 mm) ou un ouvercle galvanis\u00e9 ouvrant des deux cot\u00e9s.<\/p>\n","protected":false},"excerpt":{"rendered":"<p>Conteneur conique avec fond rabattable type BKB &#8211; Dimensions: 1040 x 1200 x 715 mm <\/p>\n","protected":false},"featured_media":3555,"template":"","meta":{"_acf_changed":false},"product_brand":[],"product_cat":[2990],"product_tag":[],"class_list":{"0":"post-214015","1":"product","2":"type-product","3":"status-publish","4":"has-post-thumbnail","6":"product_cat-bennes-a-fond-ouvrant-type-bkb-conteneur-conique","8":"first","9":"outofstock","10":"taxable","11":"shipping-taxable","12":"purchasable","13":"product-type-variable"},"acf":[],"yoast_head":"<!-- This site is optimized with the Yoast SEO plugin v24.8.1 - https:\/\/yoast.com\/wordpress\/plugins\/seo\/ -->\n<title>Bennes coniques \u00e0 fond ouvrant<\/title>\n<meta name=\"description\" content=\"Conteneur conique avec fond rabattable type BKB.\" \/>\n<meta name=\"robots\" content=\"index, follow, max-snippet:-1, max-image-preview:large, max-video-preview:-1\" \/>\n<link rel=\"canonical\" href=\"https:\/\/www.alucomfort.be\/product\/bodemklepcontainer-bkb-capaciteit-050-m\u00b3-in-elkaar-stapelbaar-door-de-conische-bouwvorm\/\" \/>\n<meta property=\"og:locale\" content=\"fr_FR\" \/>\n<meta property=\"og:type\" content=\"article\" \/>\n<meta property=\"og:title\" content=\"Bennes coniques \u00e0 fond ouvrant\" \/>\n<meta property=\"og:description\" content=\"Conteneur conique avec fond rabattable type BKB.\" \/>\n<meta property=\"og:url\" content=\"https:\/\/www.alucomfort.be\/product\/bodemklepcontainer-bkb-capaciteit-050-m\u00b3-in-elkaar-stapelbaar-door-de-conische-bouwvorm\/\" \/>\n<meta property=\"og:site_name\" content=\"Alu Comfort\" \/>\n<meta property=\"article:modified_time\" content=\"2022-03-28T14:48:29+00:00\" \/>\n<meta property=\"og:image\" content=\"https:\/\/www.alucomfort.be\/wp-content\/uploads\/BR-BKB-1.jpg\" \/>\n\t<meta property=\"og:image:width\" content=\"900\" \/>\n\t<meta property=\"og:image:height\" content=\"1213\" \/>\n\t<meta property=\"og:image:type\" content=\"image\/jpeg\" \/>\n<meta name=\"twitter:card\" content=\"summary_large_image\" \/>\n<meta name=\"twitter:label1\" content=\"Dur\u00e9e de lecture estim\u00e9e\" \/>\n\t<meta name=\"twitter:data1\" content=\"1 minute\" \/>\n<script type=\"application\/ld+json\" class=\"yoast-schema-graph\">{\"@context\":\"https:\/\/schema.org\",\"@graph\":[{\"@type\":\"WebPage\",\"@id\":\"https:\/\/www.alucomfort.be\/product\/bodemklepcontainer-bkb-capaciteit-050-m%c2%b3-in-elkaar-stapelbaar-door-de-conische-bouwvorm\/\",\"url\":\"https:\/\/www.alucomfort.be\/product\/bodemklepcontainer-bkb-capaciteit-050-m%c2%b3-in-elkaar-stapelbaar-door-de-conische-bouwvorm\/\",\"name\":\"Bennes coniques \u00e0 fond ouvrant\",\"isPartOf\":{\"@id\":\"https:\/\/www.alucomfort.be\/#website\"},\"primaryImageOfPage\":{\"@id\":\"https:\/\/www.alucomfort.be\/product\/bodemklepcontainer-bkb-capaciteit-050-m%c2%b3-in-elkaar-stapelbaar-door-de-conische-bouwvorm\/#primaryimage\"},\"image\":{\"@id\":\"https:\/\/www.alucomfort.be\/product\/bodemklepcontainer-bkb-capaciteit-050-m%c2%b3-in-elkaar-stapelbaar-door-de-conische-bouwvorm\/#primaryimage\"},\"thumbnailUrl\":\"https:\/\/www.alucomfort.be\/wp-content\/uploads\/BR-BKB-1.jpg\",\"datePublished\":\"2022-03-28T14:47:37+00:00\",\"dateModified\":\"2022-03-28T14:48:29+00:00\",\"description\":\"Conteneur conique avec fond rabattable type BKB.\",\"breadcrumb\":{\"@id\":\"https:\/\/www.alucomfort.be\/product\/bodemklepcontainer-bkb-capaciteit-050-m%c2%b3-in-elkaar-stapelbaar-door-de-conische-bouwvorm\/#breadcrumb\"},\"inLanguage\":\"fr-FR\",\"potentialAction\":[{\"@type\":\"ReadAction\",\"target\":[\"https:\/\/www.alucomfort.be\/product\/bodemklepcontainer-bkb-capaciteit-050-m%c2%b3-in-elkaar-stapelbaar-door-de-conische-bouwvorm\/\"]}]},{\"@type\":\"ImageObject\",\"inLanguage\":\"fr-FR\",\"@id\":\"https:\/\/www.alucomfort.be\/product\/bodemklepcontainer-bkb-capaciteit-050-m%c2%b3-in-elkaar-stapelbaar-door-de-conische-bouwvorm\/#primaryimage\",\"url\":\"https:\/\/www.alucomfort.be\/wp-content\/uploads\/BR-BKB-1.jpg\",\"contentUrl\":\"https:\/\/www.alucomfort.be\/wp-content\/uploads\/BR-BKB-1.jpg\",\"width\":900,\"height\":1213},{\"@type\":\"BreadcrumbList\",\"@id\":\"https:\/\/www.alucomfort.be\/product\/bodemklepcontainer-bkb-capaciteit-050-m%c2%b3-in-elkaar-stapelbaar-door-de-conische-bouwvorm\/#breadcrumb\",\"itemListElement\":[{\"@type\":\"ListItem\",\"position\":1,\"name\":\"Home\",\"item\":\"https:\/\/www.alucomfort.be\/fr\/\"},{\"@type\":\"ListItem\",\"position\":2,\"name\":\"Producten\",\"item\":\"https:\/\/www.alucomfort.be\/producten\/\"},{\"@type\":\"ListItem\",\"position\":3,\"name\":\"Bennes \u00e0 fond ouvrant BKB &#8211; Cap: 0,50 m\u00b3 &#8211; Conteneur conique\"}]},{\"@type\":\"WebSite\",\"@id\":\"https:\/\/www.alucomfort.be\/#website\",\"url\":\"https:\/\/www.alucomfort.be\/\",\"name\":\"Alu Comfort\",\"description\":\"\",\"potentialAction\":[{\"@type\":\"SearchAction\",\"target\":{\"@type\":\"EntryPoint\",\"urlTemplate\":\"https:\/\/www.alucomfort.be\/?s={search_term_string}\"},\"query-input\":{\"@type\":\"PropertyValueSpecification\",\"valueRequired\":true,\"valueName\":\"search_term_string\"}}],\"inLanguage\":\"fr-FR\"}]}<\/script>\n<!-- \/ Yoast SEO plugin. -->","yoast_head_json":{"title":"Bennes coniques \u00e0 fond ouvrant","description":"Conteneur conique avec fond rabattable type BKB.","robots":{"index":"index","follow":"follow","max-snippet":"max-snippet:-1","max-image-preview":"max-image-preview:large","max-video-preview":"max-video-preview:-1"},"canonical":"https:\/\/www.alucomfort.be\/product\/bodemklepcontainer-bkb-capaciteit-050-m\u00b3-in-elkaar-stapelbaar-door-de-conische-bouwvorm\/","og_locale":"fr_FR","og_type":"article","og_title":"Bennes coniques \u00e0 fond ouvrant","og_description":"Conteneur conique avec fond rabattable type BKB.","og_url":"https:\/\/www.alucomfort.be\/product\/bodemklepcontainer-bkb-capaciteit-050-m\u00b3-in-elkaar-stapelbaar-door-de-conische-bouwvorm\/","og_site_name":"Alu Comfort","article_modified_time":"2022-03-28T14:48:29+00:00","og_image":[{"width":900,"height":1213,"url":"https:\/\/www.alucomfort.be\/wp-content\/uploads\/BR-BKB-1.jpg","type":"image\/jpeg"}],"twitter_card":"summary_large_image","twitter_misc":{"Dur\u00e9e de lecture estim\u00e9e":"1 minute"},"schema":{"@context":"https:\/\/schema.org","@graph":[{"@type":"WebPage","@id":"https:\/\/www.alucomfort.be\/product\/bodemklepcontainer-bkb-capaciteit-050-m%c2%b3-in-elkaar-stapelbaar-door-de-conische-bouwvorm\/","url":"https:\/\/www.alucomfort.be\/product\/bodemklepcontainer-bkb-capaciteit-050-m%c2%b3-in-elkaar-stapelbaar-door-de-conische-bouwvorm\/","name":"Bennes coniques \u00e0 fond ouvrant","isPartOf":{"@id":"https:\/\/www.alucomfort.be\/#website"},"primaryImageOfPage":{"@id":"https:\/\/www.alucomfort.be\/product\/bodemklepcontainer-bkb-capaciteit-050-m%c2%b3-in-elkaar-stapelbaar-door-de-conische-bouwvorm\/#primaryimage"},"image":{"@id":"https:\/\/www.alucomfort.be\/product\/bodemklepcontainer-bkb-capaciteit-050-m%c2%b3-in-elkaar-stapelbaar-door-de-conische-bouwvorm\/#primaryimage"},"thumbnailUrl":"https:\/\/www.alucomfort.be\/wp-content\/uploads\/BR-BKB-1.jpg","datePublished":"2022-03-28T14:47:37+00:00","dateModified":"2022-03-28T14:48:29+00:00","description":"Conteneur conique avec fond rabattable type BKB.","breadcrumb":{"@id":"https:\/\/www.alucomfort.be\/product\/bodemklepcontainer-bkb-capaciteit-050-m%c2%b3-in-elkaar-stapelbaar-door-de-conische-bouwvorm\/#breadcrumb"},"inLanguage":"fr-FR","potentialAction":[{"@type":"ReadAction","target":["https:\/\/www.alucomfort.be\/product\/bodemklepcontainer-bkb-capaciteit-050-m%c2%b3-in-elkaar-stapelbaar-door-de-conische-bouwvorm\/"]}]},{"@type":"ImageObject","inLanguage":"fr-FR","@id":"https:\/\/www.alucomfort.be\/product\/bodemklepcontainer-bkb-capaciteit-050-m%c2%b3-in-elkaar-stapelbaar-door-de-conische-bouwvorm\/#primaryimage","url":"https:\/\/www.alucomfort.be\/wp-content\/uploads\/BR-BKB-1.jpg","contentUrl":"https:\/\/www.alucomfort.be\/wp-content\/uploads\/BR-BKB-1.jpg","width":900,"height":1213},{"@type":"BreadcrumbList","@id":"https:\/\/www.alucomfort.be\/product\/bodemklepcontainer-bkb-capaciteit-050-m%c2%b3-in-elkaar-stapelbaar-door-de-conische-bouwvorm\/#breadcrumb","itemListElement":[{"@type":"ListItem","position":1,"name":"Home","item":"https:\/\/www.alucomfort.be\/fr\/"},{"@type":"ListItem","position":2,"name":"Producten","item":"https:\/\/www.alucomfort.be\/producten\/"},{"@type":"ListItem","position":3,"name":"Bennes \u00e0 fond ouvrant BKB &#8211; Cap: 0,50 m\u00b3 &#8211; Conteneur conique"}]},{"@type":"WebSite","@id":"https:\/\/www.alucomfort.be\/#website","url":"https:\/\/www.alucomfort.be\/","name":"Alu Comfort","description":"","potentialAction":[{"@type":"SearchAction","target":{"@type":"EntryPoint","urlTemplate":"https:\/\/www.alucomfort.be\/?s={search_term_string}"},"query-input":{"@type":"PropertyValueSpecification","valueRequired":true,"valueName":"search_term_string"}}],"inLanguage":"fr-FR"}]}},"_links":{"self":[{"href":"https:\/\/www.alucomfort.be\/fr\/wp-json\/wp\/v2\/product\/214015","targetHints":{"allow":["GET"]}}],"collection":[{"href":"https:\/\/www.alucomfort.be\/fr\/wp-json\/wp\/v2\/product"}],"about":[{"href":"https:\/\/www.alucomfort.be\/fr\/wp-json\/wp\/v2\/types\/product"}],"wp:featuredmedia":[{"embeddable":true,"href":"https:\/\/www.alucomfort.be\/fr\/wp-json\/wp\/v2\/media\/3555"}],"wp:attachment":[{"href":"https:\/\/www.alucomfort.be\/fr\/wp-json\/wp\/v2\/media?parent=214015"}],"wp:term":[{"taxonomy":"product_brand","embeddable":true,"href":"https:\/\/www.alucomfort.be\/fr\/wp-json\/wp\/v2\/product_brand?post=214015"},{"taxonomy":"product_cat","embeddable":true,"href":"https:\/\/www.alucomfort.be\/fr\/wp-json\/wp\/v2\/product_cat?post=214015"},{"taxonomy":"product_tag","embeddable":true,"href":"https:\/\/www.alucomfort.be\/fr\/wp-json\/wp\/v2\/product_tag?post=214015"}],"curies":[{"name":"wp","href":"https:\/\/api.w.org\/{rel}","templated":true}]}}