

{"id":214145,"date":"2022-03-28T17:01:09","date_gmt":"2022-03-28T15:01:09","guid":{"rendered":"https:\/\/www.alucomfort.be\/product\/bennes-a-fond-ouvrant-sb-cap-100-m%c2%b3-pour-la-collecte-des-dechetsm\/"},"modified":"2023-01-10T19:47:04","modified_gmt":"2023-01-10T17:47:04","slug":"bennes-a-fond-ouvrant-sb-cap-100-m%c2%b3-pour-la-collecte-des-dechetsm","status":"publish","type":"product","link":"https:\/\/www.alucomfort.be\/fr\/product\/bennes-a-fond-ouvrant-sb-cap-100-m%c2%b3-pour-la-collecte-des-dechetsm\/","title":{"rendered":"Bennes \u00e0 fond ouvrant SB &#8211; Cap: 1,00 m\u00b3 &#8211; pour la collecte des d\u00e9chetsm"},"content":{"rendered":"<p>Bennes \u00e0 fonds ouvrant type SB pour la collecte des d\u00e9chets.  Multi usages tous les types d&rsquo;industries et d\u00e9chets.  Un vidage int\u00e9gral par la base et le fond se ferme automatiquement en d\u00e9posant le bac.  Construction robuste et fond ouvrant avec profil\u00e9s de renfor sur les bords.  Tous les bacs sont s\u00e9curis\u00e9s contre l&rsquo;ouverture du fond inintentionnels et le glissement inintentionnels.  Prises pour chariot \u00e9levateurs et grue.  Des options sont des roulettes (2 pivotantes avec freins et 2 roulettes fixes avec \u00d8 180 mm) ou un ouvercle galvanis\u00e9 ouvrant des deux cot\u00e9s.<\/p>\n","protected":false},"excerpt":{"rendered":"<p>Conteneur avec fond rabattable type SB &#8211; Cap: 1,00 m\u00b3 &#8211; Dimensions: 1035 x 1310 x 1160 mm <\/p>\n","protected":false},"featured_media":3651,"template":"","meta":{"_acf_changed":false},"product_brand":[],"product_cat":[2982],"product_tag":[],"class_list":{"0":"post-214145","1":"product","2":"type-product","3":"status-publish","4":"has-post-thumbnail","6":"product_cat-bennes-a-fond-ouvrant-type-sb-le-plus-choisi","8":"first","9":"outofstock","10":"taxable","11":"shipping-taxable","12":"purchasable","13":"product-type-variable"},"acf":[],"yoast_head":"<!-- This site is optimized with the Yoast SEO plugin v24.8.1 - https:\/\/yoast.com\/wordpress\/plugins\/seo\/ -->\n<title>Bennes \u00e0 fond ouvrant<\/title>\n<meta name=\"description\" content=\"Conteneur avec fond rabattable type SB est la variante rentable, peu encombrante pour la collecte de d\u00e9chets ou mat\u00e9riaux solides.\" \/>\n<meta name=\"robots\" content=\"index, follow, max-snippet:-1, max-image-preview:large, max-video-preview:-1\" \/>\n<link rel=\"canonical\" href=\"https:\/\/www.alucomfort.be\/product\/bodemklepcontainer-sb-capaciteit-100-m\u00b3-meest-populaire-stapelbare-onderlosser\/\" \/>\n<meta property=\"og:locale\" content=\"fr_FR\" \/>\n<meta property=\"og:type\" content=\"article\" \/>\n<meta property=\"og:title\" content=\"Bennes \u00e0 fond ouvrant\" \/>\n<meta property=\"og:description\" content=\"Conteneur avec fond rabattable type SB est la variante rentable, peu encombrante pour la collecte de d\u00e9chets ou mat\u00e9riaux solides.\" \/>\n<meta property=\"og:url\" content=\"https:\/\/www.alucomfort.be\/product\/bodemklepcontainer-sb-capaciteit-100-m\u00b3-meest-populaire-stapelbare-onderlosser\/\" \/>\n<meta property=\"og:site_name\" content=\"Alu Comfort\" \/>\n<meta property=\"article:modified_time\" content=\"2023-01-10T17:47:04+00:00\" \/>\n<meta property=\"og:image\" content=\"https:\/\/www.alucomfort.be\/wp-content\/uploads\/BR-SB-4.jpg\" \/>\n\t<meta property=\"og:image:width\" content=\"900\" \/>\n\t<meta property=\"og:image:height\" content=\"816\" \/>\n\t<meta property=\"og:image:type\" content=\"image\/jpeg\" \/>\n<meta name=\"twitter:card\" content=\"summary_large_image\" \/>\n<script type=\"application\/ld+json\" class=\"yoast-schema-graph\">{\"@context\":\"https:\/\/schema.org\",\"@graph\":[{\"@type\":\"WebPage\",\"@id\":\"https:\/\/www.alucomfort.be\/product\/bodemklepcontainer-sb-capaciteit-100-m%c2%b3-meest-populaire-stapelbare-onderlosser\/\",\"url\":\"https:\/\/www.alucomfort.be\/product\/bodemklepcontainer-sb-capaciteit-100-m%c2%b3-meest-populaire-stapelbare-onderlosser\/\",\"name\":\"Bennes \u00e0 fond ouvrant\",\"isPartOf\":{\"@id\":\"https:\/\/www.alucomfort.be\/#website\"},\"primaryImageOfPage\":{\"@id\":\"https:\/\/www.alucomfort.be\/product\/bodemklepcontainer-sb-capaciteit-100-m%c2%b3-meest-populaire-stapelbare-onderlosser\/#primaryimage\"},\"image\":{\"@id\":\"https:\/\/www.alucomfort.be\/product\/bodemklepcontainer-sb-capaciteit-100-m%c2%b3-meest-populaire-stapelbare-onderlosser\/#primaryimage\"},\"thumbnailUrl\":\"https:\/\/www.alucomfort.be\/wp-content\/uploads\/BR-SB-4.jpg\",\"datePublished\":\"2022-03-28T15:01:09+00:00\",\"dateModified\":\"2023-01-10T17:47:04+00:00\",\"description\":\"Conteneur avec fond rabattable type SB est la variante rentable, peu encombrante pour la collecte de d\u00e9chets ou mat\u00e9riaux solides.\",\"breadcrumb\":{\"@id\":\"https:\/\/www.alucomfort.be\/product\/bodemklepcontainer-sb-capaciteit-100-m%c2%b3-meest-populaire-stapelbare-onderlosser\/#breadcrumb\"},\"inLanguage\":\"fr-FR\",\"potentialAction\":[{\"@type\":\"ReadAction\",\"target\":[\"https:\/\/www.alucomfort.be\/product\/bodemklepcontainer-sb-capaciteit-100-m%c2%b3-meest-populaire-stapelbare-onderlosser\/\"]}]},{\"@type\":\"ImageObject\",\"inLanguage\":\"fr-FR\",\"@id\":\"https:\/\/www.alucomfort.be\/product\/bodemklepcontainer-sb-capaciteit-100-m%c2%b3-meest-populaire-stapelbare-onderlosser\/#primaryimage\",\"url\":\"https:\/\/www.alucomfort.be\/wp-content\/uploads\/BR-SB-4.jpg\",\"contentUrl\":\"https:\/\/www.alucomfort.be\/wp-content\/uploads\/BR-SB-4.jpg\",\"width\":900,\"height\":816,\"caption\":\"OLYMPUS DIGITAL CAMERA\"},{\"@type\":\"BreadcrumbList\",\"@id\":\"https:\/\/www.alucomfort.be\/product\/bodemklepcontainer-sb-capaciteit-100-m%c2%b3-meest-populaire-stapelbare-onderlosser\/#breadcrumb\",\"itemListElement\":[{\"@type\":\"ListItem\",\"position\":1,\"name\":\"Home\",\"item\":\"https:\/\/www.alucomfort.be\/fr\/\"},{\"@type\":\"ListItem\",\"position\":2,\"name\":\"Producten\",\"item\":\"https:\/\/www.alucomfort.be\/producten\/\"},{\"@type\":\"ListItem\",\"position\":3,\"name\":\"Bennes \u00e0 fond ouvrant SB &#8211; Cap: 1,00 m\u00b3 &#8211; pour la collecte des d\u00e9chetsm\"}]},{\"@type\":\"WebSite\",\"@id\":\"https:\/\/www.alucomfort.be\/#website\",\"url\":\"https:\/\/www.alucomfort.be\/\",\"name\":\"Alu Comfort\",\"description\":\"\",\"potentialAction\":[{\"@type\":\"SearchAction\",\"target\":{\"@type\":\"EntryPoint\",\"urlTemplate\":\"https:\/\/www.alucomfort.be\/?s={search_term_string}\"},\"query-input\":{\"@type\":\"PropertyValueSpecification\",\"valueRequired\":true,\"valueName\":\"search_term_string\"}}],\"inLanguage\":\"fr-FR\"}]}<\/script>\n<!-- \/ Yoast SEO plugin. -->","yoast_head_json":{"title":"Bennes \u00e0 fond ouvrant","description":"Conteneur avec fond rabattable type SB est la variante rentable, peu encombrante pour la collecte de d\u00e9chets ou mat\u00e9riaux solides.","robots":{"index":"index","follow":"follow","max-snippet":"max-snippet:-1","max-image-preview":"max-image-preview:large","max-video-preview":"max-video-preview:-1"},"canonical":"https:\/\/www.alucomfort.be\/product\/bodemklepcontainer-sb-capaciteit-100-m\u00b3-meest-populaire-stapelbare-onderlosser\/","og_locale":"fr_FR","og_type":"article","og_title":"Bennes \u00e0 fond ouvrant","og_description":"Conteneur avec fond rabattable type SB est la variante rentable, peu encombrante pour la collecte de d\u00e9chets ou mat\u00e9riaux solides.","og_url":"https:\/\/www.alucomfort.be\/product\/bodemklepcontainer-sb-capaciteit-100-m\u00b3-meest-populaire-stapelbare-onderlosser\/","og_site_name":"Alu Comfort","article_modified_time":"2023-01-10T17:47:04+00:00","og_image":[{"width":900,"height":816,"url":"https:\/\/www.alucomfort.be\/wp-content\/uploads\/BR-SB-4.jpg","type":"image\/jpeg"}],"twitter_card":"summary_large_image","schema":{"@context":"https:\/\/schema.org","@graph":[{"@type":"WebPage","@id":"https:\/\/www.alucomfort.be\/product\/bodemklepcontainer-sb-capaciteit-100-m%c2%b3-meest-populaire-stapelbare-onderlosser\/","url":"https:\/\/www.alucomfort.be\/product\/bodemklepcontainer-sb-capaciteit-100-m%c2%b3-meest-populaire-stapelbare-onderlosser\/","name":"Bennes \u00e0 fond ouvrant","isPartOf":{"@id":"https:\/\/www.alucomfort.be\/#website"},"primaryImageOfPage":{"@id":"https:\/\/www.alucomfort.be\/product\/bodemklepcontainer-sb-capaciteit-100-m%c2%b3-meest-populaire-stapelbare-onderlosser\/#primaryimage"},"image":{"@id":"https:\/\/www.alucomfort.be\/product\/bodemklepcontainer-sb-capaciteit-100-m%c2%b3-meest-populaire-stapelbare-onderlosser\/#primaryimage"},"thumbnailUrl":"https:\/\/www.alucomfort.be\/wp-content\/uploads\/BR-SB-4.jpg","datePublished":"2022-03-28T15:01:09+00:00","dateModified":"2023-01-10T17:47:04+00:00","description":"Conteneur avec fond rabattable type SB est la variante rentable, peu encombrante pour la collecte de d\u00e9chets ou mat\u00e9riaux solides.","breadcrumb":{"@id":"https:\/\/www.alucomfort.be\/product\/bodemklepcontainer-sb-capaciteit-100-m%c2%b3-meest-populaire-stapelbare-onderlosser\/#breadcrumb"},"inLanguage":"fr-FR","potentialAction":[{"@type":"ReadAction","target":["https:\/\/www.alucomfort.be\/product\/bodemklepcontainer-sb-capaciteit-100-m%c2%b3-meest-populaire-stapelbare-onderlosser\/"]}]},{"@type":"ImageObject","inLanguage":"fr-FR","@id":"https:\/\/www.alucomfort.be\/product\/bodemklepcontainer-sb-capaciteit-100-m%c2%b3-meest-populaire-stapelbare-onderlosser\/#primaryimage","url":"https:\/\/www.alucomfort.be\/wp-content\/uploads\/BR-SB-4.jpg","contentUrl":"https:\/\/www.alucomfort.be\/wp-content\/uploads\/BR-SB-4.jpg","width":900,"height":816,"caption":"OLYMPUS DIGITAL CAMERA"},{"@type":"BreadcrumbList","@id":"https:\/\/www.alucomfort.be\/product\/bodemklepcontainer-sb-capaciteit-100-m%c2%b3-meest-populaire-stapelbare-onderlosser\/#breadcrumb","itemListElement":[{"@type":"ListItem","position":1,"name":"Home","item":"https:\/\/www.alucomfort.be\/fr\/"},{"@type":"ListItem","position":2,"name":"Producten","item":"https:\/\/www.alucomfort.be\/producten\/"},{"@type":"ListItem","position":3,"name":"Bennes \u00e0 fond ouvrant SB &#8211; Cap: 1,00 m\u00b3 &#8211; pour la collecte des d\u00e9chetsm"}]},{"@type":"WebSite","@id":"https:\/\/www.alucomfort.be\/#website","url":"https:\/\/www.alucomfort.be\/","name":"Alu Comfort","description":"","potentialAction":[{"@type":"SearchAction","target":{"@type":"EntryPoint","urlTemplate":"https:\/\/www.alucomfort.be\/?s={search_term_string}"},"query-input":{"@type":"PropertyValueSpecification","valueRequired":true,"valueName":"search_term_string"}}],"inLanguage":"fr-FR"}]}},"_links":{"self":[{"href":"https:\/\/www.alucomfort.be\/fr\/wp-json\/wp\/v2\/product\/214145","targetHints":{"allow":["GET"]}}],"collection":[{"href":"https:\/\/www.alucomfort.be\/fr\/wp-json\/wp\/v2\/product"}],"about":[{"href":"https:\/\/www.alucomfort.be\/fr\/wp-json\/wp\/v2\/types\/product"}],"wp:featuredmedia":[{"embeddable":true,"href":"https:\/\/www.alucomfort.be\/fr\/wp-json\/wp\/v2\/media\/3651"}],"wp:attachment":[{"href":"https:\/\/www.alucomfort.be\/fr\/wp-json\/wp\/v2\/media?parent=214145"}],"wp:term":[{"taxonomy":"product_brand","embeddable":true,"href":"https:\/\/www.alucomfort.be\/fr\/wp-json\/wp\/v2\/product_brand?post=214145"},{"taxonomy":"product_cat","embeddable":true,"href":"https:\/\/www.alucomfort.be\/fr\/wp-json\/wp\/v2\/product_cat?post=214145"},{"taxonomy":"product_tag","embeddable":true,"href":"https:\/\/www.alucomfort.be\/fr\/wp-json\/wp\/v2\/product_tag?post=214145"}],"curies":[{"name":"wp","href":"https:\/\/api.w.org\/{rel}","templated":true}]}}