

{"id":214327,"date":"2022-03-28T17:17:24","date_gmt":"2022-03-28T15:17:24","guid":{"rendered":"https:\/\/www.alucomfort.be\/product\/bennes-a-fond-ouvrant-type-fb-cap-200-m%c2%b3-la-solution-economique-pour-la-collecte-des-dechets\/"},"modified":"2022-03-28T17:18:16","modified_gmt":"2022-03-28T15:18:16","slug":"bennes-a-fond-ouvrant-type-fb-cap-200-m%c2%b3-la-solution-economique-pour-la-collecte-des-dechets","status":"publish","type":"product","link":"https:\/\/www.alucomfort.be\/fr\/product\/bennes-a-fond-ouvrant-type-fb-cap-200-m%c2%b3-la-solution-economique-pour-la-collecte-des-dechets\/","title":{"rendered":"Bennes \u00e0 fond ouvrant type FB &#8211; Cap: 2,00 m\u00b3 &#8211; la solution \u00e9conomique pour la collecte des d\u00e9chets"},"content":{"rendered":"<p>Bennes \u00e0 fonds ouvrant type FB pour la collecte des d\u00e9chets (superposables sur 3 niveaux).  Multi usages tous les types d&rsquo;industries et d\u00e9chets.  Un vidage int\u00e9gral par la base et le fond se ferme automatiquement en d\u00e9posant le bac.  Construction robuste et d\u00e9verouilage du fond par c\u00e2ble \u00e0 partir du si\u00e8ge du chariot \u00e9levateur.  Tous les bacs sont s\u00e9curis\u00e9s contre l&rsquo;ouverture du fond inintentionnels et le glissement inintentionnels.  Prises pour chariot \u00e9levateurs et grue avec 4 tourillons de diam\u00e8tre 40 mm.  Des options sont des fonds \u00e0 parois de centrage lat\u00e9rales galvanis\u00e9es, des roulettes (2 pivotantes avec freins et 2 roulettes fixes avec \u00f8 180 mm) ou un ouvercle galvanis\u00e9 ouvrant des deux cot\u00e9s.<\/p>\n","protected":false},"excerpt":{"rendered":"<p>Conteneur avec fond rabattable type FB &#8211; Dimensions: 1040 x 1845 x 1445 mm<\/p>\n","protected":false},"featured_media":3579,"template":"","meta":{"_acf_changed":false},"product_brand":[],"product_cat":[2988],"product_tag":[],"class_list":{"0":"post-214327","1":"product","2":"type-product","3":"status-publish","4":"has-post-thumbnail","6":"product_cat-bennes-a-fond-ouvrant-type-fb-la-version-plus-economique","8":"first","9":"outofstock","10":"taxable","11":"shipping-taxable","12":"purchasable","13":"product-type-variable"},"acf":[],"yoast_head":"<!-- This site is optimized with the Yoast SEO plugin v24.8.1 - https:\/\/yoast.com\/wordpress\/plugins\/seo\/ -->\n<title>Bennes \u00e0 fond ouvrant<\/title>\n<meta name=\"description\" content=\"Bennes \u00e0 fond ouvrant avec multi usage pour tous les types d&#039;industries et d\u00e9chets. Un vidage int\u00e9gral par la base\" \/>\n<meta name=\"robots\" content=\"index, follow, max-snippet:-1, max-image-preview:large, max-video-preview:-1\" \/>\n<link rel=\"canonical\" href=\"https:\/\/www.alucomfort.be\/product\/onderlosser-fb-capaciteit-200-m\u00b3-de-goedkopere-versie-en-een-ideale-oplossing-voor-de-inzameling-van-recycleerbare-stoffen\/\" \/>\n<meta property=\"og:locale\" content=\"fr_FR\" \/>\n<meta property=\"og:type\" content=\"article\" \/>\n<meta property=\"og:title\" content=\"Bennes \u00e0 fond ouvrant\" \/>\n<meta property=\"og:description\" content=\"Bennes \u00e0 fond ouvrant avec multi usage pour tous les types d&#039;industries et d\u00e9chets. Un vidage int\u00e9gral par la base\" \/>\n<meta property=\"og:url\" content=\"https:\/\/www.alucomfort.be\/product\/onderlosser-fb-capaciteit-200-m\u00b3-de-goedkopere-versie-en-een-ideale-oplossing-voor-de-inzameling-van-recycleerbare-stoffen\/\" \/>\n<meta property=\"og:site_name\" content=\"Alu Comfort\" \/>\n<meta property=\"article:modified_time\" content=\"2022-03-28T15:18:16+00:00\" \/>\n<meta property=\"og:image\" content=\"https:\/\/www.alucomfort.be\/wp-content\/uploads\/BR-FB-1.jpg\" \/>\n\t<meta property=\"og:image:width\" content=\"900\" \/>\n\t<meta property=\"og:image:height\" content=\"602\" \/>\n\t<meta property=\"og:image:type\" content=\"image\/jpeg\" \/>\n<meta name=\"twitter:card\" content=\"summary_large_image\" \/>\n<meta name=\"twitter:label1\" content=\"Dur\u00e9e de lecture estim\u00e9e\" \/>\n\t<meta name=\"twitter:data1\" content=\"1 minute\" \/>\n<script type=\"application\/ld+json\" class=\"yoast-schema-graph\">{\"@context\":\"https:\/\/schema.org\",\"@graph\":[{\"@type\":\"WebPage\",\"@id\":\"https:\/\/www.alucomfort.be\/product\/onderlosser-fb-capaciteit-200-m%c2%b3-de-goedkopere-versie-en-een-ideale-oplossing-voor-de-inzameling-van-recycleerbare-stoffen\/\",\"url\":\"https:\/\/www.alucomfort.be\/product\/onderlosser-fb-capaciteit-200-m%c2%b3-de-goedkopere-versie-en-een-ideale-oplossing-voor-de-inzameling-van-recycleerbare-stoffen\/\",\"name\":\"Bennes \u00e0 fond ouvrant\",\"isPartOf\":{\"@id\":\"https:\/\/www.alucomfort.be\/#website\"},\"primaryImageOfPage\":{\"@id\":\"https:\/\/www.alucomfort.be\/product\/onderlosser-fb-capaciteit-200-m%c2%b3-de-goedkopere-versie-en-een-ideale-oplossing-voor-de-inzameling-van-recycleerbare-stoffen\/#primaryimage\"},\"image\":{\"@id\":\"https:\/\/www.alucomfort.be\/product\/onderlosser-fb-capaciteit-200-m%c2%b3-de-goedkopere-versie-en-een-ideale-oplossing-voor-de-inzameling-van-recycleerbare-stoffen\/#primaryimage\"},\"thumbnailUrl\":\"https:\/\/www.alucomfort.be\/wp-content\/uploads\/BR-FB-1.jpg\",\"datePublished\":\"2022-03-28T15:17:24+00:00\",\"dateModified\":\"2022-03-28T15:18:16+00:00\",\"description\":\"Bennes \u00e0 fond ouvrant avec multi usage pour tous les types d'industries et d\u00e9chets. Un vidage int\u00e9gral par la base\",\"breadcrumb\":{\"@id\":\"https:\/\/www.alucomfort.be\/product\/onderlosser-fb-capaciteit-200-m%c2%b3-de-goedkopere-versie-en-een-ideale-oplossing-voor-de-inzameling-van-recycleerbare-stoffen\/#breadcrumb\"},\"inLanguage\":\"fr-FR\",\"potentialAction\":[{\"@type\":\"ReadAction\",\"target\":[\"https:\/\/www.alucomfort.be\/product\/onderlosser-fb-capaciteit-200-m%c2%b3-de-goedkopere-versie-en-een-ideale-oplossing-voor-de-inzameling-van-recycleerbare-stoffen\/\"]}]},{\"@type\":\"ImageObject\",\"inLanguage\":\"fr-FR\",\"@id\":\"https:\/\/www.alucomfort.be\/product\/onderlosser-fb-capaciteit-200-m%c2%b3-de-goedkopere-versie-en-een-ideale-oplossing-voor-de-inzameling-van-recycleerbare-stoffen\/#primaryimage\",\"url\":\"https:\/\/www.alucomfort.be\/wp-content\/uploads\/BR-FB-1.jpg\",\"contentUrl\":\"https:\/\/www.alucomfort.be\/wp-content\/uploads\/BR-FB-1.jpg\",\"width\":900,\"height\":602,\"caption\":\"Bodemklepcontainer of onderlosser\"},{\"@type\":\"BreadcrumbList\",\"@id\":\"https:\/\/www.alucomfort.be\/product\/onderlosser-fb-capaciteit-200-m%c2%b3-de-goedkopere-versie-en-een-ideale-oplossing-voor-de-inzameling-van-recycleerbare-stoffen\/#breadcrumb\",\"itemListElement\":[{\"@type\":\"ListItem\",\"position\":1,\"name\":\"Home\",\"item\":\"https:\/\/www.alucomfort.be\/fr\/\"},{\"@type\":\"ListItem\",\"position\":2,\"name\":\"Producten\",\"item\":\"https:\/\/www.alucomfort.be\/producten\/\"},{\"@type\":\"ListItem\",\"position\":3,\"name\":\"Bennes \u00e0 fond ouvrant type FB &#8211; Cap: 2,00 m\u00b3 &#8211; la solution \u00e9conomique pour la collecte des d\u00e9chets\"}]},{\"@type\":\"WebSite\",\"@id\":\"https:\/\/www.alucomfort.be\/#website\",\"url\":\"https:\/\/www.alucomfort.be\/\",\"name\":\"Alu Comfort\",\"description\":\"\",\"potentialAction\":[{\"@type\":\"SearchAction\",\"target\":{\"@type\":\"EntryPoint\",\"urlTemplate\":\"https:\/\/www.alucomfort.be\/?s={search_term_string}\"},\"query-input\":{\"@type\":\"PropertyValueSpecification\",\"valueRequired\":true,\"valueName\":\"search_term_string\"}}],\"inLanguage\":\"fr-FR\"}]}<\/script>\n<!-- \/ Yoast SEO plugin. -->","yoast_head_json":{"title":"Bennes \u00e0 fond ouvrant","description":"Bennes \u00e0 fond ouvrant avec multi usage pour tous les types d'industries et d\u00e9chets. Un vidage int\u00e9gral par la base","robots":{"index":"index","follow":"follow","max-snippet":"max-snippet:-1","max-image-preview":"max-image-preview:large","max-video-preview":"max-video-preview:-1"},"canonical":"https:\/\/www.alucomfort.be\/product\/onderlosser-fb-capaciteit-200-m\u00b3-de-goedkopere-versie-en-een-ideale-oplossing-voor-de-inzameling-van-recycleerbare-stoffen\/","og_locale":"fr_FR","og_type":"article","og_title":"Bennes \u00e0 fond ouvrant","og_description":"Bennes \u00e0 fond ouvrant avec multi usage pour tous les types d'industries et d\u00e9chets. Un vidage int\u00e9gral par la base","og_url":"https:\/\/www.alucomfort.be\/product\/onderlosser-fb-capaciteit-200-m\u00b3-de-goedkopere-versie-en-een-ideale-oplossing-voor-de-inzameling-van-recycleerbare-stoffen\/","og_site_name":"Alu Comfort","article_modified_time":"2022-03-28T15:18:16+00:00","og_image":[{"width":900,"height":602,"url":"https:\/\/www.alucomfort.be\/wp-content\/uploads\/BR-FB-1.jpg","type":"image\/jpeg"}],"twitter_card":"summary_large_image","twitter_misc":{"Dur\u00e9e de lecture estim\u00e9e":"1 minute"},"schema":{"@context":"https:\/\/schema.org","@graph":[{"@type":"WebPage","@id":"https:\/\/www.alucomfort.be\/product\/onderlosser-fb-capaciteit-200-m%c2%b3-de-goedkopere-versie-en-een-ideale-oplossing-voor-de-inzameling-van-recycleerbare-stoffen\/","url":"https:\/\/www.alucomfort.be\/product\/onderlosser-fb-capaciteit-200-m%c2%b3-de-goedkopere-versie-en-een-ideale-oplossing-voor-de-inzameling-van-recycleerbare-stoffen\/","name":"Bennes \u00e0 fond ouvrant","isPartOf":{"@id":"https:\/\/www.alucomfort.be\/#website"},"primaryImageOfPage":{"@id":"https:\/\/www.alucomfort.be\/product\/onderlosser-fb-capaciteit-200-m%c2%b3-de-goedkopere-versie-en-een-ideale-oplossing-voor-de-inzameling-van-recycleerbare-stoffen\/#primaryimage"},"image":{"@id":"https:\/\/www.alucomfort.be\/product\/onderlosser-fb-capaciteit-200-m%c2%b3-de-goedkopere-versie-en-een-ideale-oplossing-voor-de-inzameling-van-recycleerbare-stoffen\/#primaryimage"},"thumbnailUrl":"https:\/\/www.alucomfort.be\/wp-content\/uploads\/BR-FB-1.jpg","datePublished":"2022-03-28T15:17:24+00:00","dateModified":"2022-03-28T15:18:16+00:00","description":"Bennes \u00e0 fond ouvrant avec multi usage pour tous les types d'industries et d\u00e9chets. Un vidage int\u00e9gral par la base","breadcrumb":{"@id":"https:\/\/www.alucomfort.be\/product\/onderlosser-fb-capaciteit-200-m%c2%b3-de-goedkopere-versie-en-een-ideale-oplossing-voor-de-inzameling-van-recycleerbare-stoffen\/#breadcrumb"},"inLanguage":"fr-FR","potentialAction":[{"@type":"ReadAction","target":["https:\/\/www.alucomfort.be\/product\/onderlosser-fb-capaciteit-200-m%c2%b3-de-goedkopere-versie-en-een-ideale-oplossing-voor-de-inzameling-van-recycleerbare-stoffen\/"]}]},{"@type":"ImageObject","inLanguage":"fr-FR","@id":"https:\/\/www.alucomfort.be\/product\/onderlosser-fb-capaciteit-200-m%c2%b3-de-goedkopere-versie-en-een-ideale-oplossing-voor-de-inzameling-van-recycleerbare-stoffen\/#primaryimage","url":"https:\/\/www.alucomfort.be\/wp-content\/uploads\/BR-FB-1.jpg","contentUrl":"https:\/\/www.alucomfort.be\/wp-content\/uploads\/BR-FB-1.jpg","width":900,"height":602,"caption":"Bodemklepcontainer of onderlosser"},{"@type":"BreadcrumbList","@id":"https:\/\/www.alucomfort.be\/product\/onderlosser-fb-capaciteit-200-m%c2%b3-de-goedkopere-versie-en-een-ideale-oplossing-voor-de-inzameling-van-recycleerbare-stoffen\/#breadcrumb","itemListElement":[{"@type":"ListItem","position":1,"name":"Home","item":"https:\/\/www.alucomfort.be\/fr\/"},{"@type":"ListItem","position":2,"name":"Producten","item":"https:\/\/www.alucomfort.be\/producten\/"},{"@type":"ListItem","position":3,"name":"Bennes \u00e0 fond ouvrant type FB &#8211; Cap: 2,00 m\u00b3 &#8211; la solution \u00e9conomique pour la collecte des d\u00e9chets"}]},{"@type":"WebSite","@id":"https:\/\/www.alucomfort.be\/#website","url":"https:\/\/www.alucomfort.be\/","name":"Alu Comfort","description":"","potentialAction":[{"@type":"SearchAction","target":{"@type":"EntryPoint","urlTemplate":"https:\/\/www.alucomfort.be\/?s={search_term_string}"},"query-input":{"@type":"PropertyValueSpecification","valueRequired":true,"valueName":"search_term_string"}}],"inLanguage":"fr-FR"}]}},"_links":{"self":[{"href":"https:\/\/www.alucomfort.be\/fr\/wp-json\/wp\/v2\/product\/214327","targetHints":{"allow":["GET"]}}],"collection":[{"href":"https:\/\/www.alucomfort.be\/fr\/wp-json\/wp\/v2\/product"}],"about":[{"href":"https:\/\/www.alucomfort.be\/fr\/wp-json\/wp\/v2\/types\/product"}],"wp:featuredmedia":[{"embeddable":true,"href":"https:\/\/www.alucomfort.be\/fr\/wp-json\/wp\/v2\/media\/3579"}],"wp:attachment":[{"href":"https:\/\/www.alucomfort.be\/fr\/wp-json\/wp\/v2\/media?parent=214327"}],"wp:term":[{"taxonomy":"product_brand","embeddable":true,"href":"https:\/\/www.alucomfort.be\/fr\/wp-json\/wp\/v2\/product_brand?post=214327"},{"taxonomy":"product_cat","embeddable":true,"href":"https:\/\/www.alucomfort.be\/fr\/wp-json\/wp\/v2\/product_cat?post=214327"},{"taxonomy":"product_tag","embeddable":true,"href":"https:\/\/www.alucomfort.be\/fr\/wp-json\/wp\/v2\/product_tag?post=214327"}],"curies":[{"name":"wp","href":"https:\/\/api.w.org\/{rel}","templated":true}]}}