

{"id":214704,"date":"2022-05-09T11:31:26","date_gmt":"2022-05-09T09:31:26","guid":{"rendered":"https:\/\/www.alucomfort.be\/product\/bac-a-mortier-pvc\/"},"modified":"2024-11-26T12:06:32","modified_gmt":"2024-11-26T10:06:32","slug":"bac-a-mortier-pvc","status":"publish","type":"product","link":"https:\/\/www.alucomfort.be\/fr\/product\/bac-a-mortier-pvc\/","title":{"rendered":"Bac \u00e0 mortier (PVC)"},"content":{"rendered":"<p>* Bac \u00e0 mortier en PVC  haute densit\u00e9 incassable r\u00e9sistant aux UV, * Renforc\u00e9 par un cadre en acier, * Convient au transport par grue, * Dim: 100 x 740 x 500 mm, * Poids: 21 kg<\/p>\n","protected":false},"excerpt":{"rendered":"<p>Bac \u00e0 mortier en PVC<\/p>\n","protected":false},"featured_media":214685,"template":"","meta":{"_acf_changed":false},"product_brand":[],"product_cat":[9022],"product_tag":[],"class_list":{"0":"post-214704","1":"product","2":"type-product","3":"status-publish","4":"has-post-thumbnail","6":"product_cat-bac-a-mortier","8":"first","9":"instock","10":"taxable","11":"shipping-taxable","12":"purchasable","13":"product-type-simple"},"acf":[],"yoast_head":"<!-- This site is optimized with the Yoast SEO plugin v24.8.1 - https:\/\/yoast.com\/wordpress\/plugins\/seo\/ -->\n<title>Bac \u00e0 mortier | Alu Comfort |Bac en PVC<\/title>\n<meta name=\"description\" content=\"Bac \u00e0 mortier. La plus large gamme des bennes pour grue. Contactez-nous.\" \/>\n<meta name=\"robots\" content=\"index, follow, max-snippet:-1, max-image-preview:large, max-video-preview:-1\" \/>\n<link rel=\"canonical\" href=\"https:\/\/www.alucomfort.be\/product\/mortelbak\/\" \/>\n<meta property=\"og:locale\" content=\"fr_FR\" \/>\n<meta property=\"og:type\" content=\"article\" \/>\n<meta property=\"og:title\" content=\"Bac \u00e0 mortier | Alu Comfort |Bac en PVC\" \/>\n<meta property=\"og:description\" content=\"Bac \u00e0 mortier. La plus large gamme des bennes pour grue. Contactez-nous.\" \/>\n<meta property=\"og:url\" content=\"https:\/\/www.alucomfort.be\/product\/mortelbak\/\" \/>\n<meta property=\"og:site_name\" content=\"Alu Comfort\" \/>\n<meta property=\"article:modified_time\" content=\"2024-11-26T10:06:32+00:00\" \/>\n<meta property=\"og:image\" content=\"https:\/\/www.alucomfort.be\/wp-content\/uploads\/Mortelbak.jpg\" \/>\n\t<meta property=\"og:image:width\" content=\"440\" \/>\n\t<meta property=\"og:image:height\" content=\"800\" \/>\n\t<meta property=\"og:image:type\" content=\"image\/jpeg\" \/>\n<meta name=\"twitter:card\" content=\"summary_large_image\" \/>\n<script type=\"application\/ld+json\" class=\"yoast-schema-graph\">{\"@context\":\"https:\/\/schema.org\",\"@graph\":[{\"@type\":\"WebPage\",\"@id\":\"https:\/\/www.alucomfort.be\/product\/mortelbak\/\",\"url\":\"https:\/\/www.alucomfort.be\/product\/mortelbak\/\",\"name\":\"Bac \u00e0 mortier | Alu Comfort |Bac en PVC\",\"isPartOf\":{\"@id\":\"https:\/\/www.alucomfort.be\/#website\"},\"primaryImageOfPage\":{\"@id\":\"https:\/\/www.alucomfort.be\/product\/mortelbak\/#primaryimage\"},\"image\":{\"@id\":\"https:\/\/www.alucomfort.be\/product\/mortelbak\/#primaryimage\"},\"thumbnailUrl\":\"https:\/\/www.alucomfort.be\/wp-content\/uploads\/Mortelbak.jpg\",\"datePublished\":\"2022-05-09T09:31:26+00:00\",\"dateModified\":\"2024-11-26T10:06:32+00:00\",\"description\":\"Bac \u00e0 mortier. La plus large gamme des bennes pour grue. Contactez-nous.\",\"breadcrumb\":{\"@id\":\"https:\/\/www.alucomfort.be\/product\/mortelbak\/#breadcrumb\"},\"inLanguage\":\"fr-FR\",\"potentialAction\":[{\"@type\":\"ReadAction\",\"target\":[\"https:\/\/www.alucomfort.be\/product\/mortelbak\/\"]}]},{\"@type\":\"ImageObject\",\"inLanguage\":\"fr-FR\",\"@id\":\"https:\/\/www.alucomfort.be\/product\/mortelbak\/#primaryimage\",\"url\":\"https:\/\/www.alucomfort.be\/wp-content\/uploads\/Mortelbak.jpg\",\"contentUrl\":\"https:\/\/www.alucomfort.be\/wp-content\/uploads\/Mortelbak.jpg\",\"width\":440,\"height\":800,\"caption\":\"Mortelbak\"},{\"@type\":\"BreadcrumbList\",\"@id\":\"https:\/\/www.alucomfort.be\/product\/mortelbak\/#breadcrumb\",\"itemListElement\":[{\"@type\":\"ListItem\",\"position\":1,\"name\":\"Home\",\"item\":\"https:\/\/www.alucomfort.be\/fr\/\"},{\"@type\":\"ListItem\",\"position\":2,\"name\":\"Producten\",\"item\":\"https:\/\/www.alucomfort.be\/producten\/\"},{\"@type\":\"ListItem\",\"position\":3,\"name\":\"Bac \u00e0 mortier (PVC)\"}]},{\"@type\":\"WebSite\",\"@id\":\"https:\/\/www.alucomfort.be\/#website\",\"url\":\"https:\/\/www.alucomfort.be\/\",\"name\":\"Alu Comfort\",\"description\":\"\",\"potentialAction\":[{\"@type\":\"SearchAction\",\"target\":{\"@type\":\"EntryPoint\",\"urlTemplate\":\"https:\/\/www.alucomfort.be\/?s={search_term_string}\"},\"query-input\":{\"@type\":\"PropertyValueSpecification\",\"valueRequired\":true,\"valueName\":\"search_term_string\"}}],\"inLanguage\":\"fr-FR\"}]}<\/script>\n<!-- \/ Yoast SEO plugin. -->","yoast_head_json":{"title":"Bac \u00e0 mortier | Alu Comfort |Bac en PVC","description":"Bac \u00e0 mortier. La plus large gamme des bennes pour grue. Contactez-nous.","robots":{"index":"index","follow":"follow","max-snippet":"max-snippet:-1","max-image-preview":"max-image-preview:large","max-video-preview":"max-video-preview:-1"},"canonical":"https:\/\/www.alucomfort.be\/product\/mortelbak\/","og_locale":"fr_FR","og_type":"article","og_title":"Bac \u00e0 mortier | Alu Comfort |Bac en PVC","og_description":"Bac \u00e0 mortier. La plus large gamme des bennes pour grue. Contactez-nous.","og_url":"https:\/\/www.alucomfort.be\/product\/mortelbak\/","og_site_name":"Alu Comfort","article_modified_time":"2024-11-26T10:06:32+00:00","og_image":[{"width":440,"height":800,"url":"https:\/\/www.alucomfort.be\/wp-content\/uploads\/Mortelbak.jpg","type":"image\/jpeg"}],"twitter_card":"summary_large_image","schema":{"@context":"https:\/\/schema.org","@graph":[{"@type":"WebPage","@id":"https:\/\/www.alucomfort.be\/product\/mortelbak\/","url":"https:\/\/www.alucomfort.be\/product\/mortelbak\/","name":"Bac \u00e0 mortier | Alu Comfort |Bac en PVC","isPartOf":{"@id":"https:\/\/www.alucomfort.be\/#website"},"primaryImageOfPage":{"@id":"https:\/\/www.alucomfort.be\/product\/mortelbak\/#primaryimage"},"image":{"@id":"https:\/\/www.alucomfort.be\/product\/mortelbak\/#primaryimage"},"thumbnailUrl":"https:\/\/www.alucomfort.be\/wp-content\/uploads\/Mortelbak.jpg","datePublished":"2022-05-09T09:31:26+00:00","dateModified":"2024-11-26T10:06:32+00:00","description":"Bac \u00e0 mortier. La plus large gamme des bennes pour grue. Contactez-nous.","breadcrumb":{"@id":"https:\/\/www.alucomfort.be\/product\/mortelbak\/#breadcrumb"},"inLanguage":"fr-FR","potentialAction":[{"@type":"ReadAction","target":["https:\/\/www.alucomfort.be\/product\/mortelbak\/"]}]},{"@type":"ImageObject","inLanguage":"fr-FR","@id":"https:\/\/www.alucomfort.be\/product\/mortelbak\/#primaryimage","url":"https:\/\/www.alucomfort.be\/wp-content\/uploads\/Mortelbak.jpg","contentUrl":"https:\/\/www.alucomfort.be\/wp-content\/uploads\/Mortelbak.jpg","width":440,"height":800,"caption":"Mortelbak"},{"@type":"BreadcrumbList","@id":"https:\/\/www.alucomfort.be\/product\/mortelbak\/#breadcrumb","itemListElement":[{"@type":"ListItem","position":1,"name":"Home","item":"https:\/\/www.alucomfort.be\/fr\/"},{"@type":"ListItem","position":2,"name":"Producten","item":"https:\/\/www.alucomfort.be\/producten\/"},{"@type":"ListItem","position":3,"name":"Bac \u00e0 mortier (PVC)"}]},{"@type":"WebSite","@id":"https:\/\/www.alucomfort.be\/#website","url":"https:\/\/www.alucomfort.be\/","name":"Alu Comfort","description":"","potentialAction":[{"@type":"SearchAction","target":{"@type":"EntryPoint","urlTemplate":"https:\/\/www.alucomfort.be\/?s={search_term_string}"},"query-input":{"@type":"PropertyValueSpecification","valueRequired":true,"valueName":"search_term_string"}}],"inLanguage":"fr-FR"}]}},"_links":{"self":[{"href":"https:\/\/www.alucomfort.be\/fr\/wp-json\/wp\/v2\/product\/214704","targetHints":{"allow":["GET"]}}],"collection":[{"href":"https:\/\/www.alucomfort.be\/fr\/wp-json\/wp\/v2\/product"}],"about":[{"href":"https:\/\/www.alucomfort.be\/fr\/wp-json\/wp\/v2\/types\/product"}],"wp:featuredmedia":[{"embeddable":true,"href":"https:\/\/www.alucomfort.be\/fr\/wp-json\/wp\/v2\/media\/214685"}],"wp:attachment":[{"href":"https:\/\/www.alucomfort.be\/fr\/wp-json\/wp\/v2\/media?parent=214704"}],"wp:term":[{"taxonomy":"product_brand","embeddable":true,"href":"https:\/\/www.alucomfort.be\/fr\/wp-json\/wp\/v2\/product_brand?post=214704"},{"taxonomy":"product_cat","embeddable":true,"href":"https:\/\/www.alucomfort.be\/fr\/wp-json\/wp\/v2\/product_cat?post=214704"},{"taxonomy":"product_tag","embeddable":true,"href":"https:\/\/www.alucomfort.be\/fr\/wp-json\/wp\/v2\/product_tag?post=214704"}],"curies":[{"name":"wp","href":"https:\/\/api.w.org\/{rel}","templated":true}]}}