

{"id":214796,"date":"2022-06-06T21:35:54","date_gmt":"2022-06-06T19:35:54","guid":{"rendered":"https:\/\/www.alucomfort.be\/product\/bennes-basculantes-a-copeaux\/"},"modified":"2022-06-06T21:40:28","modified_gmt":"2022-06-06T19:40:28","slug":"bennes-basculantes-a-copeaux","status":"publish","type":"product","link":"https:\/\/www.alucomfort.be\/fr\/product\/bennes-basculantes-a-copeaux\/","title":{"rendered":"Bennes basculantes \u00e0 copeaux"},"content":{"rendered":"<p>* Bennes basculantes \u00e0 copeaux pour la collection et s\u00e9paration des mati\u00e8res fixes et liquides (copeaux, de boue, chutes et de d\u00e9chets de coupe), * Bacs basculants \u00e0 copeaux avec double fond en t\u00f4le perfor\u00e9e et robinet de vidange,  * Basculement avec cable, * Avec grille et robinet de vidange, * Cadre de base robuste, * S\u00e9curistation contre le basculement et glissement inintentionnels, * Benne enti\u00e8rement \u00e9tanche<\/p>\n","protected":false},"excerpt":{"rendered":"<p>Bennes \u00e0 copeaux avec grille et robinet de vidange pour s\u00e9parer le lubrifiant des copeaux<\/p>\n","protected":false},"featured_media":203279,"template":"","meta":{"_acf_changed":false},"product_brand":[],"product_cat":[8880],"product_tag":[],"class_list":{"0":"post-214796","1":"product","2":"type-product","3":"status-publish","4":"has-post-thumbnail","6":"product_cat-bennes-a-copeaux","8":"first","9":"outofstock","10":"taxable","11":"shipping-taxable","12":"purchasable","13":"product-type-variable"},"acf":[],"yoast_head":"<!-- This site is optimized with the Yoast SEO plugin v24.8.1 - https:\/\/yoast.com\/wordpress\/plugins\/seo\/ -->\n<title>Bennes \u00e0 copeaux | Alu Comfort | Bennes basculantes<\/title>\n<meta name=\"description\" content=\"Bennes \u00e0 copeaux avec grille et robinet de vidange pour s\u00e9parer le lubrifiant des copeaux. Id\u00e9ale pour collecte copeaux d&#039;usinage, boues,\u0085\" \/>\n<meta name=\"robots\" content=\"index, follow, max-snippet:-1, max-image-preview:large, max-video-preview:-1\" \/>\n<link rel=\"canonical\" href=\"https:\/\/www.alucomfort.be\/product\/spaandercontainer-sgu-met-capaciteit-tussen-030-m\u00b3-en-2-m\u00b3\/\" \/>\n<meta property=\"og:locale\" content=\"fr_FR\" \/>\n<meta property=\"og:type\" content=\"article\" \/>\n<meta property=\"og:title\" content=\"Bennes \u00e0 copeaux | Alu Comfort | Bennes basculantes\" \/>\n<meta property=\"og:description\" content=\"Bennes \u00e0 copeaux avec grille et robinet de vidange pour s\u00e9parer le lubrifiant des copeaux. Id\u00e9ale pour collecte copeaux d&#039;usinage, boues,\u0085\" \/>\n<meta property=\"og:url\" content=\"https:\/\/www.alucomfort.be\/product\/spaandercontainer-sgu-met-capaciteit-tussen-030-m\u00b3-en-2-m\u00b3\/\" \/>\n<meta property=\"og:site_name\" content=\"Alu Comfort\" \/>\n<meta property=\"article:modified_time\" content=\"2022-06-06T19:40:28+00:00\" \/>\n<meta property=\"og:image\" content=\"https:\/\/www.alucomfort.be\/wp-content\/uploads\/Spaandercontainer1-1.jpg\" \/>\n\t<meta property=\"og:image:width\" content=\"1518\" \/>\n\t<meta property=\"og:image:height\" content=\"1240\" \/>\n\t<meta property=\"og:image:type\" content=\"image\/jpeg\" \/>\n<meta name=\"twitter:card\" content=\"summary_large_image\" \/>\n<script type=\"application\/ld+json\" class=\"yoast-schema-graph\">{\"@context\":\"https:\/\/schema.org\",\"@graph\":[{\"@type\":\"WebPage\",\"@id\":\"https:\/\/www.alucomfort.be\/product\/spaandercontainer-sgu-met-capaciteit-tussen-030-m%c2%b3-en-2-m%c2%b3\/\",\"url\":\"https:\/\/www.alucomfort.be\/product\/spaandercontainer-sgu-met-capaciteit-tussen-030-m%c2%b3-en-2-m%c2%b3\/\",\"name\":\"Bennes \u00e0 copeaux | Alu Comfort | Bennes basculantes\",\"isPartOf\":{\"@id\":\"https:\/\/www.alucomfort.be\/#website\"},\"primaryImageOfPage\":{\"@id\":\"https:\/\/www.alucomfort.be\/product\/spaandercontainer-sgu-met-capaciteit-tussen-030-m%c2%b3-en-2-m%c2%b3\/#primaryimage\"},\"image\":{\"@id\":\"https:\/\/www.alucomfort.be\/product\/spaandercontainer-sgu-met-capaciteit-tussen-030-m%c2%b3-en-2-m%c2%b3\/#primaryimage\"},\"thumbnailUrl\":\"https:\/\/www.alucomfort.be\/wp-content\/uploads\/Spaandercontainer1-1.jpg\",\"datePublished\":\"2022-06-06T19:35:54+00:00\",\"dateModified\":\"2022-06-06T19:40:28+00:00\",\"description\":\"Bennes \u00e0 copeaux avec grille et robinet de vidange pour s\u00e9parer le lubrifiant des copeaux. Id\u00e9ale pour collecte copeaux d'usinage, boues,\u0085\",\"breadcrumb\":{\"@id\":\"https:\/\/www.alucomfort.be\/product\/spaandercontainer-sgu-met-capaciteit-tussen-030-m%c2%b3-en-2-m%c2%b3\/#breadcrumb\"},\"inLanguage\":\"fr-FR\",\"potentialAction\":[{\"@type\":\"ReadAction\",\"target\":[\"https:\/\/www.alucomfort.be\/product\/spaandercontainer-sgu-met-capaciteit-tussen-030-m%c2%b3-en-2-m%c2%b3\/\"]}]},{\"@type\":\"ImageObject\",\"inLanguage\":\"fr-FR\",\"@id\":\"https:\/\/www.alucomfort.be\/product\/spaandercontainer-sgu-met-capaciteit-tussen-030-m%c2%b3-en-2-m%c2%b3\/#primaryimage\",\"url\":\"https:\/\/www.alucomfort.be\/wp-content\/uploads\/Spaandercontainer1-1.jpg\",\"contentUrl\":\"https:\/\/www.alucomfort.be\/wp-content\/uploads\/Spaandercontainer1-1.jpg\",\"width\":1518,\"height\":1240,\"caption\":\"OLYMPUS DIGITAL CAMERA\"},{\"@type\":\"BreadcrumbList\",\"@id\":\"https:\/\/www.alucomfort.be\/product\/spaandercontainer-sgu-met-capaciteit-tussen-030-m%c2%b3-en-2-m%c2%b3\/#breadcrumb\",\"itemListElement\":[{\"@type\":\"ListItem\",\"position\":1,\"name\":\"Home\",\"item\":\"https:\/\/www.alucomfort.be\/fr\/\"},{\"@type\":\"ListItem\",\"position\":2,\"name\":\"Producten\",\"item\":\"https:\/\/www.alucomfort.be\/producten\/\"},{\"@type\":\"ListItem\",\"position\":3,\"name\":\"Bennes basculantes \u00e0 copeaux\"}]},{\"@type\":\"WebSite\",\"@id\":\"https:\/\/www.alucomfort.be\/#website\",\"url\":\"https:\/\/www.alucomfort.be\/\",\"name\":\"Alu Comfort\",\"description\":\"\",\"potentialAction\":[{\"@type\":\"SearchAction\",\"target\":{\"@type\":\"EntryPoint\",\"urlTemplate\":\"https:\/\/www.alucomfort.be\/?s={search_term_string}\"},\"query-input\":{\"@type\":\"PropertyValueSpecification\",\"valueRequired\":true,\"valueName\":\"search_term_string\"}}],\"inLanguage\":\"fr-FR\"}]}<\/script>\n<!-- \/ Yoast SEO plugin. -->","yoast_head_json":{"title":"Bennes \u00e0 copeaux | Alu Comfort | Bennes basculantes","description":"Bennes \u00e0 copeaux avec grille et robinet de vidange pour s\u00e9parer le lubrifiant des copeaux. Id\u00e9ale pour collecte copeaux d'usinage, boues,\u0085","robots":{"index":"index","follow":"follow","max-snippet":"max-snippet:-1","max-image-preview":"max-image-preview:large","max-video-preview":"max-video-preview:-1"},"canonical":"https:\/\/www.alucomfort.be\/product\/spaandercontainer-sgu-met-capaciteit-tussen-030-m\u00b3-en-2-m\u00b3\/","og_locale":"fr_FR","og_type":"article","og_title":"Bennes \u00e0 copeaux | Alu Comfort | Bennes basculantes","og_description":"Bennes \u00e0 copeaux avec grille et robinet de vidange pour s\u00e9parer le lubrifiant des copeaux. Id\u00e9ale pour collecte copeaux d'usinage, boues,\u0085","og_url":"https:\/\/www.alucomfort.be\/product\/spaandercontainer-sgu-met-capaciteit-tussen-030-m\u00b3-en-2-m\u00b3\/","og_site_name":"Alu Comfort","article_modified_time":"2022-06-06T19:40:28+00:00","og_image":[{"width":1518,"height":1240,"url":"https:\/\/www.alucomfort.be\/wp-content\/uploads\/Spaandercontainer1-1.jpg","type":"image\/jpeg"}],"twitter_card":"summary_large_image","schema":{"@context":"https:\/\/schema.org","@graph":[{"@type":"WebPage","@id":"https:\/\/www.alucomfort.be\/product\/spaandercontainer-sgu-met-capaciteit-tussen-030-m%c2%b3-en-2-m%c2%b3\/","url":"https:\/\/www.alucomfort.be\/product\/spaandercontainer-sgu-met-capaciteit-tussen-030-m%c2%b3-en-2-m%c2%b3\/","name":"Bennes \u00e0 copeaux | Alu Comfort | Bennes basculantes","isPartOf":{"@id":"https:\/\/www.alucomfort.be\/#website"},"primaryImageOfPage":{"@id":"https:\/\/www.alucomfort.be\/product\/spaandercontainer-sgu-met-capaciteit-tussen-030-m%c2%b3-en-2-m%c2%b3\/#primaryimage"},"image":{"@id":"https:\/\/www.alucomfort.be\/product\/spaandercontainer-sgu-met-capaciteit-tussen-030-m%c2%b3-en-2-m%c2%b3\/#primaryimage"},"thumbnailUrl":"https:\/\/www.alucomfort.be\/wp-content\/uploads\/Spaandercontainer1-1.jpg","datePublished":"2022-06-06T19:35:54+00:00","dateModified":"2022-06-06T19:40:28+00:00","description":"Bennes \u00e0 copeaux avec grille et robinet de vidange pour s\u00e9parer le lubrifiant des copeaux. Id\u00e9ale pour collecte copeaux d'usinage, boues,\u0085","breadcrumb":{"@id":"https:\/\/www.alucomfort.be\/product\/spaandercontainer-sgu-met-capaciteit-tussen-030-m%c2%b3-en-2-m%c2%b3\/#breadcrumb"},"inLanguage":"fr-FR","potentialAction":[{"@type":"ReadAction","target":["https:\/\/www.alucomfort.be\/product\/spaandercontainer-sgu-met-capaciteit-tussen-030-m%c2%b3-en-2-m%c2%b3\/"]}]},{"@type":"ImageObject","inLanguage":"fr-FR","@id":"https:\/\/www.alucomfort.be\/product\/spaandercontainer-sgu-met-capaciteit-tussen-030-m%c2%b3-en-2-m%c2%b3\/#primaryimage","url":"https:\/\/www.alucomfort.be\/wp-content\/uploads\/Spaandercontainer1-1.jpg","contentUrl":"https:\/\/www.alucomfort.be\/wp-content\/uploads\/Spaandercontainer1-1.jpg","width":1518,"height":1240,"caption":"OLYMPUS DIGITAL CAMERA"},{"@type":"BreadcrumbList","@id":"https:\/\/www.alucomfort.be\/product\/spaandercontainer-sgu-met-capaciteit-tussen-030-m%c2%b3-en-2-m%c2%b3\/#breadcrumb","itemListElement":[{"@type":"ListItem","position":1,"name":"Home","item":"https:\/\/www.alucomfort.be\/fr\/"},{"@type":"ListItem","position":2,"name":"Producten","item":"https:\/\/www.alucomfort.be\/producten\/"},{"@type":"ListItem","position":3,"name":"Bennes basculantes \u00e0 copeaux"}]},{"@type":"WebSite","@id":"https:\/\/www.alucomfort.be\/#website","url":"https:\/\/www.alucomfort.be\/","name":"Alu Comfort","description":"","potentialAction":[{"@type":"SearchAction","target":{"@type":"EntryPoint","urlTemplate":"https:\/\/www.alucomfort.be\/?s={search_term_string}"},"query-input":{"@type":"PropertyValueSpecification","valueRequired":true,"valueName":"search_term_string"}}],"inLanguage":"fr-FR"}]}},"_links":{"self":[{"href":"https:\/\/www.alucomfort.be\/fr\/wp-json\/wp\/v2\/product\/214796","targetHints":{"allow":["GET"]}}],"collection":[{"href":"https:\/\/www.alucomfort.be\/fr\/wp-json\/wp\/v2\/product"}],"about":[{"href":"https:\/\/www.alucomfort.be\/fr\/wp-json\/wp\/v2\/types\/product"}],"wp:featuredmedia":[{"embeddable":true,"href":"https:\/\/www.alucomfort.be\/fr\/wp-json\/wp\/v2\/media\/203279"}],"wp:attachment":[{"href":"https:\/\/www.alucomfort.be\/fr\/wp-json\/wp\/v2\/media?parent=214796"}],"wp:term":[{"taxonomy":"product_brand","embeddable":true,"href":"https:\/\/www.alucomfort.be\/fr\/wp-json\/wp\/v2\/product_brand?post=214796"},{"taxonomy":"product_cat","embeddable":true,"href":"https:\/\/www.alucomfort.be\/fr\/wp-json\/wp\/v2\/product_cat?post=214796"},{"taxonomy":"product_tag","embeddable":true,"href":"https:\/\/www.alucomfort.be\/fr\/wp-json\/wp\/v2\/product_tag?post=214796"}],"curies":[{"name":"wp","href":"https:\/\/api.w.org\/{rel}","templated":true}]}}