

{"id":214978,"date":"2022-06-06T22:25:20","date_gmt":"2022-06-06T20:25:20","guid":{"rendered":"https:\/\/www.alucomfort.be\/product\/caisse-palette-metallique-20-m%c2%b3\/"},"modified":"2022-06-09T18:21:28","modified_gmt":"2022-06-09T16:21:28","slug":"caisse-palette-metallique-20-m%c2%b3","status":"publish","type":"product","link":"https:\/\/www.alucomfort.be\/fr\/product\/caisse-palette-metallique-20-m%c2%b3\/","title":{"rendered":"Caisse palette m\u00e9tallique 2,0 m\u00b3"},"content":{"rendered":"<p>* Conteneur de manutention pratique, * Prises pour grue et chariot \u00e9l\u00e9vateur, * Construction robuste en t\u00f4le d&rsquo;acier, * Superposables (max. 3), * Dimension: 1200 x 2400 x 850 mm, * En option avec chariot \u00e0 roulettes, * Delai de livraison: plus au moins 3 semaines.<\/p>\n","protected":false},"excerpt":{"rendered":"<p>Caisse palette m\u00e9tallique pour le tri s\u00e9lectif et le transport<\/p>\n","protected":false},"featured_media":205194,"template":"","meta":{"_acf_changed":false},"product_brand":[],"product_cat":[8882],"product_tag":[],"class_list":{"0":"post-214978","1":"product","2":"type-product","3":"status-publish","4":"has-post-thumbnail","6":"product_cat-caisses-palettes","8":"first","9":"outofstock","10":"taxable","11":"shipping-taxable","12":"purchasable","13":"product-type-variable"},"acf":[],"yoast_head":"<!-- This site is optimized with the Yoast SEO plugin v24.8.1 - https:\/\/yoast.com\/wordpress\/plugins\/seo\/ -->\n<title>Caisse-palette | Alu Comfort | Bennes de manutention<\/title>\n<meta name=\"description\" content=\"Caisse Palette pour le tri s\u00e9lectif rapide. Bennes de manutention dans tous les formats\" \/>\n<meta name=\"robots\" content=\"index, follow, max-snippet:-1, max-image-preview:large, max-video-preview:-1\" \/>\n<link rel=\"canonical\" href=\"https:\/\/www.alucomfort.be\/product\/inzamelcontainer-20-m\u00b3\/\" \/>\n<meta property=\"og:locale\" content=\"fr_FR\" \/>\n<meta property=\"og:type\" content=\"article\" \/>\n<meta property=\"og:title\" content=\"Caisse-palette | Alu Comfort | Bennes de manutention\" \/>\n<meta property=\"og:description\" content=\"Caisse Palette pour le tri s\u00e9lectif rapide. Bennes de manutention dans tous les formats\" \/>\n<meta property=\"og:url\" content=\"https:\/\/www.alucomfort.be\/product\/inzamelcontainer-20-m\u00b3\/\" \/>\n<meta property=\"og:site_name\" content=\"Alu Comfort\" \/>\n<meta property=\"article:modified_time\" content=\"2022-06-09T16:21:28+00:00\" \/>\n<meta property=\"og:image\" content=\"https:\/\/www.alucomfort.be\/wp-content\/uploads\/SBS-inzamelcontainers-3.png\" \/>\n\t<meta property=\"og:image:width\" content=\"613\" \/>\n\t<meta property=\"og:image:height\" content=\"467\" \/>\n\t<meta property=\"og:image:type\" content=\"image\/png\" \/>\n<meta name=\"twitter:card\" content=\"summary_large_image\" \/>\n<script type=\"application\/ld+json\" class=\"yoast-schema-graph\">{\"@context\":\"https:\/\/schema.org\",\"@graph\":[{\"@type\":\"WebPage\",\"@id\":\"https:\/\/www.alucomfort.be\/product\/inzamelcontainer-20-m%c2%b3\/\",\"url\":\"https:\/\/www.alucomfort.be\/product\/inzamelcontainer-20-m%c2%b3\/\",\"name\":\"Caisse-palette | Alu Comfort | Bennes de manutention\",\"isPartOf\":{\"@id\":\"https:\/\/www.alucomfort.be\/#website\"},\"primaryImageOfPage\":{\"@id\":\"https:\/\/www.alucomfort.be\/product\/inzamelcontainer-20-m%c2%b3\/#primaryimage\"},\"image\":{\"@id\":\"https:\/\/www.alucomfort.be\/product\/inzamelcontainer-20-m%c2%b3\/#primaryimage\"},\"thumbnailUrl\":\"https:\/\/www.alucomfort.be\/wp-content\/uploads\/SBS-inzamelcontainers-3.png\",\"datePublished\":\"2022-06-06T20:25:20+00:00\",\"dateModified\":\"2022-06-09T16:21:28+00:00\",\"description\":\"Caisse Palette pour le tri s\u00e9lectif rapide. Bennes de manutention dans tous les formats\",\"breadcrumb\":{\"@id\":\"https:\/\/www.alucomfort.be\/product\/inzamelcontainer-20-m%c2%b3\/#breadcrumb\"},\"inLanguage\":\"fr-FR\",\"potentialAction\":[{\"@type\":\"ReadAction\",\"target\":[\"https:\/\/www.alucomfort.be\/product\/inzamelcontainer-20-m%c2%b3\/\"]}]},{\"@type\":\"ImageObject\",\"inLanguage\":\"fr-FR\",\"@id\":\"https:\/\/www.alucomfort.be\/product\/inzamelcontainer-20-m%c2%b3\/#primaryimage\",\"url\":\"https:\/\/www.alucomfort.be\/wp-content\/uploads\/SBS-inzamelcontainers-3.png\",\"contentUrl\":\"https:\/\/www.alucomfort.be\/wp-content\/uploads\/SBS-inzamelcontainers-3.png\",\"width\":613,\"height\":467,\"caption\":\"SBS-inzamelcontainers\"},{\"@type\":\"BreadcrumbList\",\"@id\":\"https:\/\/www.alucomfort.be\/product\/inzamelcontainer-20-m%c2%b3\/#breadcrumb\",\"itemListElement\":[{\"@type\":\"ListItem\",\"position\":1,\"name\":\"Home\",\"item\":\"https:\/\/www.alucomfort.be\/fr\/\"},{\"@type\":\"ListItem\",\"position\":2,\"name\":\"Producten\",\"item\":\"https:\/\/www.alucomfort.be\/producten\/\"},{\"@type\":\"ListItem\",\"position\":3,\"name\":\"Caisse palette m\u00e9tallique 2,0 m\u00b3\"}]},{\"@type\":\"WebSite\",\"@id\":\"https:\/\/www.alucomfort.be\/#website\",\"url\":\"https:\/\/www.alucomfort.be\/\",\"name\":\"Alu Comfort\",\"description\":\"\",\"potentialAction\":[{\"@type\":\"SearchAction\",\"target\":{\"@type\":\"EntryPoint\",\"urlTemplate\":\"https:\/\/www.alucomfort.be\/?s={search_term_string}\"},\"query-input\":{\"@type\":\"PropertyValueSpecification\",\"valueRequired\":true,\"valueName\":\"search_term_string\"}}],\"inLanguage\":\"fr-FR\"}]}<\/script>\n<!-- \/ Yoast SEO plugin. -->","yoast_head_json":{"title":"Caisse-palette | Alu Comfort | Bennes de manutention","description":"Caisse Palette pour le tri s\u00e9lectif rapide. Bennes de manutention dans tous les formats","robots":{"index":"index","follow":"follow","max-snippet":"max-snippet:-1","max-image-preview":"max-image-preview:large","max-video-preview":"max-video-preview:-1"},"canonical":"https:\/\/www.alucomfort.be\/product\/inzamelcontainer-20-m\u00b3\/","og_locale":"fr_FR","og_type":"article","og_title":"Caisse-palette | Alu Comfort | Bennes de manutention","og_description":"Caisse Palette pour le tri s\u00e9lectif rapide. Bennes de manutention dans tous les formats","og_url":"https:\/\/www.alucomfort.be\/product\/inzamelcontainer-20-m\u00b3\/","og_site_name":"Alu Comfort","article_modified_time":"2022-06-09T16:21:28+00:00","og_image":[{"width":613,"height":467,"url":"https:\/\/www.alucomfort.be\/wp-content\/uploads\/SBS-inzamelcontainers-3.png","type":"image\/png"}],"twitter_card":"summary_large_image","schema":{"@context":"https:\/\/schema.org","@graph":[{"@type":"WebPage","@id":"https:\/\/www.alucomfort.be\/product\/inzamelcontainer-20-m%c2%b3\/","url":"https:\/\/www.alucomfort.be\/product\/inzamelcontainer-20-m%c2%b3\/","name":"Caisse-palette | Alu Comfort | Bennes de manutention","isPartOf":{"@id":"https:\/\/www.alucomfort.be\/#website"},"primaryImageOfPage":{"@id":"https:\/\/www.alucomfort.be\/product\/inzamelcontainer-20-m%c2%b3\/#primaryimage"},"image":{"@id":"https:\/\/www.alucomfort.be\/product\/inzamelcontainer-20-m%c2%b3\/#primaryimage"},"thumbnailUrl":"https:\/\/www.alucomfort.be\/wp-content\/uploads\/SBS-inzamelcontainers-3.png","datePublished":"2022-06-06T20:25:20+00:00","dateModified":"2022-06-09T16:21:28+00:00","description":"Caisse Palette pour le tri s\u00e9lectif rapide. Bennes de manutention dans tous les formats","breadcrumb":{"@id":"https:\/\/www.alucomfort.be\/product\/inzamelcontainer-20-m%c2%b3\/#breadcrumb"},"inLanguage":"fr-FR","potentialAction":[{"@type":"ReadAction","target":["https:\/\/www.alucomfort.be\/product\/inzamelcontainer-20-m%c2%b3\/"]}]},{"@type":"ImageObject","inLanguage":"fr-FR","@id":"https:\/\/www.alucomfort.be\/product\/inzamelcontainer-20-m%c2%b3\/#primaryimage","url":"https:\/\/www.alucomfort.be\/wp-content\/uploads\/SBS-inzamelcontainers-3.png","contentUrl":"https:\/\/www.alucomfort.be\/wp-content\/uploads\/SBS-inzamelcontainers-3.png","width":613,"height":467,"caption":"SBS-inzamelcontainers"},{"@type":"BreadcrumbList","@id":"https:\/\/www.alucomfort.be\/product\/inzamelcontainer-20-m%c2%b3\/#breadcrumb","itemListElement":[{"@type":"ListItem","position":1,"name":"Home","item":"https:\/\/www.alucomfort.be\/fr\/"},{"@type":"ListItem","position":2,"name":"Producten","item":"https:\/\/www.alucomfort.be\/producten\/"},{"@type":"ListItem","position":3,"name":"Caisse palette m\u00e9tallique 2,0 m\u00b3"}]},{"@type":"WebSite","@id":"https:\/\/www.alucomfort.be\/#website","url":"https:\/\/www.alucomfort.be\/","name":"Alu Comfort","description":"","potentialAction":[{"@type":"SearchAction","target":{"@type":"EntryPoint","urlTemplate":"https:\/\/www.alucomfort.be\/?s={search_term_string}"},"query-input":{"@type":"PropertyValueSpecification","valueRequired":true,"valueName":"search_term_string"}}],"inLanguage":"fr-FR"}]}},"_links":{"self":[{"href":"https:\/\/www.alucomfort.be\/fr\/wp-json\/wp\/v2\/product\/214978","targetHints":{"allow":["GET"]}}],"collection":[{"href":"https:\/\/www.alucomfort.be\/fr\/wp-json\/wp\/v2\/product"}],"about":[{"href":"https:\/\/www.alucomfort.be\/fr\/wp-json\/wp\/v2\/types\/product"}],"wp:featuredmedia":[{"embeddable":true,"href":"https:\/\/www.alucomfort.be\/fr\/wp-json\/wp\/v2\/media\/205194"}],"wp:attachment":[{"href":"https:\/\/www.alucomfort.be\/fr\/wp-json\/wp\/v2\/media?parent=214978"}],"wp:term":[{"taxonomy":"product_brand","embeddable":true,"href":"https:\/\/www.alucomfort.be\/fr\/wp-json\/wp\/v2\/product_brand?post=214978"},{"taxonomy":"product_cat","embeddable":true,"href":"https:\/\/www.alucomfort.be\/fr\/wp-json\/wp\/v2\/product_cat?post=214978"},{"taxonomy":"product_tag","embeddable":true,"href":"https:\/\/www.alucomfort.be\/fr\/wp-json\/wp\/v2\/product_tag?post=214978"}],"curies":[{"name":"wp","href":"https:\/\/api.w.org\/{rel}","templated":true}]}}