

{"id":215236,"date":"2022-06-09T20:54:04","date_gmt":"2022-06-09T18:54:04","guid":{"rendered":"https:\/\/www.alucomfort.be\/product\/escalier-mobile-avec-plate-forme-60\/"},"modified":"2022-06-09T21:07:15","modified_gmt":"2022-06-09T19:07:15","slug":"escalier-mobile-avec-plate-forme-60","status":"publish","type":"product","link":"https:\/\/www.alucomfort.be\/fr\/product\/escalier-mobile-avec-plate-forme-60\/","title":{"rendered":"Escalier mobile avec plate-forme &#8211; 60\u00b0"},"content":{"rendered":"<p>* Escalier mobile avec angle d&rsquo;inclinaison de 60\u00b0 et avec une tr\u00e8s bonne stabilit\u00e9.  Fabrication dans le respect de la norme DIN EN ISO 14122, * Largeur des marches au choix 600, 800 ou 1000 mm, * Marches en profil\u00e9s d&rsquo;aluminium, alternativement possible avec des marches caillebotis, * Avec une main courante des deux c\u00f4t\u00e9s.  Sur le palier avec garde-corps 1100 mm de hauteur avec lisse et sous-lisse, * Avec 2 roues fixes avec frein et 2 roues pivotantes, * La livraison a lieu en modules pr\u00e9mont\u00e9s, * Disponible aussi avec des hauteurs, longueur ou largeur differents.  Veuillez prendre contacte avec nous.<\/p>\n","protected":false},"excerpt":{"rendered":"<p>Escalier mobile avec plate-forme tr\u00e8s robuste<\/p>\n","protected":false},"featured_media":2443,"template":"","meta":{"_acf_changed":false},"product_brand":[],"product_cat":[2148],"product_tag":[],"class_list":{"0":"post-215236","1":"product","2":"type-product","3":"status-publish","4":"has-post-thumbnail","6":"product_cat-escaliers-mobiles-avec-plate-forme","8":"first","9":"outofstock","10":"taxable","11":"shipping-taxable","12":"purchasable","13":"product-type-variable"},"acf":[],"yoast_head":"<!-- This site is optimized with the Yoast SEO plugin v24.8.1 - https:\/\/yoast.com\/wordpress\/plugins\/seo\/ -->\n<title>Escalier plate-formes \u00e0 marches roulant en aluminium<\/title>\n<meta name=\"description\" content=\"Escalier mobile \u00e0 marches en alu selon DIN EN ISO 14122. Escalier ou escabeau mobile professionnel en alu avec plate-forme pour tous les travaux de entretien sur hauteur.\" \/>\n<meta name=\"robots\" content=\"index, follow, max-snippet:-1, max-image-preview:large, max-video-preview:-1\" \/>\n<link rel=\"canonical\" href=\"https:\/\/www.alucomfort.be\/product\/mobiele-trap-met-platform-60\/\" \/>\n<meta property=\"og:locale\" content=\"fr_FR\" \/>\n<meta property=\"og:type\" content=\"article\" \/>\n<meta property=\"og:title\" content=\"Escalier plate-formes \u00e0 marches roulant en aluminium\" \/>\n<meta property=\"og:description\" content=\"Escalier mobile \u00e0 marches en alu selon DIN EN ISO 14122. Escalier ou escabeau mobile professionnel en alu avec plate-forme pour tous les travaux de entretien sur hauteur.\" \/>\n<meta property=\"og:url\" content=\"https:\/\/www.alucomfort.be\/product\/mobiele-trap-met-platform-60\/\" \/>\n<meta property=\"og:site_name\" content=\"Alu Comfort\" \/>\n<meta property=\"article:modified_time\" content=\"2022-06-09T19:07:15+00:00\" \/>\n<meta property=\"og:image\" content=\"https:\/\/www.alucomfort.be\/wp-content\/uploads\/HR-2230-1.jpg\" \/>\n\t<meta property=\"og:image:width\" content=\"1349\" \/>\n\t<meta property=\"og:image:height\" content=\"2269\" \/>\n\t<meta property=\"og:image:type\" content=\"image\/jpeg\" \/>\n<meta name=\"twitter:card\" content=\"summary_large_image\" \/>\n<script type=\"application\/ld+json\" class=\"yoast-schema-graph\">{\"@context\":\"https:\/\/schema.org\",\"@graph\":[{\"@type\":\"WebPage\",\"@id\":\"https:\/\/www.alucomfort.be\/product\/mobiele-trap-met-platform-60\/\",\"url\":\"https:\/\/www.alucomfort.be\/product\/mobiele-trap-met-platform-60\/\",\"name\":\"Escalier plate-formes \u00e0 marches roulant en aluminium\",\"isPartOf\":{\"@id\":\"https:\/\/www.alucomfort.be\/#website\"},\"primaryImageOfPage\":{\"@id\":\"https:\/\/www.alucomfort.be\/product\/mobiele-trap-met-platform-60\/#primaryimage\"},\"image\":{\"@id\":\"https:\/\/www.alucomfort.be\/product\/mobiele-trap-met-platform-60\/#primaryimage\"},\"thumbnailUrl\":\"https:\/\/www.alucomfort.be\/wp-content\/uploads\/HR-2230-1.jpg\",\"datePublished\":\"2022-06-09T18:54:04+00:00\",\"dateModified\":\"2022-06-09T19:07:15+00:00\",\"description\":\"Escalier mobile \u00e0 marches en alu selon DIN EN ISO 14122. Escalier ou escabeau mobile professionnel en alu avec plate-forme pour tous les travaux de entretien sur hauteur.\",\"breadcrumb\":{\"@id\":\"https:\/\/www.alucomfort.be\/product\/mobiele-trap-met-platform-60\/#breadcrumb\"},\"inLanguage\":\"fr-FR\",\"potentialAction\":[{\"@type\":\"ReadAction\",\"target\":[\"https:\/\/www.alucomfort.be\/product\/mobiele-trap-met-platform-60\/\"]}]},{\"@type\":\"ImageObject\",\"inLanguage\":\"fr-FR\",\"@id\":\"https:\/\/www.alucomfort.be\/product\/mobiele-trap-met-platform-60\/#primaryimage\",\"url\":\"https:\/\/www.alucomfort.be\/wp-content\/uploads\/HR-2230-1.jpg\",\"contentUrl\":\"https:\/\/www.alucomfort.be\/wp-content\/uploads\/HR-2230-1.jpg\",\"width\":1349,\"height\":2269,\"caption\":\"OLYMPUS DIGITAL CAMERA\"},{\"@type\":\"BreadcrumbList\",\"@id\":\"https:\/\/www.alucomfort.be\/product\/mobiele-trap-met-platform-60\/#breadcrumb\",\"itemListElement\":[{\"@type\":\"ListItem\",\"position\":1,\"name\":\"Home\",\"item\":\"https:\/\/www.alucomfort.be\/fr\/\"},{\"@type\":\"ListItem\",\"position\":2,\"name\":\"Producten\",\"item\":\"https:\/\/www.alucomfort.be\/producten\/\"},{\"@type\":\"ListItem\",\"position\":3,\"name\":\"Escalier mobile avec plate-forme &#8211; 60\u00b0\"}]},{\"@type\":\"WebSite\",\"@id\":\"https:\/\/www.alucomfort.be\/#website\",\"url\":\"https:\/\/www.alucomfort.be\/\",\"name\":\"Alu Comfort\",\"description\":\"\",\"potentialAction\":[{\"@type\":\"SearchAction\",\"target\":{\"@type\":\"EntryPoint\",\"urlTemplate\":\"https:\/\/www.alucomfort.be\/?s={search_term_string}\"},\"query-input\":{\"@type\":\"PropertyValueSpecification\",\"valueRequired\":true,\"valueName\":\"search_term_string\"}}],\"inLanguage\":\"fr-FR\"}]}<\/script>\n<!-- \/ Yoast SEO plugin. -->","yoast_head_json":{"title":"Escalier plate-formes \u00e0 marches roulant en aluminium","description":"Escalier mobile \u00e0 marches en alu selon DIN EN ISO 14122. Escalier ou escabeau mobile professionnel en alu avec plate-forme pour tous les travaux de entretien sur hauteur.","robots":{"index":"index","follow":"follow","max-snippet":"max-snippet:-1","max-image-preview":"max-image-preview:large","max-video-preview":"max-video-preview:-1"},"canonical":"https:\/\/www.alucomfort.be\/product\/mobiele-trap-met-platform-60\/","og_locale":"fr_FR","og_type":"article","og_title":"Escalier plate-formes \u00e0 marches roulant en aluminium","og_description":"Escalier mobile \u00e0 marches en alu selon DIN EN ISO 14122. Escalier ou escabeau mobile professionnel en alu avec plate-forme pour tous les travaux de entretien sur hauteur.","og_url":"https:\/\/www.alucomfort.be\/product\/mobiele-trap-met-platform-60\/","og_site_name":"Alu Comfort","article_modified_time":"2022-06-09T19:07:15+00:00","og_image":[{"width":1349,"height":2269,"url":"https:\/\/www.alucomfort.be\/wp-content\/uploads\/HR-2230-1.jpg","type":"image\/jpeg"}],"twitter_card":"summary_large_image","schema":{"@context":"https:\/\/schema.org","@graph":[{"@type":"WebPage","@id":"https:\/\/www.alucomfort.be\/product\/mobiele-trap-met-platform-60\/","url":"https:\/\/www.alucomfort.be\/product\/mobiele-trap-met-platform-60\/","name":"Escalier plate-formes \u00e0 marches roulant en aluminium","isPartOf":{"@id":"https:\/\/www.alucomfort.be\/#website"},"primaryImageOfPage":{"@id":"https:\/\/www.alucomfort.be\/product\/mobiele-trap-met-platform-60\/#primaryimage"},"image":{"@id":"https:\/\/www.alucomfort.be\/product\/mobiele-trap-met-platform-60\/#primaryimage"},"thumbnailUrl":"https:\/\/www.alucomfort.be\/wp-content\/uploads\/HR-2230-1.jpg","datePublished":"2022-06-09T18:54:04+00:00","dateModified":"2022-06-09T19:07:15+00:00","description":"Escalier mobile \u00e0 marches en alu selon DIN EN ISO 14122. Escalier ou escabeau mobile professionnel en alu avec plate-forme pour tous les travaux de entretien sur hauteur.","breadcrumb":{"@id":"https:\/\/www.alucomfort.be\/product\/mobiele-trap-met-platform-60\/#breadcrumb"},"inLanguage":"fr-FR","potentialAction":[{"@type":"ReadAction","target":["https:\/\/www.alucomfort.be\/product\/mobiele-trap-met-platform-60\/"]}]},{"@type":"ImageObject","inLanguage":"fr-FR","@id":"https:\/\/www.alucomfort.be\/product\/mobiele-trap-met-platform-60\/#primaryimage","url":"https:\/\/www.alucomfort.be\/wp-content\/uploads\/HR-2230-1.jpg","contentUrl":"https:\/\/www.alucomfort.be\/wp-content\/uploads\/HR-2230-1.jpg","width":1349,"height":2269,"caption":"OLYMPUS DIGITAL CAMERA"},{"@type":"BreadcrumbList","@id":"https:\/\/www.alucomfort.be\/product\/mobiele-trap-met-platform-60\/#breadcrumb","itemListElement":[{"@type":"ListItem","position":1,"name":"Home","item":"https:\/\/www.alucomfort.be\/fr\/"},{"@type":"ListItem","position":2,"name":"Producten","item":"https:\/\/www.alucomfort.be\/producten\/"},{"@type":"ListItem","position":3,"name":"Escalier mobile avec plate-forme &#8211; 60\u00b0"}]},{"@type":"WebSite","@id":"https:\/\/www.alucomfort.be\/#website","url":"https:\/\/www.alucomfort.be\/","name":"Alu Comfort","description":"","potentialAction":[{"@type":"SearchAction","target":{"@type":"EntryPoint","urlTemplate":"https:\/\/www.alucomfort.be\/?s={search_term_string}"},"query-input":{"@type":"PropertyValueSpecification","valueRequired":true,"valueName":"search_term_string"}}],"inLanguage":"fr-FR"}]}},"_links":{"self":[{"href":"https:\/\/www.alucomfort.be\/fr\/wp-json\/wp\/v2\/product\/215236","targetHints":{"allow":["GET"]}}],"collection":[{"href":"https:\/\/www.alucomfort.be\/fr\/wp-json\/wp\/v2\/product"}],"about":[{"href":"https:\/\/www.alucomfort.be\/fr\/wp-json\/wp\/v2\/types\/product"}],"wp:featuredmedia":[{"embeddable":true,"href":"https:\/\/www.alucomfort.be\/fr\/wp-json\/wp\/v2\/media\/2443"}],"wp:attachment":[{"href":"https:\/\/www.alucomfort.be\/fr\/wp-json\/wp\/v2\/media?parent=215236"}],"wp:term":[{"taxonomy":"product_brand","embeddable":true,"href":"https:\/\/www.alucomfort.be\/fr\/wp-json\/wp\/v2\/product_brand?post=215236"},{"taxonomy":"product_cat","embeddable":true,"href":"https:\/\/www.alucomfort.be\/fr\/wp-json\/wp\/v2\/product_cat?post=215236"},{"taxonomy":"product_tag","embeddable":true,"href":"https:\/\/www.alucomfort.be\/fr\/wp-json\/wp\/v2\/product_tag?post=215236"}],"curies":[{"name":"wp","href":"https:\/\/api.w.org\/{rel}","templated":true}]}}