

{"id":215312,"date":"2022-06-21T09:02:38","date_gmt":"2022-06-21T07:02:38","guid":{"rendered":"https:\/\/www.alucomfort.be\/product\/escalier-stationnaire-avec-palier-60\/"},"modified":"2022-06-21T09:14:15","modified_gmt":"2022-06-21T07:14:15","slug":"escalier-stationnaire-avec-palier-60","status":"publish","type":"product","link":"https:\/\/www.alucomfort.be\/fr\/product\/escalier-stationnaire-avec-palier-60\/","title":{"rendered":"Escalier stationnaire avec palier &#8211; 60\u00b0"},"content":{"rendered":"<p>* Escalier stationnaire avec palier et angle d&rsquo;inclinaison de 60\u00b0.  Fabrication dans le respect de la norme DIN EN ISO 14122-3,  * Pour montage frontal, * Marches en profil\u00e9s d&rsquo;aluminium, alternativement possible avec des marches caillebotis, * Avec une main courante, deuxi\u00e8me main courante pour un suppl\u00e9ment, * Avec 2 supports de fixation murales en haut et corni\u00e8res en bas.  Les moyens de fixation pour des escaliers doivent \u00eatre mis \u00e0 la disposition sur place et ne sont pas inclus dans la livraison, * La livraison a lieu en modules pr\u00e9mont\u00e9s, * Les escaliers ne sont pas homologu\u00e9s pour des immeubles d&rsquo;habitation, * Disponible aussi avec des hauteurs, longueur ou largeur differents.  Veuillez prendre contacte avec nous.<\/p>\n","protected":false},"excerpt":{"rendered":"<p>Escalier industriel avec palier pour un montage frontal<\/p>\n","protected":false},"featured_media":2428,"template":"","meta":{"_acf_changed":false},"product_brand":[],"product_cat":[2218],"product_tag":[],"class_list":{"0":"post-215312","1":"product","2":"type-product","3":"status-publish","4":"has-post-thumbnail","6":"product_cat-escaliers-fixes","8":"first","9":"outofstock","10":"taxable","11":"shipping-taxable","12":"purchasable","13":"product-type-variable"},"acf":[],"yoast_head":"<!-- This site is optimized with the Yoast SEO plugin v24.8.1 - https:\/\/yoast.com\/wordpress\/plugins\/seo\/ -->\n<title>Escalier industriel<\/title>\n<meta name=\"description\" content=\"Escalier industriel en alu avec plate-forme et angle d&#039;inclinaison 60\u00b0. Escalier d&#039;entrep\u00f4t selon DIN EN ISO 14122.\" \/>\n<meta name=\"robots\" content=\"index, follow, max-snippet:-1, max-image-preview:large, max-video-preview:-1\" \/>\n<link rel=\"canonical\" href=\"https:\/\/www.alucomfort.be\/product\/vaste-trap-met-platform-60-2\/\" \/>\n<meta property=\"og:locale\" content=\"fr_FR\" \/>\n<meta property=\"og:type\" content=\"article\" \/>\n<meta property=\"og:title\" content=\"Escalier industriel\" \/>\n<meta property=\"og:description\" content=\"Escalier industriel en alu avec plate-forme et angle d&#039;inclinaison 60\u00b0. Escalier d&#039;entrep\u00f4t selon DIN EN ISO 14122.\" \/>\n<meta property=\"og:url\" content=\"https:\/\/www.alucomfort.be\/product\/vaste-trap-met-platform-60-2\/\" \/>\n<meta property=\"og:site_name\" content=\"Alu Comfort\" \/>\n<meta property=\"article:modified_time\" content=\"2022-06-21T07:14:15+00:00\" \/>\n<meta property=\"og:image\" content=\"https:\/\/www.alucomfort.be\/wp-content\/uploads\/HR-2220-2.jpg\" \/>\n\t<meta property=\"og:image:width\" content=\"1312\" \/>\n\t<meta property=\"og:image:height\" content=\"2361\" \/>\n\t<meta property=\"og:image:type\" content=\"image\/jpeg\" \/>\n<meta name=\"twitter:card\" content=\"summary_large_image\" \/>\n<meta name=\"twitter:label1\" content=\"Dur\u00e9e de lecture estim\u00e9e\" \/>\n\t<meta name=\"twitter:data1\" content=\"1 minute\" \/>\n<script type=\"application\/ld+json\" class=\"yoast-schema-graph\">{\"@context\":\"https:\/\/schema.org\",\"@graph\":[{\"@type\":\"WebPage\",\"@id\":\"https:\/\/www.alucomfort.be\/product\/vaste-trap-met-platform-60-2\/\",\"url\":\"https:\/\/www.alucomfort.be\/product\/vaste-trap-met-platform-60-2\/\",\"name\":\"Escalier industriel\",\"isPartOf\":{\"@id\":\"https:\/\/www.alucomfort.be\/#website\"},\"primaryImageOfPage\":{\"@id\":\"https:\/\/www.alucomfort.be\/product\/vaste-trap-met-platform-60-2\/#primaryimage\"},\"image\":{\"@id\":\"https:\/\/www.alucomfort.be\/product\/vaste-trap-met-platform-60-2\/#primaryimage\"},\"thumbnailUrl\":\"https:\/\/www.alucomfort.be\/wp-content\/uploads\/HR-2220-2.jpg\",\"datePublished\":\"2022-06-21T07:02:38+00:00\",\"dateModified\":\"2022-06-21T07:14:15+00:00\",\"description\":\"Escalier industriel en alu avec plate-forme et angle d'inclinaison 60\u00b0. Escalier d'entrep\u00f4t selon DIN EN ISO 14122.\",\"breadcrumb\":{\"@id\":\"https:\/\/www.alucomfort.be\/product\/vaste-trap-met-platform-60-2\/#breadcrumb\"},\"inLanguage\":\"fr-FR\",\"potentialAction\":[{\"@type\":\"ReadAction\",\"target\":[\"https:\/\/www.alucomfort.be\/product\/vaste-trap-met-platform-60-2\/\"]}]},{\"@type\":\"ImageObject\",\"inLanguage\":\"fr-FR\",\"@id\":\"https:\/\/www.alucomfort.be\/product\/vaste-trap-met-platform-60-2\/#primaryimage\",\"url\":\"https:\/\/www.alucomfort.be\/wp-content\/uploads\/HR-2220-2.jpg\",\"contentUrl\":\"https:\/\/www.alucomfort.be\/wp-content\/uploads\/HR-2220-2.jpg\",\"width\":1312,\"height\":2361,\"caption\":\"OLYMPUS DIGITAL CAMERA\"},{\"@type\":\"BreadcrumbList\",\"@id\":\"https:\/\/www.alucomfort.be\/product\/vaste-trap-met-platform-60-2\/#breadcrumb\",\"itemListElement\":[{\"@type\":\"ListItem\",\"position\":1,\"name\":\"Home\",\"item\":\"https:\/\/www.alucomfort.be\/fr\/\"},{\"@type\":\"ListItem\",\"position\":2,\"name\":\"Producten\",\"item\":\"https:\/\/www.alucomfort.be\/producten\/\"},{\"@type\":\"ListItem\",\"position\":3,\"name\":\"Escalier stationnaire avec palier &#8211; 60\u00b0\"}]},{\"@type\":\"WebSite\",\"@id\":\"https:\/\/www.alucomfort.be\/#website\",\"url\":\"https:\/\/www.alucomfort.be\/\",\"name\":\"Alu Comfort\",\"description\":\"\",\"potentialAction\":[{\"@type\":\"SearchAction\",\"target\":{\"@type\":\"EntryPoint\",\"urlTemplate\":\"https:\/\/www.alucomfort.be\/?s={search_term_string}\"},\"query-input\":{\"@type\":\"PropertyValueSpecification\",\"valueRequired\":true,\"valueName\":\"search_term_string\"}}],\"inLanguage\":\"fr-FR\"}]}<\/script>\n<!-- \/ Yoast SEO plugin. -->","yoast_head_json":{"title":"Escalier industriel","description":"Escalier industriel en alu avec plate-forme et angle d'inclinaison 60\u00b0. Escalier d'entrep\u00f4t selon DIN EN ISO 14122.","robots":{"index":"index","follow":"follow","max-snippet":"max-snippet:-1","max-image-preview":"max-image-preview:large","max-video-preview":"max-video-preview:-1"},"canonical":"https:\/\/www.alucomfort.be\/product\/vaste-trap-met-platform-60-2\/","og_locale":"fr_FR","og_type":"article","og_title":"Escalier industriel","og_description":"Escalier industriel en alu avec plate-forme et angle d'inclinaison 60\u00b0. Escalier d'entrep\u00f4t selon DIN EN ISO 14122.","og_url":"https:\/\/www.alucomfort.be\/product\/vaste-trap-met-platform-60-2\/","og_site_name":"Alu Comfort","article_modified_time":"2022-06-21T07:14:15+00:00","og_image":[{"width":1312,"height":2361,"url":"https:\/\/www.alucomfort.be\/wp-content\/uploads\/HR-2220-2.jpg","type":"image\/jpeg"}],"twitter_card":"summary_large_image","twitter_misc":{"Dur\u00e9e de lecture estim\u00e9e":"1 minute"},"schema":{"@context":"https:\/\/schema.org","@graph":[{"@type":"WebPage","@id":"https:\/\/www.alucomfort.be\/product\/vaste-trap-met-platform-60-2\/","url":"https:\/\/www.alucomfort.be\/product\/vaste-trap-met-platform-60-2\/","name":"Escalier industriel","isPartOf":{"@id":"https:\/\/www.alucomfort.be\/#website"},"primaryImageOfPage":{"@id":"https:\/\/www.alucomfort.be\/product\/vaste-trap-met-platform-60-2\/#primaryimage"},"image":{"@id":"https:\/\/www.alucomfort.be\/product\/vaste-trap-met-platform-60-2\/#primaryimage"},"thumbnailUrl":"https:\/\/www.alucomfort.be\/wp-content\/uploads\/HR-2220-2.jpg","datePublished":"2022-06-21T07:02:38+00:00","dateModified":"2022-06-21T07:14:15+00:00","description":"Escalier industriel en alu avec plate-forme et angle d'inclinaison 60\u00b0. Escalier d'entrep\u00f4t selon DIN EN ISO 14122.","breadcrumb":{"@id":"https:\/\/www.alucomfort.be\/product\/vaste-trap-met-platform-60-2\/#breadcrumb"},"inLanguage":"fr-FR","potentialAction":[{"@type":"ReadAction","target":["https:\/\/www.alucomfort.be\/product\/vaste-trap-met-platform-60-2\/"]}]},{"@type":"ImageObject","inLanguage":"fr-FR","@id":"https:\/\/www.alucomfort.be\/product\/vaste-trap-met-platform-60-2\/#primaryimage","url":"https:\/\/www.alucomfort.be\/wp-content\/uploads\/HR-2220-2.jpg","contentUrl":"https:\/\/www.alucomfort.be\/wp-content\/uploads\/HR-2220-2.jpg","width":1312,"height":2361,"caption":"OLYMPUS DIGITAL CAMERA"},{"@type":"BreadcrumbList","@id":"https:\/\/www.alucomfort.be\/product\/vaste-trap-met-platform-60-2\/#breadcrumb","itemListElement":[{"@type":"ListItem","position":1,"name":"Home","item":"https:\/\/www.alucomfort.be\/fr\/"},{"@type":"ListItem","position":2,"name":"Producten","item":"https:\/\/www.alucomfort.be\/producten\/"},{"@type":"ListItem","position":3,"name":"Escalier stationnaire avec palier &#8211; 60\u00b0"}]},{"@type":"WebSite","@id":"https:\/\/www.alucomfort.be\/#website","url":"https:\/\/www.alucomfort.be\/","name":"Alu Comfort","description":"","potentialAction":[{"@type":"SearchAction","target":{"@type":"EntryPoint","urlTemplate":"https:\/\/www.alucomfort.be\/?s={search_term_string}"},"query-input":{"@type":"PropertyValueSpecification","valueRequired":true,"valueName":"search_term_string"}}],"inLanguage":"fr-FR"}]}},"_links":{"self":[{"href":"https:\/\/www.alucomfort.be\/fr\/wp-json\/wp\/v2\/product\/215312","targetHints":{"allow":["GET"]}}],"collection":[{"href":"https:\/\/www.alucomfort.be\/fr\/wp-json\/wp\/v2\/product"}],"about":[{"href":"https:\/\/www.alucomfort.be\/fr\/wp-json\/wp\/v2\/types\/product"}],"wp:featuredmedia":[{"embeddable":true,"href":"https:\/\/www.alucomfort.be\/fr\/wp-json\/wp\/v2\/media\/2428"}],"wp:attachment":[{"href":"https:\/\/www.alucomfort.be\/fr\/wp-json\/wp\/v2\/media?parent=215312"}],"wp:term":[{"taxonomy":"product_brand","embeddable":true,"href":"https:\/\/www.alucomfort.be\/fr\/wp-json\/wp\/v2\/product_brand?post=215312"},{"taxonomy":"product_cat","embeddable":true,"href":"https:\/\/www.alucomfort.be\/fr\/wp-json\/wp\/v2\/product_cat?post=215312"},{"taxonomy":"product_tag","embeddable":true,"href":"https:\/\/www.alucomfort.be\/fr\/wp-json\/wp\/v2\/product_tag?post=215312"}],"curies":[{"name":"wp","href":"https:\/\/api.w.org\/{rel}","templated":true}]}}