

{"id":215425,"date":"2022-06-21T15:03:58","date_gmt":"2022-06-21T13:03:58","guid":{"rendered":"https:\/\/www.alucomfort.be\/product\/escalier-fix-avec-soutien-45\/"},"modified":"2022-06-21T15:09:04","modified_gmt":"2022-06-21T13:09:04","slug":"escalier-fix-avec-soutien-45","status":"publish","type":"product","link":"https:\/\/www.alucomfort.be\/fr\/product\/escalier-fix-avec-soutien-45\/","title":{"rendered":"Escalier fix avec soutien &#8211; 45\u00b0"},"content":{"rendered":"<p>* Escalier fix avec support (45\u00b0).  Fabrication dans le respect de la norme DIN EN ISO 14122-3,  * Marches en profil\u00e9s d&rsquo;aluminium, alternativement possible avec des marches caillebotis, * Avec une main courante, * Les moyens de fixation pour des escaliers doivent \u00eatre mis \u00e0 la disposition sur place et ne sont pas inclus dans la livraison, * La livraison a lieu en modules pr\u00e9mont\u00e9s, * Les escaliers ne sont pas homologu\u00e9s pour des immeubles d&rsquo;habitation, * Disponible aussi avec des hauteurs, longueur ou largeur differents ou sous un angle de 60\u00b0.  Veuillez prendre contacte avec nous.<\/p>\n","protected":false},"excerpt":{"rendered":"<p>Escalier industriel avec palier<\/p>\n","protected":false},"featured_media":215421,"template":"","meta":{"_acf_changed":false},"product_brand":[],"product_cat":[2218],"product_tag":[],"class_list":{"0":"post-215425","1":"product","2":"type-product","3":"status-publish","4":"has-post-thumbnail","6":"product_cat-escaliers-fixes","8":"first","9":"outofstock","10":"taxable","11":"shipping-taxable","12":"purchasable","13":"product-type-variable"},"acf":[],"yoast_head":"<!-- This site is optimized with the Yoast SEO plugin v24.8.1 - https:\/\/yoast.com\/wordpress\/plugins\/seo\/ -->\n<title>Escalier stationnaire avec palier - 45\u00b0<\/title>\n<meta name=\"description\" content=\"Escalier industriel en alu avec plate-forme et angle d&#039;inclinaison 45\u00b0. Escalier d&#039;entrep\u00f4t selon DIN EN ISO 14122.\" \/>\n<meta name=\"robots\" content=\"index, follow, max-snippet:-1, max-image-preview:large, max-video-preview:-1\" \/>\n<link rel=\"canonical\" href=\"https:\/\/www.alucomfort.be\/product\/vaste-trap-met-schoor-45\/\" \/>\n<meta property=\"og:locale\" content=\"fr_FR\" \/>\n<meta property=\"og:type\" content=\"article\" \/>\n<meta property=\"og:title\" content=\"Escalier stationnaire avec palier - 45\u00b0\" \/>\n<meta property=\"og:description\" content=\"Escalier industriel en alu avec plate-forme et angle d&#039;inclinaison 45\u00b0. Escalier d&#039;entrep\u00f4t selon DIN EN ISO 14122.\" \/>\n<meta property=\"og:url\" content=\"https:\/\/www.alucomfort.be\/product\/vaste-trap-met-schoor-45\/\" \/>\n<meta property=\"og:site_name\" content=\"Alu Comfort\" \/>\n<meta property=\"article:modified_time\" content=\"2022-06-21T13:09:04+00:00\" \/>\n<meta property=\"og:image\" content=\"https:\/\/www.alucomfort.be\/wp-content\/uploads\/TrapMetSchoor.jpeg\" \/>\n\t<meta property=\"og:image:width\" content=\"1920\" \/>\n\t<meta property=\"og:image:height\" content=\"1358\" \/>\n\t<meta property=\"og:image:type\" content=\"image\/jpeg\" \/>\n<meta name=\"twitter:card\" content=\"summary_large_image\" \/>\n<script type=\"application\/ld+json\" class=\"yoast-schema-graph\">{\"@context\":\"https:\/\/schema.org\",\"@graph\":[{\"@type\":\"WebPage\",\"@id\":\"https:\/\/www.alucomfort.be\/product\/vaste-trap-met-schoor-45\/\",\"url\":\"https:\/\/www.alucomfort.be\/product\/vaste-trap-met-schoor-45\/\",\"name\":\"Escalier stationnaire avec palier - 45\u00b0\",\"isPartOf\":{\"@id\":\"https:\/\/www.alucomfort.be\/#website\"},\"primaryImageOfPage\":{\"@id\":\"https:\/\/www.alucomfort.be\/product\/vaste-trap-met-schoor-45\/#primaryimage\"},\"image\":{\"@id\":\"https:\/\/www.alucomfort.be\/product\/vaste-trap-met-schoor-45\/#primaryimage\"},\"thumbnailUrl\":\"https:\/\/www.alucomfort.be\/wp-content\/uploads\/TrapMetSchoor.jpeg\",\"datePublished\":\"2022-06-21T13:03:58+00:00\",\"dateModified\":\"2022-06-21T13:09:04+00:00\",\"description\":\"Escalier industriel en alu avec plate-forme et angle d'inclinaison 45\u00b0. Escalier d'entrep\u00f4t selon DIN EN ISO 14122.\",\"breadcrumb\":{\"@id\":\"https:\/\/www.alucomfort.be\/product\/vaste-trap-met-schoor-45\/#breadcrumb\"},\"inLanguage\":\"fr-FR\",\"potentialAction\":[{\"@type\":\"ReadAction\",\"target\":[\"https:\/\/www.alucomfort.be\/product\/vaste-trap-met-schoor-45\/\"]}]},{\"@type\":\"ImageObject\",\"inLanguage\":\"fr-FR\",\"@id\":\"https:\/\/www.alucomfort.be\/product\/vaste-trap-met-schoor-45\/#primaryimage\",\"url\":\"https:\/\/www.alucomfort.be\/wp-content\/uploads\/TrapMetSchoor.jpeg\",\"contentUrl\":\"https:\/\/www.alucomfort.be\/wp-content\/uploads\/TrapMetSchoor.jpeg\",\"width\":1920,\"height\":1358,\"caption\":\"Trap met schoor\"},{\"@type\":\"BreadcrumbList\",\"@id\":\"https:\/\/www.alucomfort.be\/product\/vaste-trap-met-schoor-45\/#breadcrumb\",\"itemListElement\":[{\"@type\":\"ListItem\",\"position\":1,\"name\":\"Home\",\"item\":\"https:\/\/www.alucomfort.be\/fr\/\"},{\"@type\":\"ListItem\",\"position\":2,\"name\":\"Producten\",\"item\":\"https:\/\/www.alucomfort.be\/producten\/\"},{\"@type\":\"ListItem\",\"position\":3,\"name\":\"Escalier fix avec soutien &#8211; 45\u00b0\"}]},{\"@type\":\"WebSite\",\"@id\":\"https:\/\/www.alucomfort.be\/#website\",\"url\":\"https:\/\/www.alucomfort.be\/\",\"name\":\"Alu Comfort\",\"description\":\"\",\"potentialAction\":[{\"@type\":\"SearchAction\",\"target\":{\"@type\":\"EntryPoint\",\"urlTemplate\":\"https:\/\/www.alucomfort.be\/?s={search_term_string}\"},\"query-input\":{\"@type\":\"PropertyValueSpecification\",\"valueRequired\":true,\"valueName\":\"search_term_string\"}}],\"inLanguage\":\"fr-FR\"}]}<\/script>\n<!-- \/ Yoast SEO plugin. -->","yoast_head_json":{"title":"Escalier stationnaire avec palier - 45\u00b0","description":"Escalier industriel en alu avec plate-forme et angle d'inclinaison 45\u00b0. Escalier d'entrep\u00f4t selon DIN EN ISO 14122.","robots":{"index":"index","follow":"follow","max-snippet":"max-snippet:-1","max-image-preview":"max-image-preview:large","max-video-preview":"max-video-preview:-1"},"canonical":"https:\/\/www.alucomfort.be\/product\/vaste-trap-met-schoor-45\/","og_locale":"fr_FR","og_type":"article","og_title":"Escalier stationnaire avec palier - 45\u00b0","og_description":"Escalier industriel en alu avec plate-forme et angle d'inclinaison 45\u00b0. Escalier d'entrep\u00f4t selon DIN EN ISO 14122.","og_url":"https:\/\/www.alucomfort.be\/product\/vaste-trap-met-schoor-45\/","og_site_name":"Alu Comfort","article_modified_time":"2022-06-21T13:09:04+00:00","og_image":[{"width":1920,"height":1358,"url":"https:\/\/www.alucomfort.be\/wp-content\/uploads\/TrapMetSchoor.jpeg","type":"image\/jpeg"}],"twitter_card":"summary_large_image","schema":{"@context":"https:\/\/schema.org","@graph":[{"@type":"WebPage","@id":"https:\/\/www.alucomfort.be\/product\/vaste-trap-met-schoor-45\/","url":"https:\/\/www.alucomfort.be\/product\/vaste-trap-met-schoor-45\/","name":"Escalier stationnaire avec palier - 45\u00b0","isPartOf":{"@id":"https:\/\/www.alucomfort.be\/#website"},"primaryImageOfPage":{"@id":"https:\/\/www.alucomfort.be\/product\/vaste-trap-met-schoor-45\/#primaryimage"},"image":{"@id":"https:\/\/www.alucomfort.be\/product\/vaste-trap-met-schoor-45\/#primaryimage"},"thumbnailUrl":"https:\/\/www.alucomfort.be\/wp-content\/uploads\/TrapMetSchoor.jpeg","datePublished":"2022-06-21T13:03:58+00:00","dateModified":"2022-06-21T13:09:04+00:00","description":"Escalier industriel en alu avec plate-forme et angle d'inclinaison 45\u00b0. Escalier d'entrep\u00f4t selon DIN EN ISO 14122.","breadcrumb":{"@id":"https:\/\/www.alucomfort.be\/product\/vaste-trap-met-schoor-45\/#breadcrumb"},"inLanguage":"fr-FR","potentialAction":[{"@type":"ReadAction","target":["https:\/\/www.alucomfort.be\/product\/vaste-trap-met-schoor-45\/"]}]},{"@type":"ImageObject","inLanguage":"fr-FR","@id":"https:\/\/www.alucomfort.be\/product\/vaste-trap-met-schoor-45\/#primaryimage","url":"https:\/\/www.alucomfort.be\/wp-content\/uploads\/TrapMetSchoor.jpeg","contentUrl":"https:\/\/www.alucomfort.be\/wp-content\/uploads\/TrapMetSchoor.jpeg","width":1920,"height":1358,"caption":"Trap met schoor"},{"@type":"BreadcrumbList","@id":"https:\/\/www.alucomfort.be\/product\/vaste-trap-met-schoor-45\/#breadcrumb","itemListElement":[{"@type":"ListItem","position":1,"name":"Home","item":"https:\/\/www.alucomfort.be\/fr\/"},{"@type":"ListItem","position":2,"name":"Producten","item":"https:\/\/www.alucomfort.be\/producten\/"},{"@type":"ListItem","position":3,"name":"Escalier fix avec soutien &#8211; 45\u00b0"}]},{"@type":"WebSite","@id":"https:\/\/www.alucomfort.be\/#website","url":"https:\/\/www.alucomfort.be\/","name":"Alu Comfort","description":"","potentialAction":[{"@type":"SearchAction","target":{"@type":"EntryPoint","urlTemplate":"https:\/\/www.alucomfort.be\/?s={search_term_string}"},"query-input":{"@type":"PropertyValueSpecification","valueRequired":true,"valueName":"search_term_string"}}],"inLanguage":"fr-FR"}]}},"_links":{"self":[{"href":"https:\/\/www.alucomfort.be\/fr\/wp-json\/wp\/v2\/product\/215425","targetHints":{"allow":["GET"]}}],"collection":[{"href":"https:\/\/www.alucomfort.be\/fr\/wp-json\/wp\/v2\/product"}],"about":[{"href":"https:\/\/www.alucomfort.be\/fr\/wp-json\/wp\/v2\/types\/product"}],"wp:featuredmedia":[{"embeddable":true,"href":"https:\/\/www.alucomfort.be\/fr\/wp-json\/wp\/v2\/media\/215421"}],"wp:attachment":[{"href":"https:\/\/www.alucomfort.be\/fr\/wp-json\/wp\/v2\/media?parent=215425"}],"wp:term":[{"taxonomy":"product_brand","embeddable":true,"href":"https:\/\/www.alucomfort.be\/fr\/wp-json\/wp\/v2\/product_brand?post=215425"},{"taxonomy":"product_cat","embeddable":true,"href":"https:\/\/www.alucomfort.be\/fr\/wp-json\/wp\/v2\/product_cat?post=215425"},{"taxonomy":"product_tag","embeddable":true,"href":"https:\/\/www.alucomfort.be\/fr\/wp-json\/wp\/v2\/product_tag?post=215425"}],"curies":[{"name":"wp","href":"https:\/\/api.w.org\/{rel}","templated":true}]}}