

{"id":215843,"date":"2022-09-13T18:32:11","date_gmt":"2022-09-13T16:32:11","guid":{"rendered":"https:\/\/www.alucomfort.be\/product\/depots-pour-produits-dangereux-avec-toiture-avec-ressorts-pneumatiques\/"},"modified":"2025-07-07T01:01:37","modified_gmt":"2025-07-06T23:01:37","slug":"depots-pour-produits-dangereux-avec-toiture-avec-ressorts-pneumatiques","status":"publish","type":"product","link":"https:\/\/www.alucomfort.be\/fr\/product\/depots-pour-produits-dangereux-avec-toiture-avec-ressorts-pneumatiques\/","title":{"rendered":"D\u00e9p\u00f4ts pour produits dangereux avec toiture avec ressorts pneumatiques"},"content":{"rendered":"<p>* Pour le stockage s\u00fbr des f\u00fbts, * Stockage pour l&rsquo;int\u00e9rieur et l&rsquo;ext\u00e9rieur, * Avec bac de r\u00e9tention (3 mm), * Avec caillebotis galvanis\u00e9, * Avec ventilation naturelle, * Verrouillable, * Construction robuste en en t\u00f4le d&rsquo;acier galvanis\u00e9e, * Toit ouvrant maintenu par des v\u00e9rins \u00e0 gaz.<\/p>\n","protected":false},"excerpt":{"rendered":"<p>Armoire de stockage pour max. 4 f\u00fbts de 200 l<\/p>\n","protected":false},"featured_media":215828,"template":"","meta":{"_acf_changed":false},"product_brand":[],"product_cat":[8984],"product_tag":[],"class_list":{"0":"post-215843","1":"product","2":"type-product","3":"status-publish","4":"has-post-thumbnail","6":"product_cat-armoires-de-surete","8":"first","9":"outofstock","10":"taxable","11":"shipping-taxable","12":"purchasable","13":"product-type-variable"},"acf":[],"yoast_head":"<!-- This site is optimized with the Yoast SEO plugin v24.8.1 - https:\/\/yoast.com\/wordpress\/plugins\/seo\/ -->\n<title>D\u00e9pot Produits Dangereux | Alu Comfort | Conforme<\/title>\n<meta name=\"description\" content=\"Nos armoires de s\u00e9curit\u00e9 permettent le stockage s\u00fbr et conforme de vos produits inflammables et polluants. Pour un usage int\u00e9rieur et ext\u00e9rieur. Prot\u00e9gez votre environnement!\" \/>\n<meta name=\"robots\" content=\"index, follow, max-snippet:-1, max-image-preview:large, max-video-preview:-1\" \/>\n<link rel=\"canonical\" href=\"https:\/\/www.alucomfort.be\/product\/depot-gevaarlijke-stoffen-met-dubbele-deur\/\" \/>\n<meta property=\"og:locale\" content=\"fr_FR\" \/>\n<meta property=\"og:type\" content=\"article\" \/>\n<meta property=\"og:title\" content=\"D\u00e9pot Produits Dangereux | Alu Comfort | Conforme\" \/>\n<meta property=\"og:description\" content=\"Nos armoires de s\u00e9curit\u00e9 permettent le stockage s\u00fbr et conforme de vos produits inflammables et polluants. Pour un usage int\u00e9rieur et ext\u00e9rieur. Prot\u00e9gez votre environnement!\" \/>\n<meta property=\"og:url\" content=\"https:\/\/www.alucomfort.be\/product\/depot-gevaarlijke-stoffen-met-dubbele-deur\/\" \/>\n<meta property=\"og:site_name\" content=\"Alu Comfort\" \/>\n<meta property=\"article:modified_time\" content=\"2025-07-06T23:01:37+00:00\" \/>\n<meta property=\"og:image\" content=\"https:\/\/www.alucomfort.be\/wp-content\/uploads\/Opslagcontainer.jpg\" \/>\n\t<meta property=\"og:image:width\" content=\"1920\" \/>\n\t<meta property=\"og:image:height\" content=\"1616\" \/>\n\t<meta property=\"og:image:type\" content=\"image\/jpeg\" \/>\n<meta name=\"twitter:card\" content=\"summary_large_image\" \/>\n<script type=\"application\/ld+json\" class=\"yoast-schema-graph\">{\"@context\":\"https:\/\/schema.org\",\"@graph\":[{\"@type\":\"WebPage\",\"@id\":\"https:\/\/www.alucomfort.be\/product\/depot-gevaarlijke-stoffen-met-dubbele-deur\/\",\"url\":\"https:\/\/www.alucomfort.be\/product\/depot-gevaarlijke-stoffen-met-dubbele-deur\/\",\"name\":\"D\u00e9pot Produits Dangereux | Alu Comfort | Conforme\",\"isPartOf\":{\"@id\":\"https:\/\/www.alucomfort.be\/#website\"},\"primaryImageOfPage\":{\"@id\":\"https:\/\/www.alucomfort.be\/product\/depot-gevaarlijke-stoffen-met-dubbele-deur\/#primaryimage\"},\"image\":{\"@id\":\"https:\/\/www.alucomfort.be\/product\/depot-gevaarlijke-stoffen-met-dubbele-deur\/#primaryimage\"},\"thumbnailUrl\":\"https:\/\/www.alucomfort.be\/wp-content\/uploads\/Opslagcontainer.jpg\",\"datePublished\":\"2022-09-13T16:32:11+00:00\",\"dateModified\":\"2025-07-06T23:01:37+00:00\",\"description\":\"Nos armoires de s\u00e9curit\u00e9 permettent le stockage s\u00fbr et conforme de vos produits inflammables et polluants. Pour un usage int\u00e9rieur et ext\u00e9rieur. Prot\u00e9gez votre environnement!\",\"breadcrumb\":{\"@id\":\"https:\/\/www.alucomfort.be\/product\/depot-gevaarlijke-stoffen-met-dubbele-deur\/#breadcrumb\"},\"inLanguage\":\"fr-FR\",\"potentialAction\":[{\"@type\":\"ReadAction\",\"target\":[\"https:\/\/www.alucomfort.be\/product\/depot-gevaarlijke-stoffen-met-dubbele-deur\/\"]}]},{\"@type\":\"ImageObject\",\"inLanguage\":\"fr-FR\",\"@id\":\"https:\/\/www.alucomfort.be\/product\/depot-gevaarlijke-stoffen-met-dubbele-deur\/#primaryimage\",\"url\":\"https:\/\/www.alucomfort.be\/wp-content\/uploads\/Opslagcontainer.jpg\",\"contentUrl\":\"https:\/\/www.alucomfort.be\/wp-content\/uploads\/Opslagcontainer.jpg\",\"width\":1920,\"height\":1616,\"caption\":\"Opslagcontainer\"},{\"@type\":\"BreadcrumbList\",\"@id\":\"https:\/\/www.alucomfort.be\/product\/depot-gevaarlijke-stoffen-met-dubbele-deur\/#breadcrumb\",\"itemListElement\":[{\"@type\":\"ListItem\",\"position\":1,\"name\":\"Home\",\"item\":\"https:\/\/www.alucomfort.be\/fr\/\"},{\"@type\":\"ListItem\",\"position\":2,\"name\":\"Producten\",\"item\":\"https:\/\/www.alucomfort.be\/producten\/\"},{\"@type\":\"ListItem\",\"position\":3,\"name\":\"D\u00e9p\u00f4ts pour produits dangereux avec toiture avec ressorts pneumatiques\"}]},{\"@type\":\"WebSite\",\"@id\":\"https:\/\/www.alucomfort.be\/#website\",\"url\":\"https:\/\/www.alucomfort.be\/\",\"name\":\"Alu Comfort\",\"description\":\"\",\"potentialAction\":[{\"@type\":\"SearchAction\",\"target\":{\"@type\":\"EntryPoint\",\"urlTemplate\":\"https:\/\/www.alucomfort.be\/?s={search_term_string}\"},\"query-input\":{\"@type\":\"PropertyValueSpecification\",\"valueRequired\":true,\"valueName\":\"search_term_string\"}}],\"inLanguage\":\"fr-FR\"}]}<\/script>\n<!-- \/ Yoast SEO plugin. -->","yoast_head_json":{"title":"D\u00e9pot Produits Dangereux | Alu Comfort | Conforme","description":"Nos armoires de s\u00e9curit\u00e9 permettent le stockage s\u00fbr et conforme de vos produits inflammables et polluants. Pour un usage int\u00e9rieur et ext\u00e9rieur. Prot\u00e9gez votre environnement!","robots":{"index":"index","follow":"follow","max-snippet":"max-snippet:-1","max-image-preview":"max-image-preview:large","max-video-preview":"max-video-preview:-1"},"canonical":"https:\/\/www.alucomfort.be\/product\/depot-gevaarlijke-stoffen-met-dubbele-deur\/","og_locale":"fr_FR","og_type":"article","og_title":"D\u00e9pot Produits Dangereux | Alu Comfort | Conforme","og_description":"Nos armoires de s\u00e9curit\u00e9 permettent le stockage s\u00fbr et conforme de vos produits inflammables et polluants. Pour un usage int\u00e9rieur et ext\u00e9rieur. Prot\u00e9gez votre environnement!","og_url":"https:\/\/www.alucomfort.be\/product\/depot-gevaarlijke-stoffen-met-dubbele-deur\/","og_site_name":"Alu Comfort","article_modified_time":"2025-07-06T23:01:37+00:00","og_image":[{"width":1920,"height":1616,"url":"https:\/\/www.alucomfort.be\/wp-content\/uploads\/Opslagcontainer.jpg","type":"image\/jpeg"}],"twitter_card":"summary_large_image","schema":{"@context":"https:\/\/schema.org","@graph":[{"@type":"WebPage","@id":"https:\/\/www.alucomfort.be\/product\/depot-gevaarlijke-stoffen-met-dubbele-deur\/","url":"https:\/\/www.alucomfort.be\/product\/depot-gevaarlijke-stoffen-met-dubbele-deur\/","name":"D\u00e9pot Produits Dangereux | Alu Comfort | Conforme","isPartOf":{"@id":"https:\/\/www.alucomfort.be\/#website"},"primaryImageOfPage":{"@id":"https:\/\/www.alucomfort.be\/product\/depot-gevaarlijke-stoffen-met-dubbele-deur\/#primaryimage"},"image":{"@id":"https:\/\/www.alucomfort.be\/product\/depot-gevaarlijke-stoffen-met-dubbele-deur\/#primaryimage"},"thumbnailUrl":"https:\/\/www.alucomfort.be\/wp-content\/uploads\/Opslagcontainer.jpg","datePublished":"2022-09-13T16:32:11+00:00","dateModified":"2025-07-06T23:01:37+00:00","description":"Nos armoires de s\u00e9curit\u00e9 permettent le stockage s\u00fbr et conforme de vos produits inflammables et polluants. Pour un usage int\u00e9rieur et ext\u00e9rieur. Prot\u00e9gez votre environnement!","breadcrumb":{"@id":"https:\/\/www.alucomfort.be\/product\/depot-gevaarlijke-stoffen-met-dubbele-deur\/#breadcrumb"},"inLanguage":"fr-FR","potentialAction":[{"@type":"ReadAction","target":["https:\/\/www.alucomfort.be\/product\/depot-gevaarlijke-stoffen-met-dubbele-deur\/"]}]},{"@type":"ImageObject","inLanguage":"fr-FR","@id":"https:\/\/www.alucomfort.be\/product\/depot-gevaarlijke-stoffen-met-dubbele-deur\/#primaryimage","url":"https:\/\/www.alucomfort.be\/wp-content\/uploads\/Opslagcontainer.jpg","contentUrl":"https:\/\/www.alucomfort.be\/wp-content\/uploads\/Opslagcontainer.jpg","width":1920,"height":1616,"caption":"Opslagcontainer"},{"@type":"BreadcrumbList","@id":"https:\/\/www.alucomfort.be\/product\/depot-gevaarlijke-stoffen-met-dubbele-deur\/#breadcrumb","itemListElement":[{"@type":"ListItem","position":1,"name":"Home","item":"https:\/\/www.alucomfort.be\/fr\/"},{"@type":"ListItem","position":2,"name":"Producten","item":"https:\/\/www.alucomfort.be\/producten\/"},{"@type":"ListItem","position":3,"name":"D\u00e9p\u00f4ts pour produits dangereux avec toiture avec ressorts pneumatiques"}]},{"@type":"WebSite","@id":"https:\/\/www.alucomfort.be\/#website","url":"https:\/\/www.alucomfort.be\/","name":"Alu Comfort","description":"","potentialAction":[{"@type":"SearchAction","target":{"@type":"EntryPoint","urlTemplate":"https:\/\/www.alucomfort.be\/?s={search_term_string}"},"query-input":{"@type":"PropertyValueSpecification","valueRequired":true,"valueName":"search_term_string"}}],"inLanguage":"fr-FR"}]}},"_links":{"self":[{"href":"https:\/\/www.alucomfort.be\/fr\/wp-json\/wp\/v2\/product\/215843","targetHints":{"allow":["GET"]}}],"collection":[{"href":"https:\/\/www.alucomfort.be\/fr\/wp-json\/wp\/v2\/product"}],"about":[{"href":"https:\/\/www.alucomfort.be\/fr\/wp-json\/wp\/v2\/types\/product"}],"wp:featuredmedia":[{"embeddable":true,"href":"https:\/\/www.alucomfort.be\/fr\/wp-json\/wp\/v2\/media\/215828"}],"wp:attachment":[{"href":"https:\/\/www.alucomfort.be\/fr\/wp-json\/wp\/v2\/media?parent=215843"}],"wp:term":[{"taxonomy":"product_brand","embeddable":true,"href":"https:\/\/www.alucomfort.be\/fr\/wp-json\/wp\/v2\/product_brand?post=215843"},{"taxonomy":"product_cat","embeddable":true,"href":"https:\/\/www.alucomfort.be\/fr\/wp-json\/wp\/v2\/product_cat?post=215843"},{"taxonomy":"product_tag","embeddable":true,"href":"https:\/\/www.alucomfort.be\/fr\/wp-json\/wp\/v2\/product_tag?post=215843"}],"curies":[{"name":"wp","href":"https:\/\/api.w.org\/{rel}","templated":true}]}}