

{"id":215861,"date":"2022-09-15T16:30:49","date_gmt":"2022-09-15T14:30:49","guid":{"rendered":"https:\/\/www.alucomfort.be\/product\/panier-a-briques\/"},"modified":"2024-02-19T02:07:14","modified_gmt":"2024-02-19T00:07:14","slug":"panier-a-briques","status":"publish","type":"product","link":"https:\/\/www.alucomfort.be\/fr\/product\/panier-a-briques\/","title":{"rendered":"Panier \u00e0 briques"},"content":{"rendered":"<p>* Panier \u00e0 briques pour un transport s\u00fbr et \u00e9conomique de briques avec grue , * Avec parois en planches tr\u00e8s r\u00e9sistantes, * Avec syst\u00e8me de s\u00e9curit\u00e9 contre l&rsquo;ouverture involontaire, * En option avec cha\u00eene soud\u00e9e, * 1 caillbotis est compris \u00e0 la livraison.<\/p>\n","protected":false},"excerpt":{"rendered":"<p>Transport s\u00fbr et \u00e9conomique de briques avec grue.<\/p>\n","protected":false},"featured_media":219588,"template":"","meta":{"_acf_changed":false},"product_brand":[],"product_cat":[8994],"product_tag":[],"class_list":{"0":"post-215861","1":"product","2":"type-product","3":"status-publish","4":"has-post-thumbnail","6":"product_cat-panier-a-briques","8":"first","9":"outofstock","10":"taxable","11":"shipping-taxable","12":"purchasable","13":"product-type-variable"},"acf":[],"yoast_head":"<!-- This site is optimized with the Yoast SEO plugin v24.8.1 - https:\/\/yoast.com\/wordpress\/plugins\/seo\/ -->\n<title>Panier \u00e0 briques| Alu Comfort | Mat\u00e9riel de chantier<\/title>\n<meta name=\"description\" content=\"Paniers \u00e0 briques et autres accessoires de grue disponibles chez AluComfort aux meilleures conditions! Tout \u00e9quipment de chantier\" \/>\n<meta name=\"robots\" content=\"index, follow, max-snippet:-1, max-image-preview:large, max-video-preview:-1\" \/>\n<link rel=\"canonical\" href=\"https:\/\/www.alucomfort.be\/product\/steenkorf\/\" \/>\n<meta property=\"og:locale\" content=\"fr_FR\" \/>\n<meta property=\"og:type\" content=\"article\" \/>\n<meta property=\"og:title\" content=\"Panier \u00e0 briques| Alu Comfort | Mat\u00e9riel de chantier\" \/>\n<meta property=\"og:description\" content=\"Paniers \u00e0 briques et autres accessoires de grue disponibles chez AluComfort aux meilleures conditions! Tout \u00e9quipment de chantier\" \/>\n<meta property=\"og:url\" content=\"https:\/\/www.alucomfort.be\/product\/steenkorf\/\" \/>\n<meta property=\"og:site_name\" content=\"Alu Comfort\" \/>\n<meta property=\"article:modified_time\" content=\"2024-02-19T00:07:14+00:00\" \/>\n<meta property=\"og:image\" content=\"https:\/\/www.alucomfort.be\/wp-content\/uploads\/Steenkorf.jpg\" \/>\n\t<meta property=\"og:image:width\" content=\"440\" \/>\n\t<meta property=\"og:image:height\" content=\"800\" \/>\n\t<meta property=\"og:image:type\" content=\"image\/jpeg\" \/>\n<meta name=\"twitter:card\" content=\"summary_large_image\" \/>\n<script type=\"application\/ld+json\" class=\"yoast-schema-graph\">{\"@context\":\"https:\/\/schema.org\",\"@graph\":[{\"@type\":\"WebPage\",\"@id\":\"https:\/\/www.alucomfort.be\/product\/steenkorf\/\",\"url\":\"https:\/\/www.alucomfort.be\/product\/steenkorf\/\",\"name\":\"Panier \u00e0 briques| Alu Comfort | Mat\u00e9riel de chantier\",\"isPartOf\":{\"@id\":\"https:\/\/www.alucomfort.be\/#website\"},\"primaryImageOfPage\":{\"@id\":\"https:\/\/www.alucomfort.be\/product\/steenkorf\/#primaryimage\"},\"image\":{\"@id\":\"https:\/\/www.alucomfort.be\/product\/steenkorf\/#primaryimage\"},\"thumbnailUrl\":\"https:\/\/www.alucomfort.be\/wp-content\/uploads\/Steencontainer-kraan.jpg\",\"datePublished\":\"2022-09-15T14:30:49+00:00\",\"dateModified\":\"2024-02-19T00:07:14+00:00\",\"description\":\"Paniers \u00e0 briques et autres accessoires de grue disponibles chez AluComfort aux meilleures conditions! Tout \u00e9quipment de chantier\",\"breadcrumb\":{\"@id\":\"https:\/\/www.alucomfort.be\/product\/steenkorf\/#breadcrumb\"},\"inLanguage\":\"fr-FR\",\"potentialAction\":[{\"@type\":\"ReadAction\",\"target\":[\"https:\/\/www.alucomfort.be\/product\/steenkorf\/\"]}]},{\"@type\":\"ImageObject\",\"inLanguage\":\"fr-FR\",\"@id\":\"https:\/\/www.alucomfort.be\/product\/steenkorf\/#primaryimage\",\"url\":\"https:\/\/www.alucomfort.be\/wp-content\/uploads\/Steencontainer-kraan.jpg\",\"contentUrl\":\"https:\/\/www.alucomfort.be\/wp-content\/uploads\/Steencontainer-kraan.jpg\",\"width\":1760,\"height\":3200,\"caption\":\"Steencontainer voor kraan\"},{\"@type\":\"BreadcrumbList\",\"@id\":\"https:\/\/www.alucomfort.be\/product\/steenkorf\/#breadcrumb\",\"itemListElement\":[{\"@type\":\"ListItem\",\"position\":1,\"name\":\"Home\",\"item\":\"https:\/\/www.alucomfort.be\/fr\/\"},{\"@type\":\"ListItem\",\"position\":2,\"name\":\"Producten\",\"item\":\"https:\/\/www.alucomfort.be\/producten\/\"},{\"@type\":\"ListItem\",\"position\":3,\"name\":\"Panier \u00e0 briques\"}]},{\"@type\":\"WebSite\",\"@id\":\"https:\/\/www.alucomfort.be\/#website\",\"url\":\"https:\/\/www.alucomfort.be\/\",\"name\":\"Alu Comfort\",\"description\":\"\",\"potentialAction\":[{\"@type\":\"SearchAction\",\"target\":{\"@type\":\"EntryPoint\",\"urlTemplate\":\"https:\/\/www.alucomfort.be\/?s={search_term_string}\"},\"query-input\":{\"@type\":\"PropertyValueSpecification\",\"valueRequired\":true,\"valueName\":\"search_term_string\"}}],\"inLanguage\":\"fr-FR\"}]}<\/script>\n<!-- \/ Yoast SEO plugin. -->","yoast_head_json":{"title":"Panier \u00e0 briques| Alu Comfort | Mat\u00e9riel de chantier","description":"Paniers \u00e0 briques et autres accessoires de grue disponibles chez AluComfort aux meilleures conditions! Tout \u00e9quipment de chantier","robots":{"index":"index","follow":"follow","max-snippet":"max-snippet:-1","max-image-preview":"max-image-preview:large","max-video-preview":"max-video-preview:-1"},"canonical":"https:\/\/www.alucomfort.be\/product\/steenkorf\/","og_locale":"fr_FR","og_type":"article","og_title":"Panier \u00e0 briques| Alu Comfort | Mat\u00e9riel de chantier","og_description":"Paniers \u00e0 briques et autres accessoires de grue disponibles chez AluComfort aux meilleures conditions! Tout \u00e9quipment de chantier","og_url":"https:\/\/www.alucomfort.be\/product\/steenkorf\/","og_site_name":"Alu Comfort","article_modified_time":"2024-02-19T00:07:14+00:00","og_image":[{"width":440,"height":800,"url":"https:\/\/www.alucomfort.be\/wp-content\/uploads\/Steenkorf.jpg","type":"image\/jpeg"}],"twitter_card":"summary_large_image","schema":{"@context":"https:\/\/schema.org","@graph":[{"@type":"WebPage","@id":"https:\/\/www.alucomfort.be\/product\/steenkorf\/","url":"https:\/\/www.alucomfort.be\/product\/steenkorf\/","name":"Panier \u00e0 briques| Alu Comfort | Mat\u00e9riel de chantier","isPartOf":{"@id":"https:\/\/www.alucomfort.be\/#website"},"primaryImageOfPage":{"@id":"https:\/\/www.alucomfort.be\/product\/steenkorf\/#primaryimage"},"image":{"@id":"https:\/\/www.alucomfort.be\/product\/steenkorf\/#primaryimage"},"thumbnailUrl":"https:\/\/www.alucomfort.be\/wp-content\/uploads\/Steencontainer-kraan.jpg","datePublished":"2022-09-15T14:30:49+00:00","dateModified":"2024-02-19T00:07:14+00:00","description":"Paniers \u00e0 briques et autres accessoires de grue disponibles chez AluComfort aux meilleures conditions! Tout \u00e9quipment de chantier","breadcrumb":{"@id":"https:\/\/www.alucomfort.be\/product\/steenkorf\/#breadcrumb"},"inLanguage":"fr-FR","potentialAction":[{"@type":"ReadAction","target":["https:\/\/www.alucomfort.be\/product\/steenkorf\/"]}]},{"@type":"ImageObject","inLanguage":"fr-FR","@id":"https:\/\/www.alucomfort.be\/product\/steenkorf\/#primaryimage","url":"https:\/\/www.alucomfort.be\/wp-content\/uploads\/Steencontainer-kraan.jpg","contentUrl":"https:\/\/www.alucomfort.be\/wp-content\/uploads\/Steencontainer-kraan.jpg","width":1760,"height":3200,"caption":"Steencontainer voor kraan"},{"@type":"BreadcrumbList","@id":"https:\/\/www.alucomfort.be\/product\/steenkorf\/#breadcrumb","itemListElement":[{"@type":"ListItem","position":1,"name":"Home","item":"https:\/\/www.alucomfort.be\/fr\/"},{"@type":"ListItem","position":2,"name":"Producten","item":"https:\/\/www.alucomfort.be\/producten\/"},{"@type":"ListItem","position":3,"name":"Panier \u00e0 briques"}]},{"@type":"WebSite","@id":"https:\/\/www.alucomfort.be\/#website","url":"https:\/\/www.alucomfort.be\/","name":"Alu Comfort","description":"","potentialAction":[{"@type":"SearchAction","target":{"@type":"EntryPoint","urlTemplate":"https:\/\/www.alucomfort.be\/?s={search_term_string}"},"query-input":{"@type":"PropertyValueSpecification","valueRequired":true,"valueName":"search_term_string"}}],"inLanguage":"fr-FR"}]}},"_links":{"self":[{"href":"https:\/\/www.alucomfort.be\/fr\/wp-json\/wp\/v2\/product\/215861","targetHints":{"allow":["GET"]}}],"collection":[{"href":"https:\/\/www.alucomfort.be\/fr\/wp-json\/wp\/v2\/product"}],"about":[{"href":"https:\/\/www.alucomfort.be\/fr\/wp-json\/wp\/v2\/types\/product"}],"wp:featuredmedia":[{"embeddable":true,"href":"https:\/\/www.alucomfort.be\/fr\/wp-json\/wp\/v2\/media\/219588"}],"wp:attachment":[{"href":"https:\/\/www.alucomfort.be\/fr\/wp-json\/wp\/v2\/media?parent=215861"}],"wp:term":[{"taxonomy":"product_brand","embeddable":true,"href":"https:\/\/www.alucomfort.be\/fr\/wp-json\/wp\/v2\/product_brand?post=215861"},{"taxonomy":"product_cat","embeddable":true,"href":"https:\/\/www.alucomfort.be\/fr\/wp-json\/wp\/v2\/product_cat?post=215861"},{"taxonomy":"product_tag","embeddable":true,"href":"https:\/\/www.alucomfort.be\/fr\/wp-json\/wp\/v2\/product_tag?post=215861"}],"curies":[{"name":"wp","href":"https:\/\/api.w.org\/{rel}","templated":true}]}}