

{"id":215995,"date":"2022-11-10T23:28:20","date_gmt":"2022-11-10T21:28:20","guid":{"rendered":"https:\/\/www.alucomfort.be\/product\/housse-impermeable-pour-futs\/"},"modified":"2026-05-06T00:30:50","modified_gmt":"2026-05-05T22:30:50","slug":"housse-impermeable-pour-futs","status":"publish","type":"product","link":"https:\/\/www.alucomfort.be\/fr\/product\/housse-impermeable-pour-futs\/","title":{"rendered":"Housse imperm\u00e9able pour f\u00fbts"},"content":{"rendered":"<p>* Couverture \u00e9tanche en PVC, * Se plie facilement<\/p>\n","protected":false},"excerpt":{"rendered":"<p>Pour proteger les f\u00fbts contre les d\u00e9g\u00e2ts des eaux.<\/p>\n","protected":false},"featured_media":215984,"template":"","meta":{"_acf_changed":false},"product_brand":[],"product_cat":[9006],"product_tag":[],"class_list":{"0":"post-215995","1":"product","2":"type-product","3":"status-publish","4":"has-post-thumbnail","6":"product_cat-chauffe-futs","8":"first","9":"instock","10":"taxable","11":"shipping-taxable","12":"purchasable","13":"product-type-simple"},"acf":[],"yoast_head":"<!-- This site is optimized with the Yoast SEO plugin v24.8.1 - https:\/\/yoast.com\/wordpress\/plugins\/seo\/ -->\n<title>Housse imperm\u00e9able pour f\u00fbts | Alu Comfort |<\/title>\n<meta name=\"description\" content=\"Parfaite pour prot\u00e9ger votre f\u00fbts contre l\u0092eau dans les environnements humides. Contactez-Nous!\" \/>\n<meta name=\"robots\" content=\"index, follow, max-snippet:-1, max-image-preview:large, max-video-preview:-1\" \/>\n<link rel=\"canonical\" href=\"https:\/\/www.alucomfort.be\/product\/wachterdichte-hoes-voor-vaten\/\" \/>\n<meta property=\"og:locale\" content=\"fr_FR\" \/>\n<meta property=\"og:type\" content=\"article\" \/>\n<meta property=\"og:title\" content=\"Housse imperm\u00e9able pour f\u00fbts | Alu Comfort |\" \/>\n<meta property=\"og:description\" content=\"Parfaite pour prot\u00e9ger votre f\u00fbts contre l\u0092eau dans les environnements humides. Contactez-Nous!\" \/>\n<meta property=\"og:url\" content=\"https:\/\/www.alucomfort.be\/product\/wachterdichte-hoes-voor-vaten\/\" \/>\n<meta property=\"og:site_name\" content=\"Alu Comfort\" \/>\n<meta property=\"article:modified_time\" content=\"2026-05-05T22:30:50+00:00\" \/>\n<meta property=\"og:image\" content=\"https:\/\/www.alucomfort.be\/wp-content\/uploads\/Waterdichte-Hoes-Vaten.jpg\" \/>\n\t<meta property=\"og:image:width\" content=\"638\" \/>\n\t<meta property=\"og:image:height\" content=\"926\" \/>\n\t<meta property=\"og:image:type\" content=\"image\/jpeg\" \/>\n<meta name=\"twitter:card\" content=\"summary_large_image\" \/>\n<script type=\"application\/ld+json\" class=\"yoast-schema-graph\">{\"@context\":\"https:\/\/schema.org\",\"@graph\":[{\"@type\":\"WebPage\",\"@id\":\"https:\/\/www.alucomfort.be\/product\/wachterdichte-hoes-voor-vaten\/\",\"url\":\"https:\/\/www.alucomfort.be\/product\/wachterdichte-hoes-voor-vaten\/\",\"name\":\"Housse imperm\u00e9able pour f\u00fbts | Alu Comfort |\",\"isPartOf\":{\"@id\":\"https:\/\/www.alucomfort.be\/#website\"},\"primaryImageOfPage\":{\"@id\":\"https:\/\/www.alucomfort.be\/product\/wachterdichte-hoes-voor-vaten\/#primaryimage\"},\"image\":{\"@id\":\"https:\/\/www.alucomfort.be\/product\/wachterdichte-hoes-voor-vaten\/#primaryimage\"},\"thumbnailUrl\":\"https:\/\/www.alucomfort.be\/wp-content\/uploads\/Waterdichte-Hoes-Vaten.jpg\",\"datePublished\":\"2022-11-10T21:28:20+00:00\",\"dateModified\":\"2026-05-05T22:30:50+00:00\",\"description\":\"Parfaite pour prot\u00e9ger votre f\u00fbts contre l\u0092eau dans les environnements humides. Contactez-Nous!\",\"breadcrumb\":{\"@id\":\"https:\/\/www.alucomfort.be\/product\/wachterdichte-hoes-voor-vaten\/#breadcrumb\"},\"inLanguage\":\"fr-FR\",\"potentialAction\":[{\"@type\":\"ReadAction\",\"target\":[\"https:\/\/www.alucomfort.be\/product\/wachterdichte-hoes-voor-vaten\/\"]}]},{\"@type\":\"ImageObject\",\"inLanguage\":\"fr-FR\",\"@id\":\"https:\/\/www.alucomfort.be\/product\/wachterdichte-hoes-voor-vaten\/#primaryimage\",\"url\":\"https:\/\/www.alucomfort.be\/wp-content\/uploads\/Waterdichte-Hoes-Vaten.jpg\",\"contentUrl\":\"https:\/\/www.alucomfort.be\/wp-content\/uploads\/Waterdichte-Hoes-Vaten.jpg\",\"width\":638,\"height\":926,\"caption\":\"Waterdichte Hoes Vaten\"},{\"@type\":\"BreadcrumbList\",\"@id\":\"https:\/\/www.alucomfort.be\/product\/wachterdichte-hoes-voor-vaten\/#breadcrumb\",\"itemListElement\":[{\"@type\":\"ListItem\",\"position\":1,\"name\":\"Home\",\"item\":\"https:\/\/www.alucomfort.be\/fr\/\"},{\"@type\":\"ListItem\",\"position\":2,\"name\":\"Producten\",\"item\":\"https:\/\/www.alucomfort.be\/producten\/\"},{\"@type\":\"ListItem\",\"position\":3,\"name\":\"Housse imperm\u00e9able pour f\u00fbts\"}]},{\"@type\":\"WebSite\",\"@id\":\"https:\/\/www.alucomfort.be\/#website\",\"url\":\"https:\/\/www.alucomfort.be\/\",\"name\":\"Alu Comfort\",\"description\":\"\",\"potentialAction\":[{\"@type\":\"SearchAction\",\"target\":{\"@type\":\"EntryPoint\",\"urlTemplate\":\"https:\/\/www.alucomfort.be\/?s={search_term_string}\"},\"query-input\":{\"@type\":\"PropertyValueSpecification\",\"valueRequired\":true,\"valueName\":\"search_term_string\"}}],\"inLanguage\":\"fr-FR\"}]}<\/script>\n<!-- \/ Yoast SEO plugin. -->","yoast_head_json":{"title":"Housse imperm\u00e9able pour f\u00fbts | Alu Comfort |","description":"Parfaite pour prot\u00e9ger votre f\u00fbts contre l\u0092eau dans les environnements humides. Contactez-Nous!","robots":{"index":"index","follow":"follow","max-snippet":"max-snippet:-1","max-image-preview":"max-image-preview:large","max-video-preview":"max-video-preview:-1"},"canonical":"https:\/\/www.alucomfort.be\/product\/wachterdichte-hoes-voor-vaten\/","og_locale":"fr_FR","og_type":"article","og_title":"Housse imperm\u00e9able pour f\u00fbts | Alu Comfort |","og_description":"Parfaite pour prot\u00e9ger votre f\u00fbts contre l\u0092eau dans les environnements humides. Contactez-Nous!","og_url":"https:\/\/www.alucomfort.be\/product\/wachterdichte-hoes-voor-vaten\/","og_site_name":"Alu Comfort","article_modified_time":"2026-05-05T22:30:50+00:00","og_image":[{"width":638,"height":926,"url":"https:\/\/www.alucomfort.be\/wp-content\/uploads\/Waterdichte-Hoes-Vaten.jpg","type":"image\/jpeg"}],"twitter_card":"summary_large_image","schema":{"@context":"https:\/\/schema.org","@graph":[{"@type":"WebPage","@id":"https:\/\/www.alucomfort.be\/product\/wachterdichte-hoes-voor-vaten\/","url":"https:\/\/www.alucomfort.be\/product\/wachterdichte-hoes-voor-vaten\/","name":"Housse imperm\u00e9able pour f\u00fbts | Alu Comfort |","isPartOf":{"@id":"https:\/\/www.alucomfort.be\/#website"},"primaryImageOfPage":{"@id":"https:\/\/www.alucomfort.be\/product\/wachterdichte-hoes-voor-vaten\/#primaryimage"},"image":{"@id":"https:\/\/www.alucomfort.be\/product\/wachterdichte-hoes-voor-vaten\/#primaryimage"},"thumbnailUrl":"https:\/\/www.alucomfort.be\/wp-content\/uploads\/Waterdichte-Hoes-Vaten.jpg","datePublished":"2022-11-10T21:28:20+00:00","dateModified":"2026-05-05T22:30:50+00:00","description":"Parfaite pour prot\u00e9ger votre f\u00fbts contre l\u0092eau dans les environnements humides. Contactez-Nous!","breadcrumb":{"@id":"https:\/\/www.alucomfort.be\/product\/wachterdichte-hoes-voor-vaten\/#breadcrumb"},"inLanguage":"fr-FR","potentialAction":[{"@type":"ReadAction","target":["https:\/\/www.alucomfort.be\/product\/wachterdichte-hoes-voor-vaten\/"]}]},{"@type":"ImageObject","inLanguage":"fr-FR","@id":"https:\/\/www.alucomfort.be\/product\/wachterdichte-hoes-voor-vaten\/#primaryimage","url":"https:\/\/www.alucomfort.be\/wp-content\/uploads\/Waterdichte-Hoes-Vaten.jpg","contentUrl":"https:\/\/www.alucomfort.be\/wp-content\/uploads\/Waterdichte-Hoes-Vaten.jpg","width":638,"height":926,"caption":"Waterdichte Hoes Vaten"},{"@type":"BreadcrumbList","@id":"https:\/\/www.alucomfort.be\/product\/wachterdichte-hoes-voor-vaten\/#breadcrumb","itemListElement":[{"@type":"ListItem","position":1,"name":"Home","item":"https:\/\/www.alucomfort.be\/fr\/"},{"@type":"ListItem","position":2,"name":"Producten","item":"https:\/\/www.alucomfort.be\/producten\/"},{"@type":"ListItem","position":3,"name":"Housse imperm\u00e9able pour f\u00fbts"}]},{"@type":"WebSite","@id":"https:\/\/www.alucomfort.be\/#website","url":"https:\/\/www.alucomfort.be\/","name":"Alu Comfort","description":"","potentialAction":[{"@type":"SearchAction","target":{"@type":"EntryPoint","urlTemplate":"https:\/\/www.alucomfort.be\/?s={search_term_string}"},"query-input":{"@type":"PropertyValueSpecification","valueRequired":true,"valueName":"search_term_string"}}],"inLanguage":"fr-FR"}]}},"_links":{"self":[{"href":"https:\/\/www.alucomfort.be\/fr\/wp-json\/wp\/v2\/product\/215995","targetHints":{"allow":["GET"]}}],"collection":[{"href":"https:\/\/www.alucomfort.be\/fr\/wp-json\/wp\/v2\/product"}],"about":[{"href":"https:\/\/www.alucomfort.be\/fr\/wp-json\/wp\/v2\/types\/product"}],"wp:featuredmedia":[{"embeddable":true,"href":"https:\/\/www.alucomfort.be\/fr\/wp-json\/wp\/v2\/media\/215984"}],"wp:attachment":[{"href":"https:\/\/www.alucomfort.be\/fr\/wp-json\/wp\/v2\/media?parent=215995"}],"wp:term":[{"taxonomy":"product_brand","embeddable":true,"href":"https:\/\/www.alucomfort.be\/fr\/wp-json\/wp\/v2\/product_brand?post=215995"},{"taxonomy":"product_cat","embeddable":true,"href":"https:\/\/www.alucomfort.be\/fr\/wp-json\/wp\/v2\/product_cat?post=215995"},{"taxonomy":"product_tag","embeddable":true,"href":"https:\/\/www.alucomfort.be\/fr\/wp-json\/wp\/v2\/product_tag?post=215995"}],"curies":[{"name":"wp","href":"https:\/\/api.w.org\/{rel}","templated":true}]}}