

{"id":216037,"date":"2022-11-22T23:23:40","date_gmt":"2022-11-22T21:23:40","guid":{"rendered":"https:\/\/www.alucomfort.be\/product\/seau-tronconique\/"},"modified":"2024-11-26T12:07:28","modified_gmt":"2024-11-26T10:07:28","slug":"seau-tronconique","status":"publish","type":"product","link":"https:\/\/www.alucomfort.be\/fr\/product\/seau-tronconique\/","title":{"rendered":"Seau tronconique"},"content":{"rendered":"<p>* Disponible en 16 mod\u00e8les (150 l -> 2000 l), * Avec anse rabattable et verrou de s\u00e9curit\u00e9.<\/p>\n","protected":false},"excerpt":{"rendered":"<p>Benne de chantier en acier de 150 \u00e0 2000 litres<\/p>\n","protected":false},"featured_media":214709,"template":"","meta":{"_acf_changed":false},"product_brand":[],"product_cat":[9022],"product_tag":[],"class_list":{"0":"post-216037","1":"product","2":"type-product","3":"status-publish","4":"has-post-thumbnail","6":"product_cat-bac-a-mortier","8":"first","9":"outofstock","10":"taxable","11":"shipping-taxable","12":"purchasable","13":"product-type-variable"},"acf":[],"yoast_head":"<!-- This site is optimized with the Yoast SEO plugin v24.8.1 - https:\/\/yoast.com\/wordpress\/plugins\/seo\/ -->\n<title>Seau \u00e0 mortier | Alu Comfort |Tous les accessoires pour grues<\/title>\n<meta name=\"description\" content=\"Bennes de chantier. La plus large gamme des bennes pour grue. Contactez-nous.\" \/>\n<meta name=\"robots\" content=\"index, follow, max-snippet:-1, max-image-preview:large, max-video-preview:-1\" \/>\n<link rel=\"canonical\" href=\"https:\/\/www.alucomfort.be\/product\/mortelemmer\/\" \/>\n<meta property=\"og:locale\" content=\"fr_FR\" \/>\n<meta property=\"og:type\" content=\"article\" \/>\n<meta property=\"og:title\" content=\"Seau \u00e0 mortier | Alu Comfort |Tous les accessoires pour grues\" \/>\n<meta property=\"og:description\" content=\"Bennes de chantier. La plus large gamme des bennes pour grue. Contactez-nous.\" \/>\n<meta property=\"og:url\" content=\"https:\/\/www.alucomfort.be\/product\/mortelemmer\/\" \/>\n<meta property=\"og:site_name\" content=\"Alu Comfort\" \/>\n<meta property=\"article:modified_time\" content=\"2024-11-26T10:07:28+00:00\" \/>\n<meta property=\"og:image\" content=\"https:\/\/www.alucomfort.be\/wp-content\/uploads\/Mortelemmer-1.jpg\" \/>\n\t<meta property=\"og:image:width\" content=\"440\" \/>\n\t<meta property=\"og:image:height\" content=\"427\" \/>\n\t<meta property=\"og:image:type\" content=\"image\/jpeg\" \/>\n<meta name=\"twitter:card\" content=\"summary_large_image\" \/>\n<script type=\"application\/ld+json\" class=\"yoast-schema-graph\">{\"@context\":\"https:\/\/schema.org\",\"@graph\":[{\"@type\":\"WebPage\",\"@id\":\"https:\/\/www.alucomfort.be\/product\/mortelemmer\/\",\"url\":\"https:\/\/www.alucomfort.be\/product\/mortelemmer\/\",\"name\":\"Seau \u00e0 mortier | Alu Comfort |Tous les accessoires pour grues\",\"isPartOf\":{\"@id\":\"https:\/\/www.alucomfort.be\/#website\"},\"primaryImageOfPage\":{\"@id\":\"https:\/\/www.alucomfort.be\/product\/mortelemmer\/#primaryimage\"},\"image\":{\"@id\":\"https:\/\/www.alucomfort.be\/product\/mortelemmer\/#primaryimage\"},\"thumbnailUrl\":\"https:\/\/www.alucomfort.be\/wp-content\/uploads\/Mortelemmer-1.jpg\",\"datePublished\":\"2022-11-22T21:23:40+00:00\",\"dateModified\":\"2024-11-26T10:07:28+00:00\",\"description\":\"Bennes de chantier. La plus large gamme des bennes pour grue. Contactez-nous.\",\"breadcrumb\":{\"@id\":\"https:\/\/www.alucomfort.be\/product\/mortelemmer\/#breadcrumb\"},\"inLanguage\":\"fr-FR\",\"potentialAction\":[{\"@type\":\"ReadAction\",\"target\":[\"https:\/\/www.alucomfort.be\/product\/mortelemmer\/\"]}]},{\"@type\":\"ImageObject\",\"inLanguage\":\"fr-FR\",\"@id\":\"https:\/\/www.alucomfort.be\/product\/mortelemmer\/#primaryimage\",\"url\":\"https:\/\/www.alucomfort.be\/wp-content\/uploads\/Mortelemmer-1.jpg\",\"contentUrl\":\"https:\/\/www.alucomfort.be\/wp-content\/uploads\/Mortelemmer-1.jpg\",\"width\":440,\"height\":427,\"caption\":\"Mortelemmer\"},{\"@type\":\"BreadcrumbList\",\"@id\":\"https:\/\/www.alucomfort.be\/product\/mortelemmer\/#breadcrumb\",\"itemListElement\":[{\"@type\":\"ListItem\",\"position\":1,\"name\":\"Home\",\"item\":\"https:\/\/www.alucomfort.be\/fr\/\"},{\"@type\":\"ListItem\",\"position\":2,\"name\":\"Producten\",\"item\":\"https:\/\/www.alucomfort.be\/producten\/\"},{\"@type\":\"ListItem\",\"position\":3,\"name\":\"Seau tronconique\"}]},{\"@type\":\"WebSite\",\"@id\":\"https:\/\/www.alucomfort.be\/#website\",\"url\":\"https:\/\/www.alucomfort.be\/\",\"name\":\"Alu Comfort\",\"description\":\"\",\"potentialAction\":[{\"@type\":\"SearchAction\",\"target\":{\"@type\":\"EntryPoint\",\"urlTemplate\":\"https:\/\/www.alucomfort.be\/?s={search_term_string}\"},\"query-input\":{\"@type\":\"PropertyValueSpecification\",\"valueRequired\":true,\"valueName\":\"search_term_string\"}}],\"inLanguage\":\"fr-FR\"}]}<\/script>\n<!-- \/ Yoast SEO plugin. -->","yoast_head_json":{"title":"Seau \u00e0 mortier | Alu Comfort |Tous les accessoires pour grues","description":"Bennes de chantier. La plus large gamme des bennes pour grue. Contactez-nous.","robots":{"index":"index","follow":"follow","max-snippet":"max-snippet:-1","max-image-preview":"max-image-preview:large","max-video-preview":"max-video-preview:-1"},"canonical":"https:\/\/www.alucomfort.be\/product\/mortelemmer\/","og_locale":"fr_FR","og_type":"article","og_title":"Seau \u00e0 mortier | Alu Comfort |Tous les accessoires pour grues","og_description":"Bennes de chantier. La plus large gamme des bennes pour grue. Contactez-nous.","og_url":"https:\/\/www.alucomfort.be\/product\/mortelemmer\/","og_site_name":"Alu Comfort","article_modified_time":"2024-11-26T10:07:28+00:00","og_image":[{"width":440,"height":427,"url":"https:\/\/www.alucomfort.be\/wp-content\/uploads\/Mortelemmer-1.jpg","type":"image\/jpeg"}],"twitter_card":"summary_large_image","schema":{"@context":"https:\/\/schema.org","@graph":[{"@type":"WebPage","@id":"https:\/\/www.alucomfort.be\/product\/mortelemmer\/","url":"https:\/\/www.alucomfort.be\/product\/mortelemmer\/","name":"Seau \u00e0 mortier | Alu Comfort |Tous les accessoires pour grues","isPartOf":{"@id":"https:\/\/www.alucomfort.be\/#website"},"primaryImageOfPage":{"@id":"https:\/\/www.alucomfort.be\/product\/mortelemmer\/#primaryimage"},"image":{"@id":"https:\/\/www.alucomfort.be\/product\/mortelemmer\/#primaryimage"},"thumbnailUrl":"https:\/\/www.alucomfort.be\/wp-content\/uploads\/Mortelemmer-1.jpg","datePublished":"2022-11-22T21:23:40+00:00","dateModified":"2024-11-26T10:07:28+00:00","description":"Bennes de chantier. La plus large gamme des bennes pour grue. Contactez-nous.","breadcrumb":{"@id":"https:\/\/www.alucomfort.be\/product\/mortelemmer\/#breadcrumb"},"inLanguage":"fr-FR","potentialAction":[{"@type":"ReadAction","target":["https:\/\/www.alucomfort.be\/product\/mortelemmer\/"]}]},{"@type":"ImageObject","inLanguage":"fr-FR","@id":"https:\/\/www.alucomfort.be\/product\/mortelemmer\/#primaryimage","url":"https:\/\/www.alucomfort.be\/wp-content\/uploads\/Mortelemmer-1.jpg","contentUrl":"https:\/\/www.alucomfort.be\/wp-content\/uploads\/Mortelemmer-1.jpg","width":440,"height":427,"caption":"Mortelemmer"},{"@type":"BreadcrumbList","@id":"https:\/\/www.alucomfort.be\/product\/mortelemmer\/#breadcrumb","itemListElement":[{"@type":"ListItem","position":1,"name":"Home","item":"https:\/\/www.alucomfort.be\/fr\/"},{"@type":"ListItem","position":2,"name":"Producten","item":"https:\/\/www.alucomfort.be\/producten\/"},{"@type":"ListItem","position":3,"name":"Seau tronconique"}]},{"@type":"WebSite","@id":"https:\/\/www.alucomfort.be\/#website","url":"https:\/\/www.alucomfort.be\/","name":"Alu Comfort","description":"","potentialAction":[{"@type":"SearchAction","target":{"@type":"EntryPoint","urlTemplate":"https:\/\/www.alucomfort.be\/?s={search_term_string}"},"query-input":{"@type":"PropertyValueSpecification","valueRequired":true,"valueName":"search_term_string"}}],"inLanguage":"fr-FR"}]}},"_links":{"self":[{"href":"https:\/\/www.alucomfort.be\/fr\/wp-json\/wp\/v2\/product\/216037","targetHints":{"allow":["GET"]}}],"collection":[{"href":"https:\/\/www.alucomfort.be\/fr\/wp-json\/wp\/v2\/product"}],"about":[{"href":"https:\/\/www.alucomfort.be\/fr\/wp-json\/wp\/v2\/types\/product"}],"wp:featuredmedia":[{"embeddable":true,"href":"https:\/\/www.alucomfort.be\/fr\/wp-json\/wp\/v2\/media\/214709"}],"wp:attachment":[{"href":"https:\/\/www.alucomfort.be\/fr\/wp-json\/wp\/v2\/media?parent=216037"}],"wp:term":[{"taxonomy":"product_brand","embeddable":true,"href":"https:\/\/www.alucomfort.be\/fr\/wp-json\/wp\/v2\/product_brand?post=216037"},{"taxonomy":"product_cat","embeddable":true,"href":"https:\/\/www.alucomfort.be\/fr\/wp-json\/wp\/v2\/product_cat?post=216037"},{"taxonomy":"product_tag","embeddable":true,"href":"https:\/\/www.alucomfort.be\/fr\/wp-json\/wp\/v2\/product_tag?post=216037"}],"curies":[{"name":"wp","href":"https:\/\/api.w.org\/{rel}","templated":true}]}}