

{"id":216104,"date":"2022-12-07T23:03:52","date_gmt":"2022-12-07T21:03:52","guid":{"rendered":"https:\/\/www.alucomfort.be\/product\/pince-mecanique\/"},"modified":"2022-12-07T23:13:35","modified_gmt":"2022-12-07T21:13:35","slug":"pince-mecanique","status":"publish","type":"product","link":"https:\/\/www.alucomfort.be\/fr\/product\/pince-mecanique\/","title":{"rendered":"Pince m\u00e9canique"},"content":{"rendered":"<p>De construction robuste, cette pince sert \u00e0 soulever et d\u00e9placer les paquets de mat\u00e9riaux tels que les pav\u00e9s cercl\u00e9s, blocs de construction cercl\u00e9s etc. Elle peut \u00eatre utilis\u00e9e \u00e0 la grue comme au chariot \u00e9l\u00e9vateur. Convient \u00e0 la r\u00e9ception de paquets de mat\u00e9riaux de construction aux dimensions correspondantes. R\u00e9glage s\u0092effectue par l\u0091\u00e9cartement des boulons d&rsquo;arr\u00eat \u00e0 ressorts.<\/p>\n","protected":false},"excerpt":{"rendered":"<p>Pince m\u00e9canique \u00e0 paquets mat\u00e9riaux<\/p>\n","protected":false},"featured_media":216095,"template":"","meta":{"_acf_changed":false},"product_brand":[],"product_cat":[9037,2147],"product_tag":[],"class_list":{"0":"post-216104","1":"product","2":"type-product","3":"status-publish","4":"has-post-thumbnail","6":"product_cat-pinces-de-levage","7":"product_cat-mobiele-trap-met-platform","9":"first","10":"outofstock","11":"taxable","12":"shipping-taxable","13":"purchasable","14":"product-type-variable"},"acf":[],"yoast_head":"<!-- This site is optimized with the Yoast SEO plugin v24.8.1 - https:\/\/yoast.com\/wordpress\/plugins\/seo\/ -->\n<title>Pince m\u00e9canique | Mat\u00e9riel de chantier<\/title>\n<meta name=\"description\" content=\"De construction robuste, cette pince sert \u00e0 soulever et d\u00e9placer les paquets de mat\u00e9riaux tels que les pav\u00e9s cercl\u00e9s, blocs de construction cercl\u00e9.\" \/>\n<meta name=\"robots\" content=\"index, follow, max-snippet:-1, max-image-preview:large, max-video-preview:-1\" \/>\n<link rel=\"canonical\" href=\"https:\/\/www.alucomfort.be\/product\/steentang\/\" \/>\n<meta property=\"og:locale\" content=\"fr_FR\" \/>\n<meta property=\"og:type\" content=\"article\" \/>\n<meta property=\"og:title\" content=\"Pince m\u00e9canique | Mat\u00e9riel de chantier\" \/>\n<meta property=\"og:description\" content=\"De construction robuste, cette pince sert \u00e0 soulever et d\u00e9placer les paquets de mat\u00e9riaux tels que les pav\u00e9s cercl\u00e9s, blocs de construction cercl\u00e9.\" \/>\n<meta property=\"og:url\" content=\"https:\/\/www.alucomfort.be\/product\/steentang\/\" \/>\n<meta property=\"og:site_name\" content=\"Alu Comfort\" \/>\n<meta property=\"article:modified_time\" content=\"2022-12-07T21:13:35+00:00\" \/>\n<meta property=\"og:image\" content=\"https:\/\/www.alucomfort.be\/wp-content\/uploads\/Steenklem-Kraan.png\" \/>\n\t<meta property=\"og:image:width\" content=\"440\" \/>\n\t<meta property=\"og:image:height\" content=\"435\" \/>\n\t<meta property=\"og:image:type\" content=\"image\/png\" \/>\n<meta name=\"twitter:card\" content=\"summary_large_image\" \/>\n<script type=\"application\/ld+json\" class=\"yoast-schema-graph\">{\"@context\":\"https:\/\/schema.org\",\"@graph\":[{\"@type\":\"WebPage\",\"@id\":\"https:\/\/www.alucomfort.be\/product\/steentang\/\",\"url\":\"https:\/\/www.alucomfort.be\/product\/steentang\/\",\"name\":\"Pince m\u00e9canique | Mat\u00e9riel de chantier\",\"isPartOf\":{\"@id\":\"https:\/\/www.alucomfort.be\/#website\"},\"primaryImageOfPage\":{\"@id\":\"https:\/\/www.alucomfort.be\/product\/steentang\/#primaryimage\"},\"image\":{\"@id\":\"https:\/\/www.alucomfort.be\/product\/steentang\/#primaryimage\"},\"thumbnailUrl\":\"https:\/\/www.alucomfort.be\/wp-content\/uploads\/Steenklem-Kraan.png\",\"datePublished\":\"2022-12-07T21:03:52+00:00\",\"dateModified\":\"2022-12-07T21:13:35+00:00\",\"description\":\"De construction robuste, cette pince sert \u00e0 soulever et d\u00e9placer les paquets de mat\u00e9riaux tels que les pav\u00e9s cercl\u00e9s, blocs de construction cercl\u00e9.\",\"breadcrumb\":{\"@id\":\"https:\/\/www.alucomfort.be\/product\/steentang\/#breadcrumb\"},\"inLanguage\":\"fr-FR\",\"potentialAction\":[{\"@type\":\"ReadAction\",\"target\":[\"https:\/\/www.alucomfort.be\/product\/steentang\/\"]}]},{\"@type\":\"ImageObject\",\"inLanguage\":\"fr-FR\",\"@id\":\"https:\/\/www.alucomfort.be\/product\/steentang\/#primaryimage\",\"url\":\"https:\/\/www.alucomfort.be\/wp-content\/uploads\/Steenklem-Kraan.png\",\"contentUrl\":\"https:\/\/www.alucomfort.be\/wp-content\/uploads\/Steenklem-Kraan.png\",\"width\":440,\"height\":435,\"caption\":\"Steenklem voor kraan\"},{\"@type\":\"BreadcrumbList\",\"@id\":\"https:\/\/www.alucomfort.be\/product\/steentang\/#breadcrumb\",\"itemListElement\":[{\"@type\":\"ListItem\",\"position\":1,\"name\":\"Home\",\"item\":\"https:\/\/www.alucomfort.be\/fr\/\"},{\"@type\":\"ListItem\",\"position\":2,\"name\":\"Producten\",\"item\":\"https:\/\/www.alucomfort.be\/producten\/\"},{\"@type\":\"ListItem\",\"position\":3,\"name\":\"Pince m\u00e9canique\"}]},{\"@type\":\"WebSite\",\"@id\":\"https:\/\/www.alucomfort.be\/#website\",\"url\":\"https:\/\/www.alucomfort.be\/\",\"name\":\"Alu Comfort\",\"description\":\"\",\"potentialAction\":[{\"@type\":\"SearchAction\",\"target\":{\"@type\":\"EntryPoint\",\"urlTemplate\":\"https:\/\/www.alucomfort.be\/?s={search_term_string}\"},\"query-input\":{\"@type\":\"PropertyValueSpecification\",\"valueRequired\":true,\"valueName\":\"search_term_string\"}}],\"inLanguage\":\"fr-FR\"}]}<\/script>\n<!-- \/ Yoast SEO plugin. -->","yoast_head_json":{"title":"Pince m\u00e9canique | Mat\u00e9riel de chantier","description":"De construction robuste, cette pince sert \u00e0 soulever et d\u00e9placer les paquets de mat\u00e9riaux tels que les pav\u00e9s cercl\u00e9s, blocs de construction cercl\u00e9.","robots":{"index":"index","follow":"follow","max-snippet":"max-snippet:-1","max-image-preview":"max-image-preview:large","max-video-preview":"max-video-preview:-1"},"canonical":"https:\/\/www.alucomfort.be\/product\/steentang\/","og_locale":"fr_FR","og_type":"article","og_title":"Pince m\u00e9canique | Mat\u00e9riel de chantier","og_description":"De construction robuste, cette pince sert \u00e0 soulever et d\u00e9placer les paquets de mat\u00e9riaux tels que les pav\u00e9s cercl\u00e9s, blocs de construction cercl\u00e9.","og_url":"https:\/\/www.alucomfort.be\/product\/steentang\/","og_site_name":"Alu Comfort","article_modified_time":"2022-12-07T21:13:35+00:00","og_image":[{"width":440,"height":435,"url":"https:\/\/www.alucomfort.be\/wp-content\/uploads\/Steenklem-Kraan.png","type":"image\/png"}],"twitter_card":"summary_large_image","schema":{"@context":"https:\/\/schema.org","@graph":[{"@type":"WebPage","@id":"https:\/\/www.alucomfort.be\/product\/steentang\/","url":"https:\/\/www.alucomfort.be\/product\/steentang\/","name":"Pince m\u00e9canique | Mat\u00e9riel de chantier","isPartOf":{"@id":"https:\/\/www.alucomfort.be\/#website"},"primaryImageOfPage":{"@id":"https:\/\/www.alucomfort.be\/product\/steentang\/#primaryimage"},"image":{"@id":"https:\/\/www.alucomfort.be\/product\/steentang\/#primaryimage"},"thumbnailUrl":"https:\/\/www.alucomfort.be\/wp-content\/uploads\/Steenklem-Kraan.png","datePublished":"2022-12-07T21:03:52+00:00","dateModified":"2022-12-07T21:13:35+00:00","description":"De construction robuste, cette pince sert \u00e0 soulever et d\u00e9placer les paquets de mat\u00e9riaux tels que les pav\u00e9s cercl\u00e9s, blocs de construction cercl\u00e9.","breadcrumb":{"@id":"https:\/\/www.alucomfort.be\/product\/steentang\/#breadcrumb"},"inLanguage":"fr-FR","potentialAction":[{"@type":"ReadAction","target":["https:\/\/www.alucomfort.be\/product\/steentang\/"]}]},{"@type":"ImageObject","inLanguage":"fr-FR","@id":"https:\/\/www.alucomfort.be\/product\/steentang\/#primaryimage","url":"https:\/\/www.alucomfort.be\/wp-content\/uploads\/Steenklem-Kraan.png","contentUrl":"https:\/\/www.alucomfort.be\/wp-content\/uploads\/Steenklem-Kraan.png","width":440,"height":435,"caption":"Steenklem voor kraan"},{"@type":"BreadcrumbList","@id":"https:\/\/www.alucomfort.be\/product\/steentang\/#breadcrumb","itemListElement":[{"@type":"ListItem","position":1,"name":"Home","item":"https:\/\/www.alucomfort.be\/fr\/"},{"@type":"ListItem","position":2,"name":"Producten","item":"https:\/\/www.alucomfort.be\/producten\/"},{"@type":"ListItem","position":3,"name":"Pince m\u00e9canique"}]},{"@type":"WebSite","@id":"https:\/\/www.alucomfort.be\/#website","url":"https:\/\/www.alucomfort.be\/","name":"Alu Comfort","description":"","potentialAction":[{"@type":"SearchAction","target":{"@type":"EntryPoint","urlTemplate":"https:\/\/www.alucomfort.be\/?s={search_term_string}"},"query-input":{"@type":"PropertyValueSpecification","valueRequired":true,"valueName":"search_term_string"}}],"inLanguage":"fr-FR"}]}},"_links":{"self":[{"href":"https:\/\/www.alucomfort.be\/fr\/wp-json\/wp\/v2\/product\/216104","targetHints":{"allow":["GET"]}}],"collection":[{"href":"https:\/\/www.alucomfort.be\/fr\/wp-json\/wp\/v2\/product"}],"about":[{"href":"https:\/\/www.alucomfort.be\/fr\/wp-json\/wp\/v2\/types\/product"}],"wp:featuredmedia":[{"embeddable":true,"href":"https:\/\/www.alucomfort.be\/fr\/wp-json\/wp\/v2\/media\/216095"}],"wp:attachment":[{"href":"https:\/\/www.alucomfort.be\/fr\/wp-json\/wp\/v2\/media?parent=216104"}],"wp:term":[{"taxonomy":"product_brand","embeddable":true,"href":"https:\/\/www.alucomfort.be\/fr\/wp-json\/wp\/v2\/product_brand?post=216104"},{"taxonomy":"product_cat","embeddable":true,"href":"https:\/\/www.alucomfort.be\/fr\/wp-json\/wp\/v2\/product_cat?post=216104"},{"taxonomy":"product_tag","embeddable":true,"href":"https:\/\/www.alucomfort.be\/fr\/wp-json\/wp\/v2\/product_tag?post=216104"}],"curies":[{"name":"wp","href":"https:\/\/api.w.org\/{rel}","templated":true}]}}