

{"id":216276,"date":"2023-02-16T18:24:21","date_gmt":"2023-02-16T16:24:21","guid":{"rendered":"https:\/\/www.alucomfort.be\/product\/chauffage-de-cuve-ibc-230v-3-x-1000-w\/"},"modified":"2026-05-06T00:30:44","modified_gmt":"2026-05-05T22:30:44","slug":"chauffage-de-cuve-ibc-230v-3-x-1000-w","status":"publish","type":"product","link":"https:\/\/www.alucomfort.be\/fr\/product\/chauffage-de-cuve-ibc-230v-3-x-1000-w\/","title":{"rendered":"Chauffage de cuve IBC &#8211; 230V &#8211; 3 x 1000 W"},"content":{"rendered":"<p>* Id\u00e9al pour maintenir la bonne viscosit\u00e9 des liquides.   \u00c0 temp\u00e9rature ambiante, de nombreux mat\u00e9riaux deviennent visqueux, ce qui les rend plus difficiles \u00e0 d\u00e9charger d\u0092un IBC  (les sirops, les sucres, les graisses,\u0085), Chauffage IBC 0\u00b0 &#8211; 90\u00b0, * Le housse (en polyester avec teflon coating) est fait de mat\u00e9riaux l\u00e9gers de haute qualit\u00e9 r\u00e9sistants et durables, * Recommandation: utilisation avec couvercle d&rsquo;isolation pour IBC.<\/p>\n","protected":false},"excerpt":{"rendered":"<p>Chauffage IBC 0\u00b0 &#8211; 90\u00b0<\/p>\n","protected":false},"featured_media":216243,"template":"","meta":{"_acf_changed":false},"product_brand":[],"product_cat":[9004],"product_tag":[],"class_list":{"0":"post-216276","1":"product","2":"type-product","3":"status-publish","4":"has-post-thumbnail","6":"product_cat-chauffage-conteneurs-ibc","8":"first","9":"outofstock","10":"taxable","11":"shipping-taxable","12":"purchasable","13":"product-type-variable"},"acf":[],"yoast_head":"<!-- This site is optimized with the Yoast SEO plugin v24.8.1 - https:\/\/yoast.com\/wordpress\/plugins\/seo\/ -->\n<title>Chauffage cuve IBC | Alu Comfort | Protection Antigel pour IBC\/GRV<\/title>\n<meta name=\"description\" content=\"Rendez vos liquides plus fluides ! Achetez nos chauffages pour IBC\/GRV pour r\u00e9duire la viscosit\u00e9 des huiles, r\u00e9sines et graisses. Livraison rapide !\" \/>\n<meta name=\"robots\" content=\"index, follow, max-snippet:-1, max-image-preview:large, max-video-preview:-1\" \/>\n<link rel=\"canonical\" href=\"https:\/\/www.alucomfort.be\/product\/ibc-verwarmer-230v-3-x-1000-w\/\" \/>\n<meta property=\"og:locale\" content=\"fr_FR\" \/>\n<meta property=\"og:type\" content=\"article\" \/>\n<meta property=\"og:title\" content=\"Chauffage cuve IBC | Alu Comfort | Protection Antigel pour IBC\/GRV\" \/>\n<meta property=\"og:description\" content=\"Rendez vos liquides plus fluides ! Achetez nos chauffages pour IBC\/GRV pour r\u00e9duire la viscosit\u00e9 des huiles, r\u00e9sines et graisses. Livraison rapide !\" \/>\n<meta property=\"og:url\" content=\"https:\/\/www.alucomfort.be\/product\/ibc-verwarmer-230v-3-x-1000-w\/\" \/>\n<meta property=\"og:site_name\" content=\"Alu Comfort\" \/>\n<meta property=\"article:modified_time\" content=\"2026-05-05T22:30:44+00:00\" \/>\n<meta property=\"og:image\" content=\"https:\/\/www.alucomfort.be\/wp-content\/uploads\/Verwarming-IBC.jpg\" \/>\n\t<meta property=\"og:image:width\" content=\"1000\" \/>\n\t<meta property=\"og:image:height\" content=\"1000\" \/>\n\t<meta property=\"og:image:type\" content=\"image\/jpeg\" \/>\n<meta name=\"twitter:card\" content=\"summary_large_image\" \/>\n<script type=\"application\/ld+json\" class=\"yoast-schema-graph\">{\"@context\":\"https:\/\/schema.org\",\"@graph\":[{\"@type\":\"WebPage\",\"@id\":\"https:\/\/www.alucomfort.be\/product\/ibc-verwarmer-230v-3-x-1000-w\/\",\"url\":\"https:\/\/www.alucomfort.be\/product\/ibc-verwarmer-230v-3-x-1000-w\/\",\"name\":\"Chauffage cuve IBC | Alu Comfort | Protection Antigel pour IBC\/GRV\",\"isPartOf\":{\"@id\":\"https:\/\/www.alucomfort.be\/#website\"},\"primaryImageOfPage\":{\"@id\":\"https:\/\/www.alucomfort.be\/product\/ibc-verwarmer-230v-3-x-1000-w\/#primaryimage\"},\"image\":{\"@id\":\"https:\/\/www.alucomfort.be\/product\/ibc-verwarmer-230v-3-x-1000-w\/#primaryimage\"},\"thumbnailUrl\":\"https:\/\/www.alucomfort.be\/wp-content\/uploads\/Verwarming-IBC.jpg\",\"datePublished\":\"2023-02-16T16:24:21+00:00\",\"dateModified\":\"2026-05-05T22:30:44+00:00\",\"description\":\"Rendez vos liquides plus fluides ! Achetez nos chauffages pour IBC\/GRV pour r\u00e9duire la viscosit\u00e9 des huiles, r\u00e9sines et graisses. Livraison rapide !\",\"breadcrumb\":{\"@id\":\"https:\/\/www.alucomfort.be\/product\/ibc-verwarmer-230v-3-x-1000-w\/#breadcrumb\"},\"inLanguage\":\"fr-FR\",\"potentialAction\":[{\"@type\":\"ReadAction\",\"target\":[\"https:\/\/www.alucomfort.be\/product\/ibc-verwarmer-230v-3-x-1000-w\/\"]}]},{\"@type\":\"ImageObject\",\"inLanguage\":\"fr-FR\",\"@id\":\"https:\/\/www.alucomfort.be\/product\/ibc-verwarmer-230v-3-x-1000-w\/#primaryimage\",\"url\":\"https:\/\/www.alucomfort.be\/wp-content\/uploads\/Verwarming-IBC.jpg\",\"contentUrl\":\"https:\/\/www.alucomfort.be\/wp-content\/uploads\/Verwarming-IBC.jpg\",\"width\":1000,\"height\":1000,\"caption\":\"Verwarming IBC\"},{\"@type\":\"BreadcrumbList\",\"@id\":\"https:\/\/www.alucomfort.be\/product\/ibc-verwarmer-230v-3-x-1000-w\/#breadcrumb\",\"itemListElement\":[{\"@type\":\"ListItem\",\"position\":1,\"name\":\"Home\",\"item\":\"https:\/\/www.alucomfort.be\/fr\/\"},{\"@type\":\"ListItem\",\"position\":2,\"name\":\"Producten\",\"item\":\"https:\/\/www.alucomfort.be\/producten\/\"},{\"@type\":\"ListItem\",\"position\":3,\"name\":\"Chauffage de cuve IBC &#8211; 230V &#8211; 3 x 1000 W\"}]},{\"@type\":\"WebSite\",\"@id\":\"https:\/\/www.alucomfort.be\/#website\",\"url\":\"https:\/\/www.alucomfort.be\/\",\"name\":\"Alu Comfort\",\"description\":\"\",\"potentialAction\":[{\"@type\":\"SearchAction\",\"target\":{\"@type\":\"EntryPoint\",\"urlTemplate\":\"https:\/\/www.alucomfort.be\/?s={search_term_string}\"},\"query-input\":{\"@type\":\"PropertyValueSpecification\",\"valueRequired\":true,\"valueName\":\"search_term_string\"}}],\"inLanguage\":\"fr-FR\"}]}<\/script>\n<!-- \/ Yoast SEO plugin. -->","yoast_head_json":{"title":"Chauffage cuve IBC | Alu Comfort | Protection Antigel pour IBC\/GRV","description":"Rendez vos liquides plus fluides ! Achetez nos chauffages pour IBC\/GRV pour r\u00e9duire la viscosit\u00e9 des huiles, r\u00e9sines et graisses. Livraison rapide !","robots":{"index":"index","follow":"follow","max-snippet":"max-snippet:-1","max-image-preview":"max-image-preview:large","max-video-preview":"max-video-preview:-1"},"canonical":"https:\/\/www.alucomfort.be\/product\/ibc-verwarmer-230v-3-x-1000-w\/","og_locale":"fr_FR","og_type":"article","og_title":"Chauffage cuve IBC | Alu Comfort | Protection Antigel pour IBC\/GRV","og_description":"Rendez vos liquides plus fluides ! Achetez nos chauffages pour IBC\/GRV pour r\u00e9duire la viscosit\u00e9 des huiles, r\u00e9sines et graisses. Livraison rapide !","og_url":"https:\/\/www.alucomfort.be\/product\/ibc-verwarmer-230v-3-x-1000-w\/","og_site_name":"Alu Comfort","article_modified_time":"2026-05-05T22:30:44+00:00","og_image":[{"width":1000,"height":1000,"url":"https:\/\/www.alucomfort.be\/wp-content\/uploads\/Verwarming-IBC.jpg","type":"image\/jpeg"}],"twitter_card":"summary_large_image","schema":{"@context":"https:\/\/schema.org","@graph":[{"@type":"WebPage","@id":"https:\/\/www.alucomfort.be\/product\/ibc-verwarmer-230v-3-x-1000-w\/","url":"https:\/\/www.alucomfort.be\/product\/ibc-verwarmer-230v-3-x-1000-w\/","name":"Chauffage cuve IBC | Alu Comfort | Protection Antigel pour IBC\/GRV","isPartOf":{"@id":"https:\/\/www.alucomfort.be\/#website"},"primaryImageOfPage":{"@id":"https:\/\/www.alucomfort.be\/product\/ibc-verwarmer-230v-3-x-1000-w\/#primaryimage"},"image":{"@id":"https:\/\/www.alucomfort.be\/product\/ibc-verwarmer-230v-3-x-1000-w\/#primaryimage"},"thumbnailUrl":"https:\/\/www.alucomfort.be\/wp-content\/uploads\/Verwarming-IBC.jpg","datePublished":"2023-02-16T16:24:21+00:00","dateModified":"2026-05-05T22:30:44+00:00","description":"Rendez vos liquides plus fluides ! Achetez nos chauffages pour IBC\/GRV pour r\u00e9duire la viscosit\u00e9 des huiles, r\u00e9sines et graisses. Livraison rapide !","breadcrumb":{"@id":"https:\/\/www.alucomfort.be\/product\/ibc-verwarmer-230v-3-x-1000-w\/#breadcrumb"},"inLanguage":"fr-FR","potentialAction":[{"@type":"ReadAction","target":["https:\/\/www.alucomfort.be\/product\/ibc-verwarmer-230v-3-x-1000-w\/"]}]},{"@type":"ImageObject","inLanguage":"fr-FR","@id":"https:\/\/www.alucomfort.be\/product\/ibc-verwarmer-230v-3-x-1000-w\/#primaryimage","url":"https:\/\/www.alucomfort.be\/wp-content\/uploads\/Verwarming-IBC.jpg","contentUrl":"https:\/\/www.alucomfort.be\/wp-content\/uploads\/Verwarming-IBC.jpg","width":1000,"height":1000,"caption":"Verwarming IBC"},{"@type":"BreadcrumbList","@id":"https:\/\/www.alucomfort.be\/product\/ibc-verwarmer-230v-3-x-1000-w\/#breadcrumb","itemListElement":[{"@type":"ListItem","position":1,"name":"Home","item":"https:\/\/www.alucomfort.be\/fr\/"},{"@type":"ListItem","position":2,"name":"Producten","item":"https:\/\/www.alucomfort.be\/producten\/"},{"@type":"ListItem","position":3,"name":"Chauffage de cuve IBC &#8211; 230V &#8211; 3 x 1000 W"}]},{"@type":"WebSite","@id":"https:\/\/www.alucomfort.be\/#website","url":"https:\/\/www.alucomfort.be\/","name":"Alu Comfort","description":"","potentialAction":[{"@type":"SearchAction","target":{"@type":"EntryPoint","urlTemplate":"https:\/\/www.alucomfort.be\/?s={search_term_string}"},"query-input":{"@type":"PropertyValueSpecification","valueRequired":true,"valueName":"search_term_string"}}],"inLanguage":"fr-FR"}]}},"_links":{"self":[{"href":"https:\/\/www.alucomfort.be\/fr\/wp-json\/wp\/v2\/product\/216276","targetHints":{"allow":["GET"]}}],"collection":[{"href":"https:\/\/www.alucomfort.be\/fr\/wp-json\/wp\/v2\/product"}],"about":[{"href":"https:\/\/www.alucomfort.be\/fr\/wp-json\/wp\/v2\/types\/product"}],"wp:featuredmedia":[{"embeddable":true,"href":"https:\/\/www.alucomfort.be\/fr\/wp-json\/wp\/v2\/media\/216243"}],"wp:attachment":[{"href":"https:\/\/www.alucomfort.be\/fr\/wp-json\/wp\/v2\/media?parent=216276"}],"wp:term":[{"taxonomy":"product_brand","embeddable":true,"href":"https:\/\/www.alucomfort.be\/fr\/wp-json\/wp\/v2\/product_brand?post=216276"},{"taxonomy":"product_cat","embeddable":true,"href":"https:\/\/www.alucomfort.be\/fr\/wp-json\/wp\/v2\/product_cat?post=216276"},{"taxonomy":"product_tag","embeddable":true,"href":"https:\/\/www.alucomfort.be\/fr\/wp-json\/wp\/v2\/product_tag?post=216276"}],"curies":[{"name":"wp","href":"https:\/\/api.w.org\/{rel}","templated":true}]}}