

{"id":216282,"date":"2023-02-16T18:24:28","date_gmt":"2023-02-16T16:24:28","guid":{"rendered":"https:\/\/www.alucomfort.be\/product\/base-chauffante-pour-ibc\/"},"modified":"2025-07-31T22:30:56","modified_gmt":"2025-07-31T20:30:56","slug":"base-chauffante-pour-ibc","status":"publish","type":"product","link":"https:\/\/www.alucomfort.be\/fr\/product\/base-chauffante-pour-ibc\/","title":{"rendered":"Base chauffante pour IBC"},"content":{"rendered":"<p>* La base chauffante est parfaite pour chauffer des produits visqueux ou semi-solides et les rendre tr\u00e8s faciles \u00e0 d\u00e9verser d\u0092un conteneur avec peu ou pas de perte de produit, * 2700 W, * Materiaux de silicone, * Dim.: 1035 x 851 mm, * Tr\u00e8s facile \u00e0 installer et \u00e0 utiliser*- Avec thermostat r\u00e9glable<\/p>\n","protected":false},"excerpt":{"rendered":"<p>Base chauffante efficace et puissant<\/p>\n","protected":false},"featured_media":216245,"template":"","meta":{"_acf_changed":false},"product_brand":[],"product_cat":[9004],"product_tag":[],"class_list":{"0":"post-216282","1":"product","2":"type-product","3":"status-publish","4":"has-post-thumbnail","6":"product_cat-chauffage-conteneurs-ibc","8":"first","9":"instock","10":"taxable","11":"shipping-taxable","12":"purchasable","13":"product-type-simple"},"acf":[],"yoast_head":"<!-- This site is optimized with the Yoast SEO plugin v24.8.1 - https:\/\/yoast.com\/wordpress\/plugins\/seo\/ -->\n<title>Base chauffante pour IBC | Alu Comfort | Plaque Chauffante<\/title>\n<meta name=\"description\" content=\"Acc\u00e9l\u00e9rez le r\u00e9chauffement de vos IBC avec un chauffage de fond. Id\u00e9al en combinaison avec un manteau chauffant pour une efficacit\u00e9 maximale. Commandez en ligne!\" \/>\n<meta name=\"robots\" content=\"index, follow, max-snippet:-1, max-image-preview:large, max-video-preview:-1\" \/>\n<link rel=\"canonical\" href=\"https:\/\/www.alucomfort.be\/product\/ibc-bodemverwarmer\/\" \/>\n<meta property=\"og:locale\" content=\"fr_FR\" \/>\n<meta property=\"og:type\" content=\"article\" \/>\n<meta property=\"og:title\" content=\"Base chauffante pour IBC | Alu Comfort | Plaque Chauffante\" \/>\n<meta property=\"og:description\" content=\"Acc\u00e9l\u00e9rez le r\u00e9chauffement de vos IBC avec un chauffage de fond. Id\u00e9al en combinaison avec un manteau chauffant pour une efficacit\u00e9 maximale. Commandez en ligne!\" \/>\n<meta property=\"og:url\" content=\"https:\/\/www.alucomfort.be\/product\/ibc-bodemverwarmer\/\" \/>\n<meta property=\"og:site_name\" content=\"Alu Comfort\" \/>\n<meta property=\"article:modified_time\" content=\"2025-07-31T20:30:56+00:00\" \/>\n<meta property=\"og:image\" content=\"https:\/\/www.alucomfort.be\/wp-content\/uploads\/IBC-Bodemverwarming.png\" \/>\n\t<meta property=\"og:image:width\" content=\"1286\" \/>\n\t<meta property=\"og:image:height\" content=\"832\" \/>\n\t<meta property=\"og:image:type\" content=\"image\/png\" \/>\n<meta name=\"twitter:card\" content=\"summary_large_image\" \/>\n<script type=\"application\/ld+json\" class=\"yoast-schema-graph\">{\"@context\":\"https:\/\/schema.org\",\"@graph\":[{\"@type\":\"WebPage\",\"@id\":\"https:\/\/www.alucomfort.be\/product\/ibc-bodemverwarmer\/\",\"url\":\"https:\/\/www.alucomfort.be\/product\/ibc-bodemverwarmer\/\",\"name\":\"Base chauffante pour IBC | Alu Comfort | Plaque Chauffante\",\"isPartOf\":{\"@id\":\"https:\/\/www.alucomfort.be\/#website\"},\"primaryImageOfPage\":{\"@id\":\"https:\/\/www.alucomfort.be\/product\/ibc-bodemverwarmer\/#primaryimage\"},\"image\":{\"@id\":\"https:\/\/www.alucomfort.be\/product\/ibc-bodemverwarmer\/#primaryimage\"},\"thumbnailUrl\":\"https:\/\/www.alucomfort.be\/wp-content\/uploads\/IBC-Bodemverwarming.png\",\"datePublished\":\"2023-02-16T16:24:28+00:00\",\"dateModified\":\"2025-07-31T20:30:56+00:00\",\"description\":\"Acc\u00e9l\u00e9rez le r\u00e9chauffement de vos IBC avec un chauffage de fond. Id\u00e9al en combinaison avec un manteau chauffant pour une efficacit\u00e9 maximale. Commandez en ligne!\",\"breadcrumb\":{\"@id\":\"https:\/\/www.alucomfort.be\/product\/ibc-bodemverwarmer\/#breadcrumb\"},\"inLanguage\":\"fr-FR\",\"potentialAction\":[{\"@type\":\"ReadAction\",\"target\":[\"https:\/\/www.alucomfort.be\/product\/ibc-bodemverwarmer\/\"]}]},{\"@type\":\"ImageObject\",\"inLanguage\":\"fr-FR\",\"@id\":\"https:\/\/www.alucomfort.be\/product\/ibc-bodemverwarmer\/#primaryimage\",\"url\":\"https:\/\/www.alucomfort.be\/wp-content\/uploads\/IBC-Bodemverwarming.png\",\"contentUrl\":\"https:\/\/www.alucomfort.be\/wp-content\/uploads\/IBC-Bodemverwarming.png\",\"width\":1286,\"height\":832,\"caption\":\"IBC_Bodemverwarming\"},{\"@type\":\"BreadcrumbList\",\"@id\":\"https:\/\/www.alucomfort.be\/product\/ibc-bodemverwarmer\/#breadcrumb\",\"itemListElement\":[{\"@type\":\"ListItem\",\"position\":1,\"name\":\"Home\",\"item\":\"https:\/\/www.alucomfort.be\/fr\/\"},{\"@type\":\"ListItem\",\"position\":2,\"name\":\"Producten\",\"item\":\"https:\/\/www.alucomfort.be\/producten\/\"},{\"@type\":\"ListItem\",\"position\":3,\"name\":\"Base chauffante pour IBC\"}]},{\"@type\":\"WebSite\",\"@id\":\"https:\/\/www.alucomfort.be\/#website\",\"url\":\"https:\/\/www.alucomfort.be\/\",\"name\":\"Alu Comfort\",\"description\":\"\",\"potentialAction\":[{\"@type\":\"SearchAction\",\"target\":{\"@type\":\"EntryPoint\",\"urlTemplate\":\"https:\/\/www.alucomfort.be\/?s={search_term_string}\"},\"query-input\":{\"@type\":\"PropertyValueSpecification\",\"valueRequired\":true,\"valueName\":\"search_term_string\"}}],\"inLanguage\":\"fr-FR\"}]}<\/script>\n<!-- \/ Yoast SEO plugin. -->","yoast_head_json":{"title":"Base chauffante pour IBC | Alu Comfort | Plaque Chauffante","description":"Acc\u00e9l\u00e9rez le r\u00e9chauffement de vos IBC avec un chauffage de fond. Id\u00e9al en combinaison avec un manteau chauffant pour une efficacit\u00e9 maximale. Commandez en ligne!","robots":{"index":"index","follow":"follow","max-snippet":"max-snippet:-1","max-image-preview":"max-image-preview:large","max-video-preview":"max-video-preview:-1"},"canonical":"https:\/\/www.alucomfort.be\/product\/ibc-bodemverwarmer\/","og_locale":"fr_FR","og_type":"article","og_title":"Base chauffante pour IBC | Alu Comfort | Plaque Chauffante","og_description":"Acc\u00e9l\u00e9rez le r\u00e9chauffement de vos IBC avec un chauffage de fond. Id\u00e9al en combinaison avec un manteau chauffant pour une efficacit\u00e9 maximale. Commandez en ligne!","og_url":"https:\/\/www.alucomfort.be\/product\/ibc-bodemverwarmer\/","og_site_name":"Alu Comfort","article_modified_time":"2025-07-31T20:30:56+00:00","og_image":[{"width":1286,"height":832,"url":"https:\/\/www.alucomfort.be\/wp-content\/uploads\/IBC-Bodemverwarming.png","type":"image\/png"}],"twitter_card":"summary_large_image","schema":{"@context":"https:\/\/schema.org","@graph":[{"@type":"WebPage","@id":"https:\/\/www.alucomfort.be\/product\/ibc-bodemverwarmer\/","url":"https:\/\/www.alucomfort.be\/product\/ibc-bodemverwarmer\/","name":"Base chauffante pour IBC | Alu Comfort | Plaque Chauffante","isPartOf":{"@id":"https:\/\/www.alucomfort.be\/#website"},"primaryImageOfPage":{"@id":"https:\/\/www.alucomfort.be\/product\/ibc-bodemverwarmer\/#primaryimage"},"image":{"@id":"https:\/\/www.alucomfort.be\/product\/ibc-bodemverwarmer\/#primaryimage"},"thumbnailUrl":"https:\/\/www.alucomfort.be\/wp-content\/uploads\/IBC-Bodemverwarming.png","datePublished":"2023-02-16T16:24:28+00:00","dateModified":"2025-07-31T20:30:56+00:00","description":"Acc\u00e9l\u00e9rez le r\u00e9chauffement de vos IBC avec un chauffage de fond. Id\u00e9al en combinaison avec un manteau chauffant pour une efficacit\u00e9 maximale. Commandez en ligne!","breadcrumb":{"@id":"https:\/\/www.alucomfort.be\/product\/ibc-bodemverwarmer\/#breadcrumb"},"inLanguage":"fr-FR","potentialAction":[{"@type":"ReadAction","target":["https:\/\/www.alucomfort.be\/product\/ibc-bodemverwarmer\/"]}]},{"@type":"ImageObject","inLanguage":"fr-FR","@id":"https:\/\/www.alucomfort.be\/product\/ibc-bodemverwarmer\/#primaryimage","url":"https:\/\/www.alucomfort.be\/wp-content\/uploads\/IBC-Bodemverwarming.png","contentUrl":"https:\/\/www.alucomfort.be\/wp-content\/uploads\/IBC-Bodemverwarming.png","width":1286,"height":832,"caption":"IBC_Bodemverwarming"},{"@type":"BreadcrumbList","@id":"https:\/\/www.alucomfort.be\/product\/ibc-bodemverwarmer\/#breadcrumb","itemListElement":[{"@type":"ListItem","position":1,"name":"Home","item":"https:\/\/www.alucomfort.be\/fr\/"},{"@type":"ListItem","position":2,"name":"Producten","item":"https:\/\/www.alucomfort.be\/producten\/"},{"@type":"ListItem","position":3,"name":"Base chauffante pour IBC"}]},{"@type":"WebSite","@id":"https:\/\/www.alucomfort.be\/#website","url":"https:\/\/www.alucomfort.be\/","name":"Alu Comfort","description":"","potentialAction":[{"@type":"SearchAction","target":{"@type":"EntryPoint","urlTemplate":"https:\/\/www.alucomfort.be\/?s={search_term_string}"},"query-input":{"@type":"PropertyValueSpecification","valueRequired":true,"valueName":"search_term_string"}}],"inLanguage":"fr-FR"}]}},"_links":{"self":[{"href":"https:\/\/www.alucomfort.be\/fr\/wp-json\/wp\/v2\/product\/216282","targetHints":{"allow":["GET"]}}],"collection":[{"href":"https:\/\/www.alucomfort.be\/fr\/wp-json\/wp\/v2\/product"}],"about":[{"href":"https:\/\/www.alucomfort.be\/fr\/wp-json\/wp\/v2\/types\/product"}],"wp:featuredmedia":[{"embeddable":true,"href":"https:\/\/www.alucomfort.be\/fr\/wp-json\/wp\/v2\/media\/216245"}],"wp:attachment":[{"href":"https:\/\/www.alucomfort.be\/fr\/wp-json\/wp\/v2\/media?parent=216282"}],"wp:term":[{"taxonomy":"product_brand","embeddable":true,"href":"https:\/\/www.alucomfort.be\/fr\/wp-json\/wp\/v2\/product_brand?post=216282"},{"taxonomy":"product_cat","embeddable":true,"href":"https:\/\/www.alucomfort.be\/fr\/wp-json\/wp\/v2\/product_cat?post=216282"},{"taxonomy":"product_tag","embeddable":true,"href":"https:\/\/www.alucomfort.be\/fr\/wp-json\/wp\/v2\/product_tag?post=216282"}],"curies":[{"name":"wp","href":"https:\/\/api.w.org\/{rel}","templated":true}]}}