

{"id":216284,"date":"2023-02-16T18:24:34","date_gmt":"2023-02-16T16:24:34","guid":{"rendered":"https:\/\/www.alucomfort.be\/product\/couverture-isolante-pour-futs\/"},"modified":"2026-05-06T00:30:52","modified_gmt":"2026-05-05T22:30:52","slug":"couverture-isolante-pour-futs","status":"publish","type":"product","link":"https:\/\/www.alucomfort.be\/fr\/product\/couverture-isolante-pour-futs\/","title":{"rendered":"Couverture isolante pour f\u00fbts"},"content":{"rendered":"<p>* Housse en nylon polyur\u00e9thane, * Pour des f\u00fbts standard de 200l, * Peut \u00eatre utilis\u00e9 en combinaison avec la base chauffante, * R\u00e9sistant \u00e0 l&rsquo;eau, * Non inflammable.<\/p>\n","protected":false},"excerpt":{"rendered":"<p>Housse isolante pour IBC<\/p>\n","protected":false},"featured_media":216253,"template":"","meta":{"_acf_changed":false},"product_brand":[],"product_cat":[9006],"product_tag":[],"class_list":{"0":"post-216284","1":"product","2":"type-product","3":"status-publish","4":"has-post-thumbnail","6":"product_cat-chauffe-futs","8":"first","9":"instock","10":"taxable","11":"shipping-taxable","12":"purchasable","13":"product-type-simple"},"acf":[],"yoast_head":"<!-- This site is optimized with the Yoast SEO plugin v24.8.1 - https:\/\/yoast.com\/wordpress\/plugins\/seo\/ -->\n<title>Couverture isolante pour f\u00fbts | Alu Comfort |<\/title>\n<meta name=\"description\" content=\"Pour conserver la temp\u00e9rature \u00e0 l\u0092int\u00e9rieur des f\u00fbts de 200 l\" \/>\n<meta name=\"robots\" content=\"index, follow, max-snippet:-1, max-image-preview:large, max-video-preview:-1\" \/>\n<link rel=\"canonical\" href=\"https:\/\/www.alucomfort.be\/product\/isolatiemantel-voor-vaten\/\" \/>\n<meta property=\"og:locale\" content=\"fr_FR\" \/>\n<meta property=\"og:type\" content=\"article\" \/>\n<meta property=\"og:title\" content=\"Couverture isolante pour f\u00fbts | Alu Comfort |\" \/>\n<meta property=\"og:description\" content=\"Pour conserver la temp\u00e9rature \u00e0 l\u0092int\u00e9rieur des f\u00fbts de 200 l\" \/>\n<meta property=\"og:url\" content=\"https:\/\/www.alucomfort.be\/product\/isolatiemantel-voor-vaten\/\" \/>\n<meta property=\"og:site_name\" content=\"Alu Comfort\" \/>\n<meta property=\"article:modified_time\" content=\"2026-05-05T22:30:52+00:00\" \/>\n<meta property=\"og:image\" content=\"https:\/\/www.alucomfort.be\/wp-content\/uploads\/Isolatiedeken-Vaten.jpg\" \/>\n\t<meta property=\"og:image:width\" content=\"938\" \/>\n\t<meta property=\"og:image:height\" content=\"648\" \/>\n\t<meta property=\"og:image:type\" content=\"image\/jpeg\" \/>\n<meta name=\"twitter:card\" content=\"summary_large_image\" \/>\n<script type=\"application\/ld+json\" class=\"yoast-schema-graph\">{\"@context\":\"https:\/\/schema.org\",\"@graph\":[{\"@type\":\"WebPage\",\"@id\":\"https:\/\/www.alucomfort.be\/product\/isolatiemantel-voor-vaten\/\",\"url\":\"https:\/\/www.alucomfort.be\/product\/isolatiemantel-voor-vaten\/\",\"name\":\"Couverture isolante pour f\u00fbts | Alu Comfort |\",\"isPartOf\":{\"@id\":\"https:\/\/www.alucomfort.be\/#website\"},\"primaryImageOfPage\":{\"@id\":\"https:\/\/www.alucomfort.be\/product\/isolatiemantel-voor-vaten\/#primaryimage\"},\"image\":{\"@id\":\"https:\/\/www.alucomfort.be\/product\/isolatiemantel-voor-vaten\/#primaryimage\"},\"thumbnailUrl\":\"https:\/\/www.alucomfort.be\/wp-content\/uploads\/Isolatiedeken-Vaten.jpg\",\"datePublished\":\"2023-02-16T16:24:34+00:00\",\"dateModified\":\"2026-05-05T22:30:52+00:00\",\"description\":\"Pour conserver la temp\u00e9rature \u00e0 l\u0092int\u00e9rieur des f\u00fbts de 200 l\",\"breadcrumb\":{\"@id\":\"https:\/\/www.alucomfort.be\/product\/isolatiemantel-voor-vaten\/#breadcrumb\"},\"inLanguage\":\"fr-FR\",\"potentialAction\":[{\"@type\":\"ReadAction\",\"target\":[\"https:\/\/www.alucomfort.be\/product\/isolatiemantel-voor-vaten\/\"]}]},{\"@type\":\"ImageObject\",\"inLanguage\":\"fr-FR\",\"@id\":\"https:\/\/www.alucomfort.be\/product\/isolatiemantel-voor-vaten\/#primaryimage\",\"url\":\"https:\/\/www.alucomfort.be\/wp-content\/uploads\/Isolatiedeken-Vaten.jpg\",\"contentUrl\":\"https:\/\/www.alucomfort.be\/wp-content\/uploads\/Isolatiedeken-Vaten.jpg\",\"width\":938,\"height\":648,\"caption\":\"Isolatiedeken Vaten\"},{\"@type\":\"BreadcrumbList\",\"@id\":\"https:\/\/www.alucomfort.be\/product\/isolatiemantel-voor-vaten\/#breadcrumb\",\"itemListElement\":[{\"@type\":\"ListItem\",\"position\":1,\"name\":\"Home\",\"item\":\"https:\/\/www.alucomfort.be\/fr\/\"},{\"@type\":\"ListItem\",\"position\":2,\"name\":\"Producten\",\"item\":\"https:\/\/www.alucomfort.be\/producten\/\"},{\"@type\":\"ListItem\",\"position\":3,\"name\":\"Couverture isolante pour f\u00fbts\"}]},{\"@type\":\"WebSite\",\"@id\":\"https:\/\/www.alucomfort.be\/#website\",\"url\":\"https:\/\/www.alucomfort.be\/\",\"name\":\"Alu Comfort\",\"description\":\"\",\"potentialAction\":[{\"@type\":\"SearchAction\",\"target\":{\"@type\":\"EntryPoint\",\"urlTemplate\":\"https:\/\/www.alucomfort.be\/?s={search_term_string}\"},\"query-input\":{\"@type\":\"PropertyValueSpecification\",\"valueRequired\":true,\"valueName\":\"search_term_string\"}}],\"inLanguage\":\"fr-FR\"}]}<\/script>\n<!-- \/ Yoast SEO plugin. -->","yoast_head_json":{"title":"Couverture isolante pour f\u00fbts | Alu Comfort |","description":"Pour conserver la temp\u00e9rature \u00e0 l\u0092int\u00e9rieur des f\u00fbts de 200 l","robots":{"index":"index","follow":"follow","max-snippet":"max-snippet:-1","max-image-preview":"max-image-preview:large","max-video-preview":"max-video-preview:-1"},"canonical":"https:\/\/www.alucomfort.be\/product\/isolatiemantel-voor-vaten\/","og_locale":"fr_FR","og_type":"article","og_title":"Couverture isolante pour f\u00fbts | Alu Comfort |","og_description":"Pour conserver la temp\u00e9rature \u00e0 l\u0092int\u00e9rieur des f\u00fbts de 200 l","og_url":"https:\/\/www.alucomfort.be\/product\/isolatiemantel-voor-vaten\/","og_site_name":"Alu Comfort","article_modified_time":"2026-05-05T22:30:52+00:00","og_image":[{"width":938,"height":648,"url":"https:\/\/www.alucomfort.be\/wp-content\/uploads\/Isolatiedeken-Vaten.jpg","type":"image\/jpeg"}],"twitter_card":"summary_large_image","schema":{"@context":"https:\/\/schema.org","@graph":[{"@type":"WebPage","@id":"https:\/\/www.alucomfort.be\/product\/isolatiemantel-voor-vaten\/","url":"https:\/\/www.alucomfort.be\/product\/isolatiemantel-voor-vaten\/","name":"Couverture isolante pour f\u00fbts | Alu Comfort |","isPartOf":{"@id":"https:\/\/www.alucomfort.be\/#website"},"primaryImageOfPage":{"@id":"https:\/\/www.alucomfort.be\/product\/isolatiemantel-voor-vaten\/#primaryimage"},"image":{"@id":"https:\/\/www.alucomfort.be\/product\/isolatiemantel-voor-vaten\/#primaryimage"},"thumbnailUrl":"https:\/\/www.alucomfort.be\/wp-content\/uploads\/Isolatiedeken-Vaten.jpg","datePublished":"2023-02-16T16:24:34+00:00","dateModified":"2026-05-05T22:30:52+00:00","description":"Pour conserver la temp\u00e9rature \u00e0 l\u0092int\u00e9rieur des f\u00fbts de 200 l","breadcrumb":{"@id":"https:\/\/www.alucomfort.be\/product\/isolatiemantel-voor-vaten\/#breadcrumb"},"inLanguage":"fr-FR","potentialAction":[{"@type":"ReadAction","target":["https:\/\/www.alucomfort.be\/product\/isolatiemantel-voor-vaten\/"]}]},{"@type":"ImageObject","inLanguage":"fr-FR","@id":"https:\/\/www.alucomfort.be\/product\/isolatiemantel-voor-vaten\/#primaryimage","url":"https:\/\/www.alucomfort.be\/wp-content\/uploads\/Isolatiedeken-Vaten.jpg","contentUrl":"https:\/\/www.alucomfort.be\/wp-content\/uploads\/Isolatiedeken-Vaten.jpg","width":938,"height":648,"caption":"Isolatiedeken Vaten"},{"@type":"BreadcrumbList","@id":"https:\/\/www.alucomfort.be\/product\/isolatiemantel-voor-vaten\/#breadcrumb","itemListElement":[{"@type":"ListItem","position":1,"name":"Home","item":"https:\/\/www.alucomfort.be\/fr\/"},{"@type":"ListItem","position":2,"name":"Producten","item":"https:\/\/www.alucomfort.be\/producten\/"},{"@type":"ListItem","position":3,"name":"Couverture isolante pour f\u00fbts"}]},{"@type":"WebSite","@id":"https:\/\/www.alucomfort.be\/#website","url":"https:\/\/www.alucomfort.be\/","name":"Alu Comfort","description":"","potentialAction":[{"@type":"SearchAction","target":{"@type":"EntryPoint","urlTemplate":"https:\/\/www.alucomfort.be\/?s={search_term_string}"},"query-input":{"@type":"PropertyValueSpecification","valueRequired":true,"valueName":"search_term_string"}}],"inLanguage":"fr-FR"}]}},"_links":{"self":[{"href":"https:\/\/www.alucomfort.be\/fr\/wp-json\/wp\/v2\/product\/216284","targetHints":{"allow":["GET"]}}],"collection":[{"href":"https:\/\/www.alucomfort.be\/fr\/wp-json\/wp\/v2\/product"}],"about":[{"href":"https:\/\/www.alucomfort.be\/fr\/wp-json\/wp\/v2\/types\/product"}],"wp:featuredmedia":[{"embeddable":true,"href":"https:\/\/www.alucomfort.be\/fr\/wp-json\/wp\/v2\/media\/216253"}],"wp:attachment":[{"href":"https:\/\/www.alucomfort.be\/fr\/wp-json\/wp\/v2\/media?parent=216284"}],"wp:term":[{"taxonomy":"product_brand","embeddable":true,"href":"https:\/\/www.alucomfort.be\/fr\/wp-json\/wp\/v2\/product_brand?post=216284"},{"taxonomy":"product_cat","embeddable":true,"href":"https:\/\/www.alucomfort.be\/fr\/wp-json\/wp\/v2\/product_cat?post=216284"},{"taxonomy":"product_tag","embeddable":true,"href":"https:\/\/www.alucomfort.be\/fr\/wp-json\/wp\/v2\/product_tag?post=216284"}],"curies":[{"name":"wp","href":"https:\/\/api.w.org\/{rel}","templated":true}]}}