

{"id":216304,"date":"2023-02-16T18:24:56","date_gmt":"2023-02-16T16:24:56","guid":{"rendered":"https:\/\/www.alucomfort.be\/product\/chauffages-de-futs-en-silicone-0-120oc\/"},"modified":"2026-05-06T00:31:15","modified_gmt":"2026-05-05T22:31:15","slug":"chauffages-de-futs-en-silicone-0-120oc","status":"publish","type":"product","link":"https:\/\/www.alucomfort.be\/fr\/product\/chauffages-de-futs-en-silicone-0-120oc\/","title":{"rendered":"Chauffages de F\u00fbts en Silicone 0-120\u00baC &#8211; 1000 W"},"content":{"rendered":"<p>* Attention: prix par bande!, * Les chauffages de f\u00fbts en silicone sont utilis\u00e9s pour chauffer des fluides\/liquides dans n\u0092importe quels f\u00fbts m\u00e9talliques de taille standard, * Con\u00e7u de fa\u00e7on tr\u00e8s simple pour le rendre facile \u00e0 utiliser et \u00e0 installer sur tous les types de f\u00fbts m\u00e9tallique, * Jusqu\u0092\u00e0 3 chauffages en silicone pour un chauffage ultra rapide (F\u00fbts standard de 200 l), * Fait des mat\u00e9riaux de silicone durables, * Thermostat int\u00e9gr\u00e9 de 0-120\u00b0, * IP54.<\/p>\n","protected":false},"excerpt":{"rendered":"<p>Bandes chauffantes en silicone<\/p>\n","protected":false},"featured_media":216247,"template":"","meta":{"_acf_changed":false},"product_brand":[],"product_cat":[9006],"product_tag":[],"class_list":{"0":"post-216304","1":"product","2":"type-product","3":"status-publish","4":"has-post-thumbnail","6":"product_cat-chauffe-futs","8":"first","9":"instock","10":"taxable","11":"shipping-taxable","12":"purchasable","13":"product-type-simple"},"acf":[],"yoast_head":"<!-- This site is optimized with the Yoast SEO plugin v24.8.1 - https:\/\/yoast.com\/wordpress\/plugins\/seo\/ -->\n<title>Bandes chauffantes pour f\u00fbts | Alu Comfort | Sp\u00e9cialiste B2B<\/title>\n<meta name=\"description\" content=\"Achetez nos bandes chauffantes de f\u00fbts pour rendre les mat\u00e9riaux plus lisses et moins viqueux. Livraison rapide!\" \/>\n<meta name=\"robots\" content=\"index, follow, max-snippet:-1, max-image-preview:large, max-video-preview:-1\" \/>\n<link rel=\"canonical\" href=\"https:\/\/www.alucomfort.be\/product\/siliconen-verwarmingsband-0-120\/\" \/>\n<meta property=\"og:locale\" content=\"fr_FR\" \/>\n<meta property=\"og:type\" content=\"article\" \/>\n<meta property=\"og:title\" content=\"Bandes chauffantes pour f\u00fbts | Alu Comfort | Sp\u00e9cialiste B2B\" \/>\n<meta property=\"og:description\" content=\"Achetez nos bandes chauffantes de f\u00fbts pour rendre les mat\u00e9riaux plus lisses et moins viqueux. Livraison rapide!\" \/>\n<meta property=\"og:url\" content=\"https:\/\/www.alucomfort.be\/product\/siliconen-verwarmingsband-0-120\/\" \/>\n<meta property=\"og:site_name\" content=\"Alu Comfort\" \/>\n<meta property=\"article:modified_time\" content=\"2026-05-05T22:31:15+00:00\" \/>\n<meta property=\"og:image\" content=\"https:\/\/www.alucomfort.be\/wp-content\/uploads\/Verwarmingsband.jpg\" \/>\n\t<meta property=\"og:image:width\" content=\"1920\" \/>\n\t<meta property=\"og:image:height\" content=\"3000\" \/>\n\t<meta property=\"og:image:type\" content=\"image\/jpeg\" \/>\n<meta name=\"twitter:card\" content=\"summary_large_image\" \/>\n<script type=\"application\/ld+json\" class=\"yoast-schema-graph\">{\"@context\":\"https:\/\/schema.org\",\"@graph\":[{\"@type\":\"WebPage\",\"@id\":\"https:\/\/www.alucomfort.be\/product\/siliconen-verwarmingsband-0-120\/\",\"url\":\"https:\/\/www.alucomfort.be\/product\/siliconen-verwarmingsband-0-120\/\",\"name\":\"Bandes chauffantes pour f\u00fbts | Alu Comfort | Sp\u00e9cialiste B2B\",\"isPartOf\":{\"@id\":\"https:\/\/www.alucomfort.be\/#website\"},\"primaryImageOfPage\":{\"@id\":\"https:\/\/www.alucomfort.be\/product\/siliconen-verwarmingsband-0-120\/#primaryimage\"},\"image\":{\"@id\":\"https:\/\/www.alucomfort.be\/product\/siliconen-verwarmingsband-0-120\/#primaryimage\"},\"thumbnailUrl\":\"https:\/\/www.alucomfort.be\/wp-content\/uploads\/Verwarmingsband.jpg\",\"datePublished\":\"2023-02-16T16:24:56+00:00\",\"dateModified\":\"2026-05-05T22:31:15+00:00\",\"description\":\"Achetez nos bandes chauffantes de f\u00fbts pour rendre les mat\u00e9riaux plus lisses et moins viqueux. Livraison rapide!\",\"breadcrumb\":{\"@id\":\"https:\/\/www.alucomfort.be\/product\/siliconen-verwarmingsband-0-120\/#breadcrumb\"},\"inLanguage\":\"fr-FR\",\"potentialAction\":[{\"@type\":\"ReadAction\",\"target\":[\"https:\/\/www.alucomfort.be\/product\/siliconen-verwarmingsband-0-120\/\"]}]},{\"@type\":\"ImageObject\",\"inLanguage\":\"fr-FR\",\"@id\":\"https:\/\/www.alucomfort.be\/product\/siliconen-verwarmingsband-0-120\/#primaryimage\",\"url\":\"https:\/\/www.alucomfort.be\/wp-content\/uploads\/Verwarmingsband.jpg\",\"contentUrl\":\"https:\/\/www.alucomfort.be\/wp-content\/uploads\/Verwarmingsband.jpg\",\"width\":1920,\"height\":3000,\"caption\":\"Verwarmingsband\"},{\"@type\":\"BreadcrumbList\",\"@id\":\"https:\/\/www.alucomfort.be\/product\/siliconen-verwarmingsband-0-120\/#breadcrumb\",\"itemListElement\":[{\"@type\":\"ListItem\",\"position\":1,\"name\":\"Home\",\"item\":\"https:\/\/www.alucomfort.be\/fr\/\"},{\"@type\":\"ListItem\",\"position\":2,\"name\":\"Producten\",\"item\":\"https:\/\/www.alucomfort.be\/producten\/\"},{\"@type\":\"ListItem\",\"position\":3,\"name\":\"Chauffages de F\u00fbts en Silicone 0-120\u00baC &#8211; 1000 W\"}]},{\"@type\":\"WebSite\",\"@id\":\"https:\/\/www.alucomfort.be\/#website\",\"url\":\"https:\/\/www.alucomfort.be\/\",\"name\":\"Alu Comfort\",\"description\":\"\",\"potentialAction\":[{\"@type\":\"SearchAction\",\"target\":{\"@type\":\"EntryPoint\",\"urlTemplate\":\"https:\/\/www.alucomfort.be\/?s={search_term_string}\"},\"query-input\":{\"@type\":\"PropertyValueSpecification\",\"valueRequired\":true,\"valueName\":\"search_term_string\"}}],\"inLanguage\":\"fr-FR\"}]}<\/script>\n<!-- \/ Yoast SEO plugin. -->","yoast_head_json":{"title":"Bandes chauffantes pour f\u00fbts | Alu Comfort | Sp\u00e9cialiste B2B","description":"Achetez nos bandes chauffantes de f\u00fbts pour rendre les mat\u00e9riaux plus lisses et moins viqueux. Livraison rapide!","robots":{"index":"index","follow":"follow","max-snippet":"max-snippet:-1","max-image-preview":"max-image-preview:large","max-video-preview":"max-video-preview:-1"},"canonical":"https:\/\/www.alucomfort.be\/product\/siliconen-verwarmingsband-0-120\/","og_locale":"fr_FR","og_type":"article","og_title":"Bandes chauffantes pour f\u00fbts | Alu Comfort | Sp\u00e9cialiste B2B","og_description":"Achetez nos bandes chauffantes de f\u00fbts pour rendre les mat\u00e9riaux plus lisses et moins viqueux. Livraison rapide!","og_url":"https:\/\/www.alucomfort.be\/product\/siliconen-verwarmingsband-0-120\/","og_site_name":"Alu Comfort","article_modified_time":"2026-05-05T22:31:15+00:00","og_image":[{"width":1920,"height":3000,"url":"https:\/\/www.alucomfort.be\/wp-content\/uploads\/Verwarmingsband.jpg","type":"image\/jpeg"}],"twitter_card":"summary_large_image","schema":{"@context":"https:\/\/schema.org","@graph":[{"@type":"WebPage","@id":"https:\/\/www.alucomfort.be\/product\/siliconen-verwarmingsband-0-120\/","url":"https:\/\/www.alucomfort.be\/product\/siliconen-verwarmingsband-0-120\/","name":"Bandes chauffantes pour f\u00fbts | Alu Comfort | Sp\u00e9cialiste B2B","isPartOf":{"@id":"https:\/\/www.alucomfort.be\/#website"},"primaryImageOfPage":{"@id":"https:\/\/www.alucomfort.be\/product\/siliconen-verwarmingsband-0-120\/#primaryimage"},"image":{"@id":"https:\/\/www.alucomfort.be\/product\/siliconen-verwarmingsband-0-120\/#primaryimage"},"thumbnailUrl":"https:\/\/www.alucomfort.be\/wp-content\/uploads\/Verwarmingsband.jpg","datePublished":"2023-02-16T16:24:56+00:00","dateModified":"2026-05-05T22:31:15+00:00","description":"Achetez nos bandes chauffantes de f\u00fbts pour rendre les mat\u00e9riaux plus lisses et moins viqueux. Livraison rapide!","breadcrumb":{"@id":"https:\/\/www.alucomfort.be\/product\/siliconen-verwarmingsband-0-120\/#breadcrumb"},"inLanguage":"fr-FR","potentialAction":[{"@type":"ReadAction","target":["https:\/\/www.alucomfort.be\/product\/siliconen-verwarmingsband-0-120\/"]}]},{"@type":"ImageObject","inLanguage":"fr-FR","@id":"https:\/\/www.alucomfort.be\/product\/siliconen-verwarmingsband-0-120\/#primaryimage","url":"https:\/\/www.alucomfort.be\/wp-content\/uploads\/Verwarmingsband.jpg","contentUrl":"https:\/\/www.alucomfort.be\/wp-content\/uploads\/Verwarmingsband.jpg","width":1920,"height":3000,"caption":"Verwarmingsband"},{"@type":"BreadcrumbList","@id":"https:\/\/www.alucomfort.be\/product\/siliconen-verwarmingsband-0-120\/#breadcrumb","itemListElement":[{"@type":"ListItem","position":1,"name":"Home","item":"https:\/\/www.alucomfort.be\/fr\/"},{"@type":"ListItem","position":2,"name":"Producten","item":"https:\/\/www.alucomfort.be\/producten\/"},{"@type":"ListItem","position":3,"name":"Chauffages de F\u00fbts en Silicone 0-120\u00baC &#8211; 1000 W"}]},{"@type":"WebSite","@id":"https:\/\/www.alucomfort.be\/#website","url":"https:\/\/www.alucomfort.be\/","name":"Alu Comfort","description":"","potentialAction":[{"@type":"SearchAction","target":{"@type":"EntryPoint","urlTemplate":"https:\/\/www.alucomfort.be\/?s={search_term_string}"},"query-input":{"@type":"PropertyValueSpecification","valueRequired":true,"valueName":"search_term_string"}}],"inLanguage":"fr-FR"}]}},"_links":{"self":[{"href":"https:\/\/www.alucomfort.be\/fr\/wp-json\/wp\/v2\/product\/216304","targetHints":{"allow":["GET"]}}],"collection":[{"href":"https:\/\/www.alucomfort.be\/fr\/wp-json\/wp\/v2\/product"}],"about":[{"href":"https:\/\/www.alucomfort.be\/fr\/wp-json\/wp\/v2\/types\/product"}],"wp:featuredmedia":[{"embeddable":true,"href":"https:\/\/www.alucomfort.be\/fr\/wp-json\/wp\/v2\/media\/216247"}],"wp:attachment":[{"href":"https:\/\/www.alucomfort.be\/fr\/wp-json\/wp\/v2\/media?parent=216304"}],"wp:term":[{"taxonomy":"product_brand","embeddable":true,"href":"https:\/\/www.alucomfort.be\/fr\/wp-json\/wp\/v2\/product_brand?post=216304"},{"taxonomy":"product_cat","embeddable":true,"href":"https:\/\/www.alucomfort.be\/fr\/wp-json\/wp\/v2\/product_cat?post=216304"},{"taxonomy":"product_tag","embeddable":true,"href":"https:\/\/www.alucomfort.be\/fr\/wp-json\/wp\/v2\/product_tag?post=216304"}],"curies":[{"name":"wp","href":"https:\/\/api.w.org\/{rel}","templated":true}]}}