

{"id":216308,"date":"2023-02-16T18:25:01","date_gmt":"2023-02-16T16:25:01","guid":{"rendered":"https:\/\/www.alucomfort.be\/product\/la-base-chauffante-50-300\/"},"modified":"2026-05-06T00:31:21","modified_gmt":"2026-05-05T22:31:21","slug":"la-base-chauffante-50-300","status":"publish","type":"product","link":"https:\/\/www.alucomfort.be\/fr\/product\/la-base-chauffante-50-300\/","title":{"rendered":"La base chauffante 50-300\u00b0"},"content":{"rendered":"<p>* Pour chauffer des f\u00fbts m\u00e9talliques par la base, * 0-120\u00b0, 50-300\u00b0, * Diam: 555 mm,, * Avec thermostat int\u00e9gr\u00e9, * Facile de l&rsquo;utiliser en combinaison avec un chauffage de f\u00fbts traditionnel<\/p>\n","protected":false},"excerpt":{"rendered":"<p>Pour chauffer des f\u00fbts m\u00e9talliques par la base<\/p>\n","protected":false},"featured_media":216309,"template":"","meta":{"_acf_changed":false},"product_brand":[],"product_cat":[9006],"product_tag":[],"class_list":{"0":"post-216308","1":"product","2":"type-product","3":"status-publish","4":"has-post-thumbnail","6":"product_cat-chauffe-futs","8":"first","9":"instock","10":"taxable","11":"shipping-taxable","12":"purchasable","13":"product-type-simple"},"acf":[],"yoast_head":"<!-- This site is optimized with the Yoast SEO plugin v24.8.1 - https:\/\/yoast.com\/wordpress\/plugins\/seo\/ -->\n<title>Base chauffante de f\u00fbts | Alu Comfort | Sp\u00e9cialiste B2B<\/title>\n<meta name=\"description\" content=\"Achetez nos chauffages de f\u00fbts pour rendre les mat\u00e9riaux plus lisses et moins viqueux. Livraison rapide!\" \/>\n<meta name=\"robots\" content=\"index, follow, max-snippet:-1, max-image-preview:large, max-video-preview:-1\" \/>\n<link rel=\"canonical\" href=\"https:\/\/www.alucomfort.be\/product\/bodemvatverwarmer-50-300\/\" \/>\n<meta property=\"og:locale\" content=\"fr_FR\" \/>\n<meta property=\"og:type\" content=\"article\" \/>\n<meta property=\"og:title\" content=\"Base chauffante de f\u00fbts | Alu Comfort | Sp\u00e9cialiste B2B\" \/>\n<meta property=\"og:description\" content=\"Achetez nos chauffages de f\u00fbts pour rendre les mat\u00e9riaux plus lisses et moins viqueux. Livraison rapide!\" \/>\n<meta property=\"og:url\" content=\"https:\/\/www.alucomfort.be\/product\/bodemvatverwarmer-50-300\/\" \/>\n<meta property=\"og:site_name\" content=\"Alu Comfort\" \/>\n<meta property=\"article:modified_time\" content=\"2026-05-05T22:31:21+00:00\" \/>\n<meta property=\"og:image\" content=\"https:\/\/www.alucomfort.be\/wp-content\/uploads\/Base-chauffante-pour-futs.jpg\" \/>\n\t<meta property=\"og:image:width\" content=\"1920\" \/>\n\t<meta property=\"og:image:height\" content=\"1320\" \/>\n\t<meta property=\"og:image:type\" content=\"image\/jpeg\" \/>\n<meta name=\"twitter:card\" content=\"summary_large_image\" \/>\n<script type=\"application\/ld+json\" class=\"yoast-schema-graph\">{\"@context\":\"https:\/\/schema.org\",\"@graph\":[{\"@type\":\"WebPage\",\"@id\":\"https:\/\/www.alucomfort.be\/product\/bodemvatverwarmer-50-300\/\",\"url\":\"https:\/\/www.alucomfort.be\/product\/bodemvatverwarmer-50-300\/\",\"name\":\"Base chauffante de f\u00fbts | Alu Comfort | Sp\u00e9cialiste B2B\",\"isPartOf\":{\"@id\":\"https:\/\/www.alucomfort.be\/#website\"},\"primaryImageOfPage\":{\"@id\":\"https:\/\/www.alucomfort.be\/product\/bodemvatverwarmer-50-300\/#primaryimage\"},\"image\":{\"@id\":\"https:\/\/www.alucomfort.be\/product\/bodemvatverwarmer-50-300\/#primaryimage\"},\"thumbnailUrl\":\"https:\/\/www.alucomfort.be\/wp-content\/uploads\/Base-chauffante-pour-futs.jpg\",\"datePublished\":\"2023-02-16T16:25:01+00:00\",\"dateModified\":\"2026-05-05T22:31:21+00:00\",\"description\":\"Achetez nos chauffages de f\u00fbts pour rendre les mat\u00e9riaux plus lisses et moins viqueux. Livraison rapide!\",\"breadcrumb\":{\"@id\":\"https:\/\/www.alucomfort.be\/product\/bodemvatverwarmer-50-300\/#breadcrumb\"},\"inLanguage\":\"fr-FR\",\"potentialAction\":[{\"@type\":\"ReadAction\",\"target\":[\"https:\/\/www.alucomfort.be\/product\/bodemvatverwarmer-50-300\/\"]}]},{\"@type\":\"ImageObject\",\"inLanguage\":\"fr-FR\",\"@id\":\"https:\/\/www.alucomfort.be\/product\/bodemvatverwarmer-50-300\/#primaryimage\",\"url\":\"https:\/\/www.alucomfort.be\/wp-content\/uploads\/Base-chauffante-pour-futs.jpg\",\"contentUrl\":\"https:\/\/www.alucomfort.be\/wp-content\/uploads\/Base-chauffante-pour-futs.jpg\",\"width\":1920,\"height\":1320,\"caption\":\"Base chauffante pour f\u00fbts\"},{\"@type\":\"BreadcrumbList\",\"@id\":\"https:\/\/www.alucomfort.be\/product\/bodemvatverwarmer-50-300\/#breadcrumb\",\"itemListElement\":[{\"@type\":\"ListItem\",\"position\":1,\"name\":\"Home\",\"item\":\"https:\/\/www.alucomfort.be\/fr\/\"},{\"@type\":\"ListItem\",\"position\":2,\"name\":\"Producten\",\"item\":\"https:\/\/www.alucomfort.be\/producten\/\"},{\"@type\":\"ListItem\",\"position\":3,\"name\":\"La base chauffante 50-300\u00b0\"}]},{\"@type\":\"WebSite\",\"@id\":\"https:\/\/www.alucomfort.be\/#website\",\"url\":\"https:\/\/www.alucomfort.be\/\",\"name\":\"Alu Comfort\",\"description\":\"\",\"potentialAction\":[{\"@type\":\"SearchAction\",\"target\":{\"@type\":\"EntryPoint\",\"urlTemplate\":\"https:\/\/www.alucomfort.be\/?s={search_term_string}\"},\"query-input\":{\"@type\":\"PropertyValueSpecification\",\"valueRequired\":true,\"valueName\":\"search_term_string\"}}],\"inLanguage\":\"fr-FR\"}]}<\/script>\n<!-- \/ Yoast SEO plugin. -->","yoast_head_json":{"title":"Base chauffante de f\u00fbts | Alu Comfort | Sp\u00e9cialiste B2B","description":"Achetez nos chauffages de f\u00fbts pour rendre les mat\u00e9riaux plus lisses et moins viqueux. Livraison rapide!","robots":{"index":"index","follow":"follow","max-snippet":"max-snippet:-1","max-image-preview":"max-image-preview:large","max-video-preview":"max-video-preview:-1"},"canonical":"https:\/\/www.alucomfort.be\/product\/bodemvatverwarmer-50-300\/","og_locale":"fr_FR","og_type":"article","og_title":"Base chauffante de f\u00fbts | Alu Comfort | Sp\u00e9cialiste B2B","og_description":"Achetez nos chauffages de f\u00fbts pour rendre les mat\u00e9riaux plus lisses et moins viqueux. Livraison rapide!","og_url":"https:\/\/www.alucomfort.be\/product\/bodemvatverwarmer-50-300\/","og_site_name":"Alu Comfort","article_modified_time":"2026-05-05T22:31:21+00:00","og_image":[{"width":1920,"height":1320,"url":"https:\/\/www.alucomfort.be\/wp-content\/uploads\/Base-chauffante-pour-futs.jpg","type":"image\/jpeg"}],"twitter_card":"summary_large_image","schema":{"@context":"https:\/\/schema.org","@graph":[{"@type":"WebPage","@id":"https:\/\/www.alucomfort.be\/product\/bodemvatverwarmer-50-300\/","url":"https:\/\/www.alucomfort.be\/product\/bodemvatverwarmer-50-300\/","name":"Base chauffante de f\u00fbts | Alu Comfort | Sp\u00e9cialiste B2B","isPartOf":{"@id":"https:\/\/www.alucomfort.be\/#website"},"primaryImageOfPage":{"@id":"https:\/\/www.alucomfort.be\/product\/bodemvatverwarmer-50-300\/#primaryimage"},"image":{"@id":"https:\/\/www.alucomfort.be\/product\/bodemvatverwarmer-50-300\/#primaryimage"},"thumbnailUrl":"https:\/\/www.alucomfort.be\/wp-content\/uploads\/Base-chauffante-pour-futs.jpg","datePublished":"2023-02-16T16:25:01+00:00","dateModified":"2026-05-05T22:31:21+00:00","description":"Achetez nos chauffages de f\u00fbts pour rendre les mat\u00e9riaux plus lisses et moins viqueux. Livraison rapide!","breadcrumb":{"@id":"https:\/\/www.alucomfort.be\/product\/bodemvatverwarmer-50-300\/#breadcrumb"},"inLanguage":"fr-FR","potentialAction":[{"@type":"ReadAction","target":["https:\/\/www.alucomfort.be\/product\/bodemvatverwarmer-50-300\/"]}]},{"@type":"ImageObject","inLanguage":"fr-FR","@id":"https:\/\/www.alucomfort.be\/product\/bodemvatverwarmer-50-300\/#primaryimage","url":"https:\/\/www.alucomfort.be\/wp-content\/uploads\/Base-chauffante-pour-futs.jpg","contentUrl":"https:\/\/www.alucomfort.be\/wp-content\/uploads\/Base-chauffante-pour-futs.jpg","width":1920,"height":1320,"caption":"Base chauffante pour f\u00fbts"},{"@type":"BreadcrumbList","@id":"https:\/\/www.alucomfort.be\/product\/bodemvatverwarmer-50-300\/#breadcrumb","itemListElement":[{"@type":"ListItem","position":1,"name":"Home","item":"https:\/\/www.alucomfort.be\/fr\/"},{"@type":"ListItem","position":2,"name":"Producten","item":"https:\/\/www.alucomfort.be\/producten\/"},{"@type":"ListItem","position":3,"name":"La base chauffante 50-300\u00b0"}]},{"@type":"WebSite","@id":"https:\/\/www.alucomfort.be\/#website","url":"https:\/\/www.alucomfort.be\/","name":"Alu Comfort","description":"","potentialAction":[{"@type":"SearchAction","target":{"@type":"EntryPoint","urlTemplate":"https:\/\/www.alucomfort.be\/?s={search_term_string}"},"query-input":{"@type":"PropertyValueSpecification","valueRequired":true,"valueName":"search_term_string"}}],"inLanguage":"fr-FR"}]}},"_links":{"self":[{"href":"https:\/\/www.alucomfort.be\/fr\/wp-json\/wp\/v2\/product\/216308","targetHints":{"allow":["GET"]}}],"collection":[{"href":"https:\/\/www.alucomfort.be\/fr\/wp-json\/wp\/v2\/product"}],"about":[{"href":"https:\/\/www.alucomfort.be\/fr\/wp-json\/wp\/v2\/types\/product"}],"wp:featuredmedia":[{"embeddable":true,"href":"https:\/\/www.alucomfort.be\/fr\/wp-json\/wp\/v2\/media\/216309"}],"wp:attachment":[{"href":"https:\/\/www.alucomfort.be\/fr\/wp-json\/wp\/v2\/media?parent=216308"}],"wp:term":[{"taxonomy":"product_brand","embeddable":true,"href":"https:\/\/www.alucomfort.be\/fr\/wp-json\/wp\/v2\/product_brand?post=216308"},{"taxonomy":"product_cat","embeddable":true,"href":"https:\/\/www.alucomfort.be\/fr\/wp-json\/wp\/v2\/product_cat?post=216308"},{"taxonomy":"product_tag","embeddable":true,"href":"https:\/\/www.alucomfort.be\/fr\/wp-json\/wp\/v2\/product_tag?post=216308"}],"curies":[{"name":"wp","href":"https:\/\/api.w.org\/{rel}","templated":true}]}}