

{"id":216587,"date":"2023-06-01T18:20:21","date_gmt":"2023-06-01T16:20:21","guid":{"rendered":"https:\/\/www.alucomfort.be\/product\/box-grillage-de-transport\/"},"modified":"2024-11-13T12:10:14","modified_gmt":"2024-11-13T10:10:14","slug":"box-grillage-de-transport-2","status":"publish","type":"product","link":"https:\/\/www.alucomfort.be\/fr\/product\/box-grillage-de-transport-2\/","title":{"rendered":"Box grillag\u00e9 de transport"},"content":{"rendered":"<p>* Construction robuste, grillag\u00e9e sur 3 c\u00f4t\u00e9s, * Dim. int..: 1015 x 2060 x 1020 mm, * Dim. ext.: 1085 x 2145 x 1120 mm, * Avec rampe d&rsquo;acc\u00e8s rabattable, * Avec de fourreaux de fourches, * Version galvanis\u00e9e<\/p>\n","protected":false},"excerpt":{"rendered":"<p>Box grillag\u00e9 de transport &#8211; 1085 x 2145 x 1120 mm<\/p>\n","protected":false},"featured_media":216577,"template":"","meta":{"_acf_changed":false},"product_brand":[],"product_cat":[9047],"product_tag":[],"class_list":{"0":"post-216587","1":"product","2":"type-product","3":"status-publish","4":"has-post-thumbnail","6":"product_cat-box-grillage-de-transport","8":"first","9":"instock","10":"taxable","11":"shipping-taxable","12":"purchasable","13":"product-type-simple"},"acf":[],"yoast_head":"<!-- This site is optimized with the Yoast SEO plugin v24.8.1 - https:\/\/yoast.com\/wordpress\/plugins\/seo\/ -->\n<title>Box grillag\u00e9 de transport| Alu Comfort | Sp\u00e9cialiste B2B<\/title>\n<meta name=\"description\" content=\"Id\u00e9al pour stocker des marchandises en toute s\u00e9curit\u00e9 dans des entrep\u00f4ts ou dans le garage souterrain d&#039;un immeuble d&#039;habitation.\" \/>\n<meta name=\"robots\" content=\"index, follow, max-snippet:-1, max-image-preview:large, max-video-preview:-1\" \/>\n<link rel=\"canonical\" href=\"https:\/\/www.alucomfort.be\/product\/materiaal-transportpallet\/\" \/>\n<meta property=\"og:locale\" content=\"fr_FR\" \/>\n<meta property=\"og:type\" content=\"article\" \/>\n<meta property=\"og:title\" content=\"Box grillag\u00e9 de transport| Alu Comfort | Sp\u00e9cialiste B2B\" \/>\n<meta property=\"og:description\" content=\"Id\u00e9al pour stocker des marchandises en toute s\u00e9curit\u00e9 dans des entrep\u00f4ts ou dans le garage souterrain d&#039;un immeuble d&#039;habitation.\" \/>\n<meta property=\"og:url\" content=\"https:\/\/www.alucomfort.be\/product\/materiaal-transportpallet\/\" \/>\n<meta property=\"og:site_name\" content=\"Alu Comfort\" \/>\n<meta property=\"article:modified_time\" content=\"2024-11-13T10:10:14+00:00\" \/>\n<meta property=\"og:image\" content=\"https:\/\/www.alucomfort.be\/wp-content\/uploads\/Transportpallet-heftruck.jpg\" \/>\n\t<meta property=\"og:image:width\" content=\"800\" \/>\n\t<meta property=\"og:image:height\" content=\"533\" \/>\n\t<meta property=\"og:image:type\" content=\"image\/jpeg\" \/>\n<meta name=\"twitter:card\" content=\"summary_large_image\" \/>\n<script type=\"application\/ld+json\" class=\"yoast-schema-graph\">{\"@context\":\"https:\/\/schema.org\",\"@graph\":[{\"@type\":\"WebPage\",\"@id\":\"https:\/\/www.alucomfort.be\/product\/materiaal-transportpallet\/\",\"url\":\"https:\/\/www.alucomfort.be\/product\/materiaal-transportpallet\/\",\"name\":\"Box grillag\u00e9 de transport| Alu Comfort | Sp\u00e9cialiste B2B\",\"isPartOf\":{\"@id\":\"https:\/\/www.alucomfort.be\/#website\"},\"primaryImageOfPage\":{\"@id\":\"https:\/\/www.alucomfort.be\/product\/materiaal-transportpallet\/#primaryimage\"},\"image\":{\"@id\":\"https:\/\/www.alucomfort.be\/product\/materiaal-transportpallet\/#primaryimage\"},\"thumbnailUrl\":\"https:\/\/www.alucomfort.be\/wp-content\/uploads\/Transportpallet-heftruck.jpg\",\"datePublished\":\"2023-06-01T16:20:21+00:00\",\"dateModified\":\"2024-11-13T10:10:14+00:00\",\"description\":\"Id\u00e9al pour stocker des marchandises en toute s\u00e9curit\u00e9 dans des entrep\u00f4ts ou dans le garage souterrain d'un immeuble d'habitation.\",\"breadcrumb\":{\"@id\":\"https:\/\/www.alucomfort.be\/product\/materiaal-transportpallet\/#breadcrumb\"},\"inLanguage\":\"fr-FR\",\"potentialAction\":[{\"@type\":\"ReadAction\",\"target\":[\"https:\/\/www.alucomfort.be\/product\/materiaal-transportpallet\/\"]}]},{\"@type\":\"ImageObject\",\"inLanguage\":\"fr-FR\",\"@id\":\"https:\/\/www.alucomfort.be\/product\/materiaal-transportpallet\/#primaryimage\",\"url\":\"https:\/\/www.alucomfort.be\/wp-content\/uploads\/Transportpallet-heftruck.jpg\",\"contentUrl\":\"https:\/\/www.alucomfort.be\/wp-content\/uploads\/Transportpallet-heftruck.jpg\",\"width\":800,\"height\":533,\"caption\":\"Transportpallet heftruck\"},{\"@type\":\"BreadcrumbList\",\"@id\":\"https:\/\/www.alucomfort.be\/product\/materiaal-transportpallet\/#breadcrumb\",\"itemListElement\":[{\"@type\":\"ListItem\",\"position\":1,\"name\":\"Home\",\"item\":\"https:\/\/www.alucomfort.be\/fr\/\"},{\"@type\":\"ListItem\",\"position\":2,\"name\":\"Producten\",\"item\":\"https:\/\/www.alucomfort.be\/producten\/\"},{\"@type\":\"ListItem\",\"position\":3,\"name\":\"Box grillag\u00e9 de transport\"}]},{\"@type\":\"WebSite\",\"@id\":\"https:\/\/www.alucomfort.be\/#website\",\"url\":\"https:\/\/www.alucomfort.be\/\",\"name\":\"Alu Comfort\",\"description\":\"\",\"potentialAction\":[{\"@type\":\"SearchAction\",\"target\":{\"@type\":\"EntryPoint\",\"urlTemplate\":\"https:\/\/www.alucomfort.be\/?s={search_term_string}\"},\"query-input\":{\"@type\":\"PropertyValueSpecification\",\"valueRequired\":true,\"valueName\":\"search_term_string\"}}],\"inLanguage\":\"fr-FR\"}]}<\/script>\n<!-- \/ Yoast SEO plugin. -->","yoast_head_json":{"title":"Box grillag\u00e9 de transport| Alu Comfort | Sp\u00e9cialiste B2B","description":"Id\u00e9al pour stocker des marchandises en toute s\u00e9curit\u00e9 dans des entrep\u00f4ts ou dans le garage souterrain d'un immeuble d'habitation.","robots":{"index":"index","follow":"follow","max-snippet":"max-snippet:-1","max-image-preview":"max-image-preview:large","max-video-preview":"max-video-preview:-1"},"canonical":"https:\/\/www.alucomfort.be\/product\/materiaal-transportpallet\/","og_locale":"fr_FR","og_type":"article","og_title":"Box grillag\u00e9 de transport| Alu Comfort | Sp\u00e9cialiste B2B","og_description":"Id\u00e9al pour stocker des marchandises en toute s\u00e9curit\u00e9 dans des entrep\u00f4ts ou dans le garage souterrain d'un immeuble d'habitation.","og_url":"https:\/\/www.alucomfort.be\/product\/materiaal-transportpallet\/","og_site_name":"Alu Comfort","article_modified_time":"2024-11-13T10:10:14+00:00","og_image":[{"width":800,"height":533,"url":"https:\/\/www.alucomfort.be\/wp-content\/uploads\/Transportpallet-heftruck.jpg","type":"image\/jpeg"}],"twitter_card":"summary_large_image","schema":{"@context":"https:\/\/schema.org","@graph":[{"@type":"WebPage","@id":"https:\/\/www.alucomfort.be\/product\/materiaal-transportpallet\/","url":"https:\/\/www.alucomfort.be\/product\/materiaal-transportpallet\/","name":"Box grillag\u00e9 de transport| Alu Comfort | Sp\u00e9cialiste B2B","isPartOf":{"@id":"https:\/\/www.alucomfort.be\/#website"},"primaryImageOfPage":{"@id":"https:\/\/www.alucomfort.be\/product\/materiaal-transportpallet\/#primaryimage"},"image":{"@id":"https:\/\/www.alucomfort.be\/product\/materiaal-transportpallet\/#primaryimage"},"thumbnailUrl":"https:\/\/www.alucomfort.be\/wp-content\/uploads\/Transportpallet-heftruck.jpg","datePublished":"2023-06-01T16:20:21+00:00","dateModified":"2024-11-13T10:10:14+00:00","description":"Id\u00e9al pour stocker des marchandises en toute s\u00e9curit\u00e9 dans des entrep\u00f4ts ou dans le garage souterrain d'un immeuble d'habitation.","breadcrumb":{"@id":"https:\/\/www.alucomfort.be\/product\/materiaal-transportpallet\/#breadcrumb"},"inLanguage":"fr-FR","potentialAction":[{"@type":"ReadAction","target":["https:\/\/www.alucomfort.be\/product\/materiaal-transportpallet\/"]}]},{"@type":"ImageObject","inLanguage":"fr-FR","@id":"https:\/\/www.alucomfort.be\/product\/materiaal-transportpallet\/#primaryimage","url":"https:\/\/www.alucomfort.be\/wp-content\/uploads\/Transportpallet-heftruck.jpg","contentUrl":"https:\/\/www.alucomfort.be\/wp-content\/uploads\/Transportpallet-heftruck.jpg","width":800,"height":533,"caption":"Transportpallet heftruck"},{"@type":"BreadcrumbList","@id":"https:\/\/www.alucomfort.be\/product\/materiaal-transportpallet\/#breadcrumb","itemListElement":[{"@type":"ListItem","position":1,"name":"Home","item":"https:\/\/www.alucomfort.be\/fr\/"},{"@type":"ListItem","position":2,"name":"Producten","item":"https:\/\/www.alucomfort.be\/producten\/"},{"@type":"ListItem","position":3,"name":"Box grillag\u00e9 de transport"}]},{"@type":"WebSite","@id":"https:\/\/www.alucomfort.be\/#website","url":"https:\/\/www.alucomfort.be\/","name":"Alu Comfort","description":"","potentialAction":[{"@type":"SearchAction","target":{"@type":"EntryPoint","urlTemplate":"https:\/\/www.alucomfort.be\/?s={search_term_string}"},"query-input":{"@type":"PropertyValueSpecification","valueRequired":true,"valueName":"search_term_string"}}],"inLanguage":"fr-FR"}]}},"_links":{"self":[{"href":"https:\/\/www.alucomfort.be\/fr\/wp-json\/wp\/v2\/product\/216587","targetHints":{"allow":["GET"]}}],"collection":[{"href":"https:\/\/www.alucomfort.be\/fr\/wp-json\/wp\/v2\/product"}],"about":[{"href":"https:\/\/www.alucomfort.be\/fr\/wp-json\/wp\/v2\/types\/product"}],"wp:featuredmedia":[{"embeddable":true,"href":"https:\/\/www.alucomfort.be\/fr\/wp-json\/wp\/v2\/media\/216577"}],"wp:attachment":[{"href":"https:\/\/www.alucomfort.be\/fr\/wp-json\/wp\/v2\/media?parent=216587"}],"wp:term":[{"taxonomy":"product_brand","embeddable":true,"href":"https:\/\/www.alucomfort.be\/fr\/wp-json\/wp\/v2\/product_brand?post=216587"},{"taxonomy":"product_cat","embeddable":true,"href":"https:\/\/www.alucomfort.be\/fr\/wp-json\/wp\/v2\/product_cat?post=216587"},{"taxonomy":"product_tag","embeddable":true,"href":"https:\/\/www.alucomfort.be\/fr\/wp-json\/wp\/v2\/product_tag?post=216587"}],"curies":[{"name":"wp","href":"https:\/\/api.w.org\/{rel}","templated":true}]}}