

{"id":216713,"date":"2023-08-25T00:19:26","date_gmt":"2023-08-24T22:19:26","guid":{"rendered":"https:\/\/www.alucomfort.be\/product\/barrieres-de-protection\/"},"modified":"2024-08-27T12:56:53","modified_gmt":"2024-08-27T10:56:53","slug":"barrieres-de-protection","status":"publish","type":"product","link":"https:\/\/www.alucomfort.be\/fr\/product\/barrieres-de-protection\/","title":{"rendered":"Barri\u00e8res de protection"},"content":{"rendered":"<p>* Pied large et solide, * Les pieds peuvent \u00eatre tourn\u00e9s afin de faciliter le transport, * Aved de bande auto r\u00e9fl\u00e9chissante, * Peuvent \u00eatre assembl\u00e9es entre elles en ligne ou en carr\u00e9, * Delai de livraison: plus au moins 5 jours.<\/p>\n","protected":false},"excerpt":{"rendered":"<p>Barri\u00e8res de protection<\/p>\n","protected":false},"featured_media":49720,"template":"","meta":{"_acf_changed":false},"product_brand":[],"product_cat":[2831],"product_tag":[],"class_list":{"0":"post-216713","1":"product","2":"type-product","3":"status-publish","4":"has-post-thumbnail","6":"product_cat-barrieres-et-chaines-de-protection","8":"first","9":"outofstock","10":"taxable","11":"shipping-taxable","12":"purchasable","13":"product-type-variable"},"acf":[],"yoast_head":"<!-- This site is optimized with the Yoast SEO plugin v24.8.1 - https:\/\/yoast.com\/wordpress\/plugins\/seo\/ -->\n<title>Barri\u00e8re de chantier| Alu Comfort|<\/title>\n<meta name=\"description\" content=\"Barri\u00e8res de chantier robustes en plastique: Prot\u00e9gez vos chantiers et \u00e9v\u00e9nements. R\u00e9sistantes aux intemp\u00e9ries et aux chocs. Installation rapide. Commandez maintenant.\" \/>\n<meta name=\"robots\" content=\"index, follow, max-snippet:-1, max-image-preview:large, max-video-preview:-1\" \/>\n<link rel=\"canonical\" href=\"https:\/\/www.alucomfort.be\/product\/afzethekken\/\" \/>\n<meta property=\"og:locale\" content=\"fr_FR\" \/>\n<meta property=\"og:type\" content=\"article\" \/>\n<meta property=\"og:title\" content=\"Barri\u00e8re de chantier| Alu Comfort|\" \/>\n<meta property=\"og:description\" content=\"Barri\u00e8res de chantier robustes en plastique: Prot\u00e9gez vos chantiers et \u00e9v\u00e9nements. R\u00e9sistantes aux intemp\u00e9ries et aux chocs. Installation rapide. Commandez maintenant.\" \/>\n<meta property=\"og:url\" content=\"https:\/\/www.alucomfort.be\/product\/afzethekken\/\" \/>\n<meta property=\"og:site_name\" content=\"Alu Comfort\" \/>\n<meta property=\"article:modified_time\" content=\"2024-08-27T10:56:53+00:00\" \/>\n<meta property=\"og:image\" content=\"https:\/\/www.alucomfort.be\/wp-content\/uploads\/DC-20002-2-1024x683.png\" \/>\n\t<meta property=\"og:image:width\" content=\"1024\" \/>\n\t<meta property=\"og:image:height\" content=\"683\" \/>\n\t<meta property=\"og:image:type\" content=\"image\/png\" \/>\n<meta name=\"twitter:card\" content=\"summary_large_image\" \/>\n<script type=\"application\/ld+json\" class=\"yoast-schema-graph\">{\"@context\":\"https:\/\/schema.org\",\"@graph\":[{\"@type\":\"WebPage\",\"@id\":\"https:\/\/www.alucomfort.be\/product\/afzethekken\/\",\"url\":\"https:\/\/www.alucomfort.be\/product\/afzethekken\/\",\"name\":\"Barri\u00e8re de chantier| Alu Comfort|\",\"isPartOf\":{\"@id\":\"https:\/\/www.alucomfort.be\/#website\"},\"primaryImageOfPage\":{\"@id\":\"https:\/\/www.alucomfort.be\/product\/afzethekken\/#primaryimage\"},\"image\":{\"@id\":\"https:\/\/www.alucomfort.be\/product\/afzethekken\/#primaryimage\"},\"thumbnailUrl\":\"https:\/\/www.alucomfort.be\/wp-content\/uploads\/DC-20002-2.png\",\"datePublished\":\"2023-08-24T22:19:26+00:00\",\"dateModified\":\"2024-08-27T10:56:53+00:00\",\"description\":\"Barri\u00e8res de chantier robustes en plastique: Prot\u00e9gez vos chantiers et \u00e9v\u00e9nements. R\u00e9sistantes aux intemp\u00e9ries et aux chocs. Installation rapide. Commandez maintenant.\",\"breadcrumb\":{\"@id\":\"https:\/\/www.alucomfort.be\/product\/afzethekken\/#breadcrumb\"},\"inLanguage\":\"fr-FR\",\"potentialAction\":[{\"@type\":\"ReadAction\",\"target\":[\"https:\/\/www.alucomfort.be\/product\/afzethekken\/\"]}]},{\"@type\":\"ImageObject\",\"inLanguage\":\"fr-FR\",\"@id\":\"https:\/\/www.alucomfort.be\/product\/afzethekken\/#primaryimage\",\"url\":\"https:\/\/www.alucomfort.be\/wp-content\/uploads\/DC-20002-2.png\",\"contentUrl\":\"https:\/\/www.alucomfort.be\/wp-content\/uploads\/DC-20002-2.png\",\"width\":6000,\"height\":4000,\"caption\":\"Kunststof afzethekken\"},{\"@type\":\"BreadcrumbList\",\"@id\":\"https:\/\/www.alucomfort.be\/product\/afzethekken\/#breadcrumb\",\"itemListElement\":[{\"@type\":\"ListItem\",\"position\":1,\"name\":\"Home\",\"item\":\"https:\/\/www.alucomfort.be\/fr\/\"},{\"@type\":\"ListItem\",\"position\":2,\"name\":\"Producten\",\"item\":\"https:\/\/www.alucomfort.be\/producten\/\"},{\"@type\":\"ListItem\",\"position\":3,\"name\":\"Barri\u00e8res de protection\"}]},{\"@type\":\"WebSite\",\"@id\":\"https:\/\/www.alucomfort.be\/#website\",\"url\":\"https:\/\/www.alucomfort.be\/\",\"name\":\"Alu Comfort\",\"description\":\"\",\"potentialAction\":[{\"@type\":\"SearchAction\",\"target\":{\"@type\":\"EntryPoint\",\"urlTemplate\":\"https:\/\/www.alucomfort.be\/?s={search_term_string}\"},\"query-input\":{\"@type\":\"PropertyValueSpecification\",\"valueRequired\":true,\"valueName\":\"search_term_string\"}}],\"inLanguage\":\"fr-FR\"}]}<\/script>\n<!-- \/ Yoast SEO plugin. -->","yoast_head_json":{"title":"Barri\u00e8re de chantier| Alu Comfort|","description":"Barri\u00e8res de chantier robustes en plastique: Prot\u00e9gez vos chantiers et \u00e9v\u00e9nements. R\u00e9sistantes aux intemp\u00e9ries et aux chocs. Installation rapide. Commandez maintenant.","robots":{"index":"index","follow":"follow","max-snippet":"max-snippet:-1","max-image-preview":"max-image-preview:large","max-video-preview":"max-video-preview:-1"},"canonical":"https:\/\/www.alucomfort.be\/product\/afzethekken\/","og_locale":"fr_FR","og_type":"article","og_title":"Barri\u00e8re de chantier| Alu Comfort|","og_description":"Barri\u00e8res de chantier robustes en plastique: Prot\u00e9gez vos chantiers et \u00e9v\u00e9nements. R\u00e9sistantes aux intemp\u00e9ries et aux chocs. Installation rapide. Commandez maintenant.","og_url":"https:\/\/www.alucomfort.be\/product\/afzethekken\/","og_site_name":"Alu Comfort","article_modified_time":"2024-08-27T10:56:53+00:00","og_image":[{"width":1024,"height":683,"url":"https:\/\/www.alucomfort.be\/wp-content\/uploads\/DC-20002-2-1024x683.png","type":"image\/png"}],"twitter_card":"summary_large_image","schema":{"@context":"https:\/\/schema.org","@graph":[{"@type":"WebPage","@id":"https:\/\/www.alucomfort.be\/product\/afzethekken\/","url":"https:\/\/www.alucomfort.be\/product\/afzethekken\/","name":"Barri\u00e8re de chantier| Alu Comfort|","isPartOf":{"@id":"https:\/\/www.alucomfort.be\/#website"},"primaryImageOfPage":{"@id":"https:\/\/www.alucomfort.be\/product\/afzethekken\/#primaryimage"},"image":{"@id":"https:\/\/www.alucomfort.be\/product\/afzethekken\/#primaryimage"},"thumbnailUrl":"https:\/\/www.alucomfort.be\/wp-content\/uploads\/DC-20002-2.png","datePublished":"2023-08-24T22:19:26+00:00","dateModified":"2024-08-27T10:56:53+00:00","description":"Barri\u00e8res de chantier robustes en plastique: Prot\u00e9gez vos chantiers et \u00e9v\u00e9nements. R\u00e9sistantes aux intemp\u00e9ries et aux chocs. Installation rapide. Commandez maintenant.","breadcrumb":{"@id":"https:\/\/www.alucomfort.be\/product\/afzethekken\/#breadcrumb"},"inLanguage":"fr-FR","potentialAction":[{"@type":"ReadAction","target":["https:\/\/www.alucomfort.be\/product\/afzethekken\/"]}]},{"@type":"ImageObject","inLanguage":"fr-FR","@id":"https:\/\/www.alucomfort.be\/product\/afzethekken\/#primaryimage","url":"https:\/\/www.alucomfort.be\/wp-content\/uploads\/DC-20002-2.png","contentUrl":"https:\/\/www.alucomfort.be\/wp-content\/uploads\/DC-20002-2.png","width":6000,"height":4000,"caption":"Kunststof afzethekken"},{"@type":"BreadcrumbList","@id":"https:\/\/www.alucomfort.be\/product\/afzethekken\/#breadcrumb","itemListElement":[{"@type":"ListItem","position":1,"name":"Home","item":"https:\/\/www.alucomfort.be\/fr\/"},{"@type":"ListItem","position":2,"name":"Producten","item":"https:\/\/www.alucomfort.be\/producten\/"},{"@type":"ListItem","position":3,"name":"Barri\u00e8res de protection"}]},{"@type":"WebSite","@id":"https:\/\/www.alucomfort.be\/#website","url":"https:\/\/www.alucomfort.be\/","name":"Alu Comfort","description":"","potentialAction":[{"@type":"SearchAction","target":{"@type":"EntryPoint","urlTemplate":"https:\/\/www.alucomfort.be\/?s={search_term_string}"},"query-input":{"@type":"PropertyValueSpecification","valueRequired":true,"valueName":"search_term_string"}}],"inLanguage":"fr-FR"}]}},"_links":{"self":[{"href":"https:\/\/www.alucomfort.be\/fr\/wp-json\/wp\/v2\/product\/216713","targetHints":{"allow":["GET"]}}],"collection":[{"href":"https:\/\/www.alucomfort.be\/fr\/wp-json\/wp\/v2\/product"}],"about":[{"href":"https:\/\/www.alucomfort.be\/fr\/wp-json\/wp\/v2\/types\/product"}],"wp:featuredmedia":[{"embeddable":true,"href":"https:\/\/www.alucomfort.be\/fr\/wp-json\/wp\/v2\/media\/49720"}],"wp:attachment":[{"href":"https:\/\/www.alucomfort.be\/fr\/wp-json\/wp\/v2\/media?parent=216713"}],"wp:term":[{"taxonomy":"product_brand","embeddable":true,"href":"https:\/\/www.alucomfort.be\/fr\/wp-json\/wp\/v2\/product_brand?post=216713"},{"taxonomy":"product_cat","embeddable":true,"href":"https:\/\/www.alucomfort.be\/fr\/wp-json\/wp\/v2\/product_cat?post=216713"},{"taxonomy":"product_tag","embeddable":true,"href":"https:\/\/www.alucomfort.be\/fr\/wp-json\/wp\/v2\/product_tag?post=216713"}],"curies":[{"name":"wp","href":"https:\/\/api.w.org\/{rel}","templated":true}]}}