

{"id":216935,"date":"2023-10-05T22:18:46","date_gmt":"2023-10-05T20:18:46","guid":{"rendered":"https:\/\/www.alucomfort.be\/product\/protection-de-colonne\/"},"modified":"2025-11-15T22:26:18","modified_gmt":"2025-11-15T20:26:18","slug":"protection-de-colonne","status":"publish","type":"product","link":"https:\/\/www.alucomfort.be\/fr\/product\/protection-de-colonne\/","title":{"rendered":"Protection de colonne"},"content":{"rendered":"<p>* Utilisation en int\u00e9rieur et ext\u00e9rieur (version galvanis\u00e9e), * Sans mat\u00e9riel de fixation, disponible en option, * Avec platine \u00e0 visser, * Delai de livraison: +\/- 5 jours.<\/p>\n","protected":false},"excerpt":{"rendered":"<p>La protection de colonne d&rsquo;acier est la solution parfaite pour prot\u00e9ger les piliers \u00e0 400 x 400 mm.<\/p>\n","protected":false},"featured_media":50342,"template":"","meta":{"_acf_changed":false},"product_brand":[],"product_cat":[9931],"product_tag":[],"class_list":{"0":"post-216935","1":"product","2":"type-product","3":"status-publish","4":"has-post-thumbnail","6":"product_cat-protection-de-poteau-protection-dentrepot","8":"first","9":"outofstock","10":"taxable","11":"shipping-taxable","12":"purchasable","13":"product-type-variable"},"acf":[],"yoast_head":"<!-- This site is optimized with the Yoast SEO plugin v24.8.1 - https:\/\/yoast.com\/wordpress\/plugins\/seo\/ -->\n<title>Protection de colonne | Alu Comfort |<\/title>\n<meta name=\"description\" content=\"La protection de colonne d&#039;acier est la solution parfaite pour prot\u00e9ger les piliers \u00e0 400 x 400 mm.\" \/>\n<meta name=\"robots\" content=\"index, follow, max-snippet:-1, max-image-preview:large, max-video-preview:-1\" \/>\n<link rel=\"canonical\" href=\"https:\/\/www.alucomfort.be\/product\/stalen-kolombescherming\/\" \/>\n<meta property=\"og:locale\" content=\"fr_FR\" \/>\n<meta property=\"og:type\" content=\"article\" \/>\n<meta property=\"og:title\" content=\"Protection de colonne | Alu Comfort |\" \/>\n<meta property=\"og:description\" content=\"La protection de colonne d&#039;acier est la solution parfaite pour prot\u00e9ger les piliers \u00e0 400 x 400 mm.\" \/>\n<meta property=\"og:url\" content=\"https:\/\/www.alucomfort.be\/product\/stalen-kolombescherming\/\" \/>\n<meta property=\"og:site_name\" content=\"Alu Comfort\" \/>\n<meta property=\"article:modified_time\" content=\"2025-11-15T20:26:18+00:00\" \/>\n<meta property=\"og:image\" content=\"https:\/\/www.alucomfort.be\/wp-content\/uploads\/DC-SRR-1-683x1024.jpg\" \/>\n\t<meta property=\"og:image:width\" content=\"683\" \/>\n\t<meta property=\"og:image:height\" content=\"1024\" \/>\n\t<meta property=\"og:image:type\" content=\"image\/jpeg\" \/>\n<meta name=\"twitter:card\" content=\"summary_large_image\" \/>\n<script type=\"application\/ld+json\" class=\"yoast-schema-graph\">{\"@context\":\"https:\/\/schema.org\",\"@graph\":[{\"@type\":\"WebPage\",\"@id\":\"https:\/\/www.alucomfort.be\/product\/stalen-kolombescherming\/\",\"url\":\"https:\/\/www.alucomfort.be\/product\/stalen-kolombescherming\/\",\"name\":\"Protection de colonne | Alu Comfort |\",\"isPartOf\":{\"@id\":\"https:\/\/www.alucomfort.be\/#website\"},\"primaryImageOfPage\":{\"@id\":\"https:\/\/www.alucomfort.be\/product\/stalen-kolombescherming\/#primaryimage\"},\"image\":{\"@id\":\"https:\/\/www.alucomfort.be\/product\/stalen-kolombescherming\/#primaryimage\"},\"thumbnailUrl\":\"https:\/\/www.alucomfort.be\/wp-content\/uploads\/DC-SRR-1.jpg\",\"datePublished\":\"2023-10-05T20:18:46+00:00\",\"dateModified\":\"2025-11-15T20:26:18+00:00\",\"description\":\"La protection de colonne d'acier est la solution parfaite pour prot\u00e9ger les piliers \u00e0 400 x 400 mm.\",\"breadcrumb\":{\"@id\":\"https:\/\/www.alucomfort.be\/product\/stalen-kolombescherming\/#breadcrumb\"},\"inLanguage\":\"fr-FR\",\"potentialAction\":[{\"@type\":\"ReadAction\",\"target\":[\"https:\/\/www.alucomfort.be\/product\/stalen-kolombescherming\/\"]}]},{\"@type\":\"ImageObject\",\"inLanguage\":\"fr-FR\",\"@id\":\"https:\/\/www.alucomfort.be\/product\/stalen-kolombescherming\/#primaryimage\",\"url\":\"https:\/\/www.alucomfort.be\/wp-content\/uploads\/DC-SRR-1.jpg\",\"contentUrl\":\"https:\/\/www.alucomfort.be\/wp-content\/uploads\/DC-SRR-1.jpg\",\"width\":3456,\"height\":5184},{\"@type\":\"BreadcrumbList\",\"@id\":\"https:\/\/www.alucomfort.be\/product\/stalen-kolombescherming\/#breadcrumb\",\"itemListElement\":[{\"@type\":\"ListItem\",\"position\":1,\"name\":\"Home\",\"item\":\"https:\/\/www.alucomfort.be\/fr\/\"},{\"@type\":\"ListItem\",\"position\":2,\"name\":\"Producten\",\"item\":\"https:\/\/www.alucomfort.be\/producten\/\"},{\"@type\":\"ListItem\",\"position\":3,\"name\":\"Protection de colonne\"}]},{\"@type\":\"WebSite\",\"@id\":\"https:\/\/www.alucomfort.be\/#website\",\"url\":\"https:\/\/www.alucomfort.be\/\",\"name\":\"Alu Comfort\",\"description\":\"\",\"potentialAction\":[{\"@type\":\"SearchAction\",\"target\":{\"@type\":\"EntryPoint\",\"urlTemplate\":\"https:\/\/www.alucomfort.be\/?s={search_term_string}\"},\"query-input\":{\"@type\":\"PropertyValueSpecification\",\"valueRequired\":true,\"valueName\":\"search_term_string\"}}],\"inLanguage\":\"fr-FR\"}]}<\/script>\n<!-- \/ Yoast SEO plugin. -->","yoast_head_json":{"title":"Protection de colonne | Alu Comfort |","description":"La protection de colonne d'acier est la solution parfaite pour prot\u00e9ger les piliers \u00e0 400 x 400 mm.","robots":{"index":"index","follow":"follow","max-snippet":"max-snippet:-1","max-image-preview":"max-image-preview:large","max-video-preview":"max-video-preview:-1"},"canonical":"https:\/\/www.alucomfort.be\/product\/stalen-kolombescherming\/","og_locale":"fr_FR","og_type":"article","og_title":"Protection de colonne | Alu Comfort |","og_description":"La protection de colonne d'acier est la solution parfaite pour prot\u00e9ger les piliers \u00e0 400 x 400 mm.","og_url":"https:\/\/www.alucomfort.be\/product\/stalen-kolombescherming\/","og_site_name":"Alu Comfort","article_modified_time":"2025-11-15T20:26:18+00:00","og_image":[{"width":683,"height":1024,"url":"https:\/\/www.alucomfort.be\/wp-content\/uploads\/DC-SRR-1-683x1024.jpg","type":"image\/jpeg"}],"twitter_card":"summary_large_image","schema":{"@context":"https:\/\/schema.org","@graph":[{"@type":"WebPage","@id":"https:\/\/www.alucomfort.be\/product\/stalen-kolombescherming\/","url":"https:\/\/www.alucomfort.be\/product\/stalen-kolombescherming\/","name":"Protection de colonne | Alu Comfort |","isPartOf":{"@id":"https:\/\/www.alucomfort.be\/#website"},"primaryImageOfPage":{"@id":"https:\/\/www.alucomfort.be\/product\/stalen-kolombescherming\/#primaryimage"},"image":{"@id":"https:\/\/www.alucomfort.be\/product\/stalen-kolombescherming\/#primaryimage"},"thumbnailUrl":"https:\/\/www.alucomfort.be\/wp-content\/uploads\/DC-SRR-1.jpg","datePublished":"2023-10-05T20:18:46+00:00","dateModified":"2025-11-15T20:26:18+00:00","description":"La protection de colonne d'acier est la solution parfaite pour prot\u00e9ger les piliers \u00e0 400 x 400 mm.","breadcrumb":{"@id":"https:\/\/www.alucomfort.be\/product\/stalen-kolombescherming\/#breadcrumb"},"inLanguage":"fr-FR","potentialAction":[{"@type":"ReadAction","target":["https:\/\/www.alucomfort.be\/product\/stalen-kolombescherming\/"]}]},{"@type":"ImageObject","inLanguage":"fr-FR","@id":"https:\/\/www.alucomfort.be\/product\/stalen-kolombescherming\/#primaryimage","url":"https:\/\/www.alucomfort.be\/wp-content\/uploads\/DC-SRR-1.jpg","contentUrl":"https:\/\/www.alucomfort.be\/wp-content\/uploads\/DC-SRR-1.jpg","width":3456,"height":5184},{"@type":"BreadcrumbList","@id":"https:\/\/www.alucomfort.be\/product\/stalen-kolombescherming\/#breadcrumb","itemListElement":[{"@type":"ListItem","position":1,"name":"Home","item":"https:\/\/www.alucomfort.be\/fr\/"},{"@type":"ListItem","position":2,"name":"Producten","item":"https:\/\/www.alucomfort.be\/producten\/"},{"@type":"ListItem","position":3,"name":"Protection de colonne"}]},{"@type":"WebSite","@id":"https:\/\/www.alucomfort.be\/#website","url":"https:\/\/www.alucomfort.be\/","name":"Alu Comfort","description":"","potentialAction":[{"@type":"SearchAction","target":{"@type":"EntryPoint","urlTemplate":"https:\/\/www.alucomfort.be\/?s={search_term_string}"},"query-input":{"@type":"PropertyValueSpecification","valueRequired":true,"valueName":"search_term_string"}}],"inLanguage":"fr-FR"}]}},"_links":{"self":[{"href":"https:\/\/www.alucomfort.be\/fr\/wp-json\/wp\/v2\/product\/216935","targetHints":{"allow":["GET"]}}],"collection":[{"href":"https:\/\/www.alucomfort.be\/fr\/wp-json\/wp\/v2\/product"}],"about":[{"href":"https:\/\/www.alucomfort.be\/fr\/wp-json\/wp\/v2\/types\/product"}],"wp:featuredmedia":[{"embeddable":true,"href":"https:\/\/www.alucomfort.be\/fr\/wp-json\/wp\/v2\/media\/50342"}],"wp:attachment":[{"href":"https:\/\/www.alucomfort.be\/fr\/wp-json\/wp\/v2\/media?parent=216935"}],"wp:term":[{"taxonomy":"product_brand","embeddable":true,"href":"https:\/\/www.alucomfort.be\/fr\/wp-json\/wp\/v2\/product_brand?post=216935"},{"taxonomy":"product_cat","embeddable":true,"href":"https:\/\/www.alucomfort.be\/fr\/wp-json\/wp\/v2\/product_cat?post=216935"},{"taxonomy":"product_tag","embeddable":true,"href":"https:\/\/www.alucomfort.be\/fr\/wp-json\/wp\/v2\/product_tag?post=216935"}],"curies":[{"name":"wp","href":"https:\/\/api.w.org\/{rel}","templated":true}]}}