

{"id":216991,"date":"2023-10-05T22:32:59","date_gmt":"2023-10-05T20:32:59","guid":{"rendered":"https:\/\/www.alucomfort.be\/product\/guide-roues-pour-camoins-avec-fixation\/"},"modified":"2025-11-14T00:01:16","modified_gmt":"2025-11-13T22:01:16","slug":"guide-roues-pour-camoins-avec-fixation","status":"publish","type":"product","link":"https:\/\/www.alucomfort.be\/fr\/product\/guide-roues-pour-camoins-avec-fixation\/","title":{"rendered":"Guide-roues pour camoins avec fixation"},"content":{"rendered":"<p>* Fixation avec 3 platines ou \u00e0 sceller dans du b\u00e9ton, * Disponible en jaune\/noir ou rouge\/blanc, * Sans mat\u00e9riel de fixation, * Delai de livraison: +\/- 5 jours.<\/p>\n","protected":false},"excerpt":{"rendered":"<p>Guide-roues pour camoins permet aux chauffeurs de manoeuvrer plus facilement.<\/p>\n","protected":false},"featured_media":225900,"template":"","meta":{"_acf_changed":false},"product_brand":[],"product_cat":[7950],"product_tag":[],"class_list":{"0":"post-216991","1":"product","2":"type-product","3":"status-publish","4":"has-post-thumbnail","6":"product_cat-amenagement-de-parking","8":"first","9":"outofstock","10":"taxable","11":"shipping-taxable","12":"purchasable","13":"product-type-variable"},"acf":[],"yoast_head":"<!-- This site is optimized with the Yoast SEO plugin v24.8.1 - https:\/\/yoast.com\/wordpress\/plugins\/seo\/ -->\n<title>Guides-Roues pour Poids Lourds | Alu Comfort | Prot\u00e9gez vos Quais<\/title>\n<meta name=\"description\" content=\"\u00c9vitez les dommages co\u00fbteux \u00e0 vos quais de chargement. Nos guides-roues robustes en acier (jaune\/noir ou blanc\/rouge) centrent parfaitement les camions. Demandez conseil.\" \/>\n<meta name=\"robots\" content=\"index, follow, max-snippet:-1, max-image-preview:large, max-video-preview:-1\" \/>\n<link rel=\"canonical\" href=\"https:\/\/www.alucomfort.be\/product\/wielgeleiders-voor-vrachtwagens\/\" \/>\n<meta property=\"og:locale\" content=\"fr_FR\" \/>\n<meta property=\"og:type\" content=\"article\" \/>\n<meta property=\"og:title\" content=\"Guides-Roues pour Poids Lourds | Alu Comfort | Prot\u00e9gez vos Quais\" \/>\n<meta property=\"og:description\" content=\"\u00c9vitez les dommages co\u00fbteux \u00e0 vos quais de chargement. Nos guides-roues robustes en acier (jaune\/noir ou blanc\/rouge) centrent parfaitement les camions. Demandez conseil.\" \/>\n<meta property=\"og:url\" content=\"https:\/\/www.alucomfort.be\/product\/wielgeleiders-voor-vrachtwagens\/\" \/>\n<meta property=\"og:site_name\" content=\"Alu Comfort\" \/>\n<meta property=\"article:modified_time\" content=\"2025-11-13T22:01:16+00:00\" \/>\n<meta property=\"og:image\" content=\"https:\/\/www.alucomfort.be\/wp-content\/uploads\/DC-LKW-Wielgeleider.jpg\" \/>\n\t<meta property=\"og:image:width\" content=\"1920\" \/>\n\t<meta property=\"og:image:height\" content=\"2880\" \/>\n\t<meta property=\"og:image:type\" content=\"image\/jpeg\" \/>\n<meta name=\"twitter:card\" content=\"summary_large_image\" \/>\n<script type=\"application\/ld+json\" class=\"yoast-schema-graph\">{\"@context\":\"https:\/\/schema.org\",\"@graph\":[{\"@type\":\"WebPage\",\"@id\":\"https:\/\/www.alucomfort.be\/product\/wielgeleiders-voor-vrachtwagens\/\",\"url\":\"https:\/\/www.alucomfort.be\/product\/wielgeleiders-voor-vrachtwagens\/\",\"name\":\"Guides-Roues pour Poids Lourds | Alu Comfort | Prot\u00e9gez vos Quais\",\"isPartOf\":{\"@id\":\"https:\/\/www.alucomfort.be\/#website\"},\"primaryImageOfPage\":{\"@id\":\"https:\/\/www.alucomfort.be\/product\/wielgeleiders-voor-vrachtwagens\/#primaryimage\"},\"image\":{\"@id\":\"https:\/\/www.alucomfort.be\/product\/wielgeleiders-voor-vrachtwagens\/#primaryimage\"},\"thumbnailUrl\":\"https:\/\/www.alucomfort.be\/wp-content\/uploads\/DC-LKW-Wielgeleider.jpg\",\"datePublished\":\"2023-10-05T20:32:59+00:00\",\"dateModified\":\"2025-11-13T22:01:16+00:00\",\"description\":\"\u00c9vitez les dommages co\u00fbteux \u00e0 vos quais de chargement. Nos guides-roues robustes en acier (jaune\/noir ou blanc\/rouge) centrent parfaitement les camions. Demandez conseil.\",\"breadcrumb\":{\"@id\":\"https:\/\/www.alucomfort.be\/product\/wielgeleiders-voor-vrachtwagens\/#breadcrumb\"},\"inLanguage\":\"fr-FR\",\"potentialAction\":[{\"@type\":\"ReadAction\",\"target\":[\"https:\/\/www.alucomfort.be\/product\/wielgeleiders-voor-vrachtwagens\/\"]}]},{\"@type\":\"ImageObject\",\"inLanguage\":\"fr-FR\",\"@id\":\"https:\/\/www.alucomfort.be\/product\/wielgeleiders-voor-vrachtwagens\/#primaryimage\",\"url\":\"https:\/\/www.alucomfort.be\/wp-content\/uploads\/DC-LKW-Wielgeleider.jpg\",\"contentUrl\":\"https:\/\/www.alucomfort.be\/wp-content\/uploads\/DC-LKW-Wielgeleider.jpg\",\"width\":1920,\"height\":2880,\"caption\":\"Robuuste, geel-zwarte wielgeleiders die vrachtwagens perfect centreren voor een veilige en schadevrije aandokking aan de laadkade.\"},{\"@type\":\"BreadcrumbList\",\"@id\":\"https:\/\/www.alucomfort.be\/product\/wielgeleiders-voor-vrachtwagens\/#breadcrumb\",\"itemListElement\":[{\"@type\":\"ListItem\",\"position\":1,\"name\":\"Home\",\"item\":\"https:\/\/www.alucomfort.be\/fr\/\"},{\"@type\":\"ListItem\",\"position\":2,\"name\":\"Producten\",\"item\":\"https:\/\/www.alucomfort.be\/producten\/\"},{\"@type\":\"ListItem\",\"position\":3,\"name\":\"Guide-roues pour camoins avec fixation\"}]},{\"@type\":\"WebSite\",\"@id\":\"https:\/\/www.alucomfort.be\/#website\",\"url\":\"https:\/\/www.alucomfort.be\/\",\"name\":\"Alu Comfort\",\"description\":\"\",\"potentialAction\":[{\"@type\":\"SearchAction\",\"target\":{\"@type\":\"EntryPoint\",\"urlTemplate\":\"https:\/\/www.alucomfort.be\/?s={search_term_string}\"},\"query-input\":{\"@type\":\"PropertyValueSpecification\",\"valueRequired\":true,\"valueName\":\"search_term_string\"}}],\"inLanguage\":\"fr-FR\"}]}<\/script>\n<!-- \/ Yoast SEO plugin. -->","yoast_head_json":{"title":"Guides-Roues pour Poids Lourds | Alu Comfort | Prot\u00e9gez vos Quais","description":"\u00c9vitez les dommages co\u00fbteux \u00e0 vos quais de chargement. Nos guides-roues robustes en acier (jaune\/noir ou blanc\/rouge) centrent parfaitement les camions. Demandez conseil.","robots":{"index":"index","follow":"follow","max-snippet":"max-snippet:-1","max-image-preview":"max-image-preview:large","max-video-preview":"max-video-preview:-1"},"canonical":"https:\/\/www.alucomfort.be\/product\/wielgeleiders-voor-vrachtwagens\/","og_locale":"fr_FR","og_type":"article","og_title":"Guides-Roues pour Poids Lourds | Alu Comfort | Prot\u00e9gez vos Quais","og_description":"\u00c9vitez les dommages co\u00fbteux \u00e0 vos quais de chargement. Nos guides-roues robustes en acier (jaune\/noir ou blanc\/rouge) centrent parfaitement les camions. Demandez conseil.","og_url":"https:\/\/www.alucomfort.be\/product\/wielgeleiders-voor-vrachtwagens\/","og_site_name":"Alu Comfort","article_modified_time":"2025-11-13T22:01:16+00:00","og_image":[{"width":1920,"height":2880,"url":"https:\/\/www.alucomfort.be\/wp-content\/uploads\/DC-LKW-Wielgeleider.jpg","type":"image\/jpeg"}],"twitter_card":"summary_large_image","schema":{"@context":"https:\/\/schema.org","@graph":[{"@type":"WebPage","@id":"https:\/\/www.alucomfort.be\/product\/wielgeleiders-voor-vrachtwagens\/","url":"https:\/\/www.alucomfort.be\/product\/wielgeleiders-voor-vrachtwagens\/","name":"Guides-Roues pour Poids Lourds | Alu Comfort | Prot\u00e9gez vos Quais","isPartOf":{"@id":"https:\/\/www.alucomfort.be\/#website"},"primaryImageOfPage":{"@id":"https:\/\/www.alucomfort.be\/product\/wielgeleiders-voor-vrachtwagens\/#primaryimage"},"image":{"@id":"https:\/\/www.alucomfort.be\/product\/wielgeleiders-voor-vrachtwagens\/#primaryimage"},"thumbnailUrl":"https:\/\/www.alucomfort.be\/wp-content\/uploads\/DC-LKW-Wielgeleider.jpg","datePublished":"2023-10-05T20:32:59+00:00","dateModified":"2025-11-13T22:01:16+00:00","description":"\u00c9vitez les dommages co\u00fbteux \u00e0 vos quais de chargement. Nos guides-roues robustes en acier (jaune\/noir ou blanc\/rouge) centrent parfaitement les camions. Demandez conseil.","breadcrumb":{"@id":"https:\/\/www.alucomfort.be\/product\/wielgeleiders-voor-vrachtwagens\/#breadcrumb"},"inLanguage":"fr-FR","potentialAction":[{"@type":"ReadAction","target":["https:\/\/www.alucomfort.be\/product\/wielgeleiders-voor-vrachtwagens\/"]}]},{"@type":"ImageObject","inLanguage":"fr-FR","@id":"https:\/\/www.alucomfort.be\/product\/wielgeleiders-voor-vrachtwagens\/#primaryimage","url":"https:\/\/www.alucomfort.be\/wp-content\/uploads\/DC-LKW-Wielgeleider.jpg","contentUrl":"https:\/\/www.alucomfort.be\/wp-content\/uploads\/DC-LKW-Wielgeleider.jpg","width":1920,"height":2880,"caption":"Robuuste, geel-zwarte wielgeleiders die vrachtwagens perfect centreren voor een veilige en schadevrije aandokking aan de laadkade."},{"@type":"BreadcrumbList","@id":"https:\/\/www.alucomfort.be\/product\/wielgeleiders-voor-vrachtwagens\/#breadcrumb","itemListElement":[{"@type":"ListItem","position":1,"name":"Home","item":"https:\/\/www.alucomfort.be\/fr\/"},{"@type":"ListItem","position":2,"name":"Producten","item":"https:\/\/www.alucomfort.be\/producten\/"},{"@type":"ListItem","position":3,"name":"Guide-roues pour camoins avec fixation"}]},{"@type":"WebSite","@id":"https:\/\/www.alucomfort.be\/#website","url":"https:\/\/www.alucomfort.be\/","name":"Alu Comfort","description":"","potentialAction":[{"@type":"SearchAction","target":{"@type":"EntryPoint","urlTemplate":"https:\/\/www.alucomfort.be\/?s={search_term_string}"},"query-input":{"@type":"PropertyValueSpecification","valueRequired":true,"valueName":"search_term_string"}}],"inLanguage":"fr-FR"}]}},"_links":{"self":[{"href":"https:\/\/www.alucomfort.be\/fr\/wp-json\/wp\/v2\/product\/216991","targetHints":{"allow":["GET"]}}],"collection":[{"href":"https:\/\/www.alucomfort.be\/fr\/wp-json\/wp\/v2\/product"}],"about":[{"href":"https:\/\/www.alucomfort.be\/fr\/wp-json\/wp\/v2\/types\/product"}],"wp:featuredmedia":[{"embeddable":true,"href":"https:\/\/www.alucomfort.be\/fr\/wp-json\/wp\/v2\/media\/225900"}],"wp:attachment":[{"href":"https:\/\/www.alucomfort.be\/fr\/wp-json\/wp\/v2\/media?parent=216991"}],"wp:term":[{"taxonomy":"product_brand","embeddable":true,"href":"https:\/\/www.alucomfort.be\/fr\/wp-json\/wp\/v2\/product_brand?post=216991"},{"taxonomy":"product_cat","embeddable":true,"href":"https:\/\/www.alucomfort.be\/fr\/wp-json\/wp\/v2\/product_cat?post=216991"},{"taxonomy":"product_tag","embeddable":true,"href":"https:\/\/www.alucomfort.be\/fr\/wp-json\/wp\/v2\/product_tag?post=216991"}],"curies":[{"name":"wp","href":"https:\/\/api.w.org\/{rel}","templated":true}]}}