

{"id":217246,"date":"2023-11-17T23:11:50","date_gmt":"2023-11-17T21:11:50","guid":{"rendered":"https:\/\/www.alucomfort.be\/product\/supports-lateraux-pour-palettes-euro\/"},"modified":"2026-01-21T19:53:23","modified_gmt":"2026-01-21T17:53:23","slug":"supports-lateraux-pour-palettes-euro","status":"publish","type":"product","link":"https:\/\/www.alucomfort.be\/fr\/product\/supports-lateraux-pour-palettes-euro\/","title":{"rendered":"Supports lat\u00e9raux pour palettes Euro"},"content":{"rendered":"<p>* Supports lat\u00e9raux, * Galvanis\u00e9, * Vendus par paires.<\/p>\n","protected":false},"excerpt":{"rendered":"<p>Supports lat\u00e9raux<\/p>\n","protected":false},"featured_media":217209,"template":"","meta":{"_acf_changed":false},"product_brand":[],"product_cat":[9104],"product_tag":[],"class_list":{"0":"post-217246","1":"product","2":"type-product","3":"status-publish","4":"has-post-thumbnail","6":"product_cat-accessoires-pour-palettes","8":"first","9":"outofstock","10":"taxable","11":"shipping-taxable","12":"purchasable","13":"product-type-variable"},"acf":[],"yoast_head":"<!-- This site is optimized with the Yoast SEO plugin v24.8.1 - https:\/\/yoast.com\/wordpress\/plugins\/seo\/ -->\n<title>Supports lat\u00e9raux pour europalettes | Alu Comfort |<\/title>\n<meta name=\"description\" content=\"Accessoires pratiques pour palettes tels que des supports de palettes, des chariots, des rehausses de palette et bien plus encore. Tout pour votre entreprise!\" \/>\n<meta name=\"robots\" content=\"index, follow, max-snippet:-1, max-image-preview:large, max-video-preview:-1\" \/>\n<link rel=\"canonical\" href=\"https:\/\/www.alucomfort.be\/product\/zijdelingse-steunen-europallets\/\" \/>\n<meta property=\"og:locale\" content=\"fr_FR\" \/>\n<meta property=\"og:type\" content=\"article\" \/>\n<meta property=\"og:title\" content=\"Supports lat\u00e9raux pour europalettes | Alu Comfort |\" \/>\n<meta property=\"og:description\" content=\"Accessoires pratiques pour palettes tels que des supports de palettes, des chariots, des rehausses de palette et bien plus encore. Tout pour votre entreprise!\" \/>\n<meta property=\"og:url\" content=\"https:\/\/www.alucomfort.be\/product\/zijdelingse-steunen-europallets\/\" \/>\n<meta property=\"og:site_name\" content=\"Alu Comfort\" \/>\n<meta property=\"article:modified_time\" content=\"2026-01-21T17:53:23+00:00\" \/>\n<meta property=\"og:image\" content=\"https:\/\/www.alucomfort.be\/wp-content\/uploads\/Laterale-Opzetsteun-Europallets.jpg\" \/>\n\t<meta property=\"og:image:width\" content=\"1500\" \/>\n\t<meta property=\"og:image:height\" content=\"1223\" \/>\n\t<meta property=\"og:image:type\" content=\"image\/jpeg\" \/>\n<meta name=\"twitter:card\" content=\"summary_large_image\" \/>\n<script type=\"application\/ld+json\" class=\"yoast-schema-graph\">{\"@context\":\"https:\/\/schema.org\",\"@graph\":[{\"@type\":\"WebPage\",\"@id\":\"https:\/\/www.alucomfort.be\/product\/zijdelingse-steunen-europallets\/\",\"url\":\"https:\/\/www.alucomfort.be\/product\/zijdelingse-steunen-europallets\/\",\"name\":\"Supports lat\u00e9raux pour europalettes | Alu Comfort |\",\"isPartOf\":{\"@id\":\"https:\/\/www.alucomfort.be\/#website\"},\"primaryImageOfPage\":{\"@id\":\"https:\/\/www.alucomfort.be\/product\/zijdelingse-steunen-europallets\/#primaryimage\"},\"image\":{\"@id\":\"https:\/\/www.alucomfort.be\/product\/zijdelingse-steunen-europallets\/#primaryimage\"},\"thumbnailUrl\":\"https:\/\/www.alucomfort.be\/wp-content\/uploads\/Laterale-Opzetsteun-Europallets.jpg\",\"datePublished\":\"2023-11-17T21:11:50+00:00\",\"dateModified\":\"2026-01-21T17:53:23+00:00\",\"description\":\"Accessoires pratiques pour palettes tels que des supports de palettes, des chariots, des rehausses de palette et bien plus encore. Tout pour votre entreprise!\",\"breadcrumb\":{\"@id\":\"https:\/\/www.alucomfort.be\/product\/zijdelingse-steunen-europallets\/#breadcrumb\"},\"inLanguage\":\"fr-FR\",\"potentialAction\":[{\"@type\":\"ReadAction\",\"target\":[\"https:\/\/www.alucomfort.be\/product\/zijdelingse-steunen-europallets\/\"]}]},{\"@type\":\"ImageObject\",\"inLanguage\":\"fr-FR\",\"@id\":\"https:\/\/www.alucomfort.be\/product\/zijdelingse-steunen-europallets\/#primaryimage\",\"url\":\"https:\/\/www.alucomfort.be\/wp-content\/uploads\/Laterale-Opzetsteun-Europallets.jpg\",\"contentUrl\":\"https:\/\/www.alucomfort.be\/wp-content\/uploads\/Laterale-Opzetsteun-Europallets.jpg\",\"width\":1500,\"height\":1223,\"caption\":\"Laterale Opzetsteun Europallets\"},{\"@type\":\"BreadcrumbList\",\"@id\":\"https:\/\/www.alucomfort.be\/product\/zijdelingse-steunen-europallets\/#breadcrumb\",\"itemListElement\":[{\"@type\":\"ListItem\",\"position\":1,\"name\":\"Home\",\"item\":\"https:\/\/www.alucomfort.be\/fr\/\"},{\"@type\":\"ListItem\",\"position\":2,\"name\":\"Producten\",\"item\":\"https:\/\/www.alucomfort.be\/producten\/\"},{\"@type\":\"ListItem\",\"position\":3,\"name\":\"Supports lat\u00e9raux pour palettes Euro\"}]},{\"@type\":\"WebSite\",\"@id\":\"https:\/\/www.alucomfort.be\/#website\",\"url\":\"https:\/\/www.alucomfort.be\/\",\"name\":\"Alu Comfort\",\"description\":\"\",\"potentialAction\":[{\"@type\":\"SearchAction\",\"target\":{\"@type\":\"EntryPoint\",\"urlTemplate\":\"https:\/\/www.alucomfort.be\/?s={search_term_string}\"},\"query-input\":{\"@type\":\"PropertyValueSpecification\",\"valueRequired\":true,\"valueName\":\"search_term_string\"}}],\"inLanguage\":\"fr-FR\"}]}<\/script>\n<!-- \/ Yoast SEO plugin. -->","yoast_head_json":{"title":"Supports lat\u00e9raux pour europalettes | Alu Comfort |","description":"Accessoires pratiques pour palettes tels que des supports de palettes, des chariots, des rehausses de palette et bien plus encore. Tout pour votre entreprise!","robots":{"index":"index","follow":"follow","max-snippet":"max-snippet:-1","max-image-preview":"max-image-preview:large","max-video-preview":"max-video-preview:-1"},"canonical":"https:\/\/www.alucomfort.be\/product\/zijdelingse-steunen-europallets\/","og_locale":"fr_FR","og_type":"article","og_title":"Supports lat\u00e9raux pour europalettes | Alu Comfort |","og_description":"Accessoires pratiques pour palettes tels que des supports de palettes, des chariots, des rehausses de palette et bien plus encore. Tout pour votre entreprise!","og_url":"https:\/\/www.alucomfort.be\/product\/zijdelingse-steunen-europallets\/","og_site_name":"Alu Comfort","article_modified_time":"2026-01-21T17:53:23+00:00","og_image":[{"width":1500,"height":1223,"url":"https:\/\/www.alucomfort.be\/wp-content\/uploads\/Laterale-Opzetsteun-Europallets.jpg","type":"image\/jpeg"}],"twitter_card":"summary_large_image","schema":{"@context":"https:\/\/schema.org","@graph":[{"@type":"WebPage","@id":"https:\/\/www.alucomfort.be\/product\/zijdelingse-steunen-europallets\/","url":"https:\/\/www.alucomfort.be\/product\/zijdelingse-steunen-europallets\/","name":"Supports lat\u00e9raux pour europalettes | Alu Comfort |","isPartOf":{"@id":"https:\/\/www.alucomfort.be\/#website"},"primaryImageOfPage":{"@id":"https:\/\/www.alucomfort.be\/product\/zijdelingse-steunen-europallets\/#primaryimage"},"image":{"@id":"https:\/\/www.alucomfort.be\/product\/zijdelingse-steunen-europallets\/#primaryimage"},"thumbnailUrl":"https:\/\/www.alucomfort.be\/wp-content\/uploads\/Laterale-Opzetsteun-Europallets.jpg","datePublished":"2023-11-17T21:11:50+00:00","dateModified":"2026-01-21T17:53:23+00:00","description":"Accessoires pratiques pour palettes tels que des supports de palettes, des chariots, des rehausses de palette et bien plus encore. Tout pour votre entreprise!","breadcrumb":{"@id":"https:\/\/www.alucomfort.be\/product\/zijdelingse-steunen-europallets\/#breadcrumb"},"inLanguage":"fr-FR","potentialAction":[{"@type":"ReadAction","target":["https:\/\/www.alucomfort.be\/product\/zijdelingse-steunen-europallets\/"]}]},{"@type":"ImageObject","inLanguage":"fr-FR","@id":"https:\/\/www.alucomfort.be\/product\/zijdelingse-steunen-europallets\/#primaryimage","url":"https:\/\/www.alucomfort.be\/wp-content\/uploads\/Laterale-Opzetsteun-Europallets.jpg","contentUrl":"https:\/\/www.alucomfort.be\/wp-content\/uploads\/Laterale-Opzetsteun-Europallets.jpg","width":1500,"height":1223,"caption":"Laterale Opzetsteun Europallets"},{"@type":"BreadcrumbList","@id":"https:\/\/www.alucomfort.be\/product\/zijdelingse-steunen-europallets\/#breadcrumb","itemListElement":[{"@type":"ListItem","position":1,"name":"Home","item":"https:\/\/www.alucomfort.be\/fr\/"},{"@type":"ListItem","position":2,"name":"Producten","item":"https:\/\/www.alucomfort.be\/producten\/"},{"@type":"ListItem","position":3,"name":"Supports lat\u00e9raux pour palettes Euro"}]},{"@type":"WebSite","@id":"https:\/\/www.alucomfort.be\/#website","url":"https:\/\/www.alucomfort.be\/","name":"Alu Comfort","description":"","potentialAction":[{"@type":"SearchAction","target":{"@type":"EntryPoint","urlTemplate":"https:\/\/www.alucomfort.be\/?s={search_term_string}"},"query-input":{"@type":"PropertyValueSpecification","valueRequired":true,"valueName":"search_term_string"}}],"inLanguage":"fr-FR"}]}},"_links":{"self":[{"href":"https:\/\/www.alucomfort.be\/fr\/wp-json\/wp\/v2\/product\/217246","targetHints":{"allow":["GET"]}}],"collection":[{"href":"https:\/\/www.alucomfort.be\/fr\/wp-json\/wp\/v2\/product"}],"about":[{"href":"https:\/\/www.alucomfort.be\/fr\/wp-json\/wp\/v2\/types\/product"}],"wp:featuredmedia":[{"embeddable":true,"href":"https:\/\/www.alucomfort.be\/fr\/wp-json\/wp\/v2\/media\/217209"}],"wp:attachment":[{"href":"https:\/\/www.alucomfort.be\/fr\/wp-json\/wp\/v2\/media?parent=217246"}],"wp:term":[{"taxonomy":"product_brand","embeddable":true,"href":"https:\/\/www.alucomfort.be\/fr\/wp-json\/wp\/v2\/product_brand?post=217246"},{"taxonomy":"product_cat","embeddable":true,"href":"https:\/\/www.alucomfort.be\/fr\/wp-json\/wp\/v2\/product_cat?post=217246"},{"taxonomy":"product_tag","embeddable":true,"href":"https:\/\/www.alucomfort.be\/fr\/wp-json\/wp\/v2\/product_tag?post=217246"}],"curies":[{"name":"wp","href":"https:\/\/api.w.org\/{rel}","templated":true}]}}